{"id":9942,"date":"2022-02-10T13:37:28","date_gmt":"2022-02-10T12:37:28","guid":{"rendered":"https:\/\/agora-eoi.xtec.cat\/eoigirona\/?page_id=9942"},"modified":"2024-10-01T14:31:58","modified_gmt":"2024-10-01T12:31:58","slug":"recomanacions","status":"publish","type":"page","link":"https:\/\/agora-eoi.xtec.cat\/eoigirona\/biblioteca-cam\/recomanacions\/","title":{"rendered":"Recomanacions i Novetats"},"content":{"rendered":"<ul>\n<li class=\"font_8\"><a href=\"https:\/\/docs.google.com\/document\/d\/e\/2PACX-1vQxOmUv9NxvmzDuGxd7j3g7MfJRa8FDEIpFP48h-TTrRojXUJ15dfVA3SJLiohw2w\/pub\">Recomanacions i Novetats Mensuals<\/a><\/li>\n<li><a href=\"https:\/\/aplicacions.gestioeducativa.gencat.cat\/epergam\/web\/biblioteca.jsp?codi=17004852\">Recomanacions en el Cat\u00e0leg en l\u00ednia e-<\/a><a href=\"https:\/\/aplicacions.gestioeducativa.gencat.cat\/epergam\/web\/biblioteca.jsp?codi=17004852\">p\u00e8rgam<\/a><\/li>\n<li><a href=\"https:\/\/drive.google.com\/file\/d\/1YRmGynW1LFwxClvgP0zcJmGA4QmuE2xY\/view?usp=sharing\">40 anys de l&#8217;EOI Girona (1983-1984\/2023.2024), 40 llibres, 8 idiomes (car\u00e0tules dels llibres)<\/a><\/li>\n<li><a href=\"https:\/\/drive.google.com\/file\/d\/1lQay-6IVvyn2pmxyf0GafSKRqE-Vsp3L\/view?usp=sharing\">40 anys, 40 llibres: Llistat dels llibres proposats<\/a><\/li>\n<li><a href=\"https:\/\/drive.google.com\/file\/d\/1iMvixivFJRizhuicDse4ARGmiRK_n73C\/view?usp=sharing\">Literatura Russa a la Biblioteca-CAM<\/a><\/li>\n<li><a href=\"https:\/\/docs.google.com\/document\/d\/e\/2PACX-1vT6TQI-yC2xvXdEwCJ3msTDa4l_gdzDqeBEZx2j7xTaS0UiRCXHy2DfLH8WjdgYyA\/pub\" target=\"_blank\" rel=\"noreferrer noopener\">Lectures recomanades per nivells\u00a0 en angl\u00e8s\u00a0<\/a><\/li>\n<li><a href=\"https:\/\/docs.google.com\/document\/d\/e\/2PACX-1vSbxenkyCWwopqkJkgHjrhjKD4bXMuZAc1_dnO3c8-Kam6r89EoRE93W1JYlKJZYbQnr467kkno1EW5\/pub\">Literatura Irlandesa<\/a><\/li>\n<li><a href=\"https:\/\/drive.google.com\/file\/d\/1J4zG3FMv2yXxizZNrkyfraKvgwbxP2Wr\/view?usp=sharing\">Dones Escriptores a la Biblioteca-CAM\u00a0<\/a><\/li>\n<li><a href=\"https:\/\/www.cameoigirona.com\/_files\/ugd\/904dff_3b308077dd04413b8abb2232136fbcbe.pdf\" target=\"_blank\" rel=\"noopener\">Colecci\u00f3n de Recetas del Mundo-Departamento de Espa\u00f1ol \u00a0<\/a><\/li>\n<\/ul>\n<p class=\"font_8\"><b>DVD<\/b><strong>\u00a0per idiomes\u00a0<\/strong><\/p>\n<ul>\n<li>\u200b\u200b<a href=\"https:\/\/docs.google.com\/document\/d\/e\/2PACX-1vSFy4yf9rdmY5Yv4MHXeBZzmMpGplvKjzDHrYzJ2opNI6UuhkG9K0XStgg5FDX1pg\/pub\" target=\"_blank\" rel=\"noreferrer noopener\">ALEMANY<\/a><\/li>\n<li class=\"font_8\"><a href=\"https:\/\/docs.google.com\/document\/d\/e\/2PACX-1vT3FNxiZpclZfwKbH-11O9Z1_sQXssZorOqUobFqg80G-3U-OBS-0K9EiBH-PZTZg\/pub\" target=\"_blank\" rel=\"noreferrer noopener\">ANGL\u00c8S<\/a><\/li>\n<li class=\"font_8\"><a href=\"https:\/\/docs.google.com\/document\/d\/e\/2PACX-1vR9bVFqy0A6zTI210njab19Rb-E7dVkvtXXtn1ukK7oub9epo8Tg4sI-etFh2TCJA\/pub\" target=\"_blank\" rel=\"noreferrer noopener\">ANGL\u00c8S AMB GLOSSARI\u00a0<\/a><\/li>\n<li class=\"font_8\"><a href=\"https:\/\/docs.google.com\/document\/d\/e\/2PACX-1vQN7GC0XxX6790zCstM9NJB4ikLXbAES_r0YXnr-fgPEzPqHY5bjkLB6WqGLdzcXQ\/pub\" target=\"_blank\" rel=\"noreferrer noopener\">\u00c0RAB<\/a><\/li>\n<li class=\"font_8\"><a href=\"https:\/\/docs.google.com\/document\/d\/e\/2PACX-1vQevtoqOEvyL8RJJ1luhqLn4gdFHyZ1eTkTntIaJFTgYmBVM1Cel4zk83679ajZ_w\/pub\" target=\"_blank\" rel=\"noreferrer noopener\">CATAL\u00c0<\/a><\/li>\n<li class=\"font_8\"><a href=\"https:\/\/docs.google.com\/document\/d\/e\/2PACX-1vQhW4rY8PfJvSjWOtxn7szxiUk7jBQER8L-ljt9n_oR39rV0y7lCZDMazDFLVYXMQ\/pub\" target=\"_blank\" rel=\"noreferrer noopener\">ESPANYOL<\/a><\/li>\n<li class=\"font_8\"><a href=\"https:\/\/docs.google.com\/document\/d\/e\/2PACX-1vS994ftDT6UR7_q_mJd1IyzLn1OESycGkMXviIGdbBfPVK09ySWNG8T3xSNUKE8Pg\/pub\" target=\"_blank\" rel=\"noreferrer noopener\">FRANC\u00c8S<\/a><\/li>\n<li class=\"font_8\"><a href=\"https:\/\/docs.google.com\/document\/d\/e\/2PACX-1vSgqhYBOgSKLPM_GjDSSnybEZXMus6usRQc935yTGJCO_3-BIDyy4RIxTB7CxaJtw\/pub\" target=\"_blank\" rel=\"noreferrer noopener\">ITALI\u00c0<\/a><\/li>\n<li class=\"font_8\"><a href=\"https:\/\/docs.google.com\/document\/d\/e\/2PACX-1vQ7tRhSNg8ckJllE8KCX55ozw-8USEjZ9OhEqG4AeWblLavMabZBI3xtua8RBqpIQ\/pub\" target=\"_blank\" rel=\"noreferrer noopener\">RUS\u00a0<\/a><\/li>\n<\/ul>\n","protected":false},"excerpt":{"rendered":"<p>Recomanacions i Novetats Mensuals Recomanacions en el Cat\u00e0leg en l\u00ednia e-p\u00e8rgam 40 anys de l&#8217;EOI Girona (1983-1984\/2023.2024), 40 llibres, 8 idiomes (car\u00e0tules dels llibres) 40 anys, 40 llibres: Llistat dels llibres proposats Literatura Russa a la Biblioteca-CAM Lectures recomanades per nivells\u00a0 en angl\u00e8s\u00a0 Literatura Irlandesa Dones Escriptores a la Biblioteca-CAM\u00a0 Colecci\u00f3n de Recetas del Mundo-Departamento [&hellip;]<\/p>\n","protected":false},"author":1,"featured_media":0,"parent":9837,"menu_order":7,"comment_status":"closed","ping_status":"closed","template":"page-templates\/side-menu.php","meta":{"_bbp_topic_count":0,"_bbp_reply_count":0,"_bbp_total_topic_count":0,"_bbp_total_reply_count":0,"_bbp_voice_count":0,"_bbp_anonymous_reply_count":0,"_bbp_topic_count_hidden":0,"_bbp_reply_count_hidden":0,"_bbp_forum_subforum_count":0,"site-sidebar-layout":"default","site-content-layout":"","ast-site-content-layout":"","site-content-style":"default","site-sidebar-style":"default","ast-global-header-display":"","ast-banner-title-visibility":"","ast-main-header-display":"","ast-hfb-above-header-display":"","ast-hfb-below-header-display":"","ast-hfb-mobile-header-display":"","site-post-title":"","ast-breadcrumbs-content":"","ast-featured-img":"","footer-sml-layout":"","theme-transparent-header-meta":"","adv-header-id-meta":"","stick-header-meta":"","header-above-stick-meta":"","header-main-stick-meta":"","header-below-stick-meta":"","astra-migrate-meta-layouts":"default","ast-page-background-enabled":"default","ast-page-background-meta":{"desktop":{"background-color":"var(--ast-global-color-4)","background-image":"","background-repeat":"repeat","background-position":"center center","background-size":"auto","background-attachment":"scroll","background-type":"","background-media":"","overlay-type":"","overlay-color":"","overlay-opacity":"","overlay-gradient":""},"tablet":{"background-color":"","background-image":"","background-repeat":"repeat","background-position":"center center","background-size":"auto","background-attachment":"scroll","background-type":"","background-media":"","overlay-type":"","overlay-color":"","overlay-opacity":"","overlay-gradient":""},"mobile":{"background-color":"","background-image":"","background-repeat":"repeat","background-position":"center center","background-size":"auto","background-attachment":"scroll","background-type":"","background-media":"","overlay-type":"","overlay-color":"","overlay-opacity":"","overlay-gradient":""}},"ast-content-background-meta":{"desktop":{"background-color":"var(--ast-global-color-5)","background-image":"","background-repeat":"repeat","background-position":"center center","background-size":"auto","background-attachment":"scroll","background-type":"","background-media":"","overlay-type":"","overlay-color":"","overlay-opacity":"","overlay-gradient":""},"tablet":{"background-color":"var(--ast-global-color-5)","background-image":"","background-repeat":"repeat","background-position":"center center","background-size":"auto","background-attachment":"scroll","background-type":"","background-media":"","overlay-type":"","overlay-color":"","overlay-opacity":"","overlay-gradient":""},"mobile":{"background-color":"var(--ast-global-color-5)","background-image":"","background-repeat":"repeat","background-position":"center center","background-size":"auto","background-attachment":"scroll","background-type":"","background-media":"","overlay-type":"","overlay-color":"","overlay-opacity":"","overlay-gradient":""}},"footnotes":""},"class_list":["post-9942","page","type-page","status-publish","hentry"],"post_mailing_queue_ids":[],"_links":{"self":[{"href":"https:\/\/agora-eoi.xtec.cat\/eoigirona\/wp-json\/wp\/v2\/pages\/9942","targetHints":{"allow":["GET"]}}],"collection":[{"href":"https:\/\/agora-eoi.xtec.cat\/eoigirona\/wp-json\/wp\/v2\/pages"}],"about":[{"href":"https:\/\/agora-eoi.xtec.cat\/eoigirona\/wp-json\/wp\/v2\/types\/page"}],"author":[{"embeddable":true,"href":"https:\/\/agora-eoi.xtec.cat\/eoigirona\/wp-json\/wp\/v2\/users\/1"}],"replies":[{"embeddable":true,"href":"https:\/\/agora-eoi.xtec.cat\/eoigirona\/wp-json\/wp\/v2\/comments?post=9942"}],"version-history":[{"count":5,"href":"https:\/\/agora-eoi.xtec.cat\/eoigirona\/wp-json\/wp\/v2\/pages\/9942\/revisions"}],"predecessor-version":[{"id":15045,"href":"https:\/\/agora-eoi.xtec.cat\/eoigirona\/wp-json\/wp\/v2\/pages\/9942\/revisions\/15045"}],"up":[{"embeddable":true,"href":"https:\/\/agora-eoi.xtec.cat\/eoigirona\/wp-json\/wp\/v2\/pages\/9837"}],"wp:attachment":[{"href":"https:\/\/agora-eoi.xtec.cat\/eoigirona\/wp-json\/wp\/v2\/media?parent=9942"}],"curies":[{"name":"wp","href":"https:\/\/api.w.org\/{rel}","templated":true}]}}