{"id":9929,"date":"2022-02-10T13:26:41","date_gmt":"2022-02-10T12:26:41","guid":{"rendered":"https:\/\/agora-eoi.xtec.cat\/eoigirona\/?page_id=9929"},"modified":"2025-09-01T18:05:37","modified_gmt":"2025-09-01T16:05:37","slug":"prestec","status":"publish","type":"page","link":"https:\/\/agora-eoi.xtec.cat\/eoigirona\/biblioteca-cam\/prestec\/","title":{"rendered":"Pr\u00e9stec"},"content":{"rendered":"<h4 class=\"font_8\"><strong>Funcionament<\/strong><\/h4>\n<p>El <a href=\"https:\/\/agora-eoi.xtec.cat\/eoigirona\/carnet-destudiant\/\">carnet d&#8217;estudiant<\/a> us acredita com a alumne de l&#8217;escola, us dona acc\u00e9s a la Biblioteca-CAM i us permet endur-vos documents en pr\u00e9stec:<\/p>\n<ul>\n<li>3 DVD (15 dies)<\/li>\n<li>1 llibre a escollir entre: llibres de text \/ gram\u00e0tica \/ vocabulari \/ comprensi\u00f3 escrita o oral (llibres de text del curs vigent exclosos de pr\u00e9stec) (15 dies)<\/li>\n<li>1 llibre de lectura obligat\u00f2ria del curs (15 dies)<\/li>\n<li>4 llibres de lectura simplificada o novel\u00b7les (1 mes)<\/li>\n<\/ul>\n<h4 class=\"font_8\"><strong>Condicions<\/strong><strong>\u00a0<\/strong><\/h4>\n<ul>\n<li>Els documents en pr\u00e9stec es poden renovar fins a un m\u00e0xim de dues vegades.<\/li>\n<li>Es respectar\u00e0 el termini de pr\u00e9stec.<\/li>\n<li>Si teniu materials pendents de retorn no podreu fer \u00fas del servei de pr\u00e9stec.<\/li>\n<li>Es poden agafar en pr\u00e9stec tots els materials del fons de la Biblioteca-CAM, amb les excepcions dels llibres de text actuals, algunes obres de refer\u00e8ncia i els darrers n\u00fameros de revistes rebuts.<\/li>\n<li>Es pot prorrogar el pr\u00e9stec sempre i quan no estigui reservat.<\/li>\n<li>Es pot renovar el pr\u00e9stec a la biblioteca per tel\u00e8fon o per correu electr\u00f2nic.<\/li>\n<li>Es pot reservar qualsevol material que es pugui agafar en pr\u00e9stec.<\/li>\n<li>Podeu retornar els materials als carretons del costat del taulell o b\u00e9 a la b\u00fastia d&#8217;autoretorn que trobareu a l&#8217;entrada de la Biblioteca-CAM.<\/li>\n<li>Els materials no es poden guixar, subratllar ni marcar. En cas de p\u00e8rdua o deteriorament, l\u2019usuari haur\u00e0 d\u2019adquirir la mateixa edici\u00f3 o abonar-ne l&#8217;import de reposici\u00f3.<\/li>\n<li>La sostracci\u00f3 i\/o no retorn del material prestat \u00e9s constitutiu d&#8217;un expedient disciplinari.<\/li>\n<li>En per\u00edodes de vacances dins el curs escolar es poden establir uns terminis de pr\u00e9stec superiors als fixats amb car\u00e0cter general.<\/li>\n<li>A finals de curs, els usuaris poden agafar material en pr\u00e9stec durant totes les vacances d&#8217;estiu.<\/li>\n<\/ul>\n<div id=\"comp-k09f0qza__item-j9wkqyib\" class=\"_2Hij5\" data-testid=\"richTextElement\">\n<h4 class=\"font_8\"><strong>Ep\u00e8rgam: cat\u00e0leg en l\u00ednia<\/strong><\/h4>\n<\/div>\n<div id=\"comp-kv9yhvi8__item-j9wkqyib\" class=\"_2Hij5\" data-testid=\"richTextElement\">\n<p class=\"font_8\"><a href=\"https:\/\/aplicacions.gestioeducativa.gencat.cat\/epergam\/web\/biblioteca.jsp?codi=17004852\"><img loading=\"lazy\" decoding=\"async\" class=\"alignleft size-full wp-image-10308\" src=\"https:\/\/agora-eoi.xtec.cat\/eoigirona\/wp-content\/uploads\/usu2632\/2022\/03\/epergam.jpg\" alt=\"\" width=\"200\" height=\"75\" \/><\/a><\/p>\n<p class=\"font_8\">Per consultar la disponibilitat de materials al cat\u00e0leg de la biblioteca, podeu accedir a la base de dades des d&#8217;aquest enlla\u00e7 <a href=\"https:\/\/aplicacions.gestioeducativa.gencat.cat\/epergam\/web\/biblioteca.jsp?codi=17004852\" target=\"_blank\" rel=\"noopener\">cat\u00e0leg en l\u00ednia ep\u00e8rgam.<\/a>\u00a0Aquest <a href=\"https:\/\/d6747ffe-8921-4c22-aa42-a510c49fa930.filesusr.com\/ugd\/904dff_c24c6ad553eb4b8a9e5c7c66768d6f35.pdf\" target=\"_blank\" rel=\"noreferrer noopener\">tutorial<\/a> mostra com fer cerques avan\u00e7ades i altres funcionalitats. Us recomanem cercar per autor o t\u00edtol entrant les paraules clau. Consulteu regularment la <a href=\"https:\/\/agora-eoi.xtec.cat\/eoigirona\/biblioteca-cam\/recomanacions\/\">secci\u00f3 de recomanacions mensuals.<\/a><\/p>\n<h4 class=\"font_8\"><strong>Com trobar un document<\/strong><\/h4>\n<p>El cat\u00e0leg en l\u00ednia permet executar cerques simples i avan\u00e7ades. Aquest cat\u00e0leg \u00e9s la base de dades que cont\u00e9 les refer\u00e8ncies de tots els documents, independentment del seu suport (llibres, revistes, CD, DVD, etc.) que hi ha a la biblioteca-CAM. El cat\u00e0leg permet fer diferents tipus de cerques:<\/p>\n<ul>\n<li><i>La cerca per\u00a0<\/i><i>t\u00edtol<\/i>: Escriu el t\u00edtol del document o nom\u00e9s el comen\u00e7ament. Si no coneixes el t\u00edtol exacte, utilitza qualsevol paraula que hi aparegui.<\/li>\n<li><i>La cerca per\u00a0<\/i><i>autor<\/i>: Escriu el cognom de l&#8217;autor seguit d&#8217;una coma i del seu nom, si el coneixes. Tamb\u00e9 pots cercar directors de cinema, actors, actrius, m\u00fasics&#8230;<\/li>\n<li><i>La cerca per\u00a0<\/i><i>mat\u00e8ria<\/i>: Permet recuperar tots els documents sobre un tema concret. Les mat\u00e8ries segueixen un vocabulari controlat espec\u00edfic.<\/li>\n<\/ul>\n<\/div>\n","protected":false},"excerpt":{"rendered":"<p>Funcionament El carnet d&#8217;estudiant us acredita com a alumne de l&#8217;escola, us dona acc\u00e9s a la Biblioteca-CAM i us permet endur-vos documents en pr\u00e9stec: 3 DVD (15 dies) 1 llibre a escollir entre: llibres de text \/ gram\u00e0tica \/ vocabulari \/ comprensi\u00f3 escrita o oral (llibres de text del curs vigent exclosos de pr\u00e9stec) (15 [&hellip;]<\/p>\n","protected":false},"author":1,"featured_media":0,"parent":9837,"menu_order":3,"comment_status":"closed","ping_status":"closed","template":"","meta":{"_bbp_topic_count":0,"_bbp_reply_count":0,"_bbp_total_topic_count":0,"_bbp_total_reply_count":0,"_bbp_voice_count":0,"_bbp_anonymous_reply_count":0,"_bbp_topic_count_hidden":0,"_bbp_reply_count_hidden":0,"_bbp_forum_subforum_count":0,"site-sidebar-layout":"default","site-content-layout":"","ast-site-content-layout":"default","site-content-style":"default","site-sidebar-style":"default","ast-global-header-display":"","ast-banner-title-visibility":"","ast-main-header-display":"","ast-hfb-above-header-display":"","ast-hfb-below-header-display":"","ast-hfb-mobile-header-display":"","site-post-title":"","ast-breadcrumbs-content":"","ast-featured-img":"","footer-sml-layout":"","theme-transparent-header-meta":"","adv-header-id-meta":"","stick-header-meta":"","header-above-stick-meta":"","header-main-stick-meta":"","header-below-stick-meta":"","astra-migrate-meta-layouts":"set","ast-page-background-enabled":"default","ast-page-background-meta":{"desktop":{"background-color":"var(--ast-global-color-4)","background-image":"","background-repeat":"repeat","background-position":"center center","background-size":"auto","background-attachment":"scroll","background-type":"","background-media":"","overlay-type":"","overlay-color":"","overlay-opacity":"","overlay-gradient":""},"tablet":{"background-color":"","background-image":"","background-repeat":"repeat","background-position":"center center","background-size":"auto","background-attachment":"scroll","background-type":"","background-media":"","overlay-type":"","overlay-color":"","overlay-opacity":"","overlay-gradient":""},"mobile":{"background-color":"","background-image":"","background-repeat":"repeat","background-position":"center center","background-size":"auto","background-attachment":"scroll","background-type":"","background-media":"","overlay-type":"","overlay-color":"","overlay-opacity":"","overlay-gradient":""}},"ast-content-background-meta":{"desktop":{"background-color":"var(--ast-global-color-5)","background-image":"","background-repeat":"repeat","background-position":"center center","background-size":"auto","background-attachment":"scroll","background-type":"","background-media":"","overlay-type":"","overlay-color":"","overlay-opacity":"","overlay-gradient":""},"tablet":{"background-color":"var(--ast-global-color-5)","background-image":"","background-repeat":"repeat","background-position":"center center","background-size":"auto","background-attachment":"scroll","background-type":"","background-media":"","overlay-type":"","overlay-color":"","overlay-opacity":"","overlay-gradient":""},"mobile":{"background-color":"var(--ast-global-color-5)","background-image":"","background-repeat":"repeat","background-position":"center center","background-size":"auto","background-attachment":"scroll","background-type":"","background-media":"","overlay-type":"","overlay-color":"","overlay-opacity":"","overlay-gradient":""}},"footnotes":""},"class_list":["post-9929","page","type-page","status-publish","hentry"],"post_mailing_queue_ids":[],"_links":{"self":[{"href":"https:\/\/agora-eoi.xtec.cat\/eoigirona\/wp-json\/wp\/v2\/pages\/9929","targetHints":{"allow":["GET"]}}],"collection":[{"href":"https:\/\/agora-eoi.xtec.cat\/eoigirona\/wp-json\/wp\/v2\/pages"}],"about":[{"href":"https:\/\/agora-eoi.xtec.cat\/eoigirona\/wp-json\/wp\/v2\/types\/page"}],"author":[{"embeddable":true,"href":"https:\/\/agora-eoi.xtec.cat\/eoigirona\/wp-json\/wp\/v2\/users\/1"}],"replies":[{"embeddable":true,"href":"https:\/\/agora-eoi.xtec.cat\/eoigirona\/wp-json\/wp\/v2\/comments?post=9929"}],"version-history":[{"count":6,"href":"https:\/\/agora-eoi.xtec.cat\/eoigirona\/wp-json\/wp\/v2\/pages\/9929\/revisions"}],"predecessor-version":[{"id":17831,"href":"https:\/\/agora-eoi.xtec.cat\/eoigirona\/wp-json\/wp\/v2\/pages\/9929\/revisions\/17831"}],"up":[{"embeddable":true,"href":"https:\/\/agora-eoi.xtec.cat\/eoigirona\/wp-json\/wp\/v2\/pages\/9837"}],"wp:attachment":[{"href":"https:\/\/agora-eoi.xtec.cat\/eoigirona\/wp-json\/wp\/v2\/media?parent=9929"}],"curies":[{"name":"wp","href":"https:\/\/api.w.org\/{rel}","templated":true}]}}