{"id":9906,"date":"2022-02-09T16:11:48","date_gmt":"2022-02-09T15:11:48","guid":{"rendered":"https:\/\/agora-eoi.xtec.cat\/eoigirona\/?page_id=9906"},"modified":"2026-03-16T12:54:19","modified_gmt":"2026-03-16T11:54:19","slug":"grups-espanyol","status":"publish","type":"page","link":"https:\/\/agora-eoi.xtec.cat\/eoigirona\/biblioteca-cam\/grups-de-conversa-2\/grups-espanyol\/","title":{"rendered":"Grup espanyol"},"content":{"rendered":"<p><strong>OFERTA CURS 2025-2026<\/strong><\/p>\n<p><span style=\"color: #993300;\"><span style=\"background-color: #ff0000; color: #9f4948;\"><strong><span style=\"background-color: #ffffff;\">Inscripci\u00f3 en l\u00ednia del 16 al 26 de mar\u00e7<\/span><\/strong><\/span><\/span><\/p>\n<ul>\n<li><strong>Espanyol A2<\/strong> segon quadrimestre: dilluns i dimecres de 10:30 h a 11:45 h, <strong>presencial <\/strong>a l&#8217;aula 21. Dinamitzadora Ekaterina Chernova.\n<ul>\n<li>Calendari sessions: 8, 13, 15, 20, 22, 27, 29 d&#8217;abril; 4, 6, 11, 13 i 18 de maig.<\/li>\n<li>Inicialment, les inscripcions han arribat al seu l\u00edmit. Tot i aix\u00ed, podeu apuntar-vos a la LLISTA D&#8217;ESPERA. Inscriu-te <a href=\"https:\/\/docs.google.com\/forms\/d\/e\/1FAIpQLSfvmrsGWr49iK7TThjd9DM7y5wLTdS8KR5qni1LkZ7EuJQoZA\/viewform?usp=header\">aqu\u00ed<\/a><\/li>\n<\/ul>\n<\/li>\n<\/ul>\n\n\n<p><\/p>\n","protected":false},"excerpt":{"rendered":"<p>OFERTA CURS 2025-2026 Inscripci\u00f3 en l\u00ednia del 16 al 26 de mar\u00e7 Espanyol A2 segon quadrimestre: dilluns i dimecres de 10:30 h a 11:45 h, presencial a l&#8217;aula 21. Dinamitzadora Ekaterina Chernova. Calendari sessions: 8, 13, 15, 20, 22, 27, 29 d&#8217;abril; 4, 6, 11, 13 i 18 de maig. Inicialment, les inscripcions han arribat [&hellip;]<\/p>\n","protected":false},"author":1,"featured_media":0,"parent":9673,"menu_order":3,"comment_status":"closed","ping_status":"closed","template":"","meta":{"_bbp_topic_count":0,"_bbp_reply_count":0,"_bbp_total_topic_count":0,"_bbp_total_reply_count":0,"_bbp_voice_count":0,"_bbp_anonymous_reply_count":0,"_bbp_topic_count_hidden":0,"_bbp_reply_count_hidden":0,"_bbp_forum_subforum_count":0,"site-sidebar-layout":"default","site-content-layout":"","ast-site-content-layout":"default","site-content-style":"default","site-sidebar-style":"default","ast-global-header-display":"","ast-banner-title-visibility":"","ast-main-header-display":"","ast-hfb-above-header-display":"","ast-hfb-below-header-display":"","ast-hfb-mobile-header-display":"","site-post-title":"","ast-breadcrumbs-content":"","ast-featured-img":"","footer-sml-layout":"","theme-transparent-header-meta":"","adv-header-id-meta":"","stick-header-meta":"","header-above-stick-meta":"","header-main-stick-meta":"","header-below-stick-meta":"","astra-migrate-meta-layouts":"set","ast-page-background-enabled":"default","ast-page-background-meta":{"desktop":{"background-color":"var(--ast-global-color-4)","background-image":"","background-repeat":"repeat","background-position":"center center","background-size":"auto","background-attachment":"scroll","background-type":"","background-media":"","overlay-type":"","overlay-color":"","overlay-opacity":"","overlay-gradient":""},"tablet":{"background-color":"","background-image":"","background-repeat":"repeat","background-position":"center center","background-size":"auto","background-attachment":"scroll","background-type":"","background-media":"","overlay-type":"","overlay-color":"","overlay-opacity":"","overlay-gradient":""},"mobile":{"background-color":"","background-image":"","background-repeat":"repeat","background-position":"center center","background-size":"auto","background-attachment":"scroll","background-type":"","background-media":"","overlay-type":"","overlay-color":"","overlay-opacity":"","overlay-gradient":""}},"ast-content-background-meta":{"desktop":{"background-color":"var(--ast-global-color-5)","background-image":"","background-repeat":"repeat","background-position":"center center","background-size":"auto","background-attachment":"scroll","background-type":"","background-media":"","overlay-type":"","overlay-color":"","overlay-opacity":"","overlay-gradient":""},"tablet":{"background-color":"var(--ast-global-color-5)","background-image":"","background-repeat":"repeat","background-position":"center center","background-size":"auto","background-attachment":"scroll","background-type":"","background-media":"","overlay-type":"","overlay-color":"","overlay-opacity":"","overlay-gradient":""},"mobile":{"background-color":"var(--ast-global-color-5)","background-image":"","background-repeat":"repeat","background-position":"center center","background-size":"auto","background-attachment":"scroll","background-type":"","background-media":"","overlay-type":"","overlay-color":"","overlay-opacity":"","overlay-gradient":""}},"footnotes":""},"class_list":["post-9906","page","type-page","status-publish","hentry"],"post_mailing_queue_ids":[],"_links":{"self":[{"href":"https:\/\/agora-eoi.xtec.cat\/eoigirona\/wp-json\/wp\/v2\/pages\/9906","targetHints":{"allow":["GET"]}}],"collection":[{"href":"https:\/\/agora-eoi.xtec.cat\/eoigirona\/wp-json\/wp\/v2\/pages"}],"about":[{"href":"https:\/\/agora-eoi.xtec.cat\/eoigirona\/wp-json\/wp\/v2\/types\/page"}],"author":[{"embeddable":true,"href":"https:\/\/agora-eoi.xtec.cat\/eoigirona\/wp-json\/wp\/v2\/users\/1"}],"replies":[{"embeddable":true,"href":"https:\/\/agora-eoi.xtec.cat\/eoigirona\/wp-json\/wp\/v2\/comments?post=9906"}],"version-history":[{"count":6,"href":"https:\/\/agora-eoi.xtec.cat\/eoigirona\/wp-json\/wp\/v2\/pages\/9906\/revisions"}],"predecessor-version":[{"id":19243,"href":"https:\/\/agora-eoi.xtec.cat\/eoigirona\/wp-json\/wp\/v2\/pages\/9906\/revisions\/19243"}],"up":[{"embeddable":true,"href":"https:\/\/agora-eoi.xtec.cat\/eoigirona\/wp-json\/wp\/v2\/pages\/9673"}],"wp:attachment":[{"href":"https:\/\/agora-eoi.xtec.cat\/eoigirona\/wp-json\/wp\/v2\/media?parent=9906"}],"curies":[{"name":"wp","href":"https:\/\/api.w.org\/{rel}","templated":true}]}}