{"id":9673,"date":"2021-12-21T10:45:25","date_gmt":"2021-12-21T09:45:25","guid":{"rendered":"https:\/\/agora-eoi.xtec.cat\/eoigirona\/?page_id=9673"},"modified":"2025-12-05T13:31:43","modified_gmt":"2025-12-05T12:31:43","slug":"grups-de-conversa-2","status":"publish","type":"page","link":"https:\/\/agora-eoi.xtec.cat\/eoigirona\/biblioteca-cam\/grups-de-conversa-2\/","title":{"rendered":"Grups de conversa"},"content":{"rendered":"<p class=\"font_8\"><a href=\"https:\/\/agora-eoi.xtec.cat\/eoigirona\/wp-content\/uploads\/usu2632\/2025\/10\/web-fotos-arrodonides-300-x-200-px-300-x-200-px.svg\"><img decoding=\"async\" class=\"size-full wp-image-18441 alignnone\" src=\"https:\/\/agora-eoi.xtec.cat\/eoigirona\/wp-content\/uploads\/usu2632\/2025\/10\/web-fotos-arrodonides-300-x-200-px-300-x-200-px.svg\" alt=\"\" \/><\/a><\/p>\n<p class=\"font_8\">Els grups de conversa s\u00f3n un servei complementari que ofereixen la possibilitat de fer pra\u0300ctica oral de manera informal.\u00a0Poden ser presencials o en l\u00ednia.<\/p>\n<p class=\"font_8\">Els dinamitzadors s\u00f3n nadius o b\u00e9 tenen un bon nivell de llengua i prou aptituds per animar el grup, proposar temes i conduir la conversa.<\/p>\n<p class=\"font_8\">S\u2019ofereixen els idiomes, nivells i horaris d\u2019acord amb la demanda i la disponibilitat dels dinamitzadors.<\/p>\n<h5><span style=\"color: #9f4948;\"><strong>OFERTA GRUPS CONVERSA CURS 2025-2026:\u00a0<\/strong><\/span><\/h5>\n<ul>\n<li><span style=\"color: #000000;\"><a style=\"color: #000000;\" title=\"Grups Alemany\" href=\"https:\/\/agora-eoi.xtec.cat\/eoigirona\/biblioteca-cam\/grups-de-conversa-2\/grups-alemany\/\">alemany<\/a><\/span><\/li>\n<li><span style=\"color: #000000;\"><a style=\"color: #000000;\" title=\"Grups Angl\u00e8s\" href=\"https:\/\/agora-eoi.xtec.cat\/eoigirona\/biblioteca-cam\/grups-de-conversa-2\/grups-angles\/\">angl\u00e8s<\/a><\/span><\/li>\n<li><span style=\"color: #000000;\"><a style=\"color: #000000;\" title=\"Grups Espanyol\" href=\"https:\/\/agora-eoi.xtec.cat\/eoigirona\/biblioteca-cam\/grups-de-conversa-2\/grups-espanyol\/\">espanyol<\/a><\/span><\/li>\n<li><span style=\"color: #000000;\"><a style=\"color: #000000;\" title=\"Grups Franc\u00e8s\" href=\"https:\/\/agora-eoi.xtec.cat\/eoigirona\/biblioteca-cam\/grups-de-conversa-2\/grups-frances\/\">franc\u00e8s<\/a><\/span><\/li>\n<li><span style=\"color: #000000;\"><a style=\"color: #000000;\" title=\"Grups Itali\u00e0\" href=\"https:\/\/agora-eoi.xtec.cat\/eoigirona\/biblioteca-cam\/grups-de-conversa-2\/grups-italia\/\">itali\u00e0<\/a><\/span><\/li>\n<li><span style=\"color: #000000;\"><a style=\"color: #000000;\" href=\"https:\/\/agora-eoi.xtec.cat\/eoigirona\/biblioteca-cam\/grups-de-conversa-2\/grup-rus\/\">rus<\/a><\/span><\/li>\n<\/ul>\n<h5><span style=\"color: #9f4948;\"><strong style=\"font-family: inherit; font-size: 1em;\">NORMATIVA<\/strong><\/span><\/h5>\n<p class=\"font_8\">Nombre de sessions:<strong>\u00a0<\/strong><strong>15 sessions <\/strong>de 60 minuts al llarg del curs.<\/p>\n<p><strong>Per\u00edode i ordre d&#8217;inscripcions (tancat):\u00a0<\/strong><\/p>\n<ul style=\"font-size: 16px; font-family: 'Helvetica Neue', Helvetica, Helvetica, Arial, sans-serif;\">\n<li aria-level=\"1\">espanyol (grup primer quadrimestre): <strong>de l&#8217;1 al 10 d&#8217;octubre\u00a0<\/strong><\/li>\n<li aria-level=\"1\"><span style=\"font-weight: 400;\">alemany, angl\u00e8s, franc\u00e8s i itali\u00e0 (grups anuals): <strong>del 13 d&#8217;octubre al 7 de novembre\u00a0<\/strong><\/span><\/li>\n<\/ul>\n<p><span style=\"font-weight: 400;\">La inscripcio\u0301 es fara\u0300<\/span><b> en li\u0301nia <\/b><span style=\"font-weight: 400;\">mitjan\u00e7ant els formularis enlla\u00e7ats durant els per\u00edodes d&#8217;inscripci\u00f3 corresponents i romandr\u00e0 oberta fins a l&#8217;inici de l&#8217;activitat o fins a cobrir places. <\/span>Quan es cobreixin les places disponibles (m\u00e0xim 12 persones per grup), l\u2019alumnat es podra\u0300 inscriure a la llista d\u2019espera i se&#8217;ls avisar\u00e0 per ordre d\u2019inscripci\u00f3 si es produeix alguna vacant.<\/p>\n<p><span style=\"font-weight: 400;\">Es respectar\u00e0 sempre l&#8217;ordre d&#8217;inscripci\u00f3. Caldr\u00e0 abonar el preu establert al compte bancari de l&#8217;EOI i enviar la documentaci\u00f3 pertinent per correu electr\u00f2nic. <\/span><span style=\"font-weight: 400;\">En cas que no s\u2019aboni el preu, la Biblioteca-CAM avisar\u00e0 l\u2019alumne\/a un cop. Si no ha efectuat l\u2019ingr\u00e9s al cap de 24 hores, es passar\u00e0 al seg\u00fcent alumne per ordre d\u2019inscripci\u00f3.<\/span><\/p>\n<p><strong>IMPORTANT:<\/strong><\/p>\n<ul>\n<li>l\u2019alumnat oficial t\u00e9 dret a assistir a <strong>1 grup de conversa <\/strong>del seu nivell. Tindr\u00e0 acc\u00e9s a un grup addicional si hi ha places vacants abans del tancament del per\u00edode d\u2019inscripci\u00f3.<\/li>\n<li>l&#8217;alumnat extern t\u00e9 dret a assistir a <strong>2 grups en total<\/strong> (conversa \/ lectura). Tindr\u00e0 acc\u00e9s a un grup addicional &#8211; de conversa o de lectura &#8211; si hi ha places vacants abans del tancament del per\u00edode d\u2019inscripci\u00f3.<\/li>\n<\/ul>\n<p><strong>Preu:<\/strong><b>\u00a0<span style=\"font-weight: 400;\">subjecte a bonificacions i exempcions, recollides a l\u2019Article 7 de <\/span><span style=\"font-weight: 400;\">l\u2019<\/span><a href=\"https:\/\/portaljuridic.gencat.cat\/eli\/es-ct\/o\/2020\/09\/18\/edu155\"><span style=\"font-weight: 400;\">ORDRE EDU\/155\/2020<\/span><\/a><span style=\"font-weight: 400;\">.<\/span><\/b><\/p>\n<ul>\n<li><span style=\"font-weight: 400;\">Alumnat <strong>lliure<\/strong>: <strong>86 \u20ac<\/strong><\/span><\/li>\n<li><span style=\"font-weight: 400;\">Alumnat<strong> oficial<\/strong>: <strong>43 \u20ac\u00a0<\/strong><\/span><\/li>\n<\/ul>\n<p><span style=\"font-weight: 400;\">Caldr\u00e0 abonar el preu establert al compte de l&#8217;EOI Girona\u00a0<b>ES44 2100 8174 3022 0002 4139 <\/b>i enviar la documentaci\u00f3 indicada per correu electr\u00f2nic a <a href=\"mailto:cam@eoigirona.cat\">cam@eoigirona.cat<\/a><\/span><\/p>\n<ul>\n<li><span style=\"font-weight: 400;\">Un cop iniciada l\u2019activitat, si es produeix alguna vacant, l\u2019alumnat en llista d\u2019espera que desitgi participar-hi haur\u00e0 d\u2019abonar l\u2019import \u00edntegre. <\/span><\/li>\n<li><span style=\"font-family: inherit; font-size: 1em;\">Nom\u00e9s es retornar\u00e0 l\u2019import de la inscripci\u00f3 en casos de for\u00e7a major degudament justificats.<\/span><\/li>\n<li><span style=\"font-weight: 400;\">En cap cas es retornar\u00e0 l&#8217;import un cop iniciat el grup de conversa.<\/span><\/li>\n<\/ul>\n<p><strong>Documentaci\u00f3:<\/strong><\/p>\n<p><span style=\"font-weight: 400;\">Despre\u0301s de la inscripcio\u0301 i abans de l\u2019inici de l\u2019activitat, e\u0301s imprescindible fer arribar la seg\u00fcent documentaci\u00f3 per correu electr\u00f2nic a <\/span><a href=\"mailto:cam@eoigirona.cat\"><span style=\"font-weight: 400;\">cam<span class=\"\">@eoigirona.<\/span>cat<\/span><\/a><span style=\"font-weight: 400;\">:<\/span><a href=\"mailto:cam@eoigirona.cat\"><span style=\"font-weight: 400;\"><br \/>\n<\/span><\/a><\/p>\n<ul>\n<li>justificant de pagament<\/li>\n<li>justificant del nivell de llengua (si escau). Si no es t\u00e9 <span style=\"font-weight: 400;\">acreditacio\u0301 del nivell, es far\u00e0 una entrevista oral.<\/span><\/li>\n<li>justificant de bonificaci\u00f3 i exempci\u00f3 (si escau)<\/li>\n<\/ul>\n<p><span style=\"font-weight: 400;\"><strong>Assist\u00e8ncia:<\/strong> <\/span><\/p>\n<p><span style=\"font-weight: 400;\">Per al bon funcionament dels grups i treure\u2019n el m\u00e0xim profit, cal assistir regularment a l&#8217;activitat.\u00a0<\/span><\/p>\n","protected":false},"excerpt":{"rendered":"<p>Els grups de conversa s\u00f3n un servei complementari que ofereixen la possibilitat de fer pra\u0300ctica oral de manera informal.\u00a0Poden ser presencials o en l\u00ednia. Els dinamitzadors s\u00f3n nadius o b\u00e9 tenen un bon nivell de llengua i prou aptituds per animar el grup, proposar temes i conduir la conversa. S\u2019ofereixen els idiomes, nivells i horaris [&hellip;]<\/p>\n","protected":false},"author":1,"featured_media":0,"parent":9837,"menu_order":4,"comment_status":"closed","ping_status":"closed","template":"","meta":{"_bbp_topic_count":0,"_bbp_reply_count":0,"_bbp_total_topic_count":0,"_bbp_total_reply_count":0,"_bbp_voice_count":0,"_bbp_anonymous_reply_count":0,"_bbp_topic_count_hidden":0,"_bbp_reply_count_hidden":0,"_bbp_forum_subforum_count":0,"site-sidebar-layout":"default","site-content-layout":"","ast-site-content-layout":"default","site-content-style":"default","site-sidebar-style":"default","ast-global-header-display":"","ast-banner-title-visibility":"","ast-main-header-display":"","ast-hfb-above-header-display":"","ast-hfb-below-header-display":"","ast-hfb-mobile-header-display":"","site-post-title":"","ast-breadcrumbs-content":"","ast-featured-img":"","footer-sml-layout":"","theme-transparent-header-meta":"","adv-header-id-meta":"","stick-header-meta":"","header-above-stick-meta":"","header-main-stick-meta":"","header-below-stick-meta":"","astra-migrate-meta-layouts":"set","ast-page-background-enabled":"default","ast-page-background-meta":{"desktop":{"background-color":"var(--ast-global-color-4)","background-image":"","background-repeat":"repeat","background-position":"center center","background-size":"auto","background-attachment":"scroll","background-type":"","background-media":"","overlay-type":"","overlay-color":"","overlay-opacity":"","overlay-gradient":""},"tablet":{"background-color":"","background-image":"","background-repeat":"repeat","background-position":"center center","background-size":"auto","background-attachment":"scroll","background-type":"","background-media":"","overlay-type":"","overlay-color":"","overlay-opacity":"","overlay-gradient":""},"mobile":{"background-color":"","background-image":"","background-repeat":"repeat","background-position":"center center","background-size":"auto","background-attachment":"scroll","background-type":"","background-media":"","overlay-type":"","overlay-color":"","overlay-opacity":"","overlay-gradient":""}},"ast-content-background-meta":{"desktop":{"background-color":"var(--ast-global-color-5)","background-image":"","background-repeat":"repeat","background-position":"center center","background-size":"auto","background-attachment":"scroll","background-type":"","background-media":"","overlay-type":"","overlay-color":"","overlay-opacity":"","overlay-gradient":""},"tablet":{"background-color":"var(--ast-global-color-5)","background-image":"","background-repeat":"repeat","background-position":"center center","background-size":"auto","background-attachment":"scroll","background-type":"","background-media":"","overlay-type":"","overlay-color":"","overlay-opacity":"","overlay-gradient":""},"mobile":{"background-color":"var(--ast-global-color-5)","background-image":"","background-repeat":"repeat","background-position":"center center","background-size":"auto","background-attachment":"scroll","background-type":"","background-media":"","overlay-type":"","overlay-color":"","overlay-opacity":"","overlay-gradient":""}},"footnotes":""},"class_list":["post-9673","page","type-page","status-publish","hentry"],"post_mailing_queue_ids":[],"_links":{"self":[{"href":"https:\/\/agora-eoi.xtec.cat\/eoigirona\/wp-json\/wp\/v2\/pages\/9673","targetHints":{"allow":["GET"]}}],"collection":[{"href":"https:\/\/agora-eoi.xtec.cat\/eoigirona\/wp-json\/wp\/v2\/pages"}],"about":[{"href":"https:\/\/agora-eoi.xtec.cat\/eoigirona\/wp-json\/wp\/v2\/types\/page"}],"author":[{"embeddable":true,"href":"https:\/\/agora-eoi.xtec.cat\/eoigirona\/wp-json\/wp\/v2\/users\/1"}],"replies":[{"embeddable":true,"href":"https:\/\/agora-eoi.xtec.cat\/eoigirona\/wp-json\/wp\/v2\/comments?post=9673"}],"version-history":[{"count":6,"href":"https:\/\/agora-eoi.xtec.cat\/eoigirona\/wp-json\/wp\/v2\/pages\/9673\/revisions"}],"predecessor-version":[{"id":18579,"href":"https:\/\/agora-eoi.xtec.cat\/eoigirona\/wp-json\/wp\/v2\/pages\/9673\/revisions\/18579"}],"up":[{"embeddable":true,"href":"https:\/\/agora-eoi.xtec.cat\/eoigirona\/wp-json\/wp\/v2\/pages\/9837"}],"wp:attachment":[{"href":"https:\/\/agora-eoi.xtec.cat\/eoigirona\/wp-json\/wp\/v2\/media?parent=9673"}],"curies":[{"name":"wp","href":"https:\/\/api.w.org\/{rel}","templated":true}]}}