{"id":9664,"date":"2021-12-21T10:44:29","date_gmt":"2021-12-21T09:44:29","guid":{"rendered":"https:\/\/agora-eoi.xtec.cat\/eoigirona\/?page_id=9664"},"modified":"2025-10-07T11:46:33","modified_gmt":"2025-10-07T09:46:33","slug":"horaris-i-prestec","status":"publish","type":"page","link":"https:\/\/agora-eoi.xtec.cat\/eoigirona\/biblioteca-cam\/horaris-i-prestec\/","title":{"rendered":"Normativa"},"content":{"rendered":"<h4><strong>ACC\u00c9S A LA BIBLIOTECA-CAM<\/strong><\/h4>\n<p><span style=\"color: #9f4948;\"><strong>REQUISIT D&#8217;ACC\u00c9S<\/strong><\/span><\/p>\n<p>Per tenir acc\u00e9s a la Biblioteca-CAM<\/p>\n<ul>\n<li>els <strong>alumnes oficials<\/strong> paguen <strong>30\u20ac<\/strong> en el moment de formalitzar la matr\u00edcula. Aquest import en concepte d&#8217;acc\u00e9s als materials did\u00e0ctics i a la plataforma d&#8217;ensenyament del curs, tamb\u00e9 els dona acc\u00e9s a la Biblioteca-CAM i a la participaci\u00f3 en 1 club de lectura (2 en el cas que hi hagi places vacants abans que s&#8217;acabi el per\u00edode d&#8217;inscripci\u00f3). Els grups de conversa es paguen a part (veure <a href=\"https:\/\/agora-eoi.xtec.cat\/eoigirona\/biblioteca-cam\/grups-de-conversa-2\/\">grups de conversa<\/a>).<\/li>\n<li>els <strong>usuaris externs<\/strong> han d&#8217;abonar <strong>86\u20ac<\/strong> per tenir acc\u00e9s a la Biblioteca-CAM i a tots els serveis que s&#8217;hi ofereixen. Pagant aquest preu p\u00fablic, tenen acc\u00e9s a l&#8217;espai d&#8217;estudi, el servei de pr\u00e9stec, a tenir assessorament personalitzat, a grups de conversa i clubs de lectura (2 activitats del seu nivell i de la seva elecci\u00f3, ampliables fins a 3 si hi ha places vacants abans que s&#8217;acabi el per\u00edode d&#8217;inscripci\u00f3). Caldr\u00e0 abonar el preu establert al compte de l\u2019EOI Girona\u00a0<b>ES44 2100 8174 3022 0002 4139\u00a0<\/b>i enviar justificant de pagament i justificant d&#8217;exempci\u00f3 (si escau) per correu electr\u00f2nic a <a href=\"mailto:cam@eoigirona.cat\">cam@eoigirona.cat<\/a><\/li>\n<\/ul>\n<p><span style=\"color: #9f4948;\"><strong>ACC\u00c9S MENORS D&#8217;EDAT<\/strong><\/span><\/p>\n<ul>\n<li>Els alumnes<strong> oficials<\/strong> que siguin menors d&#8217;edat podran accedir lliurement al CAM i als serveis que ofereix (consultar condicions especials de 14 a 16 anys).<\/li>\n<li>Els usuaris menors que siguin <strong>externs<\/strong> hauran d&#8217;abonar el preu p\u00fablic de 86\u20ac per poder-hi accedir. L&#8217;edat m\u00ednima per inscriure&#8217;s a la Biblioteca-CAM com a usuari extern: complir 14 anys fins al 31 de desembre el mateix any de la inscripci\u00f3.<\/li>\n<\/ul>\n<p><strong>IMPORTANT:<\/strong>\u00a0El personal de la biblioteca no es responsabilitza de la cura, la vigil\u00e0ncia, el control i la sortida dels menors d&#8217;edat.<\/p>\n<p class=\"font_8\"><span style=\"color: #9f4948;\"><strong>SERVEI DE PR\u00c9STEC<\/strong><\/span><\/p>\n<p class=\"font_8\">Per fer \u00fas del servei de pr\u00e9stec, tots els usuaris de la Biblioteca-CAM han de presentar el <a href=\"https:\/\/agora-eoi.xtec.cat\/eoigirona\/carnet-destudiant\/\">carnet d&#8217;estudiant<\/a>\u00a0del curs vigent.<\/p>\n<p class=\"font_8\"><strong style=\"font-family: inherit; font-size: 1em;\">Tenir el carnet de l&#8217;estudiant significa que s&#8217;accepten les normes de la Biblioteca-CAM:<\/strong><\/p>\n<ul>\n<li class=\"font_8\">Respectar la zona de silenci<\/li>\n<li class=\"font_8\">No menjar ni beure<\/li>\n<li class=\"font_8\">Evitar actituds que molestin altres usuaris.<\/li>\n<li class=\"font_8\">Silenciar els tel\u00e8fons m\u00f2bils<\/li>\n<li class=\"font_8\">Utilitzar amb cura els materials i els equipaments del centre<\/li>\n<li class=\"font_8\">Respectar la <a href=\"https:\/\/agora-eoi.xtec.cat\/eoigirona\/biblioteca-cam\/prestec\/\">normativa del servei de pr\u00e9stec<\/a><\/li>\n<li class=\"font_8\"><span style=\"font-family: inherit; font-size: 1em;\">No accedir a la biblioteca amb objectes voluminosos, carrets de compra, patinets, bicicletes, etc., excepte els utilitzats per persones amb mobilitat redu\u00efda<\/span><\/li>\n<li class=\"font_8\">Cal tenir cura dels objectes personals. El CAM no es fa responsable en cas de p\u00e8rdua o robatori.<\/li>\n<\/ul>\n","protected":false},"excerpt":{"rendered":"<p>ACC\u00c9S A LA BIBLIOTECA-CAM REQUISIT D&#8217;ACC\u00c9S Per tenir acc\u00e9s a la Biblioteca-CAM els alumnes oficials paguen 30\u20ac en el moment de formalitzar la matr\u00edcula. Aquest import en concepte d&#8217;acc\u00e9s als materials did\u00e0ctics i a la plataforma d&#8217;ensenyament del curs, tamb\u00e9 els dona acc\u00e9s a la Biblioteca-CAM i a la participaci\u00f3 en 1 club de lectura [&hellip;]<\/p>\n","protected":false},"author":1,"featured_media":0,"parent":9837,"menu_order":2,"comment_status":"closed","ping_status":"closed","template":"","meta":{"_bbp_topic_count":0,"_bbp_reply_count":0,"_bbp_total_topic_count":0,"_bbp_total_reply_count":0,"_bbp_voice_count":0,"_bbp_anonymous_reply_count":0,"_bbp_topic_count_hidden":0,"_bbp_reply_count_hidden":0,"_bbp_forum_subforum_count":0,"site-sidebar-layout":"default","site-content-layout":"","ast-site-content-layout":"default","site-content-style":"default","site-sidebar-style":"default","ast-global-header-display":"","ast-banner-title-visibility":"","ast-main-header-display":"","ast-hfb-above-header-display":"","ast-hfb-below-header-display":"","ast-hfb-mobile-header-display":"","site-post-title":"","ast-breadcrumbs-content":"","ast-featured-img":"","footer-sml-layout":"","theme-transparent-header-meta":"","adv-header-id-meta":"","stick-header-meta":"","header-above-stick-meta":"","header-main-stick-meta":"","header-below-stick-meta":"","astra-migrate-meta-layouts":"set","ast-page-background-enabled":"default","ast-page-background-meta":{"desktop":{"background-color":"var(--ast-global-color-4)","background-image":"","background-repeat":"repeat","background-position":"center center","background-size":"auto","background-attachment":"scroll","background-type":"","background-media":"","overlay-type":"","overlay-color":"","overlay-opacity":"","overlay-gradient":""},"tablet":{"background-color":"","background-image":"","background-repeat":"repeat","background-position":"center center","background-size":"auto","background-attachment":"scroll","background-type":"","background-media":"","overlay-type":"","overlay-color":"","overlay-opacity":"","overlay-gradient":""},"mobile":{"background-color":"","background-image":"","background-repeat":"repeat","background-position":"center center","background-size":"auto","background-attachment":"scroll","background-type":"","background-media":"","overlay-type":"","overlay-color":"","overlay-opacity":"","overlay-gradient":""}},"ast-content-background-meta":{"desktop":{"background-color":"var(--ast-global-color-5)","background-image":"","background-repeat":"repeat","background-position":"center center","background-size":"auto","background-attachment":"scroll","background-type":"","background-media":"","overlay-type":"","overlay-color":"","overlay-opacity":"","overlay-gradient":""},"tablet":{"background-color":"var(--ast-global-color-5)","background-image":"","background-repeat":"repeat","background-position":"center center","background-size":"auto","background-attachment":"scroll","background-type":"","background-media":"","overlay-type":"","overlay-color":"","overlay-opacity":"","overlay-gradient":""},"mobile":{"background-color":"var(--ast-global-color-5)","background-image":"","background-repeat":"repeat","background-position":"center center","background-size":"auto","background-attachment":"scroll","background-type":"","background-media":"","overlay-type":"","overlay-color":"","overlay-opacity":"","overlay-gradient":""}},"footnotes":""},"class_list":["post-9664","page","type-page","status-publish","hentry"],"post_mailing_queue_ids":[],"_links":{"self":[{"href":"https:\/\/agora-eoi.xtec.cat\/eoigirona\/wp-json\/wp\/v2\/pages\/9664","targetHints":{"allow":["GET"]}}],"collection":[{"href":"https:\/\/agora-eoi.xtec.cat\/eoigirona\/wp-json\/wp\/v2\/pages"}],"about":[{"href":"https:\/\/agora-eoi.xtec.cat\/eoigirona\/wp-json\/wp\/v2\/types\/page"}],"author":[{"embeddable":true,"href":"https:\/\/agora-eoi.xtec.cat\/eoigirona\/wp-json\/wp\/v2\/users\/1"}],"replies":[{"embeddable":true,"href":"https:\/\/agora-eoi.xtec.cat\/eoigirona\/wp-json\/wp\/v2\/comments?post=9664"}],"version-history":[{"count":6,"href":"https:\/\/agora-eoi.xtec.cat\/eoigirona\/wp-json\/wp\/v2\/pages\/9664\/revisions"}],"predecessor-version":[{"id":18306,"href":"https:\/\/agora-eoi.xtec.cat\/eoigirona\/wp-json\/wp\/v2\/pages\/9664\/revisions\/18306"}],"up":[{"embeddable":true,"href":"https:\/\/agora-eoi.xtec.cat\/eoigirona\/wp-json\/wp\/v2\/pages\/9837"}],"wp:attachment":[{"href":"https:\/\/agora-eoi.xtec.cat\/eoigirona\/wp-json\/wp\/v2\/media?parent=9664"}],"curies":[{"name":"wp","href":"https:\/\/api.w.org\/{rel}","templated":true}]}}