{"id":9661,"date":"2021-12-21T10:44:09","date_gmt":"2021-12-21T09:44:09","guid":{"rendered":"https:\/\/agora-eoi.xtec.cat\/eoigirona\/?page_id=9661"},"modified":"2025-10-24T19:31:33","modified_gmt":"2025-10-24T17:31:33","slug":"que-es-el-cam","status":"publish","type":"page","link":"https:\/\/agora-eoi.xtec.cat\/eoigirona\/biblioteca-cam\/que-es-el-cam\/","title":{"rendered":"Qu\u00e8 \u00e9s la Biblioteca-CAM?"},"content":{"rendered":"<p><a href=\"https:\/\/agora-eoi.xtec.cat\/eoigirona\/wp-content\/uploads\/usu2632\/2025\/10\/12.svg\"><img decoding=\"async\" class=\"size-full wp-image-18439 alignnone\" src=\"https:\/\/agora-eoi.xtec.cat\/eoigirona\/wp-content\/uploads\/usu2632\/2025\/10\/12.svg\" alt=\"\" \/><\/a><\/p>\n<h4><span style=\"color: #9f4948;\"><strong>BENVINGUTS I BENVINGUDES A LA BIBLIOTECA-CAM<\/strong><\/span><\/h4>\n<p><span style=\"color: #9f4948;\"><strong>Qu\u00e8 \u00e9s el CAM? <\/strong><\/span><\/p>\n<p><span class=\"color_14\">El Centre d&#8217;Autoaprenentatge i Mediateca \u00e9s una biblioteca especialitzada en els <strong>8 idiomes<\/strong> que es poden aprendre a l&#8217;Escola Oficial d&#8217;Idiomes de Girona:<\/span><\/p>\n<ul>\n<li style=\"list-style-type: none;\">\n<ul>\n<li>alemany<\/li>\n<li>angl\u00e8s<\/li>\n<li>\u00e0rab<\/li>\n<li>catal\u00e0<\/li>\n<li>espanyol<\/li>\n<li>franc\u00e8s<\/li>\n<li>itali\u00e0<\/li>\n<li>rus<\/li>\n<\/ul>\n<\/li>\n<\/ul>\n<p><span style=\"color: #9f4948;\"><strong>Quins serveis oferim?<\/strong><\/span><\/p>\n<ul>\n<li><span class=\"JsGRdQ\">Extens fons multim\u00e8dia en <span class=\"color_14\">en constant revisi\u00f3 i actualitzaci\u00f3<\/span><\/span><\/li>\n<li><span class=\"JsGRdQ\">Servei de pr\u00e9stec (consulteu <a href=\"https:\/\/agora-eoi.xtec.cat\/eoigirona\/biblioteca-cam\/prestec\/\">normativa de pr\u00e9stec<\/a>)<\/span><span class=\"JsGRdQ\"><a href=\"https:\/\/agora-eoi.xtec.cat\/eoigirona\/wp-content\/uploads\/usu2632\/2022\/03\/cam.jpg\"><br \/>\n<\/a><\/span><\/li>\n<li><span class=\"JsGRdQ\">B\u00fastia de devoluci\u00f3 (a l&#8217;entrada de la Biblioteca-CAM)<\/span><\/li>\n<li><span class=\"JsGRdQ\"><strong>Grups de conversa<\/strong> (consulteu <a href=\"https:\/\/agora-eoi.xtec.cat\/eoigirona\/biblioteca-cam\/grups-de-conversa-2\/\">l&#8217;oferta d&#8217;enguany<\/a>)<\/span><\/li>\n<li><span class=\"JsGRdQ\"><strong>Clubs de lectura<\/strong> (consulteu <a href=\"https:\/\/agora-eoi.xtec.cat\/eoigirona\/biblioteca-cam\/clubs-de-lectura\/\">l&#8217;oferta d&#8217;enguany<\/a>)<\/span><\/li>\n<li><span class=\"JsGRdQ\">T\u00e0ndems ling\u00fc\u00edstics (<a href=\"https:\/\/agora-eoi.xtec.cat\/eoigirona\/biblioteca-cam\/tandems\/\">per saber-ne m\u00e9s<\/a>)<\/span><\/li>\n<li><span class=\"JsGRdQ\">Espai d&#8217;estudi ampli i llumin\u00f3s<\/span><\/li>\n<li><span class=\"JsGRdQ\">Ordinadors i wifi oberta<\/span><\/li>\n<li>Exposicions mensuals<\/li>\n<li><span class=\"JsGRdQ\">Activitats culturals<\/span><\/li>\n<li>El Petit-CAM (b\u00fastia d&#8217;intercanvi de llibres davant de l&#8217;edifici, fora del recinte escolar), <span style=\"color: #c85f5f;\"><strong>NO \u00e9s cap b\u00fastia de retorn!<\/strong><\/span><\/li>\n<\/ul>\n<p class=\"font_8\"><span class=\"color_14\"> Consulteu la <a href=\"https:\/\/agora-eoi.xtec.cat\/eoigirona\/biblioteca-cam\/horaris-i-prestec\/\">normativa vigent.<\/a><\/span><\/p>\n<p><span style=\"color: #9f4948;\"><strong>Horari:<\/strong><\/span><\/p>\n<p class=\"font_8\" style=\"text-align: left;\"><span class=\"wixGuard\"><strong>De l&#8217;1 d&#8217;octubre fins a finals de maig:\u00a0<\/strong> \u00a0 <\/span><\/p>\n<ul>\n<li class=\"font_8\"><span class=\"wixGuard\">De dilluns a dijous: <\/span>de 9h a 20.45h<\/li>\n<li class=\"font_8\">Divendres: de 9h a 14h<\/li>\n<\/ul>\n<p><strong>A partir de l&#8217;1 de juny:<\/strong><\/p>\n<ul>\n<li class=\"font_8\">De dilluns a dijous:\u00a0 de 9 h a 20 h<\/li>\n<li class=\"font_8\">Divendres de 9 h a 14 h<\/li>\n<\/ul>\n<p>Tancat a partir de la darrera data d&#8217;ex\u00e0mens de certificat (segona quinzena de juny)<\/p>\n<p class=\"font_8\"><span style=\"color: #9f4948;\"><strong>Contacte:\u00a0 <\/strong><\/span><\/p>\n<ul>\n<li class=\"font_8\"><strong>Tel\u00e8fon<\/strong>: \u200b972 219 100 (extensi\u00f3 7394)<\/li>\n<li><strong>correu electr\u00f2nic<\/strong>:\u00a0<a href=\"mailto:cameoigirona@gmail.com\" target=\"_self\" rel=\"noopener\">cam@eoigirona.cat<\/a><\/li>\n<\/ul>\n<p><a href=\"https:\/\/drive.google.com\/file\/d\/1G4EbI7ZVyODhHYcjAJurt8khCeBgmRik\/view?usp=sharing\" target=\"_blank\" rel=\"noopener\">Projecte Biblioteca-CAM 2024-2028<\/a><\/p>\n","protected":false},"excerpt":{"rendered":"<p>BENVINGUTS I BENVINGUDES A LA BIBLIOTECA-CAM Qu\u00e8 \u00e9s el CAM? El Centre d&#8217;Autoaprenentatge i Mediateca \u00e9s una biblioteca especialitzada en els 8 idiomes que es poden aprendre a l&#8217;Escola Oficial d&#8217;Idiomes de Girona: alemany angl\u00e8s \u00e0rab catal\u00e0 espanyol franc\u00e8s itali\u00e0 rus Quins serveis oferim? Extens fons multim\u00e8dia en en constant revisi\u00f3 i actualitzaci\u00f3 Servei de [&hellip;]<\/p>\n","protected":false},"author":1,"featured_media":0,"parent":9837,"menu_order":1,"comment_status":"closed","ping_status":"closed","template":"","meta":{"_bbp_topic_count":0,"_bbp_reply_count":0,"_bbp_total_topic_count":0,"_bbp_total_reply_count":0,"_bbp_voice_count":0,"_bbp_anonymous_reply_count":0,"_bbp_topic_count_hidden":0,"_bbp_reply_count_hidden":0,"_bbp_forum_subforum_count":0,"site-sidebar-layout":"default","site-content-layout":"","ast-site-content-layout":"default","site-content-style":"default","site-sidebar-style":"default","ast-global-header-display":"","ast-banner-title-visibility":"","ast-main-header-display":"","ast-hfb-above-header-display":"","ast-hfb-below-header-display":"","ast-hfb-mobile-header-display":"","site-post-title":"","ast-breadcrumbs-content":"","ast-featured-img":"","footer-sml-layout":"","theme-transparent-header-meta":"default","adv-header-id-meta":"","stick-header-meta":"","header-above-stick-meta":"","header-main-stick-meta":"","header-below-stick-meta":"","astra-migrate-meta-layouts":"set","ast-page-background-enabled":"default","ast-page-background-meta":{"desktop":{"background-color":"var(--ast-global-color-4)","background-image":"","background-repeat":"repeat","background-position":"center center","background-size":"auto","background-attachment":"scroll","background-type":"","background-media":"","overlay-type":"","overlay-color":"","overlay-opacity":"","overlay-gradient":""},"tablet":{"background-color":"","background-image":"","background-repeat":"repeat","background-position":"center center","background-size":"auto","background-attachment":"scroll","background-type":"","background-media":"","overlay-type":"","overlay-color":"","overlay-opacity":"","overlay-gradient":""},"mobile":{"background-color":"","background-image":"","background-repeat":"repeat","background-position":"center center","background-size":"auto","background-attachment":"scroll","background-type":"","background-media":"","overlay-type":"","overlay-color":"","overlay-opacity":"","overlay-gradient":""}},"ast-content-background-meta":{"desktop":{"background-color":"var(--ast-global-color-5)","background-image":"","background-repeat":"repeat","background-position":"center center","background-size":"auto","background-attachment":"scroll","background-type":"","background-media":"","overlay-type":"","overlay-color":"","overlay-opacity":"","overlay-gradient":""},"tablet":{"background-color":"var(--ast-global-color-5)","background-image":"","background-repeat":"repeat","background-position":"center center","background-size":"auto","background-attachment":"scroll","background-type":"","background-media":"","overlay-type":"","overlay-color":"","overlay-opacity":"","overlay-gradient":""},"mobile":{"background-color":"var(--ast-global-color-5)","background-image":"","background-repeat":"repeat","background-position":"center center","background-size":"auto","background-attachment":"scroll","background-type":"","background-media":"","overlay-type":"","overlay-color":"","overlay-opacity":"","overlay-gradient":""}},"footnotes":""},"class_list":["post-9661","page","type-page","status-publish","hentry"],"post_mailing_queue_ids":[],"_links":{"self":[{"href":"https:\/\/agora-eoi.xtec.cat\/eoigirona\/wp-json\/wp\/v2\/pages\/9661","targetHints":{"allow":["GET"]}}],"collection":[{"href":"https:\/\/agora-eoi.xtec.cat\/eoigirona\/wp-json\/wp\/v2\/pages"}],"about":[{"href":"https:\/\/agora-eoi.xtec.cat\/eoigirona\/wp-json\/wp\/v2\/types\/page"}],"author":[{"embeddable":true,"href":"https:\/\/agora-eoi.xtec.cat\/eoigirona\/wp-json\/wp\/v2\/users\/1"}],"replies":[{"embeddable":true,"href":"https:\/\/agora-eoi.xtec.cat\/eoigirona\/wp-json\/wp\/v2\/comments?post=9661"}],"version-history":[{"count":6,"href":"https:\/\/agora-eoi.xtec.cat\/eoigirona\/wp-json\/wp\/v2\/pages\/9661\/revisions"}],"predecessor-version":[{"id":18440,"href":"https:\/\/agora-eoi.xtec.cat\/eoigirona\/wp-json\/wp\/v2\/pages\/9661\/revisions\/18440"}],"up":[{"embeddable":true,"href":"https:\/\/agora-eoi.xtec.cat\/eoigirona\/wp-json\/wp\/v2\/pages\/9837"}],"wp:attachment":[{"href":"https:\/\/agora-eoi.xtec.cat\/eoigirona\/wp-json\/wp\/v2\/media?parent=9661"}],"curies":[{"name":"wp","href":"https:\/\/api.w.org\/{rel}","templated":true}]}}