{"id":9460,"date":"2021-12-13T10:16:16","date_gmt":"2021-12-13T09:16:16","guid":{"rendered":"https:\/\/agora-eoi.xtec.cat\/eoigirona\/?page_id=9460"},"modified":"2026-02-11T11:52:21","modified_gmt":"2026-02-11T10:52:21","slug":"horaris-i-professorat","status":"publish","type":"page","link":"https:\/\/agora-eoi.xtec.cat\/eoigirona\/rus\/horaris-i-professorat\/","title":{"rendered":"Horaris i professorat"},"content":{"rendered":"\n<p><\/p>\n\n\n<p><b>HORARIS DEL CURS 2025-2026<\/b><\/p>\n<p>&#8211; L\u2019EOI Girona no pot garantir que es mantingui l\u2019horari que ara escolliu en els cursos successius.<br \/>&#8211; Les proves de final de curs poden no coincidir amb el dia i hora de classe habitual.<br \/>&#8211; El dia i hora de l\u2019examen final no es poden canviar.<br \/>&#8211; L\u2019assist\u00e8ncia a classe \u00e9s obligat\u00f2ria.<br \/>&#8211; Consulteu normativa de canvis d\u2019horari.<\/p>\n<div>\n<table style=\"height: 255px; width: 99.6705%; border-style: solid; border-color: #bdbdbd; background-color: #c85f5f;\" border=\"0\" width=\"99.0595%\" cellspacing=\"0\" cellpadding=\"0\">\n<tbody>\n<tr style=\"border-style: solid; border-color: #bdbdbd; background-color: #c85f5f;\">\n<td class=\"arial text11 blanc\" style=\"width: 0.98912%; height: 33px; border-style: solid; border-color: #bdbdbd; background-color: #c85f5f;\" valign=\"middle\" bgcolor=\"#999999\" height=\"29\"><span style=\"color: #ffffff;\"><b>\u00a0\u00a0Nivell<\/b><\/span><\/td>\n<td class=\"arial text11 blanc\" style=\"width: 13.760371%; height: 33px; border-style: solid; border-color: #bdbdbd; background-color: #c85f5f;\" valign=\"middle\" bgcolor=\"#999999\" height=\"29\"><span style=\"color: #ffffff;\"><b>Dia<\/b><\/span><\/td>\n<td class=\"arial text11 blanc\" style=\"width: 11.364554%; height: 33px; border-style: solid; border-color: #bdbdbd; background-color: #c85f5f;\" valign=\"middle\" bgcolor=\"#999999\" height=\"29\"><span style=\"color: #ffffff;\"><b>Hora<\/b><\/span><\/td>\n<td style=\"width: 5.756126%; height: 33px; border-style: solid; border-color: #bdbdbd; background-color: #c85f5f;\"><span style=\"color: #ffffff;\"><b>Aula<\/b><\/span><\/td>\n<td class=\"arial text11 blanc\" style=\"width: 16.53452%; height: 33px; border-style: solid; border-color: #bdbdbd; background-color: #c85f5f;\" valign=\"middle\" bgcolor=\"#999999\" height=\"29\"><span style=\"color: #ffffff;\"><b>Professor\/a<\/b><\/span><\/td>\n<td style=\"width: 15.329089%; height: 33px; border-style: solid; border-color: #bdbdbd; background-color: #c85f5f;\"><span style=\"color: #ffffff;\"><b>Correu-e<\/b><\/span><\/td>\n<td style=\"width: 36.57066%; height: 33px; border-style: solid; border-color: #bdbdbd; background-color: #c85f5f;\"><span style=\"color: #ffffff;\"><b>Hora d&#8217;atenci\u00f3<\/b><\/span><\/td>\n<\/tr>\n<tr style=\"border-style: solid; border-color: #bdbdbd;\">\n<td class=\"arial text11 gris6\" style=\"background-color: #ffffff; width: 0.98912%; height: 10px; border-style: solid; border-color: #bdbdbd;\" align=\"center\" valign=\"middle\" bgcolor=\"#FFFFFF\" height=\"27\">A1<\/td>\n<td class=\"arial text11 gris6\" style=\"background-color: #ffffff; width: 13.760371%; height: 10px; border-style: solid; border-color: #bdbdbd;\" valign=\"middle\" bgcolor=\"#FFFFFF\" height=\"27\">dilluns, dimecres<\/td>\n<td class=\"arial text11 gris6\" style=\"background-color: #ffffff; width: 11.364554%; height: 10px; border-style: solid; border-color: #bdbdbd;\" valign=\"middle\" bgcolor=\"#FFFFFF\" height=\"27\">09:30 &#8211; 11:45<\/td>\n<td style=\"background-color: #ffffff; width: 5.756126%; height: 10px; border-style: solid; border-color: #bdbdbd; text-align: center;\">3<\/td>\n<td class=\"arial text11 gris6\" style=\"background-color: #ffffff; width: 16.53452%; height: 10px; border-style: solid; border-color: #bdbdbd;\" valign=\"middle\" bgcolor=\"#FFFFFF\" height=\"27\">Ekaterina Chernova, <br \/>Alba Codina<\/td>\n<td style=\"background-color: #ffffff; width: 15.329089%; height: 10px; border-style: solid; border-color: #bdbdbd;\">\n<p>echernov@xtec.cat<br \/>acodina3@xtec.cat<\/p>\n<\/td>\n<td style=\"background-color: #ffffff; width: 36.57066%; height: 10px; border-style: solid; border-color: #bdbdbd;\">\n<p>dilluns 11:45-12:15, <br \/>dijous 18:00-18:30,<br \/>dimarts \u00a0i dijous 15:30-16:00<\/p>\n<\/td>\n<\/tr>\n<tr style=\"border-style: solid; border-color: #bdbdbd;\">\n<td class=\"arial text11 gris6\" style=\"background-color: #ffffff; width: 0.98912%; height: 33px; border-style: solid; border-color: #bdbdbd;\" align=\"center\" valign=\"middle\" bgcolor=\"#FFFFCC\" height=\"27\">A1<\/td>\n<td class=\"arial text11 gris6\" style=\"background-color: #ffffff; width: 13.760371%; height: 33px; border-style: solid; border-color: #bdbdbd;\" valign=\"middle\" bgcolor=\"#FFFFCC\" height=\"27\">dimarts, dijous<\/td>\n<td class=\"arial text11 gris6\" style=\"background-color: #ffffff; width: 11.364554%; height: 33px; border-style: solid; border-color: #bdbdbd;\" valign=\"middle\" bgcolor=\"#FFFFCC\" height=\"27\">16:00 &#8211; 18:15<\/td>\n<td style=\"background-color: #ffffff; width: 5.756126%; height: 33px; border-style: solid; border-color: #bdbdbd; text-align: center;\">28<\/td>\n<td class=\"arial text11 gris6\" style=\"background-color: #ffffff; width: 16.53452%; height: 33px; border-style: solid; border-color: #bdbdbd;\" valign=\"middle\" bgcolor=\"#FFFFCC\" height=\"27\">Alba Codina<\/td>\n<td style=\"background-color: #ffffff; width: 15.329089%; height: 33px; border-style: solid; border-color: #bdbdbd;\">acodina3@xtec.cat<\/td>\n<td style=\"background-color: #ffffff; width: 36.57066%; height: 33px; border-style: solid; border-color: #bdbdbd;\">dimarts i dijous 15:30-16:00<\/td>\n<\/tr>\n<tr style=\"height: 43px;\">\n<td style=\"background-color: #ffffff; width: 0.98912%; border-style: solid; border-color: #bdbdbd; text-align: center; height: 43px;\">A1<\/td>\n<td style=\"background-color: #ffffff; width: 13.760371%; border-style: solid; border-color: #bdbdbd; text-align: left; height: 43px;\">dimarts, dijous<\/td>\n<td style=\"background-color: #ffffff; width: 11.364554%; border-style: solid; border-color: #bdbdbd; text-align: left; height: 43px;\">18:30 &#8211; 20:45<\/td>\n<td style=\"background-color: #ffffff; width: 5.756126%; border-style: solid; border-color: #bdbdbd; height: 43px; text-align: center;\">28<\/td>\n<td style=\"background-color: #ffffff; width: 16.53452%; border-style: solid; border-color: #bdbdbd; text-align: left; height: 43px;\">Alba Codina<\/td>\n<td style=\"background-color: #ffffff; width: 15.329089%; border-style: solid; border-color: #bdbdbd; text-align: left; height: 43px;\">acodina3@xtec.cat<\/td>\n<td style=\"background-color: #ffffff; width: 36.57066%; border-style: solid; border-color: #bdbdbd; text-align: left; height: 43px;\">dimarts i dijous 15:30-16:00<\/td>\n<\/tr>\n<tr style=\"border-style: solid; border-color: #bdbdbd;\">\n<td class=\"arial text11 gris6\" style=\"background-color: #ffffff; width: 0.98912%; height: 33px; border-style: solid; border-color: #bdbdbd;\" align=\"center\" valign=\"middle\" bgcolor=\"#FFFFFF\" height=\"27\">A2<\/td>\n<td class=\"arial text11 gris6\" style=\"background-color: #ffffff; width: 13.760371%; height: 33px; border-style: solid; border-color: #bdbdbd;\" valign=\"middle\" bgcolor=\"#FFFFFF\" height=\"27\">dimarts, dijous<\/td>\n<td class=\"arial text11 gris6\" style=\"background-color: #ffffff; width: 11.364554%; height: 33px; border-style: solid; border-color: #bdbdbd;\" valign=\"middle\" bgcolor=\"#FFFFFF\" height=\"27\">18:30 &#8211; 20:45<\/td>\n<td style=\"background-color: #ffffff; width: 5.756126%; height: 33px; border-style: solid; border-color: #bdbdbd; text-align: center;\">3<\/td>\n<td class=\"arial text11 gris6\" style=\"background-color: #ffffff; width: 16.53452%; height: 33px; border-style: solid; border-color: #bdbdbd;\" valign=\"middle\" bgcolor=\"#FFFFFF\" height=\"27\">Ekaterina Chernova<\/td>\n<td style=\"background-color: #ffffff; width: 15.329089%; height: 33px; border-style: solid; border-color: #bdbdbd;\">echernov@xtec.cat<\/td>\n<td style=\"background-color: #ffffff; width: 36.57066%; height: 33px; border-style: solid; border-color: #bdbdbd;\">dilluns 11:45-12:15,<br \/>dijous 18:00-18:30<\/td>\n<\/tr>\n<tr style=\"border-style: solid; border-color: #bdbdbd;\">\n<td class=\"arial text11 gris6\" style=\"background-color: #ffffff; width: 0.98912%; height: 33px; border-style: solid; border-color: #bdbdbd;\" align=\"center\" valign=\"middle\" bgcolor=\"#FFFFCC\" height=\"27\">B1.1<\/td>\n<td class=\"arial text11 gris6\" style=\"background-color: #ffffff; width: 13.760371%; height: 33px; border-style: solid; border-color: #bdbdbd;\" valign=\"middle\" bgcolor=\"#FFFFCC\" height=\"27\">dilluns, dimecres<\/td>\n<td class=\"arial text11 gris6\" style=\"background-color: #ffffff; width: 11.364554%; height: 33px; border-style: solid; border-color: #bdbdbd;\" valign=\"middle\" bgcolor=\"#FFFFCC\" height=\"27\">16:15 &#8211; 18:30<\/td>\n<td style=\"background-color: #ffffff; width: 5.756126%; height: 33px; border-style: solid; border-color: #bdbdbd; text-align: center;\">27<\/td>\n<td class=\"arial text11 gris6\" style=\"background-color: #ffffff; width: 16.53452%; height: 33px; border-style: solid; border-color: #bdbdbd;\" valign=\"middle\" bgcolor=\"#FFFFCC\" height=\"27\">Anna Denissenko<\/td>\n<td style=\"background-color: #ffffff; width: 15.329089%; height: 33px; border-style: solid; border-color: #bdbdbd;\">adenisen@xtec.cat<\/td>\n<td style=\"background-color: #ffffff; width: 36.57066%; height: 33px; border-style: solid; border-color: #bdbdbd;\">dilluns i dimecres 15:45-16:15<\/td>\n<\/tr>\n<tr style=\"border-style: solid; border-color: #bdbdbd;\">\n<td class=\"arial text11 gris6\" style=\"background-color: #ffffff; width: 0.98912%; height: 33px; border-style: solid; border-color: #bdbdbd;\" align=\"center\" valign=\"middle\" bgcolor=\"#FFFFFF\" height=\"27\">B1.2<\/td>\n<td class=\"arial text11 gris6\" style=\"background-color: #ffffff; width: 13.760371%; height: 33px; border-style: solid; border-color: #bdbdbd;\" valign=\"middle\" bgcolor=\"#FFFFFF\" height=\"27\">dilluns, dimecres<\/td>\n<td class=\"arial text11 gris6\" style=\"background-color: #ffffff; width: 11.364554%; height: 33px; border-style: solid; border-color: #bdbdbd;\" valign=\"middle\" bgcolor=\"#FFFFFF\" height=\"27\">18:30 &#8211; 20:45<\/td>\n<td style=\"background-color: #ffffff; width: 5.756126%; height: 33px; border-style: solid; border-color: #bdbdbd; text-align: center;\">27<\/td>\n<td class=\"arial text11 gris6\" style=\"background-color: #ffffff; width: 16.53452%; height: 33px; border-style: solid; border-color: #bdbdbd;\" valign=\"middle\" bgcolor=\"#FFFFFF\" height=\"27\">Anna Denissenko<\/td>\n<td style=\"background-color: #ffffff; width: 15.329089%; height: 33px; border-style: solid; border-color: #bdbdbd;\">adenisen@xtec.cat<\/td>\n<td style=\"background-color: #ffffff; width: 36.57066%; height: 33px; border-style: solid; border-color: #bdbdbd;\">dilluns i dimecres 15:45-16:15<\/td>\n<\/tr>\n<tr style=\"border-style: solid; border-color: #bdbdbd;\">\n<td class=\"arial text11 gris6\" style=\"background-color: #ffffff; width: 0.98912%; height: 37px; border-style: solid; border-color: #bdbdbd;\" align=\"center\" valign=\"middle\" bgcolor=\"#FFFFCC\" height=\"27\">\u00a0<\/td>\n<td class=\"arial text11 gris6\" style=\"background-color: #ffffff; width: 13.760371%; height: 37px; border-style: solid; border-color: #bdbdbd;\" valign=\"middle\" bgcolor=\"#FFFFCC\" height=\"27\">\u00a0<\/td>\n<td class=\"arial text11 gris6\" style=\"background-color: #ffffff; width: 11.364554%; height: 37px; border-style: solid; border-color: #bdbdbd;\" valign=\"middle\" bgcolor=\"#FFFFCC\" height=\"27\">\u00a0<\/td>\n<td style=\"background-color: #ffffff; width: 5.756126%; height: 37px; border-style: solid; border-color: #bdbdbd;\">\u00a0<\/td>\n<td class=\"arial text11 gris6\" style=\"background-color: #ffffff; width: 16.53452%; height: 37px; border-style: solid; border-color: #bdbdbd;\" valign=\"middle\" bgcolor=\"#FFFFCC\" height=\"27\">\u00a0<\/td>\n<td style=\"background-color: #ffffff; width: 15.329089%; height: 37px; border-style: solid; border-color: #bdbdbd;\">\u00a0<\/td>\n<td style=\"background-color: #ffffff; width: 36.57066%; height: 37px; border-style: solid; border-color: #bdbdbd;\">\u00a0<\/td>\n<\/tr>\n<\/tbody>\n<\/table>\n<\/div>\n\n\n<p><\/p>\n","protected":false},"excerpt":{"rendered":"<p>HORARIS DEL CURS 2025-2026 &#8211; L\u2019EOI Girona no pot garantir que es mantingui l\u2019horari que ara escolliu en els cursos successius.&#8211; Les proves de final de curs poden no coincidir amb el dia i hora de classe habitual.&#8211; El dia i hora de l\u2019examen final no es poden canviar.&#8211; L\u2019assist\u00e8ncia a classe \u00e9s obligat\u00f2ria.&#8211; Consulteu [&hellip;]<\/p>\n","protected":false},"author":1,"featured_media":0,"parent":8854,"menu_order":1,"comment_status":"closed","ping_status":"closed","template":"","meta":{"_bbp_topic_count":0,"_bbp_reply_count":0,"_bbp_total_topic_count":0,"_bbp_total_reply_count":0,"_bbp_voice_count":0,"_bbp_anonymous_reply_count":0,"_bbp_topic_count_hidden":0,"_bbp_reply_count_hidden":0,"_bbp_forum_subforum_count":0,"site-sidebar-layout":"default","site-content-layout":"","ast-site-content-layout":"default","site-content-style":"default","site-sidebar-style":"default","ast-global-header-display":"","ast-banner-title-visibility":"","ast-main-header-display":"","ast-hfb-above-header-display":"","ast-hfb-below-header-display":"","ast-hfb-mobile-header-display":"","site-post-title":"","ast-breadcrumbs-content":"","ast-featured-img":"","footer-sml-layout":"","theme-transparent-header-meta":"default","adv-header-id-meta":"","stick-header-meta":"","header-above-stick-meta":"","header-main-stick-meta":"","header-below-stick-meta":"","astra-migrate-meta-layouts":"set","ast-page-background-enabled":"default","ast-page-background-meta":{"desktop":{"background-color":"var(--ast-global-color-4)","background-image":"","background-repeat":"repeat","background-position":"center center","background-size":"auto","background-attachment":"scroll","background-type":"","background-media":"","overlay-type":"","overlay-color":"","overlay-opacity":"","overlay-gradient":""},"tablet":{"background-color":"","background-image":"","background-repeat":"repeat","background-position":"center center","background-size":"auto","background-attachment":"scroll","background-type":"","background-media":"","overlay-type":"","overlay-color":"","overlay-opacity":"","overlay-gradient":""},"mobile":{"background-color":"","background-image":"","background-repeat":"repeat","background-position":"center center","background-size":"auto","background-attachment":"scroll","background-type":"","background-media":"","overlay-type":"","overlay-color":"","overlay-opacity":"","overlay-gradient":""}},"ast-content-background-meta":{"desktop":{"background-color":"var(--ast-global-color-5)","background-image":"","background-repeat":"repeat","background-position":"center center","background-size":"auto","background-attachment":"scroll","background-type":"","background-media":"","overlay-type":"","overlay-color":"","overlay-opacity":"","overlay-gradient":""},"tablet":{"background-color":"var(--ast-global-color-5)","background-image":"","background-repeat":"repeat","background-position":"center center","background-size":"auto","background-attachment":"scroll","background-type":"","background-media":"","overlay-type":"","overlay-color":"","overlay-opacity":"","overlay-gradient":""},"mobile":{"background-color":"var(--ast-global-color-5)","background-image":"","background-repeat":"repeat","background-position":"center center","background-size":"auto","background-attachment":"scroll","background-type":"","background-media":"","overlay-type":"","overlay-color":"","overlay-opacity":"","overlay-gradient":""}},"footnotes":""},"class_list":["post-9460","page","type-page","status-publish","hentry"],"post_mailing_queue_ids":[],"_links":{"self":[{"href":"https:\/\/agora-eoi.xtec.cat\/eoigirona\/wp-json\/wp\/v2\/pages\/9460","targetHints":{"allow":["GET"]}}],"collection":[{"href":"https:\/\/agora-eoi.xtec.cat\/eoigirona\/wp-json\/wp\/v2\/pages"}],"about":[{"href":"https:\/\/agora-eoi.xtec.cat\/eoigirona\/wp-json\/wp\/v2\/types\/page"}],"author":[{"embeddable":true,"href":"https:\/\/agora-eoi.xtec.cat\/eoigirona\/wp-json\/wp\/v2\/users\/1"}],"replies":[{"embeddable":true,"href":"https:\/\/agora-eoi.xtec.cat\/eoigirona\/wp-json\/wp\/v2\/comments?post=9460"}],"version-history":[{"count":6,"href":"https:\/\/agora-eoi.xtec.cat\/eoigirona\/wp-json\/wp\/v2\/pages\/9460\/revisions"}],"predecessor-version":[{"id":19061,"href":"https:\/\/agora-eoi.xtec.cat\/eoigirona\/wp-json\/wp\/v2\/pages\/9460\/revisions\/19061"}],"up":[{"embeddable":true,"href":"https:\/\/agora-eoi.xtec.cat\/eoigirona\/wp-json\/wp\/v2\/pages\/8854"}],"wp:attachment":[{"href":"https:\/\/agora-eoi.xtec.cat\/eoigirona\/wp-json\/wp\/v2\/media?parent=9460"}],"curies":[{"name":"wp","href":"https:\/\/api.w.org\/{rel}","templated":true}]}}