{"id":9454,"date":"2021-12-13T10:11:45","date_gmt":"2021-12-13T09:11:45","guid":{"rendered":"https:\/\/agora-eoi.xtec.cat\/eoigirona\/?page_id=9454"},"modified":"2025-09-01T12:55:10","modified_gmt":"2025-09-01T10:55:10","slug":"llibres","status":"publish","type":"page","link":"https:\/\/agora-eoi.xtec.cat\/eoigirona\/arab\/llibres\/","title":{"rendered":"Llibres i lectures"},"content":{"rendered":"<p><a href=\"https:\/\/docs.google.com\/document\/d\/1SoSt5cDRVYV-xNb2xafH7Ve30_yOqFwf7UKaMd4Eb5g\/edit?usp=sharing\" target=\"_blank\" rel=\"noopener\">Llibreries de Girona<\/a> on podeu comprar els llibres del curs.<\/p>\n<div class=\"separacio5\"><\/div>\n<p><b>Nivell A1: <\/b>Dossiers.<\/p>\n<p><strong style=\"font-size: revert; background-color: rgba(0, 0, 0, 0);\">Nivell A2:<\/strong><span style=\"font-size: revert; background-color: rgba(0, 0, 0, 0); font-weight: inherit;\"> Dossiers.<\/span><\/p>\n<p><strong>Nivell B1.1:<\/strong> Dossiers.<\/p>\n<p><strong>Nivell B1.2: <\/strong><i>Ash-shallal B1, Lengua \u00e1rabe,<\/i> <strong><span style=\"font-weight: 400;\">Aguilar Cobos, J. David. Garc\u00eda Castillo, Alejandro. Mabtoun Oglu, Victor. Pe\u00f1a Ag\u00fceros, Miguel \u00c1ngel. Editorial Albujayra \u2013 ISBN : 978-84-937410-5-1<\/span><\/strong><\/p>\n<h1 class=\"h1\"><\/h1>\n<div class=\"separacio5\"><\/div>\n","protected":false},"excerpt":{"rendered":"<p>Llibreries de Girona on podeu comprar els llibres del curs. Nivell A1: Dossiers. Nivell A2: Dossiers. Nivell B1.1: Dossiers. Nivell B1.2: Ash-shallal B1, Lengua \u00e1rabe, Aguilar Cobos, J. David. Garc\u00eda Castillo, Alejandro. Mabtoun Oglu, Victor. Pe\u00f1a Ag\u00fceros, Miguel \u00c1ngel. Editorial Albujayra \u2013 ISBN : 978-84-937410-5-1<\/p>\n","protected":false},"author":1,"featured_media":0,"parent":8852,"menu_order":3,"comment_status":"closed","ping_status":"closed","template":"","meta":{"_bbp_topic_count":0,"_bbp_reply_count":0,"_bbp_total_topic_count":0,"_bbp_total_reply_count":0,"_bbp_voice_count":0,"_bbp_anonymous_reply_count":0,"_bbp_topic_count_hidden":0,"_bbp_reply_count_hidden":0,"_bbp_forum_subforum_count":0,"site-sidebar-layout":"default","site-content-layout":"","ast-site-content-layout":"default","site-content-style":"default","site-sidebar-style":"default","ast-global-header-display":"","ast-banner-title-visibility":"","ast-main-header-display":"","ast-hfb-above-header-display":"","ast-hfb-below-header-display":"","ast-hfb-mobile-header-display":"","site-post-title":"","ast-breadcrumbs-content":"","ast-featured-img":"","footer-sml-layout":"","theme-transparent-header-meta":"","adv-header-id-meta":"","stick-header-meta":"","header-above-stick-meta":"","header-main-stick-meta":"","header-below-stick-meta":"","astra-migrate-meta-layouts":"set","ast-page-background-enabled":"default","ast-page-background-meta":{"desktop":{"background-color":"var(--ast-global-color-4)","background-image":"","background-repeat":"repeat","background-position":"center center","background-size":"auto","background-attachment":"scroll","background-type":"","background-media":"","overlay-type":"","overlay-color":"","overlay-opacity":"","overlay-gradient":""},"tablet":{"background-color":"","background-image":"","background-repeat":"repeat","background-position":"center center","background-size":"auto","background-attachment":"scroll","background-type":"","background-media":"","overlay-type":"","overlay-color":"","overlay-opacity":"","overlay-gradient":""},"mobile":{"background-color":"","background-image":"","background-repeat":"repeat","background-position":"center center","background-size":"auto","background-attachment":"scroll","background-type":"","background-media":"","overlay-type":"","overlay-color":"","overlay-opacity":"","overlay-gradient":""}},"ast-content-background-meta":{"desktop":{"background-color":"var(--ast-global-color-5)","background-image":"","background-repeat":"repeat","background-position":"center center","background-size":"auto","background-attachment":"scroll","background-type":"","background-media":"","overlay-type":"","overlay-color":"","overlay-opacity":"","overlay-gradient":""},"tablet":{"background-color":"var(--ast-global-color-5)","background-image":"","background-repeat":"repeat","background-position":"center center","background-size":"auto","background-attachment":"scroll","background-type":"","background-media":"","overlay-type":"","overlay-color":"","overlay-opacity":"","overlay-gradient":""},"mobile":{"background-color":"var(--ast-global-color-5)","background-image":"","background-repeat":"repeat","background-position":"center center","background-size":"auto","background-attachment":"scroll","background-type":"","background-media":"","overlay-type":"","overlay-color":"","overlay-opacity":"","overlay-gradient":""}},"footnotes":""},"class_list":["post-9454","page","type-page","status-publish","hentry"],"post_mailing_queue_ids":[],"_links":{"self":[{"href":"https:\/\/agora-eoi.xtec.cat\/eoigirona\/wp-json\/wp\/v2\/pages\/9454","targetHints":{"allow":["GET"]}}],"collection":[{"href":"https:\/\/agora-eoi.xtec.cat\/eoigirona\/wp-json\/wp\/v2\/pages"}],"about":[{"href":"https:\/\/agora-eoi.xtec.cat\/eoigirona\/wp-json\/wp\/v2\/types\/page"}],"author":[{"embeddable":true,"href":"https:\/\/agora-eoi.xtec.cat\/eoigirona\/wp-json\/wp\/v2\/users\/1"}],"replies":[{"embeddable":true,"href":"https:\/\/agora-eoi.xtec.cat\/eoigirona\/wp-json\/wp\/v2\/comments?post=9454"}],"version-history":[{"count":5,"href":"https:\/\/agora-eoi.xtec.cat\/eoigirona\/wp-json\/wp\/v2\/pages\/9454\/revisions"}],"predecessor-version":[{"id":17823,"href":"https:\/\/agora-eoi.xtec.cat\/eoigirona\/wp-json\/wp\/v2\/pages\/9454\/revisions\/17823"}],"up":[{"embeddable":true,"href":"https:\/\/agora-eoi.xtec.cat\/eoigirona\/wp-json\/wp\/v2\/pages\/8852"}],"wp:attachment":[{"href":"https:\/\/agora-eoi.xtec.cat\/eoigirona\/wp-json\/wp\/v2\/media?parent=9454"}],"curies":[{"name":"wp","href":"https:\/\/api.w.org\/{rel}","templated":true}]}}