{"id":9450,"date":"2021-12-13T10:11:00","date_gmt":"2021-12-13T09:11:00","guid":{"rendered":"https:\/\/agora-eoi.xtec.cat\/eoigirona\/?page_id=9450"},"modified":"2025-10-17T10:30:55","modified_gmt":"2025-10-17T08:30:55","slug":"horaris-i-professorat","status":"publish","type":"page","link":"https:\/\/agora-eoi.xtec.cat\/eoigirona\/arab\/horaris-i-professorat\/","title":{"rendered":"Horaris i professorat"},"content":{"rendered":"<p><strong>HORARIS DEL CURS 2025-2026\u00a0<\/strong><\/p>\n<p>\u2013 L\u2019EOI Girona no pot garantir que es mantingui l\u2019horari que ara escolliu en els cursos successius.<br \/>\u2013 Les proves de final de curs poden no coincidir amb el dia i hora de classe habituals.<br \/>\u2013 El dia i hora de l\u2019examen final no es poden canviar.<br \/>\u2013 L\u2019assist\u00e8ncia a classe \u00e9s obligat\u00f2ria.<br \/>\u2013 Consulteu la normativa de canvis d\u2019horari.<\/p>\n<div id=\"contingut_interior\">\n<div id=\"dreta\">\n<div id=\"dreta_interior\">\n<div id=\"interiors_esq\">\n<div>\u00a0<\/div>\n<div>\n<table style=\"height: 191px; width: 100.078%; border-style: solid; border-color: #bdbdbd;\" border=\"0\" width=\"100.926%\" cellspacing=\"0\" cellpadding=\"0\">\n<tbody>\n<tr style=\"border-style: solid; border-color: #bdbdbd;\">\n<td class=\"arial text11 blanc\" style=\"width: 1.41044%; height: 49px; border-style: solid; border-color: #bdbdbd; background-color: #c85f5f;\" valign=\"middle\" bgcolor=\"#999999\" height=\"29\"><span style=\"color: #ffffff;\"><b>\u00a0\u00a0Nivell<\/b><\/span><\/td>\n<td class=\"arial text11 blanc\" style=\"width: 28.2527%; height: 49px; border-style: solid; border-color: #bdbdbd; background-color: #c85f5f;\" valign=\"middle\" bgcolor=\"#999999\" height=\"29\"><span style=\"color: #ffffff;\"><b>Dia<\/b><\/span><\/td>\n<td class=\"arial text11 blanc\" style=\"width: 19.9635%; height: 49px; border-style: solid; border-color: #bdbdbd; background-color: #c85f5f;\" valign=\"middle\" bgcolor=\"#999999\" height=\"29\"><span style=\"color: #ffffff;\"><b>Hora<\/b><\/span><\/td>\n<td style=\"width: 2.53569%; height: 49px; border-style: solid; border-color: #bdbdbd; background-color: #c85f5f;\"><span style=\"color: #ffffff;\"><b>\u00a0Aula<\/b><\/span><\/td>\n<td class=\"arial text11 blanc\" style=\"width: 14.5654%; height: 49px; border-style: solid; border-color: #bdbdbd; background-color: #c85f5f;\" valign=\"middle\" bgcolor=\"#999999\" height=\"29\"><span style=\"color: #ffffff;\"><b>Professor\/a<\/b><\/span><\/td>\n<td style=\"width: 15.898%; height: 49px; border-style: solid; border-color: #bdbdbd; background-color: #c85f5f;\"><span style=\"color: #ffffff;\"><b>\u00a0Correu-e<\/b><\/span><\/td>\n<td style=\"width: 156.161%; height: 49px; border-style: solid; border-color: #bdbdbd; background-color: #c85f5f;\"><span style=\"color: #ffffff;\"><b>\u00a0Hora d&#8217;atenci\u00f3<\/b><\/span><\/td>\n<\/tr>\n<tr style=\"border-style: solid; border-color: #bdbdbd;\">\n<td class=\"arial text11 gris6\" style=\"background-color: #ffffff; width: 1.41044%; height: 33px; border-style: solid; border-color: #bdbdbd;\" align=\"center\" valign=\"middle\" bgcolor=\"#FFFFFF\" height=\"27\">A1<\/td>\n<td class=\"arial text11 gris6\" style=\"background-color: #ffffff; width: 28.2527%; height: 33px; border-style: solid; border-color: #bdbdbd;\" valign=\"middle\" bgcolor=\"#FFFFFF\" height=\"27\">Dilluns i dimecres<\/td>\n<td class=\"arial text11 gris6\" style=\"background-color: #ffffff; width: 19.9635%; height: 33px; border-style: solid; border-color: #bdbdbd;\" valign=\"middle\" bgcolor=\"#FFFFFF\" height=\"27\">16.00-18.15<\/td>\n<td style=\"background-color: #ffffff; width: 2.53569%; height: 33px; border-style: solid; border-color: #bdbdbd;\">3<\/td>\n<td class=\"arial text11 gris6\" style=\"background-color: #ffffff; width: 14.5654%; height: 33px; border-style: solid; border-color: #bdbdbd;\" valign=\"middle\" bgcolor=\"#FFFFFF\" height=\"27\">Anna Pallar\u00e8s<\/td>\n<td style=\"background-color: #ffffff; width: 15.898%; height: 33px; border-style: solid; border-color: #bdbdbd;\">apallar4@xtec.cat<\/td>\n<td style=\"background-color: #ffffff; width: 156.161%; height: 33px; border-style: solid; border-color: #bdbdbd;\">Dijous de 15h a 16h<\/td>\n<\/tr>\n<tr style=\"border-style: solid; border-color: #bdbdbd;\">\n<td class=\"arial text11 gris6\" style=\"background-color: #ffffff; width: 1.41044%; height: 33px; border-style: solid; border-color: #bdbdbd;\" align=\"center\" valign=\"middle\" bgcolor=\"#FFFFCC\" height=\"27\">A1<\/td>\n<td class=\"arial text11 gris6\" style=\"background-color: #ffffff; width: 28.2527%; height: 33px; border-style: solid; border-color: #bdbdbd;\" valign=\"middle\" bgcolor=\"#FFFFCC\" height=\"27\">Dilluns i dimecres<\/td>\n<td class=\"arial text11 gris6\" style=\"background-color: #ffffff; width: 19.9635%; height: 33px; border-style: solid; border-color: #bdbdbd;\" valign=\"middle\" bgcolor=\"#FFFFCC\" height=\"27\">18.30-20.45<\/td>\n<td style=\"background-color: #ffffff; width: 2.53569%; height: 33px; border-style: solid; border-color: #bdbdbd;\">3<\/td>\n<td class=\"arial text11 gris6\" style=\"background-color: #ffffff; width: 14.5654%; height: 33px; border-style: solid; border-color: #bdbdbd;\" valign=\"middle\" bgcolor=\"#FFFFCC\" height=\"27\">Anna Pallar\u00e8s<\/td>\n<td style=\"background-color: #ffffff; width: 15.898%; height: 33px; border-style: solid; border-color: #bdbdbd;\">apallar4@xtec.cat<\/td>\n<td style=\"background-color: #ffffff; width: 156.161%; height: 33px; border-style: solid; border-color: #bdbdbd;\">Dijous de 15h a 16h<\/td>\n<\/tr>\n<tr style=\"border-style: solid; border-color: #bdbdbd;\">\n<td class=\"arial text11 gris6\" style=\"background-color: #ffffff; width: 1.41044%; height: 10px; border-style: solid; border-color: #bdbdbd;\" align=\"center\" valign=\"middle\" bgcolor=\"#FFFFFF\" height=\"27\">A2<\/td>\n<td class=\"arial text11 gris6\" style=\"background-color: #ffffff; width: 28.2527%; height: 10px; border-style: solid; border-color: #bdbdbd;\" valign=\"middle\" bgcolor=\"#FFFFFF\" height=\"27\">Dilluns i dimecres<\/td>\n<td class=\"arial text11 gris6\" style=\"background-color: #ffffff; width: 19.9635%; height: 10px; border-style: solid; border-color: #bdbdbd;\" valign=\"middle\" bgcolor=\"#FFFFFF\" height=\"27\">18.30-20.45<\/td>\n<td style=\"background-color: #ffffff; width: 2.53569%; height: 10px; border-style: solid; border-color: #bdbdbd;\">28<\/td>\n<td class=\"arial text11 gris6\" style=\"background-color: #ffffff; width: 14.5654%; height: 10px; border-style: solid; border-color: #bdbdbd;\" valign=\"middle\" bgcolor=\"#FFFFFF\" height=\"27\">Ricard Mart\u00edn<\/td>\n<td style=\"background-color: #ffffff; width: 15.898%; height: 10px; border-style: solid; border-color: #bdbdbd;\">\u00a0<\/td>\n<td style=\"background-color: #ffffff; width: 156.161%; height: 10px; border-style: solid; border-color: #bdbdbd;\">Dimecres de 18.15h a 18.45h<\/td>\n<\/tr>\n<tr style=\"border-style: solid; border-color: #bdbdbd;\">\n<td class=\"arial text11 gris6\" style=\"background-color: #ffffff; width: 1.41044%; height: 33px; border-style: solid; border-color: #bdbdbd;\" align=\"center\" valign=\"middle\" bgcolor=\"#FFFFCC\" height=\"27\">B1.1<\/td>\n<td class=\"arial text11 gris6\" style=\"background-color: #ffffff; width: 28.2527%; height: 33px; border-style: solid; border-color: #bdbdbd;\" valign=\"middle\" bgcolor=\"#FFFFCC\" height=\"27\">Dimarts i dijous<\/td>\n<td class=\"arial text11 gris6\" style=\"background-color: #ffffff; width: 19.9635%; height: 33px; border-style: solid; border-color: #bdbdbd;\" valign=\"middle\" bgcolor=\"#FFFFCC\" height=\"27\">16.00-18.15<\/td>\n<td style=\"background-color: #ffffff; width: 2.53569%; height: 33px; border-style: solid; border-color: #bdbdbd;\">3<\/td>\n<td class=\"arial text11 gris6\" style=\"background-color: #ffffff; width: 14.5654%; height: 33px; border-style: solid; border-color: #bdbdbd;\" valign=\"middle\" bgcolor=\"#FFFFCC\" height=\"27\">Anna Pallar\u00e8s<\/td>\n<td style=\"background-color: #ffffff; width: 15.898%; height: 33px; border-style: solid; border-color: #bdbdbd;\">apallar4@xtec.cat<\/td>\n<td style=\"background-color: #ffffff; width: 156.161%; height: 33px; border-style: solid; border-color: #bdbdbd;\">Dijous de 15h a 16h<\/td>\n<\/tr>\n<tr style=\"border-style: solid; border-color: #bdbdbd;\">\n<td class=\"arial text11 gris6\" style=\"background-color: #ffffff; width: 1.41044%; height: 33px; border-style: solid; border-color: #bdbdbd;\" align=\"center\" valign=\"middle\" bgcolor=\"#FFFFFF\" height=\"27\">B1.2<\/td>\n<td class=\"arial text11 gris6\" style=\"background-color: #ffffff; width: 28.2527%; height: 33px; border-style: solid; border-color: #bdbdbd;\" valign=\"middle\" bgcolor=\"#FFFFFF\" height=\"27\">Dilluns i dimecres<\/td>\n<td class=\"arial text11 gris6\" style=\"background-color: #ffffff; width: 19.9635%; height: 33px; border-style: solid; border-color: #bdbdbd;\" valign=\"middle\" bgcolor=\"#FFFFFF\" height=\"27\">16.00-18.15<\/td>\n<td style=\"background-color: #ffffff; width: 2.53569%; height: 33px; border-style: solid; border-color: #bdbdbd;\">28<\/td>\n<td class=\"arial text11 gris6\" style=\"background-color: #ffffff; width: 14.5654%; height: 33px; border-style: solid; border-color: #bdbdbd;\" valign=\"middle\" bgcolor=\"#FFFFFF\" height=\"27\">Ricard Mart\u00edn<\/td>\n<td style=\"background-color: #ffffff; width: 15.898%; height: 33px; border-style: solid; border-color: #bdbdbd;\">\u00a0<\/td>\n<td style=\"background-color: #ffffff; width: 156.161%; height: 33px; border-style: solid; border-color: #bdbdbd;\">Dimecres de 18.15 a 18.45h<\/td>\n<\/tr>\n<\/tbody>\n<\/table>\n<\/div>\n<\/div>\n<\/div>\n<\/div>\n<\/div>\n\n\n<p><\/p>\n","protected":false},"excerpt":{"rendered":"<p>HORARIS DEL CURS 2025-2026\u00a0 \u2013 L\u2019EOI Girona no pot garantir que es mantingui l\u2019horari que ara escolliu en els cursos successius.\u2013 Les proves de final de curs poden no coincidir amb el dia i hora de classe habituals.\u2013 El dia i hora de l\u2019examen final no es poden canviar.\u2013 L\u2019assist\u00e8ncia a classe \u00e9s obligat\u00f2ria.\u2013 Consulteu [&hellip;]<\/p>\n","protected":false},"author":1,"featured_media":0,"parent":8852,"menu_order":1,"comment_status":"closed","ping_status":"closed","template":"","meta":{"_bbp_topic_count":0,"_bbp_reply_count":0,"_bbp_total_topic_count":0,"_bbp_total_reply_count":0,"_bbp_voice_count":0,"_bbp_anonymous_reply_count":0,"_bbp_topic_count_hidden":0,"_bbp_reply_count_hidden":0,"_bbp_forum_subforum_count":0,"site-sidebar-layout":"default","site-content-layout":"","ast-site-content-layout":"default","site-content-style":"default","site-sidebar-style":"default","ast-global-header-display":"","ast-banner-title-visibility":"","ast-main-header-display":"","ast-hfb-above-header-display":"","ast-hfb-below-header-display":"","ast-hfb-mobile-header-display":"","site-post-title":"","ast-breadcrumbs-content":"","ast-featured-img":"","footer-sml-layout":"","theme-transparent-header-meta":"default","adv-header-id-meta":"","stick-header-meta":"","header-above-stick-meta":"","header-main-stick-meta":"","header-below-stick-meta":"","astra-migrate-meta-layouts":"set","ast-page-background-enabled":"default","ast-page-background-meta":{"desktop":{"background-color":"var(--ast-global-color-4)","background-image":"","background-repeat":"repeat","background-position":"center center","background-size":"auto","background-attachment":"scroll","background-type":"","background-media":"","overlay-type":"","overlay-color":"","overlay-opacity":"","overlay-gradient":""},"tablet":{"background-color":"","background-image":"","background-repeat":"repeat","background-position":"center center","background-size":"auto","background-attachment":"scroll","background-type":"","background-media":"","overlay-type":"","overlay-color":"","overlay-opacity":"","overlay-gradient":""},"mobile":{"background-color":"","background-image":"","background-repeat":"repeat","background-position":"center center","background-size":"auto","background-attachment":"scroll","background-type":"","background-media":"","overlay-type":"","overlay-color":"","overlay-opacity":"","overlay-gradient":""}},"ast-content-background-meta":{"desktop":{"background-color":"var(--ast-global-color-5)","background-image":"","background-repeat":"repeat","background-position":"center center","background-size":"auto","background-attachment":"scroll","background-type":"","background-media":"","overlay-type":"","overlay-color":"","overlay-opacity":"","overlay-gradient":""},"tablet":{"background-color":"var(--ast-global-color-5)","background-image":"","background-repeat":"repeat","background-position":"center center","background-size":"auto","background-attachment":"scroll","background-type":"","background-media":"","overlay-type":"","overlay-color":"","overlay-opacity":"","overlay-gradient":""},"mobile":{"background-color":"var(--ast-global-color-5)","background-image":"","background-repeat":"repeat","background-position":"center center","background-size":"auto","background-attachment":"scroll","background-type":"","background-media":"","overlay-type":"","overlay-color":"","overlay-opacity":"","overlay-gradient":""}},"footnotes":""},"class_list":["post-9450","page","type-page","status-publish","hentry"],"post_mailing_queue_ids":[],"_links":{"self":[{"href":"https:\/\/agora-eoi.xtec.cat\/eoigirona\/wp-json\/wp\/v2\/pages\/9450","targetHints":{"allow":["GET"]}}],"collection":[{"href":"https:\/\/agora-eoi.xtec.cat\/eoigirona\/wp-json\/wp\/v2\/pages"}],"about":[{"href":"https:\/\/agora-eoi.xtec.cat\/eoigirona\/wp-json\/wp\/v2\/types\/page"}],"author":[{"embeddable":true,"href":"https:\/\/agora-eoi.xtec.cat\/eoigirona\/wp-json\/wp\/v2\/users\/1"}],"replies":[{"embeddable":true,"href":"https:\/\/agora-eoi.xtec.cat\/eoigirona\/wp-json\/wp\/v2\/comments?post=9450"}],"version-history":[{"count":6,"href":"https:\/\/agora-eoi.xtec.cat\/eoigirona\/wp-json\/wp\/v2\/pages\/9450\/revisions"}],"predecessor-version":[{"id":18380,"href":"https:\/\/agora-eoi.xtec.cat\/eoigirona\/wp-json\/wp\/v2\/pages\/9450\/revisions\/18380"}],"up":[{"embeddable":true,"href":"https:\/\/agora-eoi.xtec.cat\/eoigirona\/wp-json\/wp\/v2\/pages\/8852"}],"wp:attachment":[{"href":"https:\/\/agora-eoi.xtec.cat\/eoigirona\/wp-json\/wp\/v2\/media?parent=9450"}],"curies":[{"name":"wp","href":"https:\/\/api.w.org\/{rel}","templated":true}]}}