{"id":9186,"date":"2021-11-24T13:37:13","date_gmt":"2021-11-24T12:37:13","guid":{"rendered":"https:\/\/agora-eoi.xtec.cat\/eoigirona\/?page_id=9186"},"modified":"2025-08-06T13:46:58","modified_gmt":"2025-08-06T11:46:58","slug":"taxes-i-preus-publics","status":"publish","type":"page","link":"https:\/\/agora-eoi.xtec.cat\/eoigirona\/matricula\/taxes-i-preus-publics\/","title":{"rendered":"Taxes i preus p\u00fablics"},"content":{"rendered":"<p>(Data d&#8217;actualitzaci\u00f3: abril 2023, vigent any en curs)<\/p>\n<p><span style=\"text-decoration: underline;\">Taxes<\/span><br \/>\n<a href=\"https:\/\/cido.diba.cat\/legislacio\/15322286\/ordre-edu902023-de-21-dabril-per-la-qual-es-dona-publicitat-de-les-taxes-vigents-que-gestiona-el-departament-deducacio-departament-deducacio\" target=\"_blank\" rel=\"noopener\">ORDRE EDU\/90\/2023, de 21 d&#8217;abril,<\/a> per la qual es dona publicitat de les taxes vigents que gestiona el Departament d&#8217;Educaci\u00f3.<\/p>\n<p><span style=\"text-decoration: underline;\">Preus p\u00fablics<\/span><br \/>\n<a href=\"https:\/\/dogc.gencat.cat\/ca\/document-del-dogc\/?documentId=902034\" target=\"_blank\" rel=\"noopener\">ORDRE EDU\/114\/2021, de 25 de maig,<\/a> per la qual es modifica l&#8217;Ordre EDU\/155\/2020, de 18 de setembre, per la qual se suprimeixen, es creen i s&#8217;actualitzen els preus p\u00fablics i els imports de determinats ensenyaments i serveis docents de les escoles oficials d&#8217;idiomes del Departament d&#8217;Educaci\u00f3.<br \/>\n<a href=\"https:\/\/cido.diba.cat\/legislacio\/10658692\/ordre-edu1552020-de-18-de-setembre-per-la-qual-se-suprimeixen-es-creen-i-sactualitzen-els-preus-publics-i-els-imports-de-determinats-ensenyaments-i-serveis-docents-de-les-escoles-oficials-didiomes-del-departament-deducacio-departament-deducacio\" target=\"_blank\" rel=\"noopener\">ORDRE ENS\/155\/2020, de 18 de setembre,<\/a> per la qual se suprimeixen, es creen i s&#8217;actualitzen els preus p\u00fablics i els imports de determinats ensenyaments i serveis docents de les escoles oficials d&#8217;idiomes del Departament d&#8217;Educaci\u00f3.<\/p>\n<p><strong style=\"font-family: inherit; font-size: 1em;\"><span style=\"font-family: inherit; font-size: 1em;\"><a style=\"color: #2795b6;\" href=\"https:\/\/educacio.gencat.cat\/ca\/departament\/normativa\/taxes-preus-publics\/exempcions-bonificacions\/\" target=\"_blank\" rel=\"noopener\">Bonificacions o exempcions generals. <\/a><\/span><\/strong><span style=\"font-family: inherit; font-size: 1em;\">A banda d&#8217;aquestes, consulteu les <\/span><span style=\"text-decoration: underline;\">bonificacions o exempcions addicionals<\/span><span style=\"font-family: inherit; font-size: 1em;\"> de <a style=\"font-family: inherit; font-size: 1em;\" title=\"\" href=\"https:\/\/educacio.gencat.cat\/ca\/departament\/normativa\/taxes-preus-publics\/taxes\/\" target=\"_blank\" rel=\"noopener noreferrer\" data-original-title=\"taxes\">taxes<\/a> i <a style=\"font-family: inherit; font-size: 1em;\" title=\"\" href=\"https:\/\/educacio.gencat.cat\/ca\/departament\/normativa\/taxes-preus-publics\/preu-public\/\" target=\"_blank\" rel=\"noopener noreferrer\" data-original-title=\"preus p\u00fablics\">preus p\u00fablics. <\/a><strong>Cal justificaci\u00f3 documental pr\u00e8via<\/strong><strong style=\"font-family: inherit; font-size: 1em;\">\u00a0(apliquen a tot: <\/strong><strong style=\"font-family: inherit; font-size: 1em;\">a les taxes i als preus p\u00fablics per a la prestaci\u00f3 dels serveis docents<\/strong><strong style=\"font-family: inherit; font-size: 1em;\">, <\/strong><strong style=\"font-family: inherit; font-size: 1em;\">al preu p\u00fablic de 30\u20ac i a les taxes d&#8217;inscripci\u00f3 en r\u00e8gim lliure).<\/strong><\/span><\/p>\n<p><b>PREUS P\u00daBLICS NIVELLS A1, A2, C1 I C2<\/b><br \/>\n\u2022 Matr\u00edcula oficial: 275,00\u20ac +30\u20ac<br \/>\n\u2022 Matr\u00edcula oficial (repetidors 1\u00aa vegada): 357,50\u20ac +39\u20ac<br \/>\n\u2022 Matr\u00edcula oficial (repetidors 2\u00aa vegada): 495,00\u20ac + 54\u20ac<\/p>\n<p><b>TAXES NIVELLS B1, B2.1 i B2.2<\/b><br \/>\n\u2022 Matr\u00edcula oficial: 297,60\u20ac + 30\u20ac<br \/>\n\u2022 Matr\u00edcula oficial (repetidors 1\u00aa vegada): 386,90\u20ac + 39\u20ac<br \/>\n\u2022 Matr\u00edcula oficial (repetidors 2\u00aa vegada): 535,70\u20ac + 54\u20ac<\/p>\n<p><b><span style=\"color: #c42300;\">CATAL\u00c0 <\/span><\/b><b>PREUS P\u00daBLICS\u00a0<\/b><br \/>\n\u2022 A1 i A2 de Catal\u00e0 75% descompte sobre el preu p\u00fablic: 68,75\u20ac (amb descompte aplicat) + 30\u20ac<br \/>\n\u2022 C1 i C2 de Catal\u00e0 50% descompte sobre el preu p\u00fablic: 137,50\u20ac (amb descompte aplicat)+ 30\u20ac<\/p>\n<p><strong>Aquests preus no inclouen els llibres de text o de lectura que es puguin fer servir durant el curs.<\/strong><\/p>\n<p>En tots els casos, els 30,00\u20ac corresponen al <strong>preu p\u00fablic pels serveis d&#8217;acc\u00e9s a la plataforma i materials did\u00e0ctics<\/strong> dels ensenyaments d&#8217;idiomes (<a href=\"https:\/\/dogc.gencat.cat\/ca\/document-del-dogc\/?documentId=902034\" target=\"_blank\" rel=\"noopener\">ORDRE EDU\/114\/2021 de 25 de maig<\/a>). Com a preu p\u00fablic<strong> el pagament d&#8217;aquests 30\u20ac \u00e9s OBLIGATORI<\/strong>, per\u00f2 tamb\u00e9 est\u00e0 subjecte a bonificacions. La matr\u00edcula estar\u00e0 del tot formalitzada un cop s&#8217;hagin abonat l&#8217;import de la matr\u00edcula i l&#8217;import d&#8217;acc\u00e9s a les plataformes i material did\u00e0ctic. Amb aquesta aportaci\u00f3 l&#8217;alumne t\u00e9 dret a gaudir de tots els serveis i activitats complement\u00e0ries que el centre ofereix, com poden ser: xerrades, exposicions, acc\u00e9s al CAM, fotoc\u00f2pies de classe, carpeta, carnet escolar amb els avantatges corresponents.<\/p>\n<p><strong>TAXES INSCRIPCI\u00d3 EN R\u00c8GIM LLIURE<\/strong><br \/>\n\u2022 Certificat de B1: 78,40 \u20ac<br \/>\n\u2022 Certificat de B2: 78,40 \u20ac<br \/>\n\u2022 Certificat de C1: 96,65 \u20ac<br \/>\n\u2022 Certificat de C2: 96,65 \u20ac<\/p>\n","protected":false},"excerpt":{"rendered":"<p>(Data d&#8217;actualitzaci\u00f3: abril 2023, vigent any en curs) Taxes ORDRE EDU\/90\/2023, de 21 d&#8217;abril, per la qual es dona publicitat de les taxes vigents que gestiona el Departament d&#8217;Educaci\u00f3. Preus p\u00fablics ORDRE EDU\/114\/2021, de 25 de maig, per la qual es modifica l&#8217;Ordre EDU\/155\/2020, de 18 de setembre, per la qual se suprimeixen, es creen [&hellip;]<\/p>\n","protected":false},"author":1,"featured_media":0,"parent":9820,"menu_order":5,"comment_status":"closed","ping_status":"closed","template":"","meta":{"_bbp_topic_count":0,"_bbp_reply_count":0,"_bbp_total_topic_count":0,"_bbp_total_reply_count":0,"_bbp_voice_count":0,"_bbp_anonymous_reply_count":0,"_bbp_topic_count_hidden":0,"_bbp_reply_count_hidden":0,"_bbp_forum_subforum_count":0,"site-sidebar-layout":"default","site-content-layout":"","ast-site-content-layout":"default","site-content-style":"default","site-sidebar-style":"default","ast-global-header-display":"","ast-banner-title-visibility":"","ast-main-header-display":"","ast-hfb-above-header-display":"","ast-hfb-below-header-display":"","ast-hfb-mobile-header-display":"","site-post-title":"","ast-breadcrumbs-content":"","ast-featured-img":"","footer-sml-layout":"","theme-transparent-header-meta":"default","adv-header-id-meta":"","stick-header-meta":"","header-above-stick-meta":"","header-main-stick-meta":"","header-below-stick-meta":"","astra-migrate-meta-layouts":"set","ast-page-background-enabled":"default","ast-page-background-meta":{"desktop":{"background-color":"var(--ast-global-color-4)","background-image":"","background-repeat":"repeat","background-position":"center center","background-size":"auto","background-attachment":"scroll","background-type":"","background-media":"","overlay-type":"","overlay-color":"","overlay-opacity":"","overlay-gradient":""},"tablet":{"background-color":"","background-image":"","background-repeat":"repeat","background-position":"center center","background-size":"auto","background-attachment":"scroll","background-type":"","background-media":"","overlay-type":"","overlay-color":"","overlay-opacity":"","overlay-gradient":""},"mobile":{"background-color":"","background-image":"","background-repeat":"repeat","background-position":"center center","background-size":"auto","background-attachment":"scroll","background-type":"","background-media":"","overlay-type":"","overlay-color":"","overlay-opacity":"","overlay-gradient":""}},"ast-content-background-meta":{"desktop":{"background-color":"var(--ast-global-color-5)","background-image":"","background-repeat":"repeat","background-position":"center center","background-size":"auto","background-attachment":"scroll","background-type":"","background-media":"","overlay-type":"","overlay-color":"","overlay-opacity":"","overlay-gradient":""},"tablet":{"background-color":"var(--ast-global-color-5)","background-image":"","background-repeat":"repeat","background-position":"center center","background-size":"auto","background-attachment":"scroll","background-type":"","background-media":"","overlay-type":"","overlay-color":"","overlay-opacity":"","overlay-gradient":""},"mobile":{"background-color":"var(--ast-global-color-5)","background-image":"","background-repeat":"repeat","background-position":"center center","background-size":"auto","background-attachment":"scroll","background-type":"","background-media":"","overlay-type":"","overlay-color":"","overlay-opacity":"","overlay-gradient":""}},"footnotes":""},"class_list":["post-9186","page","type-page","status-publish","hentry"],"post_mailing_queue_ids":[],"_links":{"self":[{"href":"https:\/\/agora-eoi.xtec.cat\/eoigirona\/wp-json\/wp\/v2\/pages\/9186","targetHints":{"allow":["GET"]}}],"collection":[{"href":"https:\/\/agora-eoi.xtec.cat\/eoigirona\/wp-json\/wp\/v2\/pages"}],"about":[{"href":"https:\/\/agora-eoi.xtec.cat\/eoigirona\/wp-json\/wp\/v2\/types\/page"}],"author":[{"embeddable":true,"href":"https:\/\/agora-eoi.xtec.cat\/eoigirona\/wp-json\/wp\/v2\/users\/1"}],"replies":[{"embeddable":true,"href":"https:\/\/agora-eoi.xtec.cat\/eoigirona\/wp-json\/wp\/v2\/comments?post=9186"}],"version-history":[{"count":6,"href":"https:\/\/agora-eoi.xtec.cat\/eoigirona\/wp-json\/wp\/v2\/pages\/9186\/revisions"}],"predecessor-version":[{"id":17750,"href":"https:\/\/agora-eoi.xtec.cat\/eoigirona\/wp-json\/wp\/v2\/pages\/9186\/revisions\/17750"}],"up":[{"embeddable":true,"href":"https:\/\/agora-eoi.xtec.cat\/eoigirona\/wp-json\/wp\/v2\/pages\/9820"}],"wp:attachment":[{"href":"https:\/\/agora-eoi.xtec.cat\/eoigirona\/wp-json\/wp\/v2\/media?parent=9186"}],"curies":[{"name":"wp","href":"https:\/\/api.w.org\/{rel}","templated":true}]}}