{"id":9168,"date":"2021-11-23T11:40:51","date_gmt":"2021-11-23T10:40:51","guid":{"rendered":"https:\/\/agora-eoi.xtec.cat\/eoigirona\/?page_id=9168"},"modified":"2025-07-02T09:39:45","modified_gmt":"2025-07-02T07:39:45","slug":"certificats-i-examens-oficials","status":"publish","type":"page","link":"https:\/\/agora-eoi.xtec.cat\/eoigirona\/el-servei-educatiu\/certificats-i-examens-oficials\/","title":{"rendered":"Certificats i ex\u00e0mens oficials"},"content":{"rendered":"<p><strong>Alumnes oficials i lliures:<\/strong><\/p>\n<p>Aqu\u00ed podeu trobar les dates de les proves oficials d&#8217;aquest curs: <a href=\"https:\/\/docs.google.com\/document\/d\/1FmszLW_VoKdHznPdERKuQypYizE0HEB8\/preview\"><span style=\"text-decoration: underline;\">CALENDARI CERTIFICATS 25-26<\/span><\/a><\/p>\n<p><strong>Alumnes lliures:<\/strong><\/p>\n<p>En\u00a0<a href=\"http:\/\/xtec.gencat.cat\/ca\/curriculum\/idiomes-a-les-eoi\/certificats\/\" target=\"_blank\" rel=\"noopener\"><span style=\"text-decoration: underline;\">aquesta p\u00e0gina<\/span><\/a> trobareu tota informaci\u00f3 referent als Certificats i Proves de les Escoles Oficials d\u2019idiomes de Catalunya dels nivells B1, B2, C1 i C2:<\/p>\n<ul>\n<li>mostres d&#8217;ex\u00e0mens<\/li>\n<li>informaci\u00f3 sobre la convocat\u00f2ria extraordin\u00e0ria (angl\u00e8s i catal\u00e0; matr\u00edcula a l&#8217;octubre\/novembre; prova al gener\/febrer)<\/li>\n<li>informaci\u00f3 sobre la convocat\u00f2ria ordin\u00e0ria de maig\/juny (tots les idiomes)<\/li>\n<\/ul>\n","protected":false},"excerpt":{"rendered":"<p>Alumnes oficials i lliures: Aqu\u00ed podeu trobar les dates de les proves oficials d&#8217;aquest curs: CALENDARI CERTIFICATS 25-26 Alumnes lliures: En\u00a0aquesta p\u00e0gina trobareu tota informaci\u00f3 referent als Certificats i Proves de les Escoles Oficials d\u2019idiomes de Catalunya dels nivells B1, B2, C1 i C2: mostres d&#8217;ex\u00e0mens informaci\u00f3 sobre la convocat\u00f2ria extraordin\u00e0ria (angl\u00e8s i catal\u00e0; matr\u00edcula [&hellip;]<\/p>\n","protected":false},"author":1,"featured_media":0,"parent":806,"menu_order":4,"comment_status":"closed","ping_status":"closed","template":"","meta":{"_bbp_topic_count":0,"_bbp_reply_count":0,"_bbp_total_topic_count":0,"_bbp_total_reply_count":0,"_bbp_voice_count":0,"_bbp_anonymous_reply_count":0,"_bbp_topic_count_hidden":0,"_bbp_reply_count_hidden":0,"_bbp_forum_subforum_count":0,"site-sidebar-layout":"default","site-content-layout":"","ast-site-content-layout":"default","site-content-style":"default","site-sidebar-style":"default","ast-global-header-display":"","ast-banner-title-visibility":"","ast-main-header-display":"","ast-hfb-above-header-display":"","ast-hfb-below-header-display":"","ast-hfb-mobile-header-display":"","site-post-title":"","ast-breadcrumbs-content":"","ast-featured-img":"","footer-sml-layout":"","theme-transparent-header-meta":"","adv-header-id-meta":"","stick-header-meta":"","header-above-stick-meta":"","header-main-stick-meta":"","header-below-stick-meta":"","astra-migrate-meta-layouts":"set","ast-page-background-enabled":"default","ast-page-background-meta":{"desktop":{"background-color":"var(--ast-global-color-4)","background-image":"","background-repeat":"repeat","background-position":"center center","background-size":"auto","background-attachment":"scroll","background-type":"","background-media":"","overlay-type":"","overlay-color":"","overlay-opacity":"","overlay-gradient":""},"tablet":{"background-color":"","background-image":"","background-repeat":"repeat","background-position":"center center","background-size":"auto","background-attachment":"scroll","background-type":"","background-media":"","overlay-type":"","overlay-color":"","overlay-opacity":"","overlay-gradient":""},"mobile":{"background-color":"","background-image":"","background-repeat":"repeat","background-position":"center center","background-size":"auto","background-attachment":"scroll","background-type":"","background-media":"","overlay-type":"","overlay-color":"","overlay-opacity":"","overlay-gradient":""}},"ast-content-background-meta":{"desktop":{"background-color":"var(--ast-global-color-5)","background-image":"","background-repeat":"repeat","background-position":"center center","background-size":"auto","background-attachment":"scroll","background-type":"","background-media":"","overlay-type":"","overlay-color":"","overlay-opacity":"","overlay-gradient":""},"tablet":{"background-color":"var(--ast-global-color-5)","background-image":"","background-repeat":"repeat","background-position":"center center","background-size":"auto","background-attachment":"scroll","background-type":"","background-media":"","overlay-type":"","overlay-color":"","overlay-opacity":"","overlay-gradient":""},"mobile":{"background-color":"var(--ast-global-color-5)","background-image":"","background-repeat":"repeat","background-position":"center center","background-size":"auto","background-attachment":"scroll","background-type":"","background-media":"","overlay-type":"","overlay-color":"","overlay-opacity":"","overlay-gradient":""}},"footnotes":""},"class_list":["post-9168","page","type-page","status-publish","hentry"],"post_mailing_queue_ids":[],"_links":{"self":[{"href":"https:\/\/agora-eoi.xtec.cat\/eoigirona\/wp-json\/wp\/v2\/pages\/9168","targetHints":{"allow":["GET"]}}],"collection":[{"href":"https:\/\/agora-eoi.xtec.cat\/eoigirona\/wp-json\/wp\/v2\/pages"}],"about":[{"href":"https:\/\/agora-eoi.xtec.cat\/eoigirona\/wp-json\/wp\/v2\/types\/page"}],"author":[{"embeddable":true,"href":"https:\/\/agora-eoi.xtec.cat\/eoigirona\/wp-json\/wp\/v2\/users\/1"}],"replies":[{"embeddable":true,"href":"https:\/\/agora-eoi.xtec.cat\/eoigirona\/wp-json\/wp\/v2\/comments?post=9168"}],"version-history":[{"count":6,"href":"https:\/\/agora-eoi.xtec.cat\/eoigirona\/wp-json\/wp\/v2\/pages\/9168\/revisions"}],"predecessor-version":[{"id":17520,"href":"https:\/\/agora-eoi.xtec.cat\/eoigirona\/wp-json\/wp\/v2\/pages\/9168\/revisions\/17520"}],"up":[{"embeddable":true,"href":"https:\/\/agora-eoi.xtec.cat\/eoigirona\/wp-json\/wp\/v2\/pages\/806"}],"wp:attachment":[{"href":"https:\/\/agora-eoi.xtec.cat\/eoigirona\/wp-json\/wp\/v2\/media?parent=9168"}],"curies":[{"name":"wp","href":"https:\/\/api.w.org\/{rel}","templated":true}]}}