{"id":9015,"date":"2021-11-16T13:07:43","date_gmt":"2021-11-16T12:07:43","guid":{"rendered":"https:\/\/agora-eoi.xtec.cat\/eoigirona\/?page_id=9015"},"modified":"2025-07-08T12:32:46","modified_gmt":"2025-07-08T10:32:46","slug":"sollicitud-de-convocatoria-addicional","status":"publish","type":"page","link":"https:\/\/agora-eoi.xtec.cat\/eoigirona\/matricula\/sollicitud-de-convocatoria-addicional\/","title":{"rendered":"Sol\u00b7licitud de convocat\u00f2ria addicional"},"content":{"rendered":"<p><span class=\"titols\">\u00a0Si vols fer un curs per 3a vegada, <\/span>cal omplir la\u00a0 <a href=\"https:\/\/docs.google.com\/forms\/d\/e\/1FAIpQLSejj1kkbPFWpF-Bn_a0kUhuyegWIhgBfdb-MH_XRzYnoOW-VA\/viewform?usp=dialog\">sol\u00b7licitud convocat\u00f2ria addicional.<\/a><\/p>\n<p>Si ets alumne oficial, la pots presentar durant la darrera setmana de juny o la primera setmana de juliol. Si la petici\u00f3 es resol favorablement, et podr\u00e0s matricular durant el mes de juliol, segons places disponibles.<\/p>\n<p>Si ets alumne oficial i no has presentat la sol\u00b7licitud al juliol i\/o ets alumne nou, has de presentar la sol\u00b7licitud al setembre (les tres primeres setmanes). En aquest cas et podr\u00e0s matricular presencialment en per\u00edode de vacants, sempre que hi hagi places disponibles.<\/p>\n<p>S\u2019informar\u00e0 de les vacants per grup i horari de matr\u00edcula al web de l\u2019EOI Girona durant el mes de setembre una vegada finalitzat el per\u00edode d\u2019admissi\u00f3 de matr\u00edcula en l\u00ednia (tercera setmana de setembre).<\/p>\n\n\n<p>NORMATIVA: <\/p>\n\n\n\n<p><strong>Perman\u00e8ncia en els estudis<\/strong> <\/p>\n\n\n\n<p>En cadascun dels nivells b\u00e0sic, intermedi B1, intermedi B2, avan\u00e7at C1 i avan\u00e7at C2, l&#8217;alumne o alumna t\u00e9 dret a romandre matriculat en r\u00e8gim d&#8217;ensenyament oficial, modalitat presencial, durant un m\u00e0xim de cursos acad\u00e8mics equivalents al doble dels cursos de qu\u00e8 consta el nivell per a l&#8217;idioma corresponent.<\/p>\n\n\n\n<p><em>Exemple: Si el nivell intermedi B2 es fa en dos cursos (B2.1 i B2.2), l&#8217;alumne t\u00e9 dret a fer-los en quatre anys.<\/em><\/p>\n\n\n\n<p>L&#8217;alumne o alumna que cursa per tercera vegada el primer curs del nivell b\u00e0sic, del nivell intermedi B2 o del nivell avan\u00e7at C2 (nom\u00e9s en el cas de l&#8217;angl\u00e8s), i no el supera, no pot cursar-lo una altra vegada.<\/p>\n\n\n\n<p>Per cursar per tercera vegada el primer curs del nivell b\u00e0sic, del nivell intermedi B2 o del nivell avan\u00e7at C2 (nom\u00e9s en el cas de l&#8217;angl\u00e8s), l&#8217;alumne o alumna ho ha de demanar a la directora de l&#8217;escola, que ha de valorar les circumst\u00e0ncies al\u00b7legades per l&#8217;alumne o alumna en la sol\u00b7licitud i el proc\u00e9s d&#8217;aprenentatge seguit al llarg dels dos cursos realitzats.<\/p>\n\n\n\n<p>L&#8217;alumne o alumna que accedeix directament al segon curs del nivell b\u00e0sic o al segon curs del nivell intermedi B2, el pot cursar un m\u00e0xim de dues vegades.<\/p>\n\n\n\n<p>En <strong>casos excepcionals<\/strong>, que ha de valorar la directora de l&#8217;escola i sempre que no representi fer el mateix curs per quarta vegada, la directora pot autoritzar la repetici\u00f3 o perman\u00e8ncia d&#8217;un curs m\u00e9s en r\u00e8gim oficial presencial a l&#8217;alumne o alumna que ho sol\u00b7liciti, quan ja hagi superat el nombre m\u00e0xim de cursos de perman\u00e8ncia autoritzats amb car\u00e0cter general per al nivell corresponent. Es pot concedir una \u00fanica convocat\u00f2ria addicional per nivell.<\/p>\n\n\n\n<p><\/p>\n","protected":false},"excerpt":{"rendered":"<p>\u00a0Si vols fer un curs per 3a vegada, cal omplir la\u00a0 sol\u00b7licitud convocat\u00f2ria addicional. Si ets alumne oficial, la pots presentar durant la darrera setmana de juny o la primera setmana de juliol. Si la petici\u00f3 es resol favorablement, et podr\u00e0s matricular durant el mes de juliol, segons places disponibles. Si ets alumne oficial i [&hellip;]<\/p>\n","protected":false},"author":1,"featured_media":0,"parent":9820,"menu_order":4,"comment_status":"closed","ping_status":"closed","template":"","meta":{"_bbp_topic_count":0,"_bbp_reply_count":0,"_bbp_total_topic_count":0,"_bbp_total_reply_count":0,"_bbp_voice_count":0,"_bbp_anonymous_reply_count":0,"_bbp_topic_count_hidden":0,"_bbp_reply_count_hidden":0,"_bbp_forum_subforum_count":0,"site-sidebar-layout":"default","site-content-layout":"","ast-site-content-layout":"default","site-content-style":"default","site-sidebar-style":"default","ast-global-header-display":"","ast-banner-title-visibility":"","ast-main-header-display":"","ast-hfb-above-header-display":"","ast-hfb-below-header-display":"","ast-hfb-mobile-header-display":"","site-post-title":"","ast-breadcrumbs-content":"","ast-featured-img":"","footer-sml-layout":"","theme-transparent-header-meta":"default","adv-header-id-meta":"","stick-header-meta":"","header-above-stick-meta":"","header-main-stick-meta":"","header-below-stick-meta":"","astra-migrate-meta-layouts":"set","ast-page-background-enabled":"default","ast-page-background-meta":{"desktop":{"background-color":"var(--ast-global-color-4)","background-image":"","background-repeat":"repeat","background-position":"center center","background-size":"auto","background-attachment":"scroll","background-type":"","background-media":"","overlay-type":"","overlay-color":"","overlay-opacity":"","overlay-gradient":""},"tablet":{"background-color":"","background-image":"","background-repeat":"repeat","background-position":"center center","background-size":"auto","background-attachment":"scroll","background-type":"","background-media":"","overlay-type":"","overlay-color":"","overlay-opacity":"","overlay-gradient":""},"mobile":{"background-color":"","background-image":"","background-repeat":"repeat","background-position":"center center","background-size":"auto","background-attachment":"scroll","background-type":"","background-media":"","overlay-type":"","overlay-color":"","overlay-opacity":"","overlay-gradient":""}},"ast-content-background-meta":{"desktop":{"background-color":"var(--ast-global-color-5)","background-image":"","background-repeat":"repeat","background-position":"center center","background-size":"auto","background-attachment":"scroll","background-type":"","background-media":"","overlay-type":"","overlay-color":"","overlay-opacity":"","overlay-gradient":""},"tablet":{"background-color":"var(--ast-global-color-5)","background-image":"","background-repeat":"repeat","background-position":"center center","background-size":"auto","background-attachment":"scroll","background-type":"","background-media":"","overlay-type":"","overlay-color":"","overlay-opacity":"","overlay-gradient":""},"mobile":{"background-color":"var(--ast-global-color-5)","background-image":"","background-repeat":"repeat","background-position":"center center","background-size":"auto","background-attachment":"scroll","background-type":"","background-media":"","overlay-type":"","overlay-color":"","overlay-opacity":"","overlay-gradient":""}},"footnotes":""},"class_list":["post-9015","page","type-page","status-publish","hentry"],"post_mailing_queue_ids":[],"_links":{"self":[{"href":"https:\/\/agora-eoi.xtec.cat\/eoigirona\/wp-json\/wp\/v2\/pages\/9015","targetHints":{"allow":["GET"]}}],"collection":[{"href":"https:\/\/agora-eoi.xtec.cat\/eoigirona\/wp-json\/wp\/v2\/pages"}],"about":[{"href":"https:\/\/agora-eoi.xtec.cat\/eoigirona\/wp-json\/wp\/v2\/types\/page"}],"author":[{"embeddable":true,"href":"https:\/\/agora-eoi.xtec.cat\/eoigirona\/wp-json\/wp\/v2\/users\/1"}],"replies":[{"embeddable":true,"href":"https:\/\/agora-eoi.xtec.cat\/eoigirona\/wp-json\/wp\/v2\/comments?post=9015"}],"version-history":[{"count":6,"href":"https:\/\/agora-eoi.xtec.cat\/eoigirona\/wp-json\/wp\/v2\/pages\/9015\/revisions"}],"predecessor-version":[{"id":17558,"href":"https:\/\/agora-eoi.xtec.cat\/eoigirona\/wp-json\/wp\/v2\/pages\/9015\/revisions\/17558"}],"up":[{"embeddable":true,"href":"https:\/\/agora-eoi.xtec.cat\/eoigirona\/wp-json\/wp\/v2\/pages\/9820"}],"wp:attachment":[{"href":"https:\/\/agora-eoi.xtec.cat\/eoigirona\/wp-json\/wp\/v2\/media?parent=9015"}],"curies":[{"name":"wp","href":"https:\/\/api.w.org\/{rel}","templated":true}]}}