{"id":9012,"date":"2024-06-16T13:06:41","date_gmt":"2024-06-16T11:06:41","guid":{"rendered":"https:\/\/agora-eoi.xtec.cat\/eoigirona\/?page_id=9012"},"modified":"2025-07-07T09:08:39","modified_gmt":"2025-07-07T07:08:39","slug":"matricula-dactualitzacio-en-cursos-inferiors","status":"publish","type":"page","link":"https:\/\/agora-eoi.xtec.cat\/eoigirona\/matricula\/matricula-dactualitzacio-en-cursos-inferiors\/","title":{"rendered":"Matr\u00edcula d&#8217;actualitzaci\u00f3"},"content":{"rendered":"\n<p id=\"gestions35\"><span class=\"titols\">Has fet algun curs amb nosaltres i vols repassar o refor\u00e7ar continguts? <\/span><span style=\"font-family: inherit; font-size: 1em;\">Llavors t&#8217;interessa fer una matr\u00edcula d&#8217;actualitzaci\u00f3.<\/span><\/p>\n\n\n\n<p>Per sol\u00b7licitar -la, cal omplir el formulari de <a href=\"https:\/\/docs.google.com\/forms\/d\/e\/1FAIpQLSeaUo13Q_ZS6G999cjk-sdZUUOr2FyuyPfYwWYDmr-YqjxoNw\/viewform?usp=dialog\">matr\u00edcula d&#8217;actualitzaci\u00f3.<\/a><\/p>\n\n\n\n<p>S&#8217;ha de sol\u00b7licitar durant el mes de juliol o setembre ABANS que comenci el per\u00edode de matr\u00edcula de places vacants. Les sol\u00b7licituds s&#8217;admetran si hi ha vacants en el curs i l&#8217;idioma sol\u00b7licitat i es matricular\u00e0 presencialment en per\u00edode de vacants<span style=\"font-family: inherit; font-size: 1em;\">.<\/span><\/p>\n\n\n\n<p>&nbsp;S\u2019informar\u00e0 de les vacants per grup i horari de matr\u00edcula al web de l\u2019EOI Girona durant el mes de setembre una vegada finalitzat el per\u00edode d\u2019admissi\u00f3 de matr\u00edcula en l\u00ednia (tercera setmana de setembre).<\/p>\n\n\n\n<p>NORMATIVA:<\/p>\n\n\n\n<p>Les persones que ja hagin cursat i superat amb anterioritat cursos de les EOI, i que vulguin actualitzar-ne els coneixements, poden sol\u00b7licitar matricular-se en l&#8217;\u00faltim curs aprovat o en qualsevol dels cursos inferiors.<\/p>\n\n\n\n<p>NOVETAT CURS 2025-2026: Tamb\u00e9 poden inscriure&#8217;s en un curs d&#8217;actualitzaci\u00f3 de coneixements els i les alumnes que hagin cursat i superat amb anterioritat cursos de nivell A1 i A2 als centres de formaci\u00f3 d&#8217;adults. <\/p>\n\n\n\n<p>Igualment, poden inscriure&#8217;s en cursos d&#8217;actualitzaci\u00f3 les persones que s&#8217;hagin presentat a les proves lliures i hagin obtingut el certificat corresponent en els mateixos termes.<\/p>\n\n\n\n<p>La sol\u00b7licitud \u00e9s v\u00e0lida \u00fanicament per al curs acad\u00e8mic en qu\u00e8 se sol\u00b7licita. Els alumnes de matr\u00edcula d&#8217;actualitzaci\u00f3 no passen al seg\u00fcent curs per defecte. Si volen accedir a un curs superior, han de fer preinscripci\u00f3 i matr\u00edcula com alumne nou al setembre.<\/p>\n\n\n\n<p>Aquest tipus de matr\u00edcula no t\u00e9 efectes acad\u00e8mics ni dona lloc a cap certificat oficial. La qualificaci\u00f3 que es fa constar a l&#8217;expedient acad\u00e8mic de l&#8217;alumne o alumna \u00e9s de \u201cno qualificat\/ada\u201d.<\/p>\n\n\n\n<p>En el cas dels cursos que condueixen a l&#8217;obtenci\u00f3 d&#8217;un certificat, els alumnes en aquesta situaci\u00f3 acad\u00e8mica no tenen dret a sol\u00b7licitar una nova expedici\u00f3 del certificat obtingut anteriorment, per\u00f2 poden sol\u00b7licitar un certificat d&#8217;actualitzaci\u00f3 al centre on estiguin matriculats.<\/p>\n\n\n\n<p>Pel que fa al preu del servei, aquests alumnes han de pagar la taxa o el preu p\u00fablic corresponent, sense penalitzaci\u00f3 per repetici\u00f3.<\/p>\n\n\n\n<p>Durant un mateix curs acad\u00e8mic no es pot simultaniejar una matr\u00edcula ordin\u00e0ria als ensenyaments presencials amb una matr\u00edcula d&#8217;actualitzaci\u00f3 del mateix idioma.<\/p>\n\n\n\n<p><\/p>\n","protected":false},"excerpt":{"rendered":"<p>Has fet algun curs amb nosaltres i vols repassar o refor\u00e7ar continguts? Llavors t&#8217;interessa fer una matr\u00edcula d&#8217;actualitzaci\u00f3. Per sol\u00b7licitar -la, cal omplir el formulari de matr\u00edcula d&#8217;actualitzaci\u00f3. S&#8217;ha de sol\u00b7licitar durant el mes de juliol o setembre ABANS que comenci el per\u00edode de matr\u00edcula de places vacants. Les sol\u00b7licituds s&#8217;admetran si hi ha vacants [&hellip;]<\/p>\n","protected":false},"author":1,"featured_media":0,"parent":9820,"menu_order":3,"comment_status":"closed","ping_status":"closed","template":"","meta":{"_bbp_topic_count":0,"_bbp_reply_count":0,"_bbp_total_topic_count":0,"_bbp_total_reply_count":0,"_bbp_voice_count":0,"_bbp_anonymous_reply_count":0,"_bbp_topic_count_hidden":0,"_bbp_reply_count_hidden":0,"_bbp_forum_subforum_count":0,"site-sidebar-layout":"default","site-content-layout":"","ast-site-content-layout":"default","site-content-style":"default","site-sidebar-style":"default","ast-global-header-display":"","ast-banner-title-visibility":"","ast-main-header-display":"","ast-hfb-above-header-display":"","ast-hfb-below-header-display":"","ast-hfb-mobile-header-display":"","site-post-title":"","ast-breadcrumbs-content":"","ast-featured-img":"","footer-sml-layout":"","theme-transparent-header-meta":"default","adv-header-id-meta":"","stick-header-meta":"","header-above-stick-meta":"","header-main-stick-meta":"","header-below-stick-meta":"","astra-migrate-meta-layouts":"set","ast-page-background-enabled":"default","ast-page-background-meta":{"desktop":{"background-color":"var(--ast-global-color-4)","background-image":"","background-repeat":"repeat","background-position":"center center","background-size":"auto","background-attachment":"scroll","background-type":"","background-media":"","overlay-type":"","overlay-color":"","overlay-opacity":"","overlay-gradient":""},"tablet":{"background-color":"","background-image":"","background-repeat":"repeat","background-position":"center center","background-size":"auto","background-attachment":"scroll","background-type":"","background-media":"","overlay-type":"","overlay-color":"","overlay-opacity":"","overlay-gradient":""},"mobile":{"background-color":"","background-image":"","background-repeat":"repeat","background-position":"center center","background-size":"auto","background-attachment":"scroll","background-type":"","background-media":"","overlay-type":"","overlay-color":"","overlay-opacity":"","overlay-gradient":""}},"ast-content-background-meta":{"desktop":{"background-color":"var(--ast-global-color-5)","background-image":"","background-repeat":"repeat","background-position":"center center","background-size":"auto","background-attachment":"scroll","background-type":"","background-media":"","overlay-type":"","overlay-color":"","overlay-opacity":"","overlay-gradient":""},"tablet":{"background-color":"var(--ast-global-color-5)","background-image":"","background-repeat":"repeat","background-position":"center center","background-size":"auto","background-attachment":"scroll","background-type":"","background-media":"","overlay-type":"","overlay-color":"","overlay-opacity":"","overlay-gradient":""},"mobile":{"background-color":"var(--ast-global-color-5)","background-image":"","background-repeat":"repeat","background-position":"center center","background-size":"auto","background-attachment":"scroll","background-type":"","background-media":"","overlay-type":"","overlay-color":"","overlay-opacity":"","overlay-gradient":""}},"footnotes":""},"class_list":["post-9012","page","type-page","status-publish","hentry"],"post_mailing_queue_ids":[],"_links":{"self":[{"href":"https:\/\/agora-eoi.xtec.cat\/eoigirona\/wp-json\/wp\/v2\/pages\/9012","targetHints":{"allow":["GET"]}}],"collection":[{"href":"https:\/\/agora-eoi.xtec.cat\/eoigirona\/wp-json\/wp\/v2\/pages"}],"about":[{"href":"https:\/\/agora-eoi.xtec.cat\/eoigirona\/wp-json\/wp\/v2\/types\/page"}],"author":[{"embeddable":true,"href":"https:\/\/agora-eoi.xtec.cat\/eoigirona\/wp-json\/wp\/v2\/users\/1"}],"replies":[{"embeddable":true,"href":"https:\/\/agora-eoi.xtec.cat\/eoigirona\/wp-json\/wp\/v2\/comments?post=9012"}],"version-history":[{"count":6,"href":"https:\/\/agora-eoi.xtec.cat\/eoigirona\/wp-json\/wp\/v2\/pages\/9012\/revisions"}],"predecessor-version":[{"id":17547,"href":"https:\/\/agora-eoi.xtec.cat\/eoigirona\/wp-json\/wp\/v2\/pages\/9012\/revisions\/17547"}],"up":[{"embeddable":true,"href":"https:\/\/agora-eoi.xtec.cat\/eoigirona\/wp-json\/wp\/v2\/pages\/9820"}],"wp:attachment":[{"href":"https:\/\/agora-eoi.xtec.cat\/eoigirona\/wp-json\/wp\/v2\/media?parent=9012"}],"curies":[{"name":"wp","href":"https:\/\/api.w.org\/{rel}","templated":true}]}}