{"id":9009,"date":"2021-11-16T13:05:11","date_gmt":"2021-11-16T12:05:11","guid":{"rendered":"https:\/\/agora-eoi.xtec.cat\/eoigirona\/?page_id=9009"},"modified":"2025-07-09T12:15:12","modified_gmt":"2025-07-09T10:15:12","slug":"reclamacions-sobre-les-qualificacions","status":"publish","type":"page","link":"https:\/\/agora-eoi.xtec.cat\/eoigirona\/tramits\/reclamacions-sobre-les-qualificacions\/","title":{"rendered":"Reclamacions sobre les qualificacions"},"content":{"rendered":"<p><u>Procediment:<\/u><\/p>\n<p>&#8211; En primer lloc recomanem que consulteu amb el professorat del departament qualsevol dubte que tingueu respecte a les vostres qualificacions o qualsevol aspecte amb el qual no estigueu d\u2019acord abans de tramitar la reclamaci\u00f3. Les hores d&#8217;atenci\u00f3 a l&#8217;alumnat per fer aquestes consulten es publiquen en aquest web, a la plana principal, durant el per\u00edode de reclamacions.<\/p>\n<p>&#8211; Si despr\u00e9s de la consulta amb el departament, l&#8217;alumne vol fer una reclamaci\u00f3 sobre qualificacions finals i <span style=\"font-family: inherit; font-size: 1em;\">rebre una resposta per escrit, haur\u00e0 de presentar telem\u00e0ticament la inst\u00e0ncia de sota en la qual s\u2019han de fer constar els motius al\u00b7legats per fer la reclamaci\u00f3.<\/span><\/p>\n<p><span style=\"text-decoration: underline;\">Termini de reclamacions<\/span>:<\/p>\n<p>Cal presentar la sol\u00b7licitud durant els tres dies h\u00e0bils despr\u00e9s de la publicaci\u00f3 de resultats. No s&#8217;atendran reclamacions presentades fora de termini.<\/p>\n<p><u>NORMATIVA:<\/u><\/p>\n<p>Les reclamacions respecte a les qualificacions obtingudes a les proves espec\u00edfiques de certificaci\u00f3 (nivells A2, B1, B2, C1 i C2) s&#8217;han de resoldre d&#8217;acord amb el procediment previst en els apartats a i b de l&#8217;article 14 de l&#8217;Ordre EDU\/34\/2009, de 30 de gener. Tamb\u00e9 s&#8217;han de resoldre seguint el mateix procediment les reclamacions respecte a les qualificacions obtingudes al llarg del curs i als ex\u00e0mens finals de primer i quart curs.<\/p>\n<p>En cas que la resoluci\u00f3 sigui objecte de nova reclamaci\u00f3, aquesta s&#8217;ha de presentar als serveis territorials o b\u00e9 al Consorci d&#8217;Educaci\u00f3 de Barcelona, mitjan\u00e7ant un escrit de la persona interessada, que s&#8217;ha de presentar a trav\u00e9s del director o directora del centre.<\/p>\n<p>El director o directora del centre ha de trametre, als Serveis Territorials o al Consorci d&#8217;Educaci\u00f3 de Barcelona, aquesta reclamaci\u00f3 juntament amb una c\u00f2pia de la reclamaci\u00f3 original, una c\u00f2pia de l&#8217;acta de la reuni\u00f3 en la qual s&#8217;hagi estudiat la reclamaci\u00f3, una c\u00f2pia de la resoluci\u00f3 recorreguda i qualsevol altra documentaci\u00f3 que, a iniciativa pr\u00f2pia o a petici\u00f3 de la persona interessada, consideri pertinent d&#8217;adjuntar-hi.<\/p>\n<p>A partir de l&#8217;estudi de la informaci\u00f3 rebuda, i de l&#8217;informe em\u00e8s per la Inspecci\u00f3, els serveis territorials o el Consorci d&#8217;Educaci\u00f3 de Barcelona resoldran definitivament.<\/p>\n<p><a href=\"https:\/\/docs.google.com\/forms\/d\/e\/1FAIpQLSdjIAfAyn6MBRYucku7bQ2dFGIsVt5k97Lh3KZxmt8ij0vxBg\/viewform?pli=1\">Sol\u00b7licitud en l\u00ednia<\/a>\u00a0(enlla\u00e7 actiu durant el per\u00edode de reclamacions de certificat).<\/p>\n<p><img decoding=\"async\" src=\"http:\/\/www.eoigirona.com\/img\/ico_fletxa.gif\" alt=\"\" border=\"0\" \/>\u00a0<a class=\"enllas_sel\" href=\"http:\/\/dogc.gencat.cat\/ca\/pdogc_canals_interns\/pdogc_resultats_fitxa\/?action=fitxa&amp;documentId=462817&amp;language=ca_ES\" target=\"_blank\" rel=\"noopener\">Veure enlla\u00e7 a la normativa<\/a><\/p>\n","protected":false},"excerpt":{"rendered":"<p>Procediment: &#8211; En primer lloc recomanem que consulteu amb el professorat del departament qualsevol dubte que tingueu respecte a les vostres qualificacions o qualsevol aspecte amb el qual no estigueu d\u2019acord abans de tramitar la reclamaci\u00f3. Les hores d&#8217;atenci\u00f3 a l&#8217;alumnat per fer aquestes consulten es publiquen en aquest web, a la plana principal, durant [&hellip;]<\/p>\n","protected":false},"author":1,"featured_media":0,"parent":8877,"menu_order":9,"comment_status":"closed","ping_status":"closed","template":"","meta":{"_bbp_topic_count":0,"_bbp_reply_count":0,"_bbp_total_topic_count":0,"_bbp_total_reply_count":0,"_bbp_voice_count":0,"_bbp_anonymous_reply_count":0,"_bbp_topic_count_hidden":0,"_bbp_reply_count_hidden":0,"_bbp_forum_subforum_count":0,"site-sidebar-layout":"default","site-content-layout":"","ast-site-content-layout":"default","site-content-style":"default","site-sidebar-style":"default","ast-global-header-display":"","ast-banner-title-visibility":"","ast-main-header-display":"","ast-hfb-above-header-display":"","ast-hfb-below-header-display":"","ast-hfb-mobile-header-display":"","site-post-title":"","ast-breadcrumbs-content":"","ast-featured-img":"","footer-sml-layout":"","theme-transparent-header-meta":"","adv-header-id-meta":"","stick-header-meta":"","header-above-stick-meta":"","header-main-stick-meta":"","header-below-stick-meta":"","astra-migrate-meta-layouts":"set","ast-page-background-enabled":"default","ast-page-background-meta":{"desktop":{"background-color":"var(--ast-global-color-4)","background-image":"","background-repeat":"repeat","background-position":"center center","background-size":"auto","background-attachment":"scroll","background-type":"","background-media":"","overlay-type":"","overlay-color":"","overlay-opacity":"","overlay-gradient":""},"tablet":{"background-color":"","background-image":"","background-repeat":"repeat","background-position":"center center","background-size":"auto","background-attachment":"scroll","background-type":"","background-media":"","overlay-type":"","overlay-color":"","overlay-opacity":"","overlay-gradient":""},"mobile":{"background-color":"","background-image":"","background-repeat":"repeat","background-position":"center center","background-size":"auto","background-attachment":"scroll","background-type":"","background-media":"","overlay-type":"","overlay-color":"","overlay-opacity":"","overlay-gradient":""}},"ast-content-background-meta":{"desktop":{"background-color":"var(--ast-global-color-5)","background-image":"","background-repeat":"repeat","background-position":"center center","background-size":"auto","background-attachment":"scroll","background-type":"","background-media":"","overlay-type":"","overlay-color":"","overlay-opacity":"","overlay-gradient":""},"tablet":{"background-color":"var(--ast-global-color-5)","background-image":"","background-repeat":"repeat","background-position":"center center","background-size":"auto","background-attachment":"scroll","background-type":"","background-media":"","overlay-type":"","overlay-color":"","overlay-opacity":"","overlay-gradient":""},"mobile":{"background-color":"var(--ast-global-color-5)","background-image":"","background-repeat":"repeat","background-position":"center center","background-size":"auto","background-attachment":"scroll","background-type":"","background-media":"","overlay-type":"","overlay-color":"","overlay-opacity":"","overlay-gradient":""}},"footnotes":""},"class_list":["post-9009","page","type-page","status-publish","hentry"],"post_mailing_queue_ids":[],"_links":{"self":[{"href":"https:\/\/agora-eoi.xtec.cat\/eoigirona\/wp-json\/wp\/v2\/pages\/9009","targetHints":{"allow":["GET"]}}],"collection":[{"href":"https:\/\/agora-eoi.xtec.cat\/eoigirona\/wp-json\/wp\/v2\/pages"}],"about":[{"href":"https:\/\/agora-eoi.xtec.cat\/eoigirona\/wp-json\/wp\/v2\/types\/page"}],"author":[{"embeddable":true,"href":"https:\/\/agora-eoi.xtec.cat\/eoigirona\/wp-json\/wp\/v2\/users\/1"}],"replies":[{"embeddable":true,"href":"https:\/\/agora-eoi.xtec.cat\/eoigirona\/wp-json\/wp\/v2\/comments?post=9009"}],"version-history":[{"count":4,"href":"https:\/\/agora-eoi.xtec.cat\/eoigirona\/wp-json\/wp\/v2\/pages\/9009\/revisions"}],"predecessor-version":[{"id":17580,"href":"https:\/\/agora-eoi.xtec.cat\/eoigirona\/wp-json\/wp\/v2\/pages\/9009\/revisions\/17580"}],"up":[{"embeddable":true,"href":"https:\/\/agora-eoi.xtec.cat\/eoigirona\/wp-json\/wp\/v2\/pages\/8877"}],"wp:attachment":[{"href":"https:\/\/agora-eoi.xtec.cat\/eoigirona\/wp-json\/wp\/v2\/media?parent=9009"}],"curies":[{"name":"wp","href":"https:\/\/api.w.org\/{rel}","templated":true}]}}