{"id":9006,"date":"2021-11-16T13:04:36","date_gmt":"2021-11-16T12:04:36","guid":{"rendered":"https:\/\/agora-eoi.xtec.cat\/eoigirona\/?page_id=9006"},"modified":"2026-02-28T08:56:38","modified_gmt":"2026-02-28T07:56:38","slug":"alumnes-amb-necessitats-especifiques","status":"publish","type":"page","link":"https:\/\/agora-eoi.xtec.cat\/eoigirona\/tramits\/alumnes-amb-necessitats-especifiques\/","title":{"rendered":"Alumnes amb necessitats espec\u00edfiques de suport educatiu"},"content":{"rendered":"<p>Els aspirants amb necessitats espec\u00edfiques derivades de discapacitats f\u00edsiques, ps\u00edquiques o sensorials (o altres trastorns greus que tenen el reconeixement oficial de la situaci\u00f3 de discapacitat)\u00a0 aix\u00ed com altres necessitats educatives especials poden sol\u00b7licitar els recursos addicionals necessaris per desenvolupar qualsevol prova d&#8217;avaluaci\u00f3 i\/o altres tasques a l&#8217;aula.<\/p>\n<p class=\"zfr3Q CDt4Ke \" dir=\"ltr\"><span class=\"C9DxTc \">Les adaptacions poden requerir canvis organitzatius, \u00fas de recursos, suport hum\u00e0, suport material o t\u00e8cnic (ubicaci\u00f3 diferent, auriculars, etc.), modificacions en el format de la prova i ampliaci\u00f3 del temps per realitzar la prova (el contingut de la prova \u00e9s el mateix).<\/span><\/p>\n<p class=\"zfr3Q CDt4Ke \" dir=\"ltr\"><span class=\"C9DxTc \">Les modificacions es fan en funci\u00f3 del tipus de prova i de la discapacitat o necessitats de l\u2019alumne i del suport hum\u00e0, material i t\u00e8cnic de qu\u00e8 disposa el centre.<\/span><\/p>\n<p>L\u2019alumnat oficial ha d&#8217;omplir una sol\u00b7licitud d&#8217;adaptaci\u00f3 d&#8217;examen (a sota d&#8217;aquesta informaci\u00f3) i fer adjuntar alguns dels documents seg\u00fcents:<br \/>\na) Certificat de reconeixement de discapacitat del Departament de Treball, Afers Socials i Fam\u00edlies que informi del grau de discapacitat reconeguda i\/o certificat m\u00e8dic oficial.<br \/>\nb) Certificat em\u00e8s per l&#8217;organisme acreditat corresponent que informi de les caracter\u00edstiques de la discapacitat o trastorn, si escau.<br \/>\nc) Documentaci\u00f3 justificativa de modificacions i adaptacions curriculars, autoritzades pel Departament d&#8217;Educaci\u00f3, durant els \u00faltims estudis cursats en el sistema educatiu, si escau.<\/p>\n<p>Caldr\u00e0 especificar el tipus d&#8217;adaptaci\u00f3 requerida: temps extra, taula, auriculars, ordinador, ampliaci\u00f3 examen, etc.<\/p>\n<p>Cal adjuntar documentaci\u00f3 justificativa quan s&#8217;omple el formulari. Si l&#8217;alumne no t\u00e9 un compte amb google, no es pot adjuntar res. En aquest cas, cal fer arribar aquesta documentaci\u00f3 al correu <a href=\"mailto:secretaria@eoigirona.cat\" target=\"_blank\" rel=\"noopener\">secretaria@eoigirona.cat<\/a>. <span style=\"font-family: inherit; font-size: 1em; color: #000000;\">A<\/span><span style=\"font-family: inherit; font-size: 1em; color: #444444;\">grairem que poseu al tema del correu:\u00a0<\/span><em style=\"font-family: inherit; font-size: 1em;\">documentaci\u00f3 justificativa adaptacions<\/em><span style=\"font-family: inherit; font-size: 1em; color: #444444;\">.<\/span><\/p>\n<p>Data l\u00edmit alumnat OFICIAL: mar\u00e7 2026<\/p>\n<p><a href=\"https:\/\/forms.gle\/5vv86YT1c4akzrMK8\"><img decoding=\"async\" src=\"http:\/\/www.eoigirona.com\/img\/ico_document.gif\" alt=\"\" border=\"0\" \/>Sol\u00b7licitud adaptaci\u00f3 examen<\/a><\/p>\n","protected":false},"excerpt":{"rendered":"<p>Els aspirants amb necessitats espec\u00edfiques derivades de discapacitats f\u00edsiques, ps\u00edquiques o sensorials (o altres trastorns greus que tenen el reconeixement oficial de la situaci\u00f3 de discapacitat)\u00a0 aix\u00ed com altres necessitats educatives especials poden sol\u00b7licitar els recursos addicionals necessaris per desenvolupar qualsevol prova d&#8217;avaluaci\u00f3 i\/o altres tasques a l&#8217;aula. Les adaptacions poden requerir canvis organitzatius, \u00fas [&hellip;]<\/p>\n","protected":false},"author":1,"featured_media":0,"parent":8877,"menu_order":8,"comment_status":"closed","ping_status":"closed","template":"","meta":{"_bbp_topic_count":0,"_bbp_reply_count":0,"_bbp_total_topic_count":0,"_bbp_total_reply_count":0,"_bbp_voice_count":0,"_bbp_anonymous_reply_count":0,"_bbp_topic_count_hidden":0,"_bbp_reply_count_hidden":0,"_bbp_forum_subforum_count":0,"site-sidebar-layout":"default","site-content-layout":"","ast-site-content-layout":"default","site-content-style":"default","site-sidebar-style":"default","ast-global-header-display":"","ast-banner-title-visibility":"","ast-main-header-display":"","ast-hfb-above-header-display":"","ast-hfb-below-header-display":"","ast-hfb-mobile-header-display":"","site-post-title":"","ast-breadcrumbs-content":"","ast-featured-img":"","footer-sml-layout":"","theme-transparent-header-meta":"","adv-header-id-meta":"","stick-header-meta":"","header-above-stick-meta":"","header-main-stick-meta":"","header-below-stick-meta":"","astra-migrate-meta-layouts":"set","ast-page-background-enabled":"default","ast-page-background-meta":{"desktop":{"background-color":"var(--ast-global-color-4)","background-image":"","background-repeat":"repeat","background-position":"center center","background-size":"auto","background-attachment":"scroll","background-type":"","background-media":"","overlay-type":"","overlay-color":"","overlay-opacity":"","overlay-gradient":""},"tablet":{"background-color":"","background-image":"","background-repeat":"repeat","background-position":"center center","background-size":"auto","background-attachment":"scroll","background-type":"","background-media":"","overlay-type":"","overlay-color":"","overlay-opacity":"","overlay-gradient":""},"mobile":{"background-color":"","background-image":"","background-repeat":"repeat","background-position":"center center","background-size":"auto","background-attachment":"scroll","background-type":"","background-media":"","overlay-type":"","overlay-color":"","overlay-opacity":"","overlay-gradient":""}},"ast-content-background-meta":{"desktop":{"background-color":"var(--ast-global-color-5)","background-image":"","background-repeat":"repeat","background-position":"center center","background-size":"auto","background-attachment":"scroll","background-type":"","background-media":"","overlay-type":"","overlay-color":"","overlay-opacity":"","overlay-gradient":""},"tablet":{"background-color":"var(--ast-global-color-5)","background-image":"","background-repeat":"repeat","background-position":"center center","background-size":"auto","background-attachment":"scroll","background-type":"","background-media":"","overlay-type":"","overlay-color":"","overlay-opacity":"","overlay-gradient":""},"mobile":{"background-color":"var(--ast-global-color-5)","background-image":"","background-repeat":"repeat","background-position":"center center","background-size":"auto","background-attachment":"scroll","background-type":"","background-media":"","overlay-type":"","overlay-color":"","overlay-opacity":"","overlay-gradient":""}},"footnotes":""},"class_list":["post-9006","page","type-page","status-publish","hentry"],"post_mailing_queue_ids":[],"_links":{"self":[{"href":"https:\/\/agora-eoi.xtec.cat\/eoigirona\/wp-json\/wp\/v2\/pages\/9006","targetHints":{"allow":["GET"]}}],"collection":[{"href":"https:\/\/agora-eoi.xtec.cat\/eoigirona\/wp-json\/wp\/v2\/pages"}],"about":[{"href":"https:\/\/agora-eoi.xtec.cat\/eoigirona\/wp-json\/wp\/v2\/types\/page"}],"author":[{"embeddable":true,"href":"https:\/\/agora-eoi.xtec.cat\/eoigirona\/wp-json\/wp\/v2\/users\/1"}],"replies":[{"embeddable":true,"href":"https:\/\/agora-eoi.xtec.cat\/eoigirona\/wp-json\/wp\/v2\/comments?post=9006"}],"version-history":[{"count":6,"href":"https:\/\/agora-eoi.xtec.cat\/eoigirona\/wp-json\/wp\/v2\/pages\/9006\/revisions"}],"predecessor-version":[{"id":19193,"href":"https:\/\/agora-eoi.xtec.cat\/eoigirona\/wp-json\/wp\/v2\/pages\/9006\/revisions\/19193"}],"up":[{"embeddable":true,"href":"https:\/\/agora-eoi.xtec.cat\/eoigirona\/wp-json\/wp\/v2\/pages\/8877"}],"wp:attachment":[{"href":"https:\/\/agora-eoi.xtec.cat\/eoigirona\/wp-json\/wp\/v2\/media?parent=9006"}],"curies":[{"name":"wp","href":"https:\/\/api.w.org\/{rel}","templated":true}]}}