{"id":8998,"date":"2021-11-16T13:01:55","date_gmt":"2021-11-16T12:01:55","guid":{"rendered":"https:\/\/agora-eoi.xtec.cat\/eoigirona\/?page_id=8998"},"modified":"2026-03-27T15:52:28","modified_gmt":"2026-03-27T14:52:28","slug":"trasllats-de-matricula","status":"publish","type":"page","link":"https:\/\/agora-eoi.xtec.cat\/eoigirona\/tramits\/trasllats-de-matricula\/","title":{"rendered":"Trasllats de matr\u00edcula"},"content":{"rendered":"<p>La sol\u00b7licitud de matr\u00edcula s&#8217;ha de fer al centre de destinaci\u00f3 mitjan\u00e7ant el model &#8220;Sol\u00b7licitud de trasllat d&#8217;expedient&#8221; i queda condicionada a la disponibilitat de places del centre. La documentaci\u00f3 que cal aportar \u00e9s el full de pagament de la matr\u00edcula efectuada en el centre d&#8217;origen. En el moment de produir-se una vacant, l&#8217;EOI de destinaci\u00f3 ho ha de comunicar a la persona sol\u00b7licitant. L&#8217;EOI de destinaci\u00f3 ha de tramitar d&#8217;ofici el trasllat d&#8217;expedient de l&#8217;alumne o alumna.<\/p>\n<p>En cas de no haver-hi vacants en l&#8217;EOI de destinaci\u00f3, s&#8217;obrir\u00e0 una llista d&#8217;espera, en qu\u00e8 les persones sol\u00b7licitants han d&#8217;indicar els grups i horaris desitjats.<\/p>\n<p><a class=\"tac-player-processed\" href=\"https:\/\/agora-eoi.xtec.cat\/eoigirona\/wp-content\/uploads\/usu2632\/2021\/11\/Sollicitud-Trasllats.pdf\" target=\"_blank\" rel=\"noopener\">Sol\u00b7licitud Trasllats <\/a>Podeu fer arribar aquesta sol\u00b7licitud presencialment o b\u00e9 enviar-la al correu <a class=\"tac-player-processed\" href=\"mailto:secretaria@eoigirona.cat\" target=\"_blank\" rel=\"noopener\">secretaria@eoigirona.cat<\/a><\/p>\n<p><b>Trasllat de l&#8217;alumne\/a\u00a0 en per\u00edode no lectiu<\/b><\/p>\n<p>Els alumnes oficials, un cop formalitzada la matr\u00edcula al centre d&#8217;origen, poden sol\u00b7licitar un trasllat de matr\u00edcula a una altra escola <a class=\"tac-player-processed\" href=\"https:\/\/agora-eoi.xtec.cat\/eoigirona\/general\/matricula-alumnat-oficial-curs-2025-2026\/\" target=\"_blank\" rel=\"noopener\">durant la segona setmana de juliol (dates concretes).<\/a> La sol\u00b7licitud de matr\u00edcula es fa a l&#8217;escola de destinaci\u00f3, i queda condicionada a la disponibilitat de places. L&#8217;escola de destinaci\u00f3 s&#8217;ha de posar en contacte amb els alumnes a trav\u00e9s dels mitjans que estableixi per notificar l&#8217;acceptaci\u00f3 o la denegaci\u00f3 del trasllat. En cas d&#8217;acceptaci\u00f3, el proc\u00e9s de trasllat ha d&#8217;haver acabat com a molt tard el 17 de juliol. En el moment de demanar el trasllat, l&#8217;alumne o alumna ha d&#8217;aportar el full de pagament de la matr\u00edcula. En cas que hi hagi places vacants, l&#8217;escola de destinaci\u00f3 ha de sol\u00b7licitar el trasllat de l&#8217;expedient acad\u00e8mic de l&#8217;alumne o alumna a l&#8217;escola d&#8217;origen.<\/p>\n<p><b>Trasllat de l&#8217;alumne\/a durant el curs acad\u00e8mic<\/b><\/p>\n<p>Si despr\u00e9s de formalitzar la matr\u00edcula en un centre, un alumne o alumna demana poder continuar el curs en un altre centre, el trasllat s&#8217;anomena &#8220;trasllat de matr\u00edcula viva&#8221;. El termini per fer trasllats de matr\u00edcula viva finalitza el darrer dia h\u00e0bil del mes d&#8217;abril, per als cursos extensius; el darrer dia h\u00e0bil de novembre, per als cursos intensius del primer quadrimestre; i el darrer dia h\u00e0bil de mar\u00e7, per als cursos intensius del segon quadrimestre.<\/p>\n<p>NOTA: els trasllats que es sol\u00b7licitin al setembre no es resoldran fins que s&#8217;hagi acabat tot el per\u00edode de matr\u00edcula de vacants (dues primeres setmanes d&#8217;octubre).<\/p>\n","protected":false},"excerpt":{"rendered":"<p>La sol\u00b7licitud de matr\u00edcula s&#8217;ha de fer al centre de destinaci\u00f3 mitjan\u00e7ant el model &#8220;Sol\u00b7licitud de trasllat d&#8217;expedient&#8221; i queda condicionada a la disponibilitat de places del centre. La documentaci\u00f3 que cal aportar \u00e9s el full de pagament de la matr\u00edcula efectuada en el centre d&#8217;origen. En el moment de produir-se una vacant, l&#8217;EOI de [&hellip;]<\/p>\n","protected":false},"author":1,"featured_media":0,"parent":8877,"menu_order":5,"comment_status":"closed","ping_status":"closed","template":"","meta":{"_bbp_topic_count":0,"_bbp_reply_count":0,"_bbp_total_topic_count":0,"_bbp_total_reply_count":0,"_bbp_voice_count":0,"_bbp_anonymous_reply_count":0,"_bbp_topic_count_hidden":0,"_bbp_reply_count_hidden":0,"_bbp_forum_subforum_count":0,"site-sidebar-layout":"default","site-content-layout":"","ast-site-content-layout":"default","site-content-style":"default","site-sidebar-style":"default","ast-global-header-display":"","ast-banner-title-visibility":"","ast-main-header-display":"","ast-hfb-above-header-display":"","ast-hfb-below-header-display":"","ast-hfb-mobile-header-display":"","site-post-title":"","ast-breadcrumbs-content":"","ast-featured-img":"","footer-sml-layout":"","theme-transparent-header-meta":"","adv-header-id-meta":"","stick-header-meta":"","header-above-stick-meta":"","header-main-stick-meta":"","header-below-stick-meta":"","astra-migrate-meta-layouts":"set","ast-page-background-enabled":"default","ast-page-background-meta":{"desktop":{"background-color":"var(--ast-global-color-4)","background-image":"","background-repeat":"repeat","background-position":"center center","background-size":"auto","background-attachment":"scroll","background-type":"","background-media":"","overlay-type":"","overlay-color":"","overlay-opacity":"","overlay-gradient":""},"tablet":{"background-color":"","background-image":"","background-repeat":"repeat","background-position":"center center","background-size":"auto","background-attachment":"scroll","background-type":"","background-media":"","overlay-type":"","overlay-color":"","overlay-opacity":"","overlay-gradient":""},"mobile":{"background-color":"","background-image":"","background-repeat":"repeat","background-position":"center center","background-size":"auto","background-attachment":"scroll","background-type":"","background-media":"","overlay-type":"","overlay-color":"","overlay-opacity":"","overlay-gradient":""}},"ast-content-background-meta":{"desktop":{"background-color":"var(--ast-global-color-5)","background-image":"","background-repeat":"repeat","background-position":"center center","background-size":"auto","background-attachment":"scroll","background-type":"","background-media":"","overlay-type":"","overlay-color":"","overlay-opacity":"","overlay-gradient":""},"tablet":{"background-color":"var(--ast-global-color-5)","background-image":"","background-repeat":"repeat","background-position":"center center","background-size":"auto","background-attachment":"scroll","background-type":"","background-media":"","overlay-type":"","overlay-color":"","overlay-opacity":"","overlay-gradient":""},"mobile":{"background-color":"var(--ast-global-color-5)","background-image":"","background-repeat":"repeat","background-position":"center center","background-size":"auto","background-attachment":"scroll","background-type":"","background-media":"","overlay-type":"","overlay-color":"","overlay-opacity":"","overlay-gradient":""}},"footnotes":""},"class_list":["post-8998","page","type-page","status-publish","hentry"],"post_mailing_queue_ids":[],"_links":{"self":[{"href":"https:\/\/agora-eoi.xtec.cat\/eoigirona\/wp-json\/wp\/v2\/pages\/8998","targetHints":{"allow":["GET"]}}],"collection":[{"href":"https:\/\/agora-eoi.xtec.cat\/eoigirona\/wp-json\/wp\/v2\/pages"}],"about":[{"href":"https:\/\/agora-eoi.xtec.cat\/eoigirona\/wp-json\/wp\/v2\/types\/page"}],"author":[{"embeddable":true,"href":"https:\/\/agora-eoi.xtec.cat\/eoigirona\/wp-json\/wp\/v2\/users\/1"}],"replies":[{"embeddable":true,"href":"https:\/\/agora-eoi.xtec.cat\/eoigirona\/wp-json\/wp\/v2\/comments?post=8998"}],"version-history":[{"count":6,"href":"https:\/\/agora-eoi.xtec.cat\/eoigirona\/wp-json\/wp\/v2\/pages\/8998\/revisions"}],"predecessor-version":[{"id":19271,"href":"https:\/\/agora-eoi.xtec.cat\/eoigirona\/wp-json\/wp\/v2\/pages\/8998\/revisions\/19271"}],"up":[{"embeddable":true,"href":"https:\/\/agora-eoi.xtec.cat\/eoigirona\/wp-json\/wp\/v2\/pages\/8877"}],"wp:attachment":[{"href":"https:\/\/agora-eoi.xtec.cat\/eoigirona\/wp-json\/wp\/v2\/media?parent=8998"}],"curies":[{"name":"wp","href":"https:\/\/api.w.org\/{rel}","templated":true}]}}