{"id":8989,"date":"2021-11-16T12:59:44","date_gmt":"2021-11-16T11:59:44","guid":{"rendered":"https:\/\/agora-eoi.xtec.cat\/eoigirona\/?page_id=8989"},"modified":"2026-02-28T08:57:10","modified_gmt":"2026-02-28T07:57:10","slug":"canvi-de-nivell-nou-alumnat","status":"publish","type":"page","link":"https:\/\/agora-eoi.xtec.cat\/eoigirona\/tramits\/canvi-de-nivell-nou-alumnat\/","title":{"rendered":"Canvi de nivell (nou alumnat)"},"content":{"rendered":"<p>En casos justificats, el nou alumnat pot sol\u00b7licitar un canvi de nivell fins al 28 d&#8217;octubre (curs 2025-2026). Aquest canvi pot ser cap a un nivell superior o un d&#8217;inferior.<\/p>\n<p>L&#8217;alumne ha d&#8217;omplir una <a href=\"https:\/\/agora-eoi.xtec.cat\/eoigirona\/tramits\/instancia-general-2\/\">inst\u00e0ncia general.<\/a> La cap d&#8217;estudis n&#8217;estudiar\u00e0 la sol\u00b7licitud i, si la resposta \u00e9s afirmativa i el canvi \u00e9s possible, la formalitzar\u00e0 abans del 7 de novembre (curs 2025-2026).<\/p>\n<p>Podeu fer arribar aquesta sol\u00b7licitud presencialment o b\u00e9 enviar-la al correu <a href=\"mailto:secretaria@eoigirona.cat\" target=\"_blank\" rel=\"noopener\">secretaria@eoigirona.cat<\/a><\/p>\n\n\n<p>NORMATIVA:<\/p>\n\n\n\n<p>En casos justificats, el nou alumnat pot sol\u00b7licitar un canvi de nivell fins al darrer dia<br>h\u00e0bil d&#8217;octubre. El o la cap d&#8217;estudis n&#8217;ha d&#8217;estudiar la sol\u00b7licitud i, si la resposta<br>\u00e9s afirmativa i el canvi \u00e9s possible, l&#8217;alumnat l&#8217;ha de formalitzar durant els cinc dies<br>h\u00e0bils posteriors.<\/p>\n\n\n\n<p><\/p>\n","protected":false},"excerpt":{"rendered":"<p>En casos justificats, el nou alumnat pot sol\u00b7licitar un canvi de nivell fins al 28 d&#8217;octubre (curs 2025-2026). Aquest canvi pot ser cap a un nivell superior o un d&#8217;inferior. L&#8217;alumne ha d&#8217;omplir una inst\u00e0ncia general. La cap d&#8217;estudis n&#8217;estudiar\u00e0 la sol\u00b7licitud i, si la resposta \u00e9s afirmativa i el canvi \u00e9s possible, la formalitzar\u00e0 [&hellip;]<\/p>\n","protected":false},"author":1,"featured_media":0,"parent":8877,"menu_order":4,"comment_status":"closed","ping_status":"closed","template":"","meta":{"_bbp_topic_count":0,"_bbp_reply_count":0,"_bbp_total_topic_count":0,"_bbp_total_reply_count":0,"_bbp_voice_count":0,"_bbp_anonymous_reply_count":0,"_bbp_topic_count_hidden":0,"_bbp_reply_count_hidden":0,"_bbp_forum_subforum_count":0,"site-sidebar-layout":"default","site-content-layout":"","ast-site-content-layout":"default","site-content-style":"default","site-sidebar-style":"default","ast-global-header-display":"","ast-banner-title-visibility":"","ast-main-header-display":"","ast-hfb-above-header-display":"","ast-hfb-below-header-display":"","ast-hfb-mobile-header-display":"","site-post-title":"","ast-breadcrumbs-content":"","ast-featured-img":"","footer-sml-layout":"","theme-transparent-header-meta":"","adv-header-id-meta":"","stick-header-meta":"","header-above-stick-meta":"","header-main-stick-meta":"","header-below-stick-meta":"","astra-migrate-meta-layouts":"set","ast-page-background-enabled":"default","ast-page-background-meta":{"desktop":{"background-color":"var(--ast-global-color-4)","background-image":"","background-repeat":"repeat","background-position":"center center","background-size":"auto","background-attachment":"scroll","background-type":"","background-media":"","overlay-type":"","overlay-color":"","overlay-opacity":"","overlay-gradient":""},"tablet":{"background-color":"","background-image":"","background-repeat":"repeat","background-position":"center center","background-size":"auto","background-attachment":"scroll","background-type":"","background-media":"","overlay-type":"","overlay-color":"","overlay-opacity":"","overlay-gradient":""},"mobile":{"background-color":"","background-image":"","background-repeat":"repeat","background-position":"center center","background-size":"auto","background-attachment":"scroll","background-type":"","background-media":"","overlay-type":"","overlay-color":"","overlay-opacity":"","overlay-gradient":""}},"ast-content-background-meta":{"desktop":{"background-color":"var(--ast-global-color-5)","background-image":"","background-repeat":"repeat","background-position":"center center","background-size":"auto","background-attachment":"scroll","background-type":"","background-media":"","overlay-type":"","overlay-color":"","overlay-opacity":"","overlay-gradient":""},"tablet":{"background-color":"var(--ast-global-color-5)","background-image":"","background-repeat":"repeat","background-position":"center center","background-size":"auto","background-attachment":"scroll","background-type":"","background-media":"","overlay-type":"","overlay-color":"","overlay-opacity":"","overlay-gradient":""},"mobile":{"background-color":"var(--ast-global-color-5)","background-image":"","background-repeat":"repeat","background-position":"center center","background-size":"auto","background-attachment":"scroll","background-type":"","background-media":"","overlay-type":"","overlay-color":"","overlay-opacity":"","overlay-gradient":""}},"footnotes":""},"class_list":["post-8989","page","type-page","status-publish","hentry"],"post_mailing_queue_ids":[],"_links":{"self":[{"href":"https:\/\/agora-eoi.xtec.cat\/eoigirona\/wp-json\/wp\/v2\/pages\/8989","targetHints":{"allow":["GET"]}}],"collection":[{"href":"https:\/\/agora-eoi.xtec.cat\/eoigirona\/wp-json\/wp\/v2\/pages"}],"about":[{"href":"https:\/\/agora-eoi.xtec.cat\/eoigirona\/wp-json\/wp\/v2\/types\/page"}],"author":[{"embeddable":true,"href":"https:\/\/agora-eoi.xtec.cat\/eoigirona\/wp-json\/wp\/v2\/users\/1"}],"replies":[{"embeddable":true,"href":"https:\/\/agora-eoi.xtec.cat\/eoigirona\/wp-json\/wp\/v2\/comments?post=8989"}],"version-history":[{"count":6,"href":"https:\/\/agora-eoi.xtec.cat\/eoigirona\/wp-json\/wp\/v2\/pages\/8989\/revisions"}],"predecessor-version":[{"id":19194,"href":"https:\/\/agora-eoi.xtec.cat\/eoigirona\/wp-json\/wp\/v2\/pages\/8989\/revisions\/19194"}],"up":[{"embeddable":true,"href":"https:\/\/agora-eoi.xtec.cat\/eoigirona\/wp-json\/wp\/v2\/pages\/8877"}],"wp:attachment":[{"href":"https:\/\/agora-eoi.xtec.cat\/eoigirona\/wp-json\/wp\/v2\/media?parent=8989"}],"curies":[{"name":"wp","href":"https:\/\/api.w.org\/{rel}","templated":true}]}}