{"id":8985,"date":"2025-11-21T09:32:30","date_gmt":"2025-11-21T08:32:30","guid":{"rendered":"https:\/\/agora-eoi.xtec.cat\/eoigirona\/?page_id=8985"},"modified":"2025-11-21T09:33:32","modified_gmt":"2025-11-21T08:33:32","slug":"renuncia-a-un-curs","status":"publish","type":"page","link":"https:\/\/agora-eoi.xtec.cat\/eoigirona\/tramits\/renuncia-a-un-curs\/","title":{"rendered":"Ren\u00fancia a un curs"},"content":{"rendered":"<div id=\"gestions4\">\n<p>Hi ha dos tipus de ren\u00fancies:<\/p>\n<p>&#8211; al curs que s\u2019est\u00e0 cursant en l\u2019actualitat<br \/>&#8211; a un curs aprovat anteriorment<\/p>\n<p><b>Al curs que s\u2019est\u00e0 cursant en l\u2019actualitat<\/b><\/p>\n<p>Un alumne o alumna oficial pot presentar, al director o directora de l&#8217;escola, la ren\u00fancia a la matr\u00edcula en un idioma en un termini que finalitza:<\/p>\n<ul>\n<li>Cursos extensius: el darrer dia h\u00e0bil de novembre<\/li>\n<li>Cursos intensius del primer quadrimestre: el darrer dia h\u00e0bil d&#8217;octubre.<\/li>\n<li>Cursos intensius del segon quadrimestre: el darrer dia h\u00e0bil de febrer.<\/li>\n<\/ul>\n<p>Un cop passat el termini de ren\u00fancia establert, si un alumne o alumna oficial abandona el curs, aquest abandonament li computa a l&#8217;efecte de repetici\u00f3 i t\u00e9, a tots els efectes, la consideraci\u00f3 de &#8220;no presentat\/ada&#8221; en la qualificaci\u00f3 final.<\/p>\n<p>&#8211; La ren\u00fancia suposa perdre el dret d&#8217;assistir a classe, i la de l&#8217;import de la matr\u00edcula, per\u00f2 permet matricular-se el PROPER curs com a alumne\/a oficial (al juliol), sense sorteig i sense perdre convocat\u00f2ria. I tampoc pagar\u00e0 cap taxa de repetici\u00f3.<\/p>\n<p><b>Al curs aprovat anteriorment<\/b><\/p>\n<p>Qualsevol persona que tingui un expedient acad\u00e8mic obert en una escola oficial d&#8217;idiomes pot sol\u00b7licitar al director o directora de l&#8217;escola la ren\u00fancia a un dels cursos acad\u00e8mics superats en aquell idioma, sempre que no siguin cursos que hagin comportat l&#8217;obtenci\u00f3 d&#8217;un certificat.<\/p>\n<p>L&#8217;escola pot concedir la ren\u00fancia un cop obtinguts els informes oportuns del departament d&#8217;aquell idioma.<\/p>\n<p>El curs a qu\u00e8 s&#8217;ha renunciat computa a l&#8217;efecte de repetici\u00f3.<\/p>\n<p>Data l\u00edmit: s\u2019ha de fer abans de la data de matr\u00edcula.<\/p>\n<p>Les ren\u00fancies esmentades en els apartats anteriors s&#8217;han de fer constar en l&#8217;expedient acad\u00e8mic de l&#8217;alumne o alumna.<\/p>\n<p>_____________________<\/p>\n<p>Per sol\u00b7licitar una ren\u00fancia heu d\u2019omplir\u00a0<a href=\"https:\/\/forms.gle\/36FvACTrZTZpS8GS6\">aquest formulari<\/a><\/p>\n<div class=\"separacio5\">\u00a0<\/div>\n<\/div>\n\n\n<p><\/p>\n","protected":false},"excerpt":{"rendered":"<p>Hi ha dos tipus de ren\u00fancies: &#8211; al curs que s\u2019est\u00e0 cursant en l\u2019actualitat&#8211; a un curs aprovat anteriorment Al curs que s\u2019est\u00e0 cursant en l\u2019actualitat Un alumne o alumna oficial pot presentar, al director o directora de l&#8217;escola, la ren\u00fancia a la matr\u00edcula en un idioma en un termini que finalitza: Cursos extensius: el [&hellip;]<\/p>\n","protected":false},"author":1,"featured_media":0,"parent":8877,"menu_order":3,"comment_status":"closed","ping_status":"closed","template":"","meta":{"_bbp_topic_count":0,"_bbp_reply_count":0,"_bbp_total_topic_count":0,"_bbp_total_reply_count":0,"_bbp_voice_count":0,"_bbp_anonymous_reply_count":0,"_bbp_topic_count_hidden":0,"_bbp_reply_count_hidden":0,"_bbp_forum_subforum_count":0,"site-sidebar-layout":"default","site-content-layout":"","ast-site-content-layout":"default","site-content-style":"default","site-sidebar-style":"default","ast-global-header-display":"","ast-banner-title-visibility":"","ast-main-header-display":"","ast-hfb-above-header-display":"","ast-hfb-below-header-display":"","ast-hfb-mobile-header-display":"","site-post-title":"","ast-breadcrumbs-content":"","ast-featured-img":"","footer-sml-layout":"","theme-transparent-header-meta":"","adv-header-id-meta":"","stick-header-meta":"","header-above-stick-meta":"","header-main-stick-meta":"","header-below-stick-meta":"","astra-migrate-meta-layouts":"set","ast-page-background-enabled":"default","ast-page-background-meta":{"desktop":{"background-color":"var(--ast-global-color-4)","background-image":"","background-repeat":"repeat","background-position":"center center","background-size":"auto","background-attachment":"scroll","background-type":"","background-media":"","overlay-type":"","overlay-color":"","overlay-opacity":"","overlay-gradient":""},"tablet":{"background-color":"","background-image":"","background-repeat":"repeat","background-position":"center center","background-size":"auto","background-attachment":"scroll","background-type":"","background-media":"","overlay-type":"","overlay-color":"","overlay-opacity":"","overlay-gradient":""},"mobile":{"background-color":"","background-image":"","background-repeat":"repeat","background-position":"center center","background-size":"auto","background-attachment":"scroll","background-type":"","background-media":"","overlay-type":"","overlay-color":"","overlay-opacity":"","overlay-gradient":""}},"ast-content-background-meta":{"desktop":{"background-color":"var(--ast-global-color-5)","background-image":"","background-repeat":"repeat","background-position":"center center","background-size":"auto","background-attachment":"scroll","background-type":"","background-media":"","overlay-type":"","overlay-color":"","overlay-opacity":"","overlay-gradient":""},"tablet":{"background-color":"var(--ast-global-color-5)","background-image":"","background-repeat":"repeat","background-position":"center center","background-size":"auto","background-attachment":"scroll","background-type":"","background-media":"","overlay-type":"","overlay-color":"","overlay-opacity":"","overlay-gradient":""},"mobile":{"background-color":"var(--ast-global-color-5)","background-image":"","background-repeat":"repeat","background-position":"center center","background-size":"auto","background-attachment":"scroll","background-type":"","background-media":"","overlay-type":"","overlay-color":"","overlay-opacity":"","overlay-gradient":""}},"footnotes":""},"class_list":["post-8985","page","type-page","status-publish","hentry"],"post_mailing_queue_ids":[],"_links":{"self":[{"href":"https:\/\/agora-eoi.xtec.cat\/eoigirona\/wp-json\/wp\/v2\/pages\/8985","targetHints":{"allow":["GET"]}}],"collection":[{"href":"https:\/\/agora-eoi.xtec.cat\/eoigirona\/wp-json\/wp\/v2\/pages"}],"about":[{"href":"https:\/\/agora-eoi.xtec.cat\/eoigirona\/wp-json\/wp\/v2\/types\/page"}],"author":[{"embeddable":true,"href":"https:\/\/agora-eoi.xtec.cat\/eoigirona\/wp-json\/wp\/v2\/users\/1"}],"replies":[{"embeddable":true,"href":"https:\/\/agora-eoi.xtec.cat\/eoigirona\/wp-json\/wp\/v2\/comments?post=8985"}],"version-history":[{"count":6,"href":"https:\/\/agora-eoi.xtec.cat\/eoigirona\/wp-json\/wp\/v2\/pages\/8985\/revisions"}],"predecessor-version":[{"id":17582,"href":"https:\/\/agora-eoi.xtec.cat\/eoigirona\/wp-json\/wp\/v2\/pages\/8985\/revisions\/17582"}],"up":[{"embeddable":true,"href":"https:\/\/agora-eoi.xtec.cat\/eoigirona\/wp-json\/wp\/v2\/pages\/8877"}],"wp:attachment":[{"href":"https:\/\/agora-eoi.xtec.cat\/eoigirona\/wp-json\/wp\/v2\/media?parent=8985"}],"curies":[{"name":"wp","href":"https:\/\/api.w.org\/{rel}","templated":true}]}}