{"id":8979,"date":"2021-11-16T12:19:39","date_gmt":"2021-11-16T11:19:39","guid":{"rendered":"https:\/\/agora-eoi.xtec.cat\/eoigirona\/?page_id=8979"},"modified":"2026-02-27T11:02:47","modified_gmt":"2026-02-27T10:02:47","slug":"canvi-dhorari","status":"publish","type":"page","link":"https:\/\/agora-eoi.xtec.cat\/eoigirona\/tramits\/canvi-dhorari\/","title":{"rendered":"Canvi d&#8217;horari"},"content":{"rendered":"<p>L&#8217; alumnat es matricula a un grup determinat sota la seva responsabilitat. L\u2019alumnat s\u2019ha de matricular a la franja hor\u00e0ria a qu\u00e8 pot assistir de manera regular. L\u2019assist\u00e8ncia \u00e9s obligat\u00f2ria per al bon funcionament del curs i per tal de poder fer un bon seguiment del progr\u00e9s d&#8217;aprenentatge.<\/p>\n<p>A partir del dimecres 1 d\u2019octubre (curs 2025-2026) s\u2019acceptaran sol\u2022licituds per canviar d\u2019horari, i aquestes que es resoldran segons la disponibilitat de places, causada per altres canvis, ren\u00fancies o trasllats. Si l&#8217;escola no us contacta, \u00e9s perqu\u00e8 no hi ha places lliures.<\/p>\n<p>En cap cas podeu anar amb un altre grup si no s&#8217;ha fet el canvi oficialment.<\/p>\n<p>Per sol\u00b7licitar-ho heu d\u2019omplir\u00a0<a href=\"https:\/\/forms.gle\/96i8R4nfdi3G2PDV7\">aquest formulari<\/a> (accessible a partir de la data esmentada).<\/p>\n<p><strong>IMPORTANT:<\/strong><\/p>\n<p>A partir del mes de desembre, qualsevol canvi d&#8217;horari ha d&#8217;anar acompanyat de documentaci\u00f3 que demostri la necessitat del canvi. Si l&#8217;alumne no t\u00e9 cap documentaci\u00f3 que ho justifiqui, pot dirigir-se a la cap d&#8217;estudis en el seu horari d&#8217;atenci\u00f3 al p\u00fablic.<\/p>\n<p>Cal adjuntar documentaci\u00f3 justificativa quan s&#8217;omple el formulari. Si l&#8217;alumne no t\u00e9 un compte amb google, no es pot adjuntar res. En aquest cas, cal fer arribar aquesta documentaci\u00f3 al correu <b><a href=\"mailto:secretaria@eoigirona.cat\" target=\"_blank\" rel=\"noopener\">secretaria@eoigirona.cat<\/a><\/b>. <span style=\"font-family: inherit; font-size: 1em; color: #000000;\">A<\/span><span style=\"font-family: inherit; font-size: 1em; color: #444444;\">grairem que poseu al tema del correu:\u00a0<\/span><em style=\"font-family: inherit; font-size: 1em;\">documentaci\u00f3 justificativa canvi horari.<\/em><\/p>\n","protected":false},"excerpt":{"rendered":"<p>L&#8217; alumnat es matricula a un grup determinat sota la seva responsabilitat. L\u2019alumnat s\u2019ha de matricular a la franja hor\u00e0ria a qu\u00e8 pot assistir de manera regular. L\u2019assist\u00e8ncia \u00e9s obligat\u00f2ria per al bon funcionament del curs i per tal de poder fer un bon seguiment del progr\u00e9s d&#8217;aprenentatge. A partir del dimecres 1 d\u2019octubre (curs [&hellip;]<\/p>\n","protected":false},"author":1,"featured_media":0,"parent":8877,"menu_order":2,"comment_status":"closed","ping_status":"closed","template":"","meta":{"_bbp_topic_count":0,"_bbp_reply_count":0,"_bbp_total_topic_count":0,"_bbp_total_reply_count":0,"_bbp_voice_count":0,"_bbp_anonymous_reply_count":0,"_bbp_topic_count_hidden":0,"_bbp_reply_count_hidden":0,"_bbp_forum_subforum_count":0,"site-sidebar-layout":"default","site-content-layout":"","ast-site-content-layout":"default","site-content-style":"default","site-sidebar-style":"default","ast-global-header-display":"","ast-banner-title-visibility":"","ast-main-header-display":"","ast-hfb-above-header-display":"","ast-hfb-below-header-display":"","ast-hfb-mobile-header-display":"","site-post-title":"","ast-breadcrumbs-content":"","ast-featured-img":"","footer-sml-layout":"","theme-transparent-header-meta":"","adv-header-id-meta":"","stick-header-meta":"","header-above-stick-meta":"","header-main-stick-meta":"","header-below-stick-meta":"","astra-migrate-meta-layouts":"set","ast-page-background-enabled":"default","ast-page-background-meta":{"desktop":{"background-color":"var(--ast-global-color-4)","background-image":"","background-repeat":"repeat","background-position":"center center","background-size":"auto","background-attachment":"scroll","background-type":"","background-media":"","overlay-type":"","overlay-color":"","overlay-opacity":"","overlay-gradient":""},"tablet":{"background-color":"","background-image":"","background-repeat":"repeat","background-position":"center center","background-size":"auto","background-attachment":"scroll","background-type":"","background-media":"","overlay-type":"","overlay-color":"","overlay-opacity":"","overlay-gradient":""},"mobile":{"background-color":"","background-image":"","background-repeat":"repeat","background-position":"center center","background-size":"auto","background-attachment":"scroll","background-type":"","background-media":"","overlay-type":"","overlay-color":"","overlay-opacity":"","overlay-gradient":""}},"ast-content-background-meta":{"desktop":{"background-color":"var(--ast-global-color-5)","background-image":"","background-repeat":"repeat","background-position":"center center","background-size":"auto","background-attachment":"scroll","background-type":"","background-media":"","overlay-type":"","overlay-color":"","overlay-opacity":"","overlay-gradient":""},"tablet":{"background-color":"var(--ast-global-color-5)","background-image":"","background-repeat":"repeat","background-position":"center center","background-size":"auto","background-attachment":"scroll","background-type":"","background-media":"","overlay-type":"","overlay-color":"","overlay-opacity":"","overlay-gradient":""},"mobile":{"background-color":"var(--ast-global-color-5)","background-image":"","background-repeat":"repeat","background-position":"center center","background-size":"auto","background-attachment":"scroll","background-type":"","background-media":"","overlay-type":"","overlay-color":"","overlay-opacity":"","overlay-gradient":""}},"footnotes":""},"class_list":["post-8979","page","type-page","status-publish","hentry"],"post_mailing_queue_ids":[],"_links":{"self":[{"href":"https:\/\/agora-eoi.xtec.cat\/eoigirona\/wp-json\/wp\/v2\/pages\/8979","targetHints":{"allow":["GET"]}}],"collection":[{"href":"https:\/\/agora-eoi.xtec.cat\/eoigirona\/wp-json\/wp\/v2\/pages"}],"about":[{"href":"https:\/\/agora-eoi.xtec.cat\/eoigirona\/wp-json\/wp\/v2\/types\/page"}],"author":[{"embeddable":true,"href":"https:\/\/agora-eoi.xtec.cat\/eoigirona\/wp-json\/wp\/v2\/users\/1"}],"replies":[{"embeddable":true,"href":"https:\/\/agora-eoi.xtec.cat\/eoigirona\/wp-json\/wp\/v2\/comments?post=8979"}],"version-history":[{"count":6,"href":"https:\/\/agora-eoi.xtec.cat\/eoigirona\/wp-json\/wp\/v2\/pages\/8979\/revisions"}],"predecessor-version":[{"id":19185,"href":"https:\/\/agora-eoi.xtec.cat\/eoigirona\/wp-json\/wp\/v2\/pages\/8979\/revisions\/19185"}],"up":[{"embeddable":true,"href":"https:\/\/agora-eoi.xtec.cat\/eoigirona\/wp-json\/wp\/v2\/pages\/8877"}],"wp:attachment":[{"href":"https:\/\/agora-eoi.xtec.cat\/eoigirona\/wp-json\/wp\/v2\/media?parent=8979"}],"curies":[{"name":"wp","href":"https:\/\/api.w.org\/{rel}","templated":true}]}}