{"id":8854,"date":"2021-11-13T17:50:47","date_gmt":"2021-11-13T16:50:47","guid":{"rendered":"https:\/\/agora-eoi.xtec.cat\/eoigirona\/?page_id=8854"},"modified":"2025-09-21T13:22:55","modified_gmt":"2025-09-21T11:22:55","slug":"rus","status":"publish","type":"page","link":"https:\/\/agora-eoi.xtec.cat\/eoigirona\/rus\/","title":{"rendered":"Rus"},"content":{"rendered":"<p><span class=\"arial text16 gris3\" style=\"color: #c42300;\"><b>Informaci\u00f3 del curs<\/b><\/span><\/p>\n<p>El Departament de Rus ofereix cursos extensius presencials dels nivells A1, A2, B1 (B1.1 i B1.2) \u00a0del Marc Europeu Com\u00fa de Refer\u00e8ncia per a les Lleng\u00fces.<\/p>\n<p>La matr\u00edcula oficial dona dret a assistir a classe i als ex\u00e0mens corresponents. En modalitat d\u2019horari extensiu presencial: classes de 2h 15 min dos dies a la setmana, de setembre a maig. En modalitat d\u2019horari extensiu semipresencial: classes de 2h 15 min un dia a la setmana, de setembre a maig.<\/p>\n<p><strong>CAP DE DEPARTAMENT: EKATERINA CHERNOVA TUP\u00cdKINA<\/strong><br \/>\nE-mail: <b><a href=\"mailto:departament.rus@eoigirona.cat\" target=\"_blank\" rel=\"noopener\"><span class=\"il\">departament<\/span>.rus@eoigirona.cat<\/a><\/b><\/p>\n<p><strong>Trobareu tota la informaci\u00f3 al men\u00fa desplegable.<\/strong><\/p>\n","protected":false},"excerpt":{"rendered":"<p>Informaci\u00f3 del curs El Departament de Rus ofereix cursos extensius presencials dels nivells A1, A2, B1 (B1.1 i B1.2) \u00a0del Marc Europeu Com\u00fa de Refer\u00e8ncia per a les Lleng\u00fces. La matr\u00edcula oficial dona dret a assistir a classe i als ex\u00e0mens corresponents. En modalitat d\u2019horari extensiu presencial: classes de 2h 15 min dos dies a [&hellip;]<\/p>\n","protected":false},"author":1,"featured_media":0,"parent":0,"menu_order":10,"comment_status":"closed","ping_status":"closed","template":"","meta":{"_bbp_topic_count":0,"_bbp_reply_count":0,"_bbp_total_topic_count":0,"_bbp_total_reply_count":0,"_bbp_voice_count":0,"_bbp_anonymous_reply_count":0,"_bbp_topic_count_hidden":0,"_bbp_reply_count_hidden":0,"_bbp_forum_subforum_count":0,"site-sidebar-layout":"default","site-content-layout":"","ast-site-content-layout":"default","site-content-style":"default","site-sidebar-style":"default","ast-global-header-display":"","ast-banner-title-visibility":"","ast-main-header-display":"","ast-hfb-above-header-display":"","ast-hfb-below-header-display":"","ast-hfb-mobile-header-display":"","site-post-title":"","ast-breadcrumbs-content":"","ast-featured-img":"","footer-sml-layout":"","theme-transparent-header-meta":"","adv-header-id-meta":"","stick-header-meta":"","header-above-stick-meta":"","header-main-stick-meta":"","header-below-stick-meta":"","astra-migrate-meta-layouts":"set","ast-page-background-enabled":"default","ast-page-background-meta":{"desktop":{"background-color":"var(--ast-global-color-4)","background-image":"","background-repeat":"repeat","background-position":"center center","background-size":"auto","background-attachment":"scroll","background-type":"","background-media":"","overlay-type":"","overlay-color":"","overlay-opacity":"","overlay-gradient":""},"tablet":{"background-color":"","background-image":"","background-repeat":"repeat","background-position":"center center","background-size":"auto","background-attachment":"scroll","background-type":"","background-media":"","overlay-type":"","overlay-color":"","overlay-opacity":"","overlay-gradient":""},"mobile":{"background-color":"","background-image":"","background-repeat":"repeat","background-position":"center center","background-size":"auto","background-attachment":"scroll","background-type":"","background-media":"","overlay-type":"","overlay-color":"","overlay-opacity":"","overlay-gradient":""}},"ast-content-background-meta":{"desktop":{"background-color":"var(--ast-global-color-5)","background-image":"","background-repeat":"repeat","background-position":"center center","background-size":"auto","background-attachment":"scroll","background-type":"","background-media":"","overlay-type":"","overlay-color":"","overlay-opacity":"","overlay-gradient":""},"tablet":{"background-color":"var(--ast-global-color-5)","background-image":"","background-repeat":"repeat","background-position":"center center","background-size":"auto","background-attachment":"scroll","background-type":"","background-media":"","overlay-type":"","overlay-color":"","overlay-opacity":"","overlay-gradient":""},"mobile":{"background-color":"var(--ast-global-color-5)","background-image":"","background-repeat":"repeat","background-position":"center center","background-size":"auto","background-attachment":"scroll","background-type":"","background-media":"","overlay-type":"","overlay-color":"","overlay-opacity":"","overlay-gradient":""}},"footnotes":""},"class_list":["post-8854","page","type-page","status-publish","hentry"],"post_mailing_queue_ids":[],"_links":{"self":[{"href":"https:\/\/agora-eoi.xtec.cat\/eoigirona\/wp-json\/wp\/v2\/pages\/8854","targetHints":{"allow":["GET"]}}],"collection":[{"href":"https:\/\/agora-eoi.xtec.cat\/eoigirona\/wp-json\/wp\/v2\/pages"}],"about":[{"href":"https:\/\/agora-eoi.xtec.cat\/eoigirona\/wp-json\/wp\/v2\/types\/page"}],"author":[{"embeddable":true,"href":"https:\/\/agora-eoi.xtec.cat\/eoigirona\/wp-json\/wp\/v2\/users\/1"}],"replies":[{"embeddable":true,"href":"https:\/\/agora-eoi.xtec.cat\/eoigirona\/wp-json\/wp\/v2\/comments?post=8854"}],"version-history":[{"count":6,"href":"https:\/\/agora-eoi.xtec.cat\/eoigirona\/wp-json\/wp\/v2\/pages\/8854\/revisions"}],"predecessor-version":[{"id":17997,"href":"https:\/\/agora-eoi.xtec.cat\/eoigirona\/wp-json\/wp\/v2\/pages\/8854\/revisions\/17997"}],"wp:attachment":[{"href":"https:\/\/agora-eoi.xtec.cat\/eoigirona\/wp-json\/wp\/v2\/media?parent=8854"}],"curies":[{"name":"wp","href":"https:\/\/api.w.org\/{rel}","templated":true}]}}