{"id":8623,"date":"2016-06-20T11:26:35","date_gmt":"2016-06-20T10:26:35","guid":{"rendered":"https:\/\/agora-eoi.xtec.cat\/eoigirona\/?page_id=8623"},"modified":"2025-10-24T16:02:53","modified_gmt":"2025-10-24T14:02:53","slug":"carrecs-de-coordinacio","status":"publish","type":"page","link":"https:\/\/agora-eoi.xtec.cat\/eoigirona\/el-servei-educatiu\/organigrama\/carrecs-de-coordinacio\/","title":{"rendered":"C\u00e0rrecs de coordinaci\u00f3"},"content":{"rendered":"<p><span style=\"color: #c42300;\"><strong>CAPS DE DEPARTAMENT D&#8217;IDIOMA<\/strong><\/span><\/p>\n<table style=\"border-collapse: collapse; width: 100%; height: 296px;\">\n<tbody>\n<tr style=\"height: 32px;\">\n<td style=\"width: 27.4151%; height: 32px;\"><span style=\"font-size: 14pt;\"><strong>DEPARTAMENT<\/strong><\/span><\/td>\n<td style=\"width: 25.3264%; height: 32px;\"><span style=\"font-size: 14pt;\"><strong>NOM I COGNOMS<\/strong><\/span><\/td>\n<td style=\"width: 47.2585%; height: 32px;\"><span style=\"font-size: 14pt;\"><strong>ADRE\u00c7A ELECTR\u00d2NICA<\/strong><\/span><\/td>\n<\/tr>\n<tr style=\"height: 33px;\">\n<td style=\"width: 27.4151%; height: 33px;\"><span style=\"font-size: 14pt;\"><strong style=\"background-color: #ffffff;\">Alemany<\/strong><\/span><\/td>\n<td style=\"height: 33px; width: 25.3264%;\"><span style=\"font-size: 14pt;\">Anna Maria Rodr\u00edguez<\/span><\/td>\n<td style=\"height: 33px; width: 47.2585%;\"><span style=\"font-size: 14pt;\">departament.alemany@eoigirona.cat<\/span><\/td>\n<\/tr>\n<tr style=\"height: 33px;\">\n<td style=\"width: 27.4151%; height: 33px;\"><span style=\"font-size: 14pt;\"><strong>Angl\u00e8s<\/strong><\/span><\/td>\n<td style=\"height: 33px; width: 25.3264%;\"><span style=\"font-size: 14pt;\">Helena Bast\u00fas<\/span><\/td>\n<td style=\"height: 33px; width: 47.2585%;\"><span style=\"font-size: 14pt;\">departament.angles@eoigirona.cat<\/span><\/td>\n<\/tr>\n<tr style=\"height: 33px;\">\n<td style=\"width: 27.4151%; height: 33px;\"><span style=\"font-size: 14pt;\"><strong style=\"background-color: #ffffff;\">\u00c0rab<\/strong><\/span><\/td>\n<td style=\"height: 33px; width: 25.3264%;\"><span style=\"font-size: 14pt;\">Anna Pallar\u00e8s<\/span><\/td>\n<td style=\"height: 33px; width: 47.2585%;\"><span style=\"font-size: 14pt;\">departament.arab@eoigirona.cat<\/span><\/td>\n<\/tr>\n<tr style=\"height: 33px;\">\n<td style=\"width: 27.4151%; height: 33px;\"><span style=\"font-size: 14pt;\"><strong>Catal\u00e0<\/strong><\/span><\/td>\n<td style=\"height: 33px; width: 25.3264%;\"><span style=\"font-size: 14pt;\">Puri G\u00f3mez<\/span><\/td>\n<td style=\"height: 33px; width: 47.2585%;\"><span style=\"font-size: 14pt;\">departament.catala@eoigirona.cat<\/span><\/td>\n<\/tr>\n<tr style=\"height: 33px;\">\n<td style=\"width: 27.4151%; height: 33px;\"><span style=\"font-size: 14pt;\"><strong style=\"background-color: #ffffff;\">Espanyol per a estrangers<\/strong><\/span><\/td>\n<td style=\"height: 33px; width: 25.3264%;\"><span style=\"font-size: 14pt;\">Paco Meneses<\/span><\/td>\n<td style=\"height: 33px; width: 47.2585%;\"><span style=\"font-size: 14pt;\">departament.espanyol@eoigirona.cat<\/span><\/td>\n<\/tr>\n<tr style=\"height: 33px;\">\n<td style=\"width: 27.4151%; height: 33px;\"><span style=\"font-size: 14pt;\"><strong>Franc\u00e8s<\/strong><\/span><\/td>\n<td style=\"height: 33px; width: 25.3264%;\"><span style=\"font-size: 14pt;\">Mariona Sans<\/span><\/td>\n<td style=\"height: 33px; width: 47.2585%;\"><span style=\"font-size: 14pt;\">departament.frances@eoigirona.cat<\/span><\/td>\n<\/tr>\n<tr style=\"height: 33px;\">\n<td style=\"width: 27.4151%; height: 33px;\"><span style=\"font-size: 14pt;\"><strong style=\"background-color: #ffffff;\">Itali\u00e0<\/strong><\/span><\/td>\n<td style=\"height: 33px; width: 25.3264%;\"><span style=\"font-size: 14pt;\">Cristina Arana<\/span><\/td>\n<td style=\"height: 33px; width: 47.2585%;\"><span style=\"font-size: 14pt;\">departament.italia@eoigirona.cat<\/span><\/td>\n<\/tr>\n<tr style=\"height: 33px;\">\n<td style=\"width: 27.4151%; height: 33px;\"><span style=\"font-size: 14pt;\"><strong>Rus<\/strong><\/span><\/td>\n<td style=\"height: 33px; width: 25.3264%;\"><span style=\"font-size: 14pt;\">Ekaterina Chernova<\/span><\/td>\n<td style=\"height: 33px; width: 47.2585%;\"><span style=\"font-size: 14pt;\">departament.rus@eoigirona.cat<\/span><\/td>\n<\/tr>\n<\/tbody>\n<\/table>\n<p><span style=\"color: #c42300;\"><strong>COORDINACIONS<\/strong><\/span><\/p>\n<table style=\"border-collapse: collapse; width: 100%; height: 188px;\">\n<tbody>\n<tr style=\"height: 32px;\">\n<td style=\"width: 33.3333%; height: 32px;\"><span style=\"font-size: 14pt;\"><strong>COORDINACI\u00d3<\/strong><\/span><\/td>\n<td style=\"width: 33.3333%; height: 32px;\"><span style=\"font-size: 14pt;\"><strong>NOM I COGNOMS<\/strong><\/span><\/td>\n<td style=\"width: 33.3333%; height: 32px;\"><span style=\"font-size: 14pt;\"><strong>ADRE\u00c7A ELECTR\u00d2NICA<\/strong><\/span><\/td>\n<\/tr>\n<tr style=\"height: 33px;\">\n<td style=\"width: 33.3333%; height: 33px;\"><span style=\"font-size: 14pt;\"><strong>Biblioteca-CAM<\/strong><\/span><\/td>\n<td style=\"width: 33.3333%; height: 33px;\"><span style=\"font-size: 14pt; background-color: #ffffff;\">Marta Coll<\/span><\/td>\n<td style=\"width: 33.3333%; height: 33px;\"><span style=\"font-size: 14pt;\">cam@eoigirona.cat<\/span><\/td>\n<\/tr>\n<tr style=\"height: 33px;\">\n<td style=\"width: 33.3333%; height: 33px;\"><span style=\"font-size: 14pt;\"><strong>Coordinadora Digital<\/strong><\/span><\/td>\n<td style=\"width: 33.3333%; height: 33px;\"><span style=\"font-size: 14pt;\">Olga Carrera<\/span><\/td>\n<td style=\"width: 33.3333%; height: 33px;\"><\/td>\n<\/tr>\n<tr style=\"height: 33px;\">\n<td style=\"width: 33.3333%; height: 33px;\"><span style=\"font-size: 14pt;\"><strong style=\"background-color: #ffffff;\">Coordinadora Ling\u00fc\u00edstica<\/strong><\/span><\/td>\n<td style=\"width: 33.3333%; height: 33px;\"><span style=\"font-size: 14pt; background-color: #ffffff;\">Paula Urgell<\/span><\/td>\n<td style=\"width: 33.3333%; height: 33px;\"><\/td>\n<\/tr>\n<tr style=\"height: 33px;\">\n<td style=\"width: 33.3333%; height: 33px;\"><span style=\"font-size: 14pt;\"><strong>Coordinadora de Riscos laborals<\/strong><\/span><\/td>\n<td style=\"width: 33.3333%; height: 33px;\"><span style=\"font-size: 14pt;\">Chantal Blanco<\/span><\/td>\n<td style=\"width: 33.3333%; height: 33px;\"><\/td>\n<\/tr>\n<tr style=\"height: 24px;\">\n<td style=\"width: 33.3333%; height: 24px;\"><span style=\"font-size: 14pt;\"><strong>Coordinadora Cocobe<\/strong><\/span><\/td>\n<td style=\"width: 33.3333%; height: 24px;\"><span style=\"font-size: 14pt;\">Marta Coll<\/span><\/td>\n<td style=\"width: 33.3333%; height: 24px;\"><span style=\"font-size: 14pt;\">cocobe@eoigirona.cat<\/span><\/td>\n<\/tr>\n<\/tbody>\n<\/table>\n","protected":false},"excerpt":{"rendered":"<p>CAPS DE DEPARTAMENT D&#8217;IDIOMA DEPARTAMENT NOM I COGNOMS ADRE\u00c7A ELECTR\u00d2NICA Alemany Anna Maria Rodr\u00edguez departament.alemany@eoigirona.cat Angl\u00e8s Helena Bast\u00fas departament.angles@eoigirona.cat \u00c0rab Anna Pallar\u00e8s departament.arab@eoigirona.cat Catal\u00e0 Puri G\u00f3mez departament.catala@eoigirona.cat Espanyol per a estrangers Paco Meneses departament.espanyol@eoigirona.cat Franc\u00e8s Mariona Sans departament.frances@eoigirona.cat Itali\u00e0 Cristina Arana departament.italia@eoigirona.cat Rus Ekaterina Chernova departament.rus@eoigirona.cat COORDINACIONS COORDINACI\u00d3 NOM I COGNOMS ADRE\u00c7A ELECTR\u00d2NICA Biblioteca-CAM Marta [&hellip;]<\/p>\n","protected":false},"author":1,"featured_media":0,"parent":8141,"menu_order":20,"comment_status":"closed","ping_status":"closed","template":"","meta":{"_bbp_topic_count":0,"_bbp_reply_count":0,"_bbp_total_topic_count":0,"_bbp_total_reply_count":0,"_bbp_voice_count":0,"_bbp_anonymous_reply_count":0,"_bbp_topic_count_hidden":0,"_bbp_reply_count_hidden":0,"_bbp_forum_subforum_count":0,"site-sidebar-layout":"default","site-content-layout":"","ast-site-content-layout":"default","site-content-style":"default","site-sidebar-style":"default","ast-global-header-display":"","ast-banner-title-visibility":"","ast-main-header-display":"","ast-hfb-above-header-display":"","ast-hfb-below-header-display":"","ast-hfb-mobile-header-display":"","site-post-title":"","ast-breadcrumbs-content":"","ast-featured-img":"","footer-sml-layout":"","theme-transparent-header-meta":"","adv-header-id-meta":"","stick-header-meta":"","header-above-stick-meta":"","header-main-stick-meta":"","header-below-stick-meta":"","astra-migrate-meta-layouts":"set","ast-page-background-enabled":"default","ast-page-background-meta":{"desktop":{"background-color":"var(--ast-global-color-4)","background-image":"","background-repeat":"repeat","background-position":"center center","background-size":"auto","background-attachment":"scroll","background-type":"","background-media":"","overlay-type":"","overlay-color":"","overlay-opacity":"","overlay-gradient":""},"tablet":{"background-color":"","background-image":"","background-repeat":"repeat","background-position":"center center","background-size":"auto","background-attachment":"scroll","background-type":"","background-media":"","overlay-type":"","overlay-color":"","overlay-opacity":"","overlay-gradient":""},"mobile":{"background-color":"","background-image":"","background-repeat":"repeat","background-position":"center center","background-size":"auto","background-attachment":"scroll","background-type":"","background-media":"","overlay-type":"","overlay-color":"","overlay-opacity":"","overlay-gradient":""}},"ast-content-background-meta":{"desktop":{"background-color":"var(--ast-global-color-5)","background-image":"","background-repeat":"repeat","background-position":"center center","background-size":"auto","background-attachment":"scroll","background-type":"","background-media":"","overlay-type":"","overlay-color":"","overlay-opacity":"","overlay-gradient":""},"tablet":{"background-color":"var(--ast-global-color-5)","background-image":"","background-repeat":"repeat","background-position":"center center","background-size":"auto","background-attachment":"scroll","background-type":"","background-media":"","overlay-type":"","overlay-color":"","overlay-opacity":"","overlay-gradient":""},"mobile":{"background-color":"var(--ast-global-color-5)","background-image":"","background-repeat":"repeat","background-position":"center center","background-size":"auto","background-attachment":"scroll","background-type":"","background-media":"","overlay-type":"","overlay-color":"","overlay-opacity":"","overlay-gradient":""}},"footnotes":""},"class_list":["post-8623","page","type-page","status-publish","hentry"],"post_mailing_queue_ids":[],"_links":{"self":[{"href":"https:\/\/agora-eoi.xtec.cat\/eoigirona\/wp-json\/wp\/v2\/pages\/8623","targetHints":{"allow":["GET"]}}],"collection":[{"href":"https:\/\/agora-eoi.xtec.cat\/eoigirona\/wp-json\/wp\/v2\/pages"}],"about":[{"href":"https:\/\/agora-eoi.xtec.cat\/eoigirona\/wp-json\/wp\/v2\/types\/page"}],"author":[{"embeddable":true,"href":"https:\/\/agora-eoi.xtec.cat\/eoigirona\/wp-json\/wp\/v2\/users\/1"}],"replies":[{"embeddable":true,"href":"https:\/\/agora-eoi.xtec.cat\/eoigirona\/wp-json\/wp\/v2\/comments?post=8623"}],"version-history":[{"count":6,"href":"https:\/\/agora-eoi.xtec.cat\/eoigirona\/wp-json\/wp\/v2\/pages\/8623\/revisions"}],"predecessor-version":[{"id":18422,"href":"https:\/\/agora-eoi.xtec.cat\/eoigirona\/wp-json\/wp\/v2\/pages\/8623\/revisions\/18422"}],"up":[{"embeddable":true,"href":"https:\/\/agora-eoi.xtec.cat\/eoigirona\/wp-json\/wp\/v2\/pages\/8141"}],"wp:attachment":[{"href":"https:\/\/agora-eoi.xtec.cat\/eoigirona\/wp-json\/wp\/v2\/media?parent=8623"}],"curies":[{"name":"wp","href":"https:\/\/api.w.org\/{rel}","templated":true}]}}