{"id":8619,"date":"2016-06-20T11:24:25","date_gmt":"2016-06-20T10:24:25","guid":{"rendered":"https:\/\/agora-eoi.xtec.cat\/eoigirona\/?page_id=8619"},"modified":"2026-02-25T18:31:21","modified_gmt":"2026-02-25T17:31:21","slug":"equip-directiu","status":"publish","type":"page","link":"https:\/\/agora-eoi.xtec.cat\/eoigirona\/el-servei-educatiu\/organigrama\/equip-directiu\/","title":{"rendered":"Equip directiu"},"content":{"rendered":"<table style=\"border-collapse: collapse; width: 100%; height: 260px;\">\n<tbody>\n<tr style=\"height: 47px;\">\n<td style=\"width: 25%; height: 47px;\"><strong>C\u00c0RREC<\/strong><\/td>\n<td style=\"width: 25%; height: 47px;\"><strong>NOM I COGNOMS<\/strong><\/td>\n<td style=\"width: 23.7879%; height: 47px;\"><strong>ADRE\u00c7A ELECTR\u00d2NICA<\/strong><\/td>\n<td style=\"width: 26.2121%; height: 47px;\"><strong>HORA D&#8217;ATENCI\u00d3<\/strong><\/td>\n<\/tr>\n<tr style=\"height: 49px;\">\n<td style=\"width: 25%; height: 49px;\"><strong style=\"font-size: 16px; background-color: #ffffff;\">Directora<\/strong><\/td>\n<td style=\"width: 25%; height: 49px;\"><span style=\"font-size: 16px; background-color: #ffffff;\">Maria Mir Figueras<\/span><\/td>\n<td style=\"width: 23.7879%; height: 49px;\"><span style=\"font-size: 16px; background-color: #ffffff;\">mmir23@xtec.cat<\/span><\/td>\n<td style=\"width: 26.2121%; height: 49px;\"><span style=\"font-size: 16px;\">dimarts de 12 a 13 h i\u00a0 dijou<\/span><span style=\"font-size: 16px;\">s de 15 a 16 h<\/span><\/td>\n<\/tr>\n<tr style=\"height: 69px;\">\n<td style=\"width: 25%; height: 51px;\"><strong style=\"font-size: 16px;\">Cap d&#8217;estudis<\/strong><\/td>\n<td style=\"width: 25%; height: 51px;\"><span style=\"font-size: 16px;\">Sandra Diaz de Alda Sans<\/span><\/td>\n<td style=\"width: 23.7879%; height: 51px;\"><span style=\"font-size: 16px;\">sdiaz5@xtec.cat<\/span><\/td>\n<td style=\"width: 26.2121%; height: 51px;\"><span style=\"font-size: 16px;\">dilluns 12 a 13 h <\/span><span style=\"font-size: 16px;\">i dimecres de 16 a 17 h<\/span><\/td>\n<\/tr>\n<tr style=\"height: 32px;\">\n<td style=\"width: 25%; height: 32px;\"><strong style=\"font-size: 16px; background-color: #ffffff;\">Secret\u00e0ria<\/strong><\/td>\n<td style=\"width: 25%; height: 32px;\"><span style=\"font-size: 16px; background-color: #ffffff;\">S\u00edlvia Guanter Alabau<\/span><\/td>\n<td style=\"width: 23.7879%; height: 32px;\"><span style=\"font-size: 16px; background-color: #ffffff;\">sguanter@xtec.cat\u00a0<\/span><\/td>\n<td style=\"width: 26.2121%; height: 32px;\"><span style=\"font-size: 16px; background-color: #ffffff;\">dijous de 12 a 13 h<\/span><\/td>\n<\/tr>\n<tr style=\"height: 49px;\">\n<td style=\"width: 25%; height: 49px;\"><strong style=\"font-size: 16px;\">Coordinadora pedag\u00f2gica<\/strong><\/td>\n<td style=\"width: 25%; height: 49px;\"><span style=\"font-size: 16px;\">Pilar Sola Lavall<\/span><\/td>\n<td style=\"width: 23.7879%; height: 49px;\"><span style=\"font-size: 16px; background-color: #ffffff;\">msola43@xtec.cat<\/span><\/td>\n<td style=\"width: 26.2121%; height: 49px;\"><span style=\"font-size: 16px; background-color: #ffffff;\">dilluns de 15 a 16 h<\/span><\/td>\n<\/tr>\n<tr style=\"height: 32px;\">\n<td style=\"width: 25%; height: 32px;\"><strong style=\"font-size: 16px; background-color: #ffffff;\">Administradora<\/strong><\/td>\n<td style=\"width: 25%; height: 32px;\"><span style=\"font-size: 16px; background-color: #ffffff;\">Chantal Blanco Brugat<\/span><\/td>\n<td style=\"width: 23.7879%; height: 32px;\"><span style=\"font-size: 16px; background-color: #ffffff;\">cblanc2@xtec.cat<\/span><\/td>\n<td style=\"width: 26.2121%; height: 32px;\"><\/td>\n<\/tr>\n<\/tbody>\n<\/table>\n<p><img loading=\"lazy\" decoding=\"async\" class=\"alignnone wp-image-13674\" src=\"https:\/\/agora-eoi.xtec.cat\/eoigirona\/wp-content\/uploads\/usu2632\/2023\/07\/IMG-20230721-WA0007.jpg\" alt=\"\" width=\"276\" height=\"294\" srcset=\"https:\/\/agora-eoi.xtec.cat\/eoigirona\/wp-content\/uploads\/usu2632\/2023\/07\/IMG-20230721-WA0007.jpg 962w, https:\/\/agora-eoi.xtec.cat\/eoigirona\/wp-content\/uploads\/usu2632\/2023\/07\/IMG-20230721-WA0007-282x300.jpg 282w, https:\/\/agora-eoi.xtec.cat\/eoigirona\/wp-content\/uploads\/usu2632\/2023\/07\/IMG-20230721-WA0007-768x817.jpg 768w\" sizes=\"auto, (max-width: 276px) 100vw, 276px\" \/><\/p>\n<p><a href=\"https:\/\/agora-eoi.xtec.cat\/eoigirona\/wp-content\/uploads\/usu2632\/2022\/07\/perfil-i-trajectoria-professional.pdf\">Perfil professional equip directiu<\/a><\/p>\n","protected":false},"excerpt":{"rendered":"<p>C\u00c0RREC NOM I COGNOMS ADRE\u00c7A ELECTR\u00d2NICA HORA D&#8217;ATENCI\u00d3 Directora Maria Mir Figueras mmir23@xtec.cat dimarts de 12 a 13 h i\u00a0 dijous de 15 a 16 h Cap d&#8217;estudis Sandra Diaz de Alda Sans sdiaz5@xtec.cat dilluns 12 a 13 h i dimecres de 16 a 17 h Secret\u00e0ria S\u00edlvia Guanter Alabau sguanter@xtec.cat\u00a0 dijous de 12 a [&hellip;]<\/p>\n","protected":false},"author":1,"featured_media":0,"parent":8141,"menu_order":10,"comment_status":"closed","ping_status":"closed","template":"","meta":{"_bbp_topic_count":0,"_bbp_reply_count":0,"_bbp_total_topic_count":0,"_bbp_total_reply_count":0,"_bbp_voice_count":0,"_bbp_anonymous_reply_count":0,"_bbp_topic_count_hidden":0,"_bbp_reply_count_hidden":0,"_bbp_forum_subforum_count":0,"site-sidebar-layout":"default","site-content-layout":"","ast-site-content-layout":"default","site-content-style":"default","site-sidebar-style":"default","ast-global-header-display":"","ast-banner-title-visibility":"","ast-main-header-display":"","ast-hfb-above-header-display":"","ast-hfb-below-header-display":"","ast-hfb-mobile-header-display":"","site-post-title":"","ast-breadcrumbs-content":"","ast-featured-img":"","footer-sml-layout":"","theme-transparent-header-meta":"","adv-header-id-meta":"","stick-header-meta":"","header-above-stick-meta":"","header-main-stick-meta":"","header-below-stick-meta":"","astra-migrate-meta-layouts":"set","ast-page-background-enabled":"default","ast-page-background-meta":{"desktop":{"background-color":"var(--ast-global-color-4)","background-image":"","background-repeat":"repeat","background-position":"center center","background-size":"auto","background-attachment":"scroll","background-type":"","background-media":"","overlay-type":"","overlay-color":"","overlay-opacity":"","overlay-gradient":""},"tablet":{"background-color":"","background-image":"","background-repeat":"repeat","background-position":"center center","background-size":"auto","background-attachment":"scroll","background-type":"","background-media":"","overlay-type":"","overlay-color":"","overlay-opacity":"","overlay-gradient":""},"mobile":{"background-color":"","background-image":"","background-repeat":"repeat","background-position":"center center","background-size":"auto","background-attachment":"scroll","background-type":"","background-media":"","overlay-type":"","overlay-color":"","overlay-opacity":"","overlay-gradient":""}},"ast-content-background-meta":{"desktop":{"background-color":"var(--ast-global-color-5)","background-image":"","background-repeat":"repeat","background-position":"center center","background-size":"auto","background-attachment":"scroll","background-type":"","background-media":"","overlay-type":"","overlay-color":"","overlay-opacity":"","overlay-gradient":""},"tablet":{"background-color":"var(--ast-global-color-5)","background-image":"","background-repeat":"repeat","background-position":"center center","background-size":"auto","background-attachment":"scroll","background-type":"","background-media":"","overlay-type":"","overlay-color":"","overlay-opacity":"","overlay-gradient":""},"mobile":{"background-color":"var(--ast-global-color-5)","background-image":"","background-repeat":"repeat","background-position":"center center","background-size":"auto","background-attachment":"scroll","background-type":"","background-media":"","overlay-type":"","overlay-color":"","overlay-opacity":"","overlay-gradient":""}},"footnotes":""},"class_list":["post-8619","page","type-page","status-publish","hentry"],"post_mailing_queue_ids":[],"_links":{"self":[{"href":"https:\/\/agora-eoi.xtec.cat\/eoigirona\/wp-json\/wp\/v2\/pages\/8619","targetHints":{"allow":["GET"]}}],"collection":[{"href":"https:\/\/agora-eoi.xtec.cat\/eoigirona\/wp-json\/wp\/v2\/pages"}],"about":[{"href":"https:\/\/agora-eoi.xtec.cat\/eoigirona\/wp-json\/wp\/v2\/types\/page"}],"author":[{"embeddable":true,"href":"https:\/\/agora-eoi.xtec.cat\/eoigirona\/wp-json\/wp\/v2\/users\/1"}],"replies":[{"embeddable":true,"href":"https:\/\/agora-eoi.xtec.cat\/eoigirona\/wp-json\/wp\/v2\/comments?post=8619"}],"version-history":[{"count":6,"href":"https:\/\/agora-eoi.xtec.cat\/eoigirona\/wp-json\/wp\/v2\/pages\/8619\/revisions"}],"predecessor-version":[{"id":19171,"href":"https:\/\/agora-eoi.xtec.cat\/eoigirona\/wp-json\/wp\/v2\/pages\/8619\/revisions\/19171"}],"up":[{"embeddable":true,"href":"https:\/\/agora-eoi.xtec.cat\/eoigirona\/wp-json\/wp\/v2\/pages\/8141"}],"wp:attachment":[{"href":"https:\/\/agora-eoi.xtec.cat\/eoigirona\/wp-json\/wp\/v2\/media?parent=8619"}],"curies":[{"name":"wp","href":"https:\/\/api.w.org\/{rel}","templated":true}]}}