{"id":8463,"date":"2016-06-15T09:08:10","date_gmt":"2016-06-15T08:08:10","guid":{"rendered":"https:\/\/agora-eoi.xtec.cat\/eoigirona\/?page_id=8463"},"modified":"2025-09-19T13:00:23","modified_gmt":"2025-09-19T11:00:23","slug":"llibres-i-lectures","status":"publish","type":"page","link":"https:\/\/agora-eoi.xtec.cat\/eoigirona\/italia\/llibres-i-lectures\/","title":{"rendered":"Llibres i lectures"},"content":{"rendered":"<p><a href=\"https:\/\/docs.google.com\/document\/d\/1SoSt5cDRVYV-xNb2xafH7Ve30_yOqFwf7UKaMd4Eb5g\/edit?usp=sharing\" target=\"_blank\" rel=\"noopener\">Llibreries de Girona<\/a> on podeu comprar els llibres del curs.<\/p>\n<table style=\"width: 100.565%; height: 1954px;\">\n<tbody>\n<tr style=\"height: 54px;\">\n<td style=\"height: 47px; width: 100%;\">\n<h3><strong>LLIBRES CURS 2025-26<\/strong><b><br \/>\n<\/b><\/h3>\n<\/td>\n<\/tr>\n<tr style=\"height: 450px;\">\n<td style=\"height: 284px; width: 100%;\">\n<h4><b>A1<\/b><\/h4>\n<p><b>LLIBRE DE TEXT<\/b><\/p>\n<div><\/div>\n<div>DAI1! S. Bacci, M. Birello, S. Bonifaccia, Casa delle Lingue Ed.<\/div>\n<div><\/div>\n<div><\/div>\n<div>Edici\u00f3 Premium (llibre +exercicis + llibre digital) <b>ISBN: 9788419273635\u00a0<\/b><\/div>\n<div><\/div>\n<div><\/div>\n<div><\/div>\n<div><\/div>\n<div><\/div>\n<div><\/div>\n<div><\/div>\n<p><b>LECTURES<\/b><\/p>\n<p>UN FINE SETTIMANA A VENEZIA, Fidelia Sollazzo, Casa delle Lingue Ed. <b>ISBN: 9788417710187<\/b><\/p>\n<p>IL SANGUE DI SAN GENNARO, Sandro Manetti, Casa delle Lingue Ed. <b>ISBN:\u00a0 9788416057986<\/b><\/td>\n<\/tr>\n<tr style=\"height: 287px;\">\n<td style=\"height: 266px; width: 100%;\">\n<h4><b>A2<\/b><\/h4>\n<p><b>LLIBRE DE TEXT<\/b><\/p>\n<p><span style=\"font-weight: 400;\">NUOVO ESPRESSO 2. Maria Bal\u00ec, Giovanna Rizzo, Alma Edizioni<\/span><\/p>\n<p><span style=\"font-weight: 400;\">Llibre + \u00e0udio en l\u00ednia\u00a0 <\/span><b>ISBN: 9788861823211<\/b><\/p>\n<p><b>LECTURES<\/b><\/p>\n<p><span style=\"font-weight: 400;\">PER QUESTO MI CHIAMO GIOVANNI<\/span><i><span style=\"font-weight: 400;\">, <\/span><\/i><span style=\"font-weight: 400;\">Luigi Garlando, Ed. BUR. Rizzoli <\/span><b>\u00a0ISBN: 9788817161367\u00a0<\/b><\/p>\n<p><span style=\"font-weight: 400;\">IO NON HO PAURA &#8211; Niccol\u00f2 Ammaniti. Editore Einaudi <\/span><b>\u00a0\u00a0ISBN: 9788806188672<\/b><\/td>\n<\/tr>\n<tr style=\"height: 366px;\">\n<td style=\"height: 348px; width: 100%;\">\n<h4><b>B1<\/b><\/h4>\n<p><b>LLIBRE DE TEXT<\/b><\/p>\n<p><span style=\"font-weight: 400;\">NUOVO ESPRESSO 3, Maria Bal\u00ec, Luciana Ziglio. Alma Ed.<\/span><\/p>\n<p><span style=\"font-weight: 400;\">Llibre + \u00e0udio en l\u00ednea \u00a0 <\/span><b>ISBN: 9788861823396<\/b><\/p>\n<p><b>LECTURES<\/b><\/p>\n<p><span style=\"font-weight: 400;\">LE TRE DEL MATTINO,\u00a0 Gianrico Carofiglio. Einaudi Ed.\u00a0 \u00a0 <\/span><b>ISBN: 9788806240707<\/b><\/p>\n<p><span style=\"font-weight: 400;\">SOSTIENE PEREIRA, Antonio Tabucchi. Feltrinelli Ed.\u00a0 \u00a0 <\/span><b>ISBN:\u00a0 9788807892158<\/b><\/td>\n<\/tr>\n<tr style=\"height: 366px;\">\n<td style=\"height: 338px; width: 100%;\">\n<h4><b>B2.1<\/b><\/h4>\n<p><b>LLIBRE DE TEXT<\/b><\/p>\n<p><span style=\"font-weight: 400;\">NUOVO ESPRESSO 4. Maria Bal\u00ec, Irene Dei. Alma Ed.<\/span><\/p>\n<p><span style=\"font-weight: 400;\">Llibre + \u00e0udio i v\u00eddeo en l\u00ednea <\/span><b>ISBN:\u00a0 9788861827165<\/b><\/p>\n<p><b>LECTURES<\/b><\/p>\n<p><span style=\"font-weight: 400;\">CI\u00d2 CHE INFERNO NON \u00c8, Alessandro d\u2019Avenia. Mondadori Ed. <\/span><b>ISBN: 9788804666653<\/b><\/p>\n<p><span style=\"font-weight: 400;\">ACCABADORA, Michela Murgia. Giulio Einaudi Ed. <\/span><b>ISBN: 9788806197803<\/b><\/p>\n<p><span style=\"font-weight: 400;\">UNA MUTEVOLE VERIT\u00c0, Gianrico Carofiglio Einaudi Ed. <\/span><b>ISBN: 9788806220525<\/b><\/td>\n<\/tr>\n<tr>\n<td style=\"width: 100%;\">\n<h4><b>B2.2<\/b><\/h4>\n<p><b>LLIBRE DE TEXT<\/b><\/p>\n<p><span style=\"font-weight: 400;\">NUOVO ESPRESSO 5. Giorgio Massei, Rosella Bellagamba. Alma Ed.<\/span><\/p>\n<p><span style=\"font-weight: 400;\">Llibre + \u00e0udio i v\u00eddeo en l\u00ednea <\/span><b>ISBN<\/b><span style=\"font-weight: 400;\"> 9788861827479<\/span><\/p>\n<p><b>LECTURES<br \/>\n<\/b><\/p>\n<p><span style=\"font-weight: 400;\">In altre parole, J. Lahiri, Guanda.<\/span><b> ISBN: 9788823513457<\/b><\/p>\n<p><span style=\"font-weight: 400;\">Resto qui, M. Bolzano, Einaudi. <\/span><b>ISBN: 9788806243692<\/b><\/p>\n<p><span style=\"font-weight: 400;\">Il treno dei bambini, V. Ardone, Einaudi. <\/span><b>ISBN: 9788806242329<\/b><\/td>\n<\/tr>\n<tr style=\"height: 446px;\">\n<td style=\"height: 297px; width: 100%;\"><b>C1<\/b><b>LLIBRE DE TEXT<\/b><span style=\"font-weight: 400;\">NUOVO ESPRESSO 6, M. Guida, C. Pegoraro, Alma Ed.<\/span><span style=\"font-weight: 400;\">Llibre + \u00e0udio i v\u00eddeo en l\u00ednea<\/span><b> ISBN: 9788861826106<\/b><b>LECTURES\u00a0<\/b><span style=\"font-weight: 400;\">Il giorno prima della felicit\u00e0, E. De Luca, Feltrinelli.<\/span><b> ISBN: 9788807017735<\/b><\/p>\n<p><span style=\"font-weight: 400;\">Le otto montagne, P. Cognetti, Einaudi. <\/span><b>ISBN: 9788806239831<\/b><\/p>\n<p><span style=\"font-weight: 400;\">Dove non mi hai portata. Mia madre, un caso di cronaca, M. G. Calandrone, Einaudi.\u00a0 <\/span><b>ISBN:9788806257477 <\/b><\/td>\n<\/tr>\n<\/tbody>\n<\/table>\n","protected":false},"excerpt":{"rendered":"<p>Llibreries de Girona on podeu comprar els llibres del curs. LLIBRES CURS 2025-26 A1 LLIBRE DE TEXT DAI1! S. Bacci, M. Birello, S. Bonifaccia, Casa delle Lingue Ed. Edici\u00f3 Premium (llibre +exercicis + llibre digital) ISBN: 9788419273635\u00a0 LECTURES UN FINE SETTIMANA A VENEZIA, Fidelia Sollazzo, Casa delle Lingue Ed. ISBN: 9788417710187 IL SANGUE DI SAN [&hellip;]<\/p>\n","protected":false},"author":1,"featured_media":0,"parent":8455,"menu_order":30,"comment_status":"closed","ping_status":"closed","template":"","meta":{"_bbp_topic_count":0,"_bbp_reply_count":0,"_bbp_total_topic_count":0,"_bbp_total_reply_count":0,"_bbp_voice_count":0,"_bbp_anonymous_reply_count":0,"_bbp_topic_count_hidden":0,"_bbp_reply_count_hidden":0,"_bbp_forum_subforum_count":0,"site-sidebar-layout":"default","site-content-layout":"","ast-site-content-layout":"default","site-content-style":"default","site-sidebar-style":"default","ast-global-header-display":"","ast-banner-title-visibility":"","ast-main-header-display":"","ast-hfb-above-header-display":"","ast-hfb-below-header-display":"","ast-hfb-mobile-header-display":"","site-post-title":"","ast-breadcrumbs-content":"","ast-featured-img":"","footer-sml-layout":"","theme-transparent-header-meta":"","adv-header-id-meta":"","stick-header-meta":"","header-above-stick-meta":"","header-main-stick-meta":"","header-below-stick-meta":"","astra-migrate-meta-layouts":"set","ast-page-background-enabled":"default","ast-page-background-meta":{"desktop":{"background-color":"var(--ast-global-color-4)","background-image":"","background-repeat":"repeat","background-position":"center center","background-size":"auto","background-attachment":"scroll","background-type":"","background-media":"","overlay-type":"","overlay-color":"","overlay-opacity":"","overlay-gradient":""},"tablet":{"background-color":"","background-image":"","background-repeat":"repeat","background-position":"center center","background-size":"auto","background-attachment":"scroll","background-type":"","background-media":"","overlay-type":"","overlay-color":"","overlay-opacity":"","overlay-gradient":""},"mobile":{"background-color":"","background-image":"","background-repeat":"repeat","background-position":"center center","background-size":"auto","background-attachment":"scroll","background-type":"","background-media":"","overlay-type":"","overlay-color":"","overlay-opacity":"","overlay-gradient":""}},"ast-content-background-meta":{"desktop":{"background-color":"var(--ast-global-color-5)","background-image":"","background-repeat":"repeat","background-position":"center center","background-size":"auto","background-attachment":"scroll","background-type":"","background-media":"","overlay-type":"","overlay-color":"","overlay-opacity":"","overlay-gradient":""},"tablet":{"background-color":"var(--ast-global-color-5)","background-image":"","background-repeat":"repeat","background-position":"center center","background-size":"auto","background-attachment":"scroll","background-type":"","background-media":"","overlay-type":"","overlay-color":"","overlay-opacity":"","overlay-gradient":""},"mobile":{"background-color":"var(--ast-global-color-5)","background-image":"","background-repeat":"repeat","background-position":"center center","background-size":"auto","background-attachment":"scroll","background-type":"","background-media":"","overlay-type":"","overlay-color":"","overlay-opacity":"","overlay-gradient":""}},"footnotes":""},"class_list":["post-8463","page","type-page","status-publish","hentry"],"post_mailing_queue_ids":[],"_links":{"self":[{"href":"https:\/\/agora-eoi.xtec.cat\/eoigirona\/wp-json\/wp\/v2\/pages\/8463","targetHints":{"allow":["GET"]}}],"collection":[{"href":"https:\/\/agora-eoi.xtec.cat\/eoigirona\/wp-json\/wp\/v2\/pages"}],"about":[{"href":"https:\/\/agora-eoi.xtec.cat\/eoigirona\/wp-json\/wp\/v2\/types\/page"}],"author":[{"embeddable":true,"href":"https:\/\/agora-eoi.xtec.cat\/eoigirona\/wp-json\/wp\/v2\/users\/1"}],"replies":[{"embeddable":true,"href":"https:\/\/agora-eoi.xtec.cat\/eoigirona\/wp-json\/wp\/v2\/comments?post=8463"}],"version-history":[{"count":6,"href":"https:\/\/agora-eoi.xtec.cat\/eoigirona\/wp-json\/wp\/v2\/pages\/8463\/revisions"}],"predecessor-version":[{"id":17973,"href":"https:\/\/agora-eoi.xtec.cat\/eoigirona\/wp-json\/wp\/v2\/pages\/8463\/revisions\/17973"}],"up":[{"embeddable":true,"href":"https:\/\/agora-eoi.xtec.cat\/eoigirona\/wp-json\/wp\/v2\/pages\/8455"}],"wp:attachment":[{"href":"https:\/\/agora-eoi.xtec.cat\/eoigirona\/wp-json\/wp\/v2\/media?parent=8463"}],"curies":[{"name":"wp","href":"https:\/\/api.w.org\/{rel}","templated":true}]}}