{"id":8459,"date":"2016-06-15T09:06:11","date_gmt":"2016-06-15T08:06:11","guid":{"rendered":"https:\/\/agora-eoi.xtec.cat\/eoigirona\/?page_id=8459"},"modified":"2025-09-16T11:26:41","modified_gmt":"2025-09-16T09:26:41","slug":"horaris","status":"publish","type":"page","link":"https:\/\/agora-eoi.xtec.cat\/eoigirona\/italia\/horaris\/","title":{"rendered":"Horaris"},"content":{"rendered":"<p><b>HORARIS DEL CURS 2025-2026<\/b><\/p>\n<p><b><br \/>\n<\/b>&#8211; L\u2019EOI Girona no pot garantir que es mantingui l\u2019horari que ara escolliu en els cursos successius.<br \/>\n&#8211; Les proves de final de curs poden no coincidir amb el dia i hora de classe habitual.<br \/>\n&#8211; El dia i hora de l\u2019examen final no es pot canviar.<br \/>\n&#8211; L\u2019assist\u00e8ncia a classe \u00e9s obligat\u00f2ria.<br \/>\n&#8211; Consulteu normativa de canvis d\u2019horari.<\/p>\n<p>Si teniu dubtes o preguntes de caire pedag\u00f2gic, poseu-vos en contacte amb el\/la cap de departament:\u00a0<a href=\"mailto:departament.frances@eoigirona.cat\" target=\"_blank\" rel=\"noopener\">departament.italia@eoigirona.<wbr \/>cat<\/a><\/p>\n<p>\u2014\u2014\u2014\u2014\u2014\u2014\u2014\u2014\u2014<\/p>\n<p>Veureu el nom del professor\/a en el moment de fer la matr\u00edcula a l\u2019aplicatiu.<\/p>\n<div class=\"separacio5\"><\/div>\n<table style=\"height: 249px; width: 50.2697%; border-style: solid; border-color: #bdbdbd;\" border=\"0\" width=\"61.1363%\" cellspacing=\"0\" cellpadding=\"0\">\n<tbody>\n<tr style=\"border-style: solid; border-color: #bdbdbd;\">\n<td class=\"arial text11 blanc\" style=\"width: 1.47059%; height: 33px; border-style: solid; border-color: #bdbdbd; background-color: #c85f5f;\" valign=\"middle\" bgcolor=\"#999999\" height=\"29\"><span style=\"color: #ffffff;\"><b>Nivell<\/b><\/span><\/td>\n<td class=\"arial text11 blanc\" style=\"width: 48.8978%; height: 33px; border-style: solid; border-color: #bdbdbd; background-color: #c85f5f;\" valign=\"middle\" bgcolor=\"#999999\" height=\"29\"><span style=\"color: #ffffff;\"><b>Dia<\/b><\/span><\/td>\n<td class=\"arial text11 blanc\" style=\"width: 126.538%; height: 33px; border-style: solid; border-color: #bdbdbd; background-color: #c85f5f;\" valign=\"middle\" bgcolor=\"#999999\" height=\"29\"><span style=\"color: #ffffff;\"><b>Hora<\/b><\/span><\/td>\n<td style=\"width: 3.831418%; height: 33px; border-style: solid; border-color: #bdbdbd; background-color: #c85f5f;\"><span style=\"color: #ffffff;\"><b>Aula<\/b><\/span><\/td>\n<\/tr>\n<tr style=\"border-style: solid; border-color: #bdbdbd;\">\n<td class=\"arial text11 gris6\" style=\"background-color: #ffffff; width: 1.47059%; height: 33px; border-style: solid; border-color: #bdbdbd;\" align=\"center\" valign=\"middle\" bgcolor=\"#FFFFCC\" height=\"27\">A1<\/td>\n<td class=\"arial text11 gris6\" style=\"background-color: #ffffff; width: 48.8978%; height: 33px; border-style: solid; border-color: #bdbdbd;\" valign=\"middle\" bgcolor=\"#FFFFCC\" height=\"27\">Dilluns-dimecres<\/td>\n<td class=\"arial text11 gris6\" style=\"background-color: #ffffff; width: 126.538%; height: 33px; border-style: solid; border-color: #bdbdbd;\" valign=\"middle\" bgcolor=\"#FFFFCC\" height=\"27\">16.00 &#8211; 18.15<\/td>\n<td style=\"background-color: #ffffff; width: 3.831418%; height: 33px; border-style: solid; border-color: #bdbdbd;\">24<\/td>\n<\/tr>\n<tr style=\"border-style: solid; border-color: #bdbdbd;\">\n<td class=\"arial text11 gris6\" style=\"background-color: #ffffff; width: 1.47059%; height: 33px; border-style: solid; border-color: #bdbdbd;\" align=\"center\" valign=\"middle\" bgcolor=\"#FFFFFF\" height=\"27\">A1<\/td>\n<td class=\"arial text11 gris6\" style=\"background-color: #ffffff; width: 48.8978%; height: 33px; border-style: solid; border-color: #bdbdbd;\" valign=\"middle\" bgcolor=\"#FFFFFF\" height=\"27\">Dilluns-dimecres<\/td>\n<td class=\"arial text11 gris6\" style=\"background-color: #ffffff; width: 126.538%; height: 33px; border-style: solid; border-color: #bdbdbd;\" valign=\"middle\" bgcolor=\"#FFFFFF\" height=\"27\">18.30 &#8211; 20.45<\/td>\n<td style=\"background-color: #ffffff; width: 3.831418%; height: 33px; border-style: solid; border-color: #bdbdbd;\">24<\/td>\n<\/tr>\n<tr style=\"border-style: solid; border-color: #bdbdbd;\">\n<td class=\"arial text11 gris6\" style=\"background-color: #ffffff; width: 1.47059%; height: 33px; border-style: solid; border-color: #bdbdbd;\" align=\"center\" valign=\"middle\" bgcolor=\"#FFFFFF\" height=\"27\">A2<\/td>\n<td class=\"arial text11 gris6\" style=\"background-color: #ffffff; width: 48.8978%; height: 33px; border-style: solid; border-color: #bdbdbd;\" valign=\"middle\" bgcolor=\"#FFFFFF\" height=\"27\">Dimarts-dijous<\/td>\n<td class=\"arial text11 gris6\" style=\"background-color: #ffffff; width: 126.538%; height: 33px; border-style: solid; border-color: #bdbdbd;\" valign=\"middle\" bgcolor=\"#FFFFFF\" height=\"27\">16.00 &#8211; 18.15<\/td>\n<td style=\"background-color: #ffffff; width: 3.831418%; height: 33px; border-style: solid; border-color: #bdbdbd;\">26<\/td>\n<\/tr>\n<tr style=\"border-style: solid; border-color: #bdbdbd;\">\n<td class=\"arial text11 gris6\" style=\"background-color: #ffffff; width: 1.47059%; height: 10px; border-style: solid; border-color: #bdbdbd;\" align=\"center\" valign=\"middle\" bgcolor=\"#FFFFCC\" height=\"27\">B1<\/td>\n<td class=\"arial text11 gris6\" style=\"background-color: #ffffff; width: 48.8978%; height: 10px; border-style: solid; border-color: #bdbdbd;\" valign=\"middle\" bgcolor=\"#FFFFCC\" height=\"27\">Dilluns-dimecres<\/td>\n<td class=\"arial text11 gris6\" style=\"background-color: #ffffff; width: 126.538%; height: 10px; border-style: solid; border-color: #bdbdbd;\" valign=\"middle\" bgcolor=\"#FFFFCC\" height=\"27\">18.30 &#8211; 20.45<\/td>\n<td style=\"background-color: #ffffff; width: 3.831418%; height: 10px; border-style: solid; border-color: #bdbdbd;\">26<\/td>\n<\/tr>\n<tr style=\"border-style: solid; border-color: #bdbdbd;\">\n<td class=\"arial text11 gris6\" style=\"background-color: #ffffff; width: 1.47059%; height: 33px; border-style: solid; border-color: #bdbdbd;\" align=\"center\" valign=\"middle\" bgcolor=\"#FFFFFF\" height=\"27\">B2.1<\/td>\n<td class=\"arial text11 gris6\" style=\"background-color: #ffffff; width: 48.8978%; height: 33px; border-style: solid; border-color: #bdbdbd;\" valign=\"middle\" bgcolor=\"#FFFFFF\" height=\"27\">Dimarts-dijous<\/td>\n<td class=\"arial text11 gris6\" style=\"background-color: #ffffff; width: 126.538%; height: 33px; border-style: solid; border-color: #bdbdbd;\" valign=\"middle\" bgcolor=\"#FFFFFF\" height=\"27\">18.30 &#8211; 20.45<\/td>\n<td style=\"background-color: #ffffff; width: 3.831418%; height: 33px; border-style: solid; border-color: #bdbdbd;\">26<\/td>\n<\/tr>\n<tr style=\"border-style: solid; border-color: #bdbdbd;\">\n<td class=\"arial text11 gris6\" style=\"background-color: #ffffff; width: 1.47059%; height: 33px; border-style: solid; border-color: #bdbdbd;\" align=\"center\" valign=\"middle\" bgcolor=\"#FFFFCC\" height=\"27\">B2.2<\/td>\n<td class=\"arial text11 gris6\" style=\"background-color: #ffffff; width: 48.8978%; height: 33px; border-style: solid; border-color: #bdbdbd;\" valign=\"middle\" bgcolor=\"#FFFFCC\" height=\"27\">Dimarts-dijous<\/td>\n<td class=\"arial text11 gris6\" style=\"background-color: #ffffff; width: 126.538%; height: 33px; border-style: solid; border-color: #bdbdbd;\" valign=\"middle\" bgcolor=\"#FFFFCC\" height=\"27\">16.00 &#8211; 18.15<\/td>\n<td style=\"background-color: #ffffff; width: 3.831418%; height: 33px; border-style: solid; border-color: #bdbdbd;\">24<\/td>\n<\/tr>\n<tr style=\"border-style: solid; border-color: #bdbdbd;\">\n<td style=\"background-color: #ffffff; width: 1.47059%; border-style: solid; border-color: #bdbdbd; height: 41px;\">\u00a0 \u00a0C1<\/td>\n<td style=\"background-color: #ffffff; width: 48.8978%; border-style: solid; border-color: #bdbdbd; height: 41px;\">Semipresencial &#8211; Dijous<\/td>\n<td style=\"background-color: #ffffff; width: 126.538%; border-style: solid; border-color: #bdbdbd; height: 41px;\">18.30 &#8211; 20.45<\/td>\n<td style=\"background-color: #ffffff; width: 3.831418%; border-style: solid; border-color: #bdbdbd; height: 41px;\">24<\/td>\n<\/tr>\n<\/tbody>\n<\/table>\n<p>* El nivell C1 s&#8217;ofereix en anys alterns.<\/p>\n","protected":false},"excerpt":{"rendered":"<p>HORARIS DEL CURS 2025-2026 &#8211; L\u2019EOI Girona no pot garantir que es mantingui l\u2019horari que ara escolliu en els cursos successius. &#8211; Les proves de final de curs poden no coincidir amb el dia i hora de classe habitual. &#8211; El dia i hora de l\u2019examen final no es pot canviar. &#8211; L\u2019assist\u00e8ncia a classe [&hellip;]<\/p>\n","protected":false},"author":1,"featured_media":0,"parent":8455,"menu_order":10,"comment_status":"closed","ping_status":"closed","template":"","meta":{"_bbp_topic_count":0,"_bbp_reply_count":0,"_bbp_total_topic_count":0,"_bbp_total_reply_count":0,"_bbp_voice_count":0,"_bbp_anonymous_reply_count":0,"_bbp_topic_count_hidden":0,"_bbp_reply_count_hidden":0,"_bbp_forum_subforum_count":0,"site-sidebar-layout":"default","site-content-layout":"","ast-site-content-layout":"default","site-content-style":"default","site-sidebar-style":"default","ast-global-header-display":"","ast-banner-title-visibility":"","ast-main-header-display":"","ast-hfb-above-header-display":"","ast-hfb-below-header-display":"","ast-hfb-mobile-header-display":"","site-post-title":"","ast-breadcrumbs-content":"","ast-featured-img":"","footer-sml-layout":"","theme-transparent-header-meta":"default","adv-header-id-meta":"","stick-header-meta":"","header-above-stick-meta":"","header-main-stick-meta":"","header-below-stick-meta":"","astra-migrate-meta-layouts":"set","ast-page-background-enabled":"default","ast-page-background-meta":{"desktop":{"background-color":"var(--ast-global-color-4)","background-image":"","background-repeat":"repeat","background-position":"center center","background-size":"auto","background-attachment":"scroll","background-type":"","background-media":"","overlay-type":"","overlay-color":"","overlay-opacity":"","overlay-gradient":""},"tablet":{"background-color":"","background-image":"","background-repeat":"repeat","background-position":"center center","background-size":"auto","background-attachment":"scroll","background-type":"","background-media":"","overlay-type":"","overlay-color":"","overlay-opacity":"","overlay-gradient":""},"mobile":{"background-color":"","background-image":"","background-repeat":"repeat","background-position":"center center","background-size":"auto","background-attachment":"scroll","background-type":"","background-media":"","overlay-type":"","overlay-color":"","overlay-opacity":"","overlay-gradient":""}},"ast-content-background-meta":{"desktop":{"background-color":"var(--ast-global-color-5)","background-image":"","background-repeat":"repeat","background-position":"center center","background-size":"auto","background-attachment":"scroll","background-type":"","background-media":"","overlay-type":"","overlay-color":"","overlay-opacity":"","overlay-gradient":""},"tablet":{"background-color":"var(--ast-global-color-5)","background-image":"","background-repeat":"repeat","background-position":"center center","background-size":"auto","background-attachment":"scroll","background-type":"","background-media":"","overlay-type":"","overlay-color":"","overlay-opacity":"","overlay-gradient":""},"mobile":{"background-color":"var(--ast-global-color-5)","background-image":"","background-repeat":"repeat","background-position":"center center","background-size":"auto","background-attachment":"scroll","background-type":"","background-media":"","overlay-type":"","overlay-color":"","overlay-opacity":"","overlay-gradient":""}},"footnotes":""},"class_list":["post-8459","page","type-page","status-publish","hentry"],"post_mailing_queue_ids":[],"_links":{"self":[{"href":"https:\/\/agora-eoi.xtec.cat\/eoigirona\/wp-json\/wp\/v2\/pages\/8459","targetHints":{"allow":["GET"]}}],"collection":[{"href":"https:\/\/agora-eoi.xtec.cat\/eoigirona\/wp-json\/wp\/v2\/pages"}],"about":[{"href":"https:\/\/agora-eoi.xtec.cat\/eoigirona\/wp-json\/wp\/v2\/types\/page"}],"author":[{"embeddable":true,"href":"https:\/\/agora-eoi.xtec.cat\/eoigirona\/wp-json\/wp\/v2\/users\/1"}],"replies":[{"embeddable":true,"href":"https:\/\/agora-eoi.xtec.cat\/eoigirona\/wp-json\/wp\/v2\/comments?post=8459"}],"version-history":[{"count":6,"href":"https:\/\/agora-eoi.xtec.cat\/eoigirona\/wp-json\/wp\/v2\/pages\/8459\/revisions"}],"predecessor-version":[{"id":17901,"href":"https:\/\/agora-eoi.xtec.cat\/eoigirona\/wp-json\/wp\/v2\/pages\/8459\/revisions\/17901"}],"up":[{"embeddable":true,"href":"https:\/\/agora-eoi.xtec.cat\/eoigirona\/wp-json\/wp\/v2\/pages\/8455"}],"wp:attachment":[{"href":"https:\/\/agora-eoi.xtec.cat\/eoigirona\/wp-json\/wp\/v2\/media?parent=8459"}],"curies":[{"name":"wp","href":"https:\/\/api.w.org\/{rel}","templated":true}]}}