{"id":8411,"date":"2016-06-14T14:54:16","date_gmt":"2016-06-14T13:54:16","guid":{"rendered":"https:\/\/agora-eoi.xtec.cat\/eoigirona\/?page_id=8411"},"modified":"2025-10-24T16:12:07","modified_gmt":"2025-10-24T14:12:07","slug":"serveis","status":"publish","type":"page","link":"https:\/\/agora-eoi.xtec.cat\/eoigirona\/el-servei-educatiu\/serveis\/","title":{"rendered":"Serveis i equipaments"},"content":{"rendered":"<p>L&#8217;EOI Girona disposa de:<\/p>\n<ul>\n<li>21 aules totalment equipades amb can\u00f3, pantalles t\u00e0ctils i connexi\u00f3 a internet.<\/li>\n<li>Wifi oberta a tot el centre<\/li>\n<li>Sala d&#8217;actes amb un aforament de 80 localitats, per a confer\u00e8ncies, col\u00b7loquis, representacions teatrals i projecci\u00f3 de pel\u00b7l\u00edcules.<\/li>\n<li><a href=\"https:\/\/agora-eoi.xtec.cat\/eoigirona\/biblioteca-cam\/que-es-el-cam\/\" target=\"_blank\" rel=\"noopener\">Biblioteca &#8211; Centre d&#8217;Autoaprenentatge i Mediateca<\/a><\/li>\n<li>Bar cantina (Planta baixa)<\/li>\n<li>Fotocopiadora per a \u00fas p\u00fablic<\/li>\n<li>Aparcament per a bicicletes i patinets<\/li>\n<li>Aire condicionat<\/li>\n<li>C\u00e0meres de videovigil\u00e0ncia a l&#8217;entrada de l&#8217;edifici per garantir la seguretat de tots els membres de la comunitat educativa.<\/li>\n<\/ul>\n<p><em>AV\u00cdS LEGAL SOBRE PROTECCI\u00d3 DE DADES EN SISTEMES DE VIDEOVIGIL\u00c0NCIA<\/em><br \/>\n<em>En compliment de l\u2019article 5.1. de la Llei Org\u00e0nica 15\/1999, de 13 de desembre, sobre Protecci\u00f3 de Dades de Car\u00e0cter Personal, i de l\u2019article 12.6. de la Instrucci\u00f3 1\/2009, de 10 de febrer de l\u2019Ag\u00e8ncia Catalana de Protecci\u00f3 de Dades, sobre el tractament de dades de car\u00e0cter personal mitjan\u00e7ant c\u00e0meres amb fins de videovigil\u00e0ncia, l\u2019informem:<\/em><\/p>\n<p><em>1. Que les seves dades personals s\u2019incorporaran al fitxer anomenat &#8220;Videovigil\u00e0ncia&#8221; i seran tractades amb la finalitat de control de seguretat a trav\u00e9s d\u2019un sistema de videovigil\u00e0ncia.<\/em><br \/>\n<em>2. Que el destinatari de les seves dades personals \u00e9s:<\/em><br \/>\n<em>Escola Oficial d\u2019Idiomes de Girona<\/em><br \/>\n<em>3. Que pot exercitar els seus drets d\u2019acc\u00e9s, rectificaci\u00f3, cancel\u00b7laci\u00f3 i oposici\u00f3 davant del responsable del fitxer.<\/em><br \/>\n<em>4. Que el responsable del fitxer \u00e9s Escola Oficial d\u2019Idiomes de Girona i la seva adre\u00e7a Carrer Josep Viader, 16 &#8211; 17005- Girona<\/em><\/p>\n","protected":false},"excerpt":{"rendered":"<p>L&#8217;EOI Girona disposa de: 21 aules totalment equipades amb can\u00f3, pantalles t\u00e0ctils i connexi\u00f3 a internet. Wifi oberta a tot el centre Sala d&#8217;actes amb un aforament de 80 localitats, per a confer\u00e8ncies, col\u00b7loquis, representacions teatrals i projecci\u00f3 de pel\u00b7l\u00edcules. Biblioteca &#8211; Centre d&#8217;Autoaprenentatge i Mediateca Bar cantina (Planta baixa) Fotocopiadora per a \u00fas p\u00fablic [&hellip;]<\/p>\n","protected":false},"author":1,"featured_media":0,"parent":806,"menu_order":10,"comment_status":"closed","ping_status":"closed","template":"","meta":{"_bbp_topic_count":0,"_bbp_reply_count":0,"_bbp_total_topic_count":0,"_bbp_total_reply_count":0,"_bbp_voice_count":0,"_bbp_anonymous_reply_count":0,"_bbp_topic_count_hidden":0,"_bbp_reply_count_hidden":0,"_bbp_forum_subforum_count":0,"site-sidebar-layout":"default","site-content-layout":"","ast-site-content-layout":"default","site-content-style":"default","site-sidebar-style":"default","ast-global-header-display":"","ast-banner-title-visibility":"","ast-main-header-display":"","ast-hfb-above-header-display":"","ast-hfb-below-header-display":"","ast-hfb-mobile-header-display":"","site-post-title":"","ast-breadcrumbs-content":"","ast-featured-img":"","footer-sml-layout":"","theme-transparent-header-meta":"","adv-header-id-meta":"","stick-header-meta":"","header-above-stick-meta":"","header-main-stick-meta":"","header-below-stick-meta":"","astra-migrate-meta-layouts":"set","ast-page-background-enabled":"default","ast-page-background-meta":{"desktop":{"background-color":"var(--ast-global-color-4)","background-image":"","background-repeat":"repeat","background-position":"center center","background-size":"auto","background-attachment":"scroll","background-type":"","background-media":"","overlay-type":"","overlay-color":"","overlay-opacity":"","overlay-gradient":""},"tablet":{"background-color":"","background-image":"","background-repeat":"repeat","background-position":"center center","background-size":"auto","background-attachment":"scroll","background-type":"","background-media":"","overlay-type":"","overlay-color":"","overlay-opacity":"","overlay-gradient":""},"mobile":{"background-color":"","background-image":"","background-repeat":"repeat","background-position":"center center","background-size":"auto","background-attachment":"scroll","background-type":"","background-media":"","overlay-type":"","overlay-color":"","overlay-opacity":"","overlay-gradient":""}},"ast-content-background-meta":{"desktop":{"background-color":"var(--ast-global-color-5)","background-image":"","background-repeat":"repeat","background-position":"center center","background-size":"auto","background-attachment":"scroll","background-type":"","background-media":"","overlay-type":"","overlay-color":"","overlay-opacity":"","overlay-gradient":""},"tablet":{"background-color":"var(--ast-global-color-5)","background-image":"","background-repeat":"repeat","background-position":"center center","background-size":"auto","background-attachment":"scroll","background-type":"","background-media":"","overlay-type":"","overlay-color":"","overlay-opacity":"","overlay-gradient":""},"mobile":{"background-color":"var(--ast-global-color-5)","background-image":"","background-repeat":"repeat","background-position":"center center","background-size":"auto","background-attachment":"scroll","background-type":"","background-media":"","overlay-type":"","overlay-color":"","overlay-opacity":"","overlay-gradient":""}},"footnotes":""},"class_list":["post-8411","page","type-page","status-publish","hentry"],"post_mailing_queue_ids":[],"_links":{"self":[{"href":"https:\/\/agora-eoi.xtec.cat\/eoigirona\/wp-json\/wp\/v2\/pages\/8411","targetHints":{"allow":["GET"]}}],"collection":[{"href":"https:\/\/agora-eoi.xtec.cat\/eoigirona\/wp-json\/wp\/v2\/pages"}],"about":[{"href":"https:\/\/agora-eoi.xtec.cat\/eoigirona\/wp-json\/wp\/v2\/types\/page"}],"author":[{"embeddable":true,"href":"https:\/\/agora-eoi.xtec.cat\/eoigirona\/wp-json\/wp\/v2\/users\/1"}],"replies":[{"embeddable":true,"href":"https:\/\/agora-eoi.xtec.cat\/eoigirona\/wp-json\/wp\/v2\/comments?post=8411"}],"version-history":[{"count":5,"href":"https:\/\/agora-eoi.xtec.cat\/eoigirona\/wp-json\/wp\/v2\/pages\/8411\/revisions"}],"predecessor-version":[{"id":18426,"href":"https:\/\/agora-eoi.xtec.cat\/eoigirona\/wp-json\/wp\/v2\/pages\/8411\/revisions\/18426"}],"up":[{"embeddable":true,"href":"https:\/\/agora-eoi.xtec.cat\/eoigirona\/wp-json\/wp\/v2\/pages\/806"}],"wp:attachment":[{"href":"https:\/\/agora-eoi.xtec.cat\/eoigirona\/wp-json\/wp\/v2\/media?parent=8411"}],"curies":[{"name":"wp","href":"https:\/\/api.w.org\/{rel}","templated":true}]}}