{"id":8377,"date":"2016-06-13T13:50:10","date_gmt":"2016-06-13T12:50:10","guid":{"rendered":"https:\/\/agora-eoi.xtec.cat\/eoigirona\/?page_id=8377"},"modified":"2026-02-24T14:27:49","modified_gmt":"2026-02-24T13:27:49","slug":"expedicio-de-titols","status":"publish","type":"page","link":"https:\/\/agora-eoi.xtec.cat\/eoigirona\/tramits\/expedicio-de-titols\/","title":{"rendered":"Certificats acad\u00e8mics, oficials i t\u00edtols"},"content":{"rendered":"<div id=\"gestions1\">\n<p><strong>Nota: <\/strong>el setembre no es tramiten ni certificats acad\u00e8mics, ni certificats oficials ni t\u00edtols oficials excepte si s\u00f3n necessaris per a la preinscripci\u00f3 i matr\u00edcula.<\/p>\n<p><strong>Important: <\/strong>els certificats acad\u00e8mics, certificats oficials i els t\u00edtols oficials no es poden tramitar fins que les notes es publiquen oficialment i cal esperar l&#8217;inici del termini indicat.<\/p>\n<\/div>\n<p><strong>TERMINIS PER A LA SOL.LICITUD DE CERTIFICATS ACAD\u00c8MICS de qualsevol nivell (d&#8217;A1 a C2), CERTIFICATS OFICIALS (A2 i B1) i T\u00cdTOLS OFICIALS (B2, C1 i C2)<\/strong><\/p>\n<ul style=\"list-style-type: disc;\">\n<li><strong>Alumnes lliures de la convocat\u00f2ria extraordin\u00e0ria i alumnes lliures del Programa de Certificaci\u00f3 (Escolars<\/strong>): es pot sol\u00b7licitar <span style=\"text-decoration: underline;\">transcorreguts quinze dies de la publicaci\u00f3 dels resultats.<\/span><\/li>\n<li><strong>Alumnes oficials de cursos extensius i alumnes lliures de la convocat\u00f2ria ordin\u00e0ria de juny<\/strong>: es pot sol\u00b7licitar <span style=\"text-decoration: underline;\">a partir de la segona setmana de juliol del mateix any de la convocat\u00f2ria.<\/span><\/li>\n<\/ul>\n<div id=\"gestions1\">\n<p><strong>EXPEDICI\u00d3 DE CERTIFICATS ACAD\u00c8MICS de qualsevol nivell (d&#8217;A1 a C2) i CERTIFICATS OFICIALS A2 i B1<\/strong><\/p>\n<p><span style=\"font-size: revert; background-color: rgba(0, 0, 0, 0); font-weight: inherit;\">Els certificats acad\u00e8mics<strong style=\"font-weight: inherit;\"> i els certificats oficials d&#8217;alumnes que han superat el nivell A2 i B1 <\/strong><span style=\"font-weight: inherit;\">es tramiten<\/span> <strong>pr\u00e8via petici\u00f3<\/strong><span style=\"font-weight: inherit;\"> a la secretaria acad\u00e8mica del centre per correu electr\u00f2nic, tel\u00e8fon o personalment en horari d&#8217;atenci\u00f3 al p\u00fablic. <\/span><\/span><span style=\"font-size: revert; background-color: rgba(0, 0, 0, 0); font-weight: inherit;\"><strong>N<\/strong><\/span><strong style=\"font-size: revert; background-color: rgba(0, 0, 0, 0);\">o es tramiten al moment i nom\u00e9s es poden recollir si se us ha notificat que el tr\u00e0mit est\u00e0 finalitzat.<\/strong> No cal pagar cap taxa.\u00a0<\/p>\n<\/div>\n<p><strong>SOL.LICITUD DE T\u00cdTOLS OFICIALS B2, C1 i C2<\/strong><\/p>\n<p><span style=\"color: #993300;\"><strong>NOVETAT: a partir de febrer de 2026 els t\u00edtols de tots els idiomes de nivell B2, C1 i C2 es tramiten\u00a0 en l\u00ednia: <a href=\"https:\/\/tramits.gencat.cat\/ca\/tramits\/tramits-temes\/titols-academics-no-universitaris\" target=\"_blank\" rel=\"noopener\" data-saferedirecturl=\"https:\/\/www.google.com\/url?q=https:\/\/tramits.gencat.cat\/ca\/tramits\/tramits-temes\/titols-academics-no-universitaris&amp;source=gmail&amp;ust=1771449467715000&amp;usg=AOvVaw1IO8Fc5diBDcHmrNVWhzC4\">tr\u00e0mit sol\u00b7licitud<\/a>. <\/strong><\/span>Aqu\u00ed tens una guia que et pot ser d&#8217;ajuda: <a href=\"https:\/\/tramits.gencat.cat\/web\/shared\/OVT\/Departaments\/ENS\/TramitOVT\/tramitacio-titols\/sollicitud-primera-expedicio.pdf\" target=\"_blank\" rel=\"noopener\" data-saferedirecturl=\"https:\/\/www.google.com\/url?q=https:\/\/tramits.gencat.cat\/web\/shared\/OVT\/Departaments\/ENS\/TramitOVT\/tramitacio-titols\/sollicitud-primera-expedicio.pdf&amp;source=gmail&amp;ust=1771449467715000&amp;usg=AOvVaw1BmwKzI-j_3Uu8xexDbuS2\">Guia per sol\u00b7licitar nou t\u00edtol<\/a>. <span style=\"font-size: revert; background-color: rgba(0, 0, 0, 0); font-weight: inherit;\">Cal abonar una taxa pr\u00e8via a l\u2019expedici\u00f3 del t\u00edtol que es paga per internet,\u00a0 a trav\u00e9s del <a href=\"https:\/\/www.caixabank.es\/particular\/pagos\/impuestosrecibosmatriculas_es.html\" target=\"_blank\" rel=\"noopener\">servei en l\u00ednia de Caixabank<\/a> o en caixers de CaixaBank. .\u00a0<\/span><\/p>\n<p>DOCUMENTACI\u00d3:<\/p>\n<ul>\n<li>ALUMNES DE NACIONALITAT ESPANYOLA: DNI<\/li>\n<li>ALUMNES NACIONALS D&#8217;UN ESTAT MEMBRE DE LA UE: carta d&#8217;identitat de l&#8217;estat membre de la UE en vigor o passaport en vigor<\/li>\n<li>ALUMNES NACIONALS D&#8217;UN ESTAT NO MEMBRE DE LA UE: NIE, s&#8217;ha d&#8217;acreditar necess\u00e0riament mitjan\u00e7ant la targeta de resid\u00e8ncia en vigor o passaport en vigor.<\/li>\n<li>Si un alumne t\u00e9 doble nacionalitat, i una d&#8217;aquestes \u00e9s l&#8217;espanyola, s&#8217;ha d&#8217;identificar sempre amb el DNI en vigor.<\/li>\n<\/ul>\n<div id=\"gestions2\">\n<p><a href=\"https:\/\/educacio.gencat.cat\/ca\/departament\/normativa\/taxes-preus-publics\/taxes\/\" target=\"_blank\" rel=\"noopener\">TAXES<\/a>: Consulteu les\u00a0<strong><a title=\"\" href=\"https:\/\/educacio.gencat.cat\/ca\/departament\/normativa\/taxes-preus-publics\/exempcions-bonificacions\/\" target=\"_blank\" rel=\"noopener\" data-original-title=\"bonificacions i exempcions generals\">bonificacions i exempcions generals<\/a><\/strong><strong>\u00a0<\/strong>que s&#8217;apliquen a aquestes taxes. A banda d&#8217;aquestes, consulteu les <span style=\"text-decoration: underline;\">bonificacions o exempcions addicionals<\/span> que estableix la normativa per a cada un dels apartats de les\u00a0<a title=\"\" href=\"https:\/\/educacio.gencat.cat\/ca\/departament\/normativa\/taxes-preus-publics\/taxes\/\" rel=\"noreferrer\" data-original-title=\"taxes\">taxes. <\/a><strong>C<\/strong><strong>al justificaci\u00f3 documental pr\u00e8via.<\/strong><\/p>\n<\/div>\n<div id=\"gestions24\">\n<div id=\"gestions1\">\n<p><strong><span class=\"titols\">RECOLLIDA DE CERTIFICATS ACAD\u00c8MICS\u00a0 de qualsevol nivell (d&#8217;A1 a C2), CERTIFICATS OFICIALS (A2 i B1) i T\u00cdTOLS\u00a0 OFICIALS (B2, C1 i C2)<\/span><\/strong><\/p>\n<p>Tots els certificats acad\u00e8mics, certificats oficials i els t\u00edtols s&#8217;han de <strong>recollir presencialment <\/strong>presentant el DNI, NIE o passaport en vigor. En el cas dels certificats oficials A2 i B1 i dels t\u00edtols B2, C1 i C2 cal signar en el llibre de registre de certificats i t\u00edtols. En el cas dels t\u00edtols de B2, C1 i C2 tamb\u00e9 cal mostrar el resguard de pagament del t\u00edtol per poder recollir-lo.<\/p>\n<p><strong>En el cas de no poder venir personalment<\/strong>, en tots els casos cal portar una autoritzaci\u00f3 signada per la persona interessada juntament amb la fotoc\u00f2pia del DNI,NIE o passaport en vigor de la persona sol.licitant. <a href=\"https:\/\/agora-eoi.xtec.cat\/eoigirona\/wp-content\/uploads\/usu2632\/2021\/11\/Autoritzacio-recollida-certificats.pdf\">Autoritzaci\u00f3 recollida de certificats i t\u00edtols<\/a><\/p>\n<\/div>\n<div>\u00a0<\/div>\n<\/div>\n\n\n<p><\/p>\n","protected":false},"excerpt":{"rendered":"<p>Nota: el setembre no es tramiten ni certificats acad\u00e8mics, ni certificats oficials ni t\u00edtols oficials excepte si s\u00f3n necessaris per a la preinscripci\u00f3 i matr\u00edcula. Important: els certificats acad\u00e8mics, certificats oficials i els t\u00edtols oficials no es poden tramitar fins que les notes es publiquen oficialment i cal esperar l&#8217;inici del termini indicat. TERMINIS PER [&hellip;]<\/p>\n","protected":false},"author":1,"featured_media":0,"parent":8877,"menu_order":12,"comment_status":"closed","ping_status":"closed","template":"","meta":{"_bbp_topic_count":0,"_bbp_reply_count":0,"_bbp_total_topic_count":0,"_bbp_total_reply_count":0,"_bbp_voice_count":0,"_bbp_anonymous_reply_count":0,"_bbp_topic_count_hidden":0,"_bbp_reply_count_hidden":0,"_bbp_forum_subforum_count":0,"site-sidebar-layout":"default","site-content-layout":"","ast-site-content-layout":"default","site-content-style":"default","site-sidebar-style":"default","ast-global-header-display":"","ast-banner-title-visibility":"","ast-main-header-display":"","ast-hfb-above-header-display":"","ast-hfb-below-header-display":"","ast-hfb-mobile-header-display":"","site-post-title":"","ast-breadcrumbs-content":"","ast-featured-img":"","footer-sml-layout":"","theme-transparent-header-meta":"default","adv-header-id-meta":"","stick-header-meta":"","header-above-stick-meta":"","header-main-stick-meta":"","header-below-stick-meta":"","astra-migrate-meta-layouts":"set","ast-page-background-enabled":"default","ast-page-background-meta":{"desktop":{"background-color":"var(--ast-global-color-4)","background-image":"","background-repeat":"repeat","background-position":"center center","background-size":"auto","background-attachment":"scroll","background-type":"","background-media":"","overlay-type":"","overlay-color":"","overlay-opacity":"","overlay-gradient":""},"tablet":{"background-color":"","background-image":"","background-repeat":"repeat","background-position":"center center","background-size":"auto","background-attachment":"scroll","background-type":"","background-media":"","overlay-type":"","overlay-color":"","overlay-opacity":"","overlay-gradient":""},"mobile":{"background-color":"","background-image":"","background-repeat":"repeat","background-position":"center center","background-size":"auto","background-attachment":"scroll","background-type":"","background-media":"","overlay-type":"","overlay-color":"","overlay-opacity":"","overlay-gradient":""}},"ast-content-background-meta":{"desktop":{"background-color":"var(--ast-global-color-5)","background-image":"","background-repeat":"repeat","background-position":"center center","background-size":"auto","background-attachment":"scroll","background-type":"","background-media":"","overlay-type":"","overlay-color":"","overlay-opacity":"","overlay-gradient":""},"tablet":{"background-color":"var(--ast-global-color-5)","background-image":"","background-repeat":"repeat","background-position":"center center","background-size":"auto","background-attachment":"scroll","background-type":"","background-media":"","overlay-type":"","overlay-color":"","overlay-opacity":"","overlay-gradient":""},"mobile":{"background-color":"var(--ast-global-color-5)","background-image":"","background-repeat":"repeat","background-position":"center center","background-size":"auto","background-attachment":"scroll","background-type":"","background-media":"","overlay-type":"","overlay-color":"","overlay-opacity":"","overlay-gradient":""}},"footnotes":""},"class_list":["post-8377","page","type-page","status-publish","hentry"],"post_mailing_queue_ids":[],"_links":{"self":[{"href":"https:\/\/agora-eoi.xtec.cat\/eoigirona\/wp-json\/wp\/v2\/pages\/8377","targetHints":{"allow":["GET"]}}],"collection":[{"href":"https:\/\/agora-eoi.xtec.cat\/eoigirona\/wp-json\/wp\/v2\/pages"}],"about":[{"href":"https:\/\/agora-eoi.xtec.cat\/eoigirona\/wp-json\/wp\/v2\/types\/page"}],"author":[{"embeddable":true,"href":"https:\/\/agora-eoi.xtec.cat\/eoigirona\/wp-json\/wp\/v2\/users\/1"}],"replies":[{"embeddable":true,"href":"https:\/\/agora-eoi.xtec.cat\/eoigirona\/wp-json\/wp\/v2\/comments?post=8377"}],"version-history":[{"count":6,"href":"https:\/\/agora-eoi.xtec.cat\/eoigirona\/wp-json\/wp\/v2\/pages\/8377\/revisions"}],"predecessor-version":[{"id":19137,"href":"https:\/\/agora-eoi.xtec.cat\/eoigirona\/wp-json\/wp\/v2\/pages\/8377\/revisions\/19137"}],"up":[{"embeddable":true,"href":"https:\/\/agora-eoi.xtec.cat\/eoigirona\/wp-json\/wp\/v2\/pages\/8877"}],"wp:attachment":[{"href":"https:\/\/agora-eoi.xtec.cat\/eoigirona\/wp-json\/wp\/v2\/media?parent=8377"}],"curies":[{"name":"wp","href":"https:\/\/api.w.org\/{rel}","templated":true}]}}