{"id":8295,"date":"2016-06-13T11:34:05","date_gmt":"2016-06-13T10:34:05","guid":{"rendered":"https:\/\/agora-eoi.xtec.cat\/eoigirona\/?page_id=8295"},"modified":"2025-09-24T09:10:18","modified_gmt":"2025-09-24T07:10:18","slug":"llibres-i-lectura","status":"publish","type":"page","link":"https:\/\/agora-eoi.xtec.cat\/eoigirona\/frances\/llibres-i-lectura\/","title":{"rendered":"Llibres i lectura"},"content":{"rendered":"<p><a href=\"https:\/\/docs.google.com\/document\/d\/1SoSt5cDRVYV-xNb2xafH7Ve30_yOqFwf7UKaMd4Eb5g\/edit?usp=sharing\" target=\"_blank\" rel=\"noopener\">Llibreries de Girona<\/a> on podeu comprar els llibres del curs.<\/p>\n<table style=\"border-collapse: collapse; width: 100%; height: 40px;\">\n<tbody>\n<tr style=\"height: 40px;\">\n<td style=\"width: 100%; height: 40px;\"><span style=\"font-size: 18pt; color: #800080;\"><strong><span dir=\"ltr\" role=\"presentation\">NIVELL A1<\/span><\/strong><\/span><\/td>\n<\/tr>\n<\/tbody>\n<\/table>\n<p><b>LLIBRES DE TEXT:<\/b><\/p>\n<p><strong>Grups dilluns i dimecres de 9h a 11h15 i\u00a0 d&#8217;11h30 a 13h45:<\/strong><\/p>\n<p><em>. Pr\u00eat-\u00e0-parler A1, livre de l&#8217;\u00e9l\u00e8ve<\/em>, Ed. Maison des Langues, ISBN 9788411570039<\/p>\n<p><em>. Pr\u00eat-\u00e0-parler A1, cahier d&#8217;exercies<\/em>, Ed. Maison des Langues, ISBN 9788411570046<\/p>\n<p><strong>Grup de dimarts i dijous de 18h30 a 20h45:<\/strong><\/p>\n<p>. <em>Pr\u00eat-\u00e0-parler A1, livre de l&#8217;\u00e9l\u00e8ve<\/em>, Ed. Maison des Langues, ISBN 9788411570039<\/p>\n<p>. <em>Pr\u00eat-\u00e0-parler A1, cahier d&#8217;exercices<\/em>, Ed. Maison des Langues, ISBN 9788411570046<\/p>\n<p><strong>Grup de dilluns i dimecres de 16h a 18h i grup de 18h30 a 20h45:<\/strong><\/p>\n<p>Material proporcionat pel professorat.<\/p>\n<p><strong>MATERIAL RECOMANAT<\/strong>:<\/p>\n<p><i>. Grammaire essentielle du fran\u00e7ais A1<\/i>, Collection 100% FLE, Didier, 2023. ISBN:9782278109234<\/p>\n<p><b>LECTURES:\u00a0<\/b><span style=\"font-weight: 400;\">A determinar.<\/span><\/p>\n<table style=\"border-collapse: collapse; width: 100%;\">\n<tbody>\n<tr>\n<td style=\"width: 100%;\"><span style=\"font-size: 18pt; color: #800080;\"><strong><span dir=\"ltr\" role=\"presentation\">NIVELL A2<\/span><\/strong><\/span><\/td>\n<\/tr>\n<\/tbody>\n<\/table>\n<p><b>LLIBRES DE TEXT:<\/b><\/p>\n<p><b>Tots els grups:<\/b><\/p>\n<p><i>. D\u00e9fi actuel 2 Livre de l\u2019\u00e9l\u00e8ve, <\/i>ISBN: 978-84-1157-154-8<\/p>\n<p><b>Els grups de 9h, 16h i 18h30 tamb\u00e9 tindran com a material de classe:<\/b><\/p>\n<p><i>. Grammaire progressive du fran\u00e7ais. Niveau interm\u00e9diaire A2-B1<\/i>, CLE International, 2017,<\/p>\n<p>ISBN: 978-1547901050<\/p>\n<p><b>LECTURES:<\/b><span style=\"font-weight: 400;\"> A determinar.<\/span><\/p>\n<table style=\"border-collapse: collapse; width: 100%;\">\n<tbody>\n<tr>\n<td style=\"width: 100%;\"><span style=\"font-size: 18pt; color: #800080;\"><strong><span dir=\"ltr\" role=\"presentation\">NIVELL B1<\/span><\/strong><\/span><\/td>\n<\/tr>\n<\/tbody>\n<\/table>\n<p><b>LLIBRES DE TEXT<\/b><\/p>\n<p><span style=\"font-weight: 400;\">Material proporcionat pel professorat.<\/span><b>\u00a0<\/b><\/p>\n<p><b>LECTURES: <\/b><span style=\"font-weight: 400;\">\u00a0A determinar.<\/span><\/p>\n<table style=\"border-collapse: collapse; width: 100%;\">\n<tbody>\n<tr>\n<td style=\"width: 100%;\"><span style=\"color: #800080; font-size: 18pt;\"><strong><span dir=\"ltr\" role=\"presentation\">NIVELL B2.1<\/span><\/strong><\/span><\/td>\n<\/tr>\n<\/tbody>\n<\/table>\n<p><b>LLIBRES DE TEXT<\/b><\/p>\n<p><b><span style=\"font-weight: 400;\"><strong>Grup mat\u00ed:<\/strong> Material proporcionat pel professorat.<\/span>\u00a0<\/b><\/p>\n<p><strong>Grups tarda:<\/strong><\/p>\n<p><b>. <\/b><em>D\u00e9fi 4<\/em>,\u00a0 \u00c9dition hybride, Livre de l\u2019\u00e9l\u00e8ve, ISBN \u00a0 978-84-19236-57-9 (uniquement le livre). Ed. Maison des Langues.<\/p>\n<p><b>LECTURES:\u00a0<\/b><span style=\"font-weight: 400;\">A determinar.<\/span><\/p>\n<table style=\"border-collapse: collapse; width: 100%;\">\n<tbody>\n<tr>\n<td style=\"width: 100%;\"><span style=\"color: #800080; font-size: 18pt;\"><strong><span dir=\"ltr\" role=\"presentation\">NIVELL B2.2<\/span><\/strong><\/span><\/td>\n<\/tr>\n<\/tbody>\n<\/table>\n<p><b>LLIBRES DE TEXT\u00a0\u00a0<\/b><\/p>\n<p>. <em>D\u00e9fi 4<\/em>,\u00a0 \u00a0Livre de l\u2019\u00e9l\u00e8ve, \u00c9dition hybride, ISBN \u00a0 978-84-19236-57-9 (uniquement le livre). Ed. Maison des Langues<\/p>\n<p>. <em>Exercices de Grammaire en contexte B2<\/em> , Hachette, ISBN 9782014016352<\/p>\n<p><b>\u00a0\u00a0LECTURES: <\/b>A determinar al setembre.<\/p>\n<table style=\"border-collapse: collapse; width: 100%;\">\n<tbody>\n<tr>\n<td style=\"width: 100%;\"><span style=\"color: #800080; font-size: 18pt;\"><strong><span dir=\"ltr\" role=\"presentation\">NIVELL C1<\/span><\/strong><\/span><\/td>\n<\/tr>\n<\/tbody>\n<\/table>\n<p><br role=\"presentation\" \/><strong>LLIBRES DE TEXT<\/strong><\/p>\n<p><b>Grup 16h presencial:<\/b><\/p>\n<p>. <em>D\u00e9fi 5<\/em>, livre de l&#8217;\u00e9l\u00e8ve, \u00e9dition hybride, Ed. Maison des Langues. ISBN 9788419236586.<\/p>\n<p>. <em>D\u00e9fi 5<\/em>, cahier d&#8217;exercices, \u00e9dition hybride, Ed. Maison des Langues. ISBN 9788418224423.<\/p>\n<p><b>Grup\u00a0 18h30 semipresencial : <\/b>Material proporcionat pel professorat.<\/p>\n<p><strong>LECTURES:<\/strong> A determinar al setembre.<\/p>\n","protected":false},"excerpt":{"rendered":"<p>Llibreries de Girona on podeu comprar els llibres del curs. NIVELL A1 LLIBRES DE TEXT: Grups dilluns i dimecres de 9h a 11h15 i\u00a0 d&#8217;11h30 a 13h45: . Pr\u00eat-\u00e0-parler A1, livre de l&#8217;\u00e9l\u00e8ve, Ed. Maison des Langues, ISBN 9788411570039 . Pr\u00eat-\u00e0-parler A1, cahier d&#8217;exercies, Ed. Maison des Langues, ISBN 9788411570046 Grup de dimarts i dijous [&hellip;]<\/p>\n","protected":false},"author":1,"featured_media":0,"parent":8195,"menu_order":30,"comment_status":"closed","ping_status":"closed","template":"","meta":{"_bbp_topic_count":0,"_bbp_reply_count":0,"_bbp_total_topic_count":0,"_bbp_total_reply_count":0,"_bbp_voice_count":0,"_bbp_anonymous_reply_count":0,"_bbp_topic_count_hidden":0,"_bbp_reply_count_hidden":0,"_bbp_forum_subforum_count":0,"site-sidebar-layout":"default","site-content-layout":"","ast-site-content-layout":"default","site-content-style":"default","site-sidebar-style":"default","ast-global-header-display":"","ast-banner-title-visibility":"","ast-main-header-display":"","ast-hfb-above-header-display":"","ast-hfb-below-header-display":"","ast-hfb-mobile-header-display":"","site-post-title":"","ast-breadcrumbs-content":"","ast-featured-img":"","footer-sml-layout":"","theme-transparent-header-meta":"","adv-header-id-meta":"","stick-header-meta":"","header-above-stick-meta":"","header-main-stick-meta":"","header-below-stick-meta":"","astra-migrate-meta-layouts":"set","ast-page-background-enabled":"default","ast-page-background-meta":{"desktop":{"background-color":"var(--ast-global-color-4)","background-image":"","background-repeat":"repeat","background-position":"center center","background-size":"auto","background-attachment":"scroll","background-type":"","background-media":"","overlay-type":"","overlay-color":"","overlay-opacity":"","overlay-gradient":""},"tablet":{"background-color":"","background-image":"","background-repeat":"repeat","background-position":"center center","background-size":"auto","background-attachment":"scroll","background-type":"","background-media":"","overlay-type":"","overlay-color":"","overlay-opacity":"","overlay-gradient":""},"mobile":{"background-color":"","background-image":"","background-repeat":"repeat","background-position":"center center","background-size":"auto","background-attachment":"scroll","background-type":"","background-media":"","overlay-type":"","overlay-color":"","overlay-opacity":"","overlay-gradient":""}},"ast-content-background-meta":{"desktop":{"background-color":"var(--ast-global-color-5)","background-image":"","background-repeat":"repeat","background-position":"center center","background-size":"auto","background-attachment":"scroll","background-type":"","background-media":"","overlay-type":"","overlay-color":"","overlay-opacity":"","overlay-gradient":""},"tablet":{"background-color":"var(--ast-global-color-5)","background-image":"","background-repeat":"repeat","background-position":"center center","background-size":"auto","background-attachment":"scroll","background-type":"","background-media":"","overlay-type":"","overlay-color":"","overlay-opacity":"","overlay-gradient":""},"mobile":{"background-color":"var(--ast-global-color-5)","background-image":"","background-repeat":"repeat","background-position":"center center","background-size":"auto","background-attachment":"scroll","background-type":"","background-media":"","overlay-type":"","overlay-color":"","overlay-opacity":"","overlay-gradient":""}},"footnotes":""},"class_list":["post-8295","page","type-page","status-publish","hentry"],"post_mailing_queue_ids":[],"_links":{"self":[{"href":"https:\/\/agora-eoi.xtec.cat\/eoigirona\/wp-json\/wp\/v2\/pages\/8295","targetHints":{"allow":["GET"]}}],"collection":[{"href":"https:\/\/agora-eoi.xtec.cat\/eoigirona\/wp-json\/wp\/v2\/pages"}],"about":[{"href":"https:\/\/agora-eoi.xtec.cat\/eoigirona\/wp-json\/wp\/v2\/types\/page"}],"author":[{"embeddable":true,"href":"https:\/\/agora-eoi.xtec.cat\/eoigirona\/wp-json\/wp\/v2\/users\/1"}],"replies":[{"embeddable":true,"href":"https:\/\/agora-eoi.xtec.cat\/eoigirona\/wp-json\/wp\/v2\/comments?post=8295"}],"version-history":[{"count":6,"href":"https:\/\/agora-eoi.xtec.cat\/eoigirona\/wp-json\/wp\/v2\/pages\/8295\/revisions"}],"predecessor-version":[{"id":18056,"href":"https:\/\/agora-eoi.xtec.cat\/eoigirona\/wp-json\/wp\/v2\/pages\/8295\/revisions\/18056"}],"up":[{"embeddable":true,"href":"https:\/\/agora-eoi.xtec.cat\/eoigirona\/wp-json\/wp\/v2\/pages\/8195"}],"wp:attachment":[{"href":"https:\/\/agora-eoi.xtec.cat\/eoigirona\/wp-json\/wp\/v2\/media?parent=8295"}],"curies":[{"name":"wp","href":"https:\/\/api.w.org\/{rel}","templated":true}]}}