{"id":8293,"date":"2016-06-13T11:33:13","date_gmt":"2016-06-13T10:33:13","guid":{"rendered":"https:\/\/agora-eoi.xtec.cat\/eoigirona\/?page_id=8293"},"modified":"2022-02-15T21:07:15","modified_gmt":"2022-02-15T20:07:15","slug":"programacio","status":"publish","type":"page","link":"https:\/\/agora-eoi.xtec.cat\/eoigirona\/frances\/programacio\/","title":{"rendered":"Pla d&#8217;estudis"},"content":{"rendered":"<p style=\"text-align: justify;\">L&#8217;EOI de Girona ofereix cursos de franc\u00e8s fins al nivell C1 i el pla d&#8217;estudis s&#8217;estructura en els seg\u00fcents nivells:<\/p>\n<p>Nivell A2: 2 cursos (A1-A2)<br \/>\nNivell B1: 1 curs<br \/>\nNivell B2: 2 cursos (B2.1-B2.2)<br \/>\nNivell C1: 1 curs<\/p>\n<p>Els ensenyaments d\u2019idiomes que s\u2019imparteixen a les EOI tenen com a finalitat capacitar l\u2019alumnat en l\u2019\u00fas efectiu de l\u2019idioma com a vehicle de comunicaci\u00f3 general.<\/p>\n<p>Per assolir aquesta finalitat, a les EOI es treballa perqu\u00e8 l\u2019alumnat:<\/p>\n<ul>\n<li>adquireixi les habilitats b\u00e0siques receptives i productives, tant del llenguatge oral com de l\u2019escrit;<\/li>\n<li>desenvolupi estrat\u00e8gies comunicatives en diferents \u00e0rees de comunicaci\u00f3;<\/li>\n<li>desenvolupi estrat\u00e8gies per a l\u2019aprenentatge aut\u00f2nom i continu de lleng\u00fces, que puguin facilitar l\u2019\u00fas de l\u2019idioma en l\u2019exercici d\u2019activitats professionals i en altres \u00e0mbits de la cultura o d\u2019inter\u00e8s personal;<\/li>\n<li>desenvolupi actituds positives envers la diversitat ling\u00fc\u00edstica i el pluralisme cultural del m\u00f3n actual.<\/li>\n<\/ul>\n<p><strong><img decoding=\"async\" src=\"http:\/\/www.eoigirona.com\/img\/ico_fletxa.gif\" alt=\"\" border=\"0\" \/> <span style=\"color: #800000;\"><a class=\"enllas_sel\" style=\"color: #800000;\" href=\"http:\/\/xtec.gencat.cat\/ca\/curriculum\/idiomes-a-les-eoi\/curriculum\/\" target=\"_blank\" rel=\"noopener\">Curr\u00edculum EOI<\/a><\/span><\/strong><\/p>\n","protected":false},"excerpt":{"rendered":"<p>L&#8217;EOI de Girona ofereix cursos de franc\u00e8s fins al nivell C1 i el pla d&#8217;estudis s&#8217;estructura en els seg\u00fcents nivells: Nivell A2: 2 cursos (A1-A2) Nivell B1: 1 curs Nivell B2: 2 cursos (B2.1-B2.2) Nivell C1: 1 curs Els ensenyaments d\u2019idiomes que s\u2019imparteixen a les EOI tenen com a finalitat capacitar l\u2019alumnat en l\u2019\u00fas efectiu [&hellip;]<\/p>\n","protected":false},"author":1,"featured_media":0,"parent":8195,"menu_order":20,"comment_status":"closed","ping_status":"closed","template":"page-templates\/side-menu.php","meta":{"_bbp_topic_count":0,"_bbp_reply_count":0,"_bbp_total_topic_count":0,"_bbp_total_reply_count":0,"_bbp_voice_count":0,"_bbp_anonymous_reply_count":0,"_bbp_topic_count_hidden":0,"_bbp_reply_count_hidden":0,"_bbp_forum_subforum_count":0,"site-sidebar-layout":"default","site-content-layout":"","ast-site-content-layout":"","site-content-style":"default","site-sidebar-style":"default","ast-global-header-display":"","ast-banner-title-visibility":"","ast-main-header-display":"","ast-hfb-above-header-display":"","ast-hfb-below-header-display":"","ast-hfb-mobile-header-display":"","site-post-title":"","ast-breadcrumbs-content":"","ast-featured-img":"","footer-sml-layout":"","theme-transparent-header-meta":"","adv-header-id-meta":"","stick-header-meta":"","header-above-stick-meta":"","header-main-stick-meta":"","header-below-stick-meta":"","astra-migrate-meta-layouts":"default","ast-page-background-enabled":"default","ast-page-background-meta":{"desktop":{"background-color":"var(--ast-global-color-4)","background-image":"","background-repeat":"repeat","background-position":"center center","background-size":"auto","background-attachment":"scroll","background-type":"","background-media":"","overlay-type":"","overlay-color":"","overlay-opacity":"","overlay-gradient":""},"tablet":{"background-color":"","background-image":"","background-repeat":"repeat","background-position":"center center","background-size":"auto","background-attachment":"scroll","background-type":"","background-media":"","overlay-type":"","overlay-color":"","overlay-opacity":"","overlay-gradient":""},"mobile":{"background-color":"","background-image":"","background-repeat":"repeat","background-position":"center center","background-size":"auto","background-attachment":"scroll","background-type":"","background-media":"","overlay-type":"","overlay-color":"","overlay-opacity":"","overlay-gradient":""}},"ast-content-background-meta":{"desktop":{"background-color":"var(--ast-global-color-5)","background-image":"","background-repeat":"repeat","background-position":"center center","background-size":"auto","background-attachment":"scroll","background-type":"","background-media":"","overlay-type":"","overlay-color":"","overlay-opacity":"","overlay-gradient":""},"tablet":{"background-color":"var(--ast-global-color-5)","background-image":"","background-repeat":"repeat","background-position":"center center","background-size":"auto","background-attachment":"scroll","background-type":"","background-media":"","overlay-type":"","overlay-color":"","overlay-opacity":"","overlay-gradient":""},"mobile":{"background-color":"var(--ast-global-color-5)","background-image":"","background-repeat":"repeat","background-position":"center center","background-size":"auto","background-attachment":"scroll","background-type":"","background-media":"","overlay-type":"","overlay-color":"","overlay-opacity":"","overlay-gradient":""}},"footnotes":""},"class_list":["post-8293","page","type-page","status-publish","hentry"],"post_mailing_queue_ids":[],"_links":{"self":[{"href":"https:\/\/agora-eoi.xtec.cat\/eoigirona\/wp-json\/wp\/v2\/pages\/8293","targetHints":{"allow":["GET"]}}],"collection":[{"href":"https:\/\/agora-eoi.xtec.cat\/eoigirona\/wp-json\/wp\/v2\/pages"}],"about":[{"href":"https:\/\/agora-eoi.xtec.cat\/eoigirona\/wp-json\/wp\/v2\/types\/page"}],"author":[{"embeddable":true,"href":"https:\/\/agora-eoi.xtec.cat\/eoigirona\/wp-json\/wp\/v2\/users\/1"}],"replies":[{"embeddable":true,"href":"https:\/\/agora-eoi.xtec.cat\/eoigirona\/wp-json\/wp\/v2\/comments?post=8293"}],"version-history":[{"count":3,"href":"https:\/\/agora-eoi.xtec.cat\/eoigirona\/wp-json\/wp\/v2\/pages\/8293\/revisions"}],"predecessor-version":[{"id":9992,"href":"https:\/\/agora-eoi.xtec.cat\/eoigirona\/wp-json\/wp\/v2\/pages\/8293\/revisions\/9992"}],"up":[{"embeddable":true,"href":"https:\/\/agora-eoi.xtec.cat\/eoigirona\/wp-json\/wp\/v2\/pages\/8195"}],"wp:attachment":[{"href":"https:\/\/agora-eoi.xtec.cat\/eoigirona\/wp-json\/wp\/v2\/media?parent=8293"}],"curies":[{"name":"wp","href":"https:\/\/api.w.org\/{rel}","templated":true}]}}