{"id":8291,"date":"2016-06-13T11:31:56","date_gmt":"2016-06-13T10:31:56","guid":{"rendered":"https:\/\/agora-eoi.xtec.cat\/eoigirona\/?page_id=8291"},"modified":"2025-09-19T11:18:51","modified_gmt":"2025-09-19T09:18:51","slug":"horaris","status":"publish","type":"page","link":"https:\/\/agora-eoi.xtec.cat\/eoigirona\/frances\/horaris\/","title":{"rendered":"Horaris"},"content":{"rendered":"<p><b>HORARIS DEL CURS 2025-2026<\/b><\/p>\n<p>&#8211; L\u2019EOI Girona no pot garantir que es mantingui l\u2019horari que ara escolliu en els cursos successius.<br \/>\n&#8211; Les proves de final de curs poden no coincidir amb el dia i hora de classe habitual.<br \/>\n&#8211; El dia i hora de l\u2019examen final no es pot canviar.<br \/>\n&#8211; L\u2019assist\u00e8ncia a classe \u00e9s obligat\u00f2ria.<br \/>\n&#8211; Consulteu normativa de canvis d\u2019horari.<\/p>\n<p><span style=\"font-family: inherit; font-size: 1em;\">Si teniu dubtes o preguntes de caire pedag\u00f2gic, poseu-vos en contacte amb el\/la cap de departament<\/span><span style=\"font-family: inherit; font-size: 1em;\">: <\/span><a style=\"font-family: inherit; font-size: 1em;\" href=\"mailto:departament.frances@eoigirona.cat\" target=\"_blank\" rel=\"noopener\">departament.frances@eoigirona.<wbr \/>cat<\/a><\/p>\n<p>En cas de dubtes sobre temes administratius, envieu un correu a <a href=\"mailto:documentacio@eoigirona.cat\">documentacio@eoigirona.cat<\/a><\/p>\n<p>&#8212;&#8212;&#8212;&#8212;&#8212;&#8212;&#8212;&#8212;&#8212;<\/p>\n<p>Veureu el nom del professor\/a en el moment de fer la matr\u00edcula a l&#8217;aplicatiu.<\/p>\n<div>\n<table style=\"height: 1285px; width: 63.3931%; border-style: solid; border-color: #bdbdbd;\" border=\"0\" width=\"57.4751%\" cellspacing=\"0\" cellpadding=\"0\">\n<tbody>\n<tr style=\"border-style: solid; border-color: #bdbdbd;\">\n<td class=\"arial text11 blanc\" style=\"width: 6.71984%; height: 50px; border-style: solid; border-color: #bdbdbd; background-color: #c85f5f; text-align: center;\" valign=\"middle\" bgcolor=\"#999999\" height=\"29\"><span style=\"color: #ffffff;\"><b>Nivell<\/b><\/span><\/td>\n<td class=\"arial text11 blanc\" style=\"width: 7.3344%; height: 50px; border-style: solid; border-color: #bdbdbd; background-color: #c85f5f; text-align: center;\" valign=\"middle\" bgcolor=\"#999999\" height=\"29\"><span style=\"color: #ffffff;\"><b>Dia<\/b><\/span><\/td>\n<td class=\"arial text11 blanc\" style=\"width: 24.9272%; height: 50px; border-style: solid; border-color: #bdbdbd; background-color: #c85f5f; text-align: center;\" valign=\"middle\" bgcolor=\"#999999\" height=\"29\"><span style=\"color: #ffffff;\"><b>Hora<\/b><\/span><\/td>\n<td style=\"width: 14.6583%; height: 50px; border-style: solid; border-color: #bdbdbd; background-color: #c85f5f; text-align: center;\"><span style=\"color: #ffffff;\"><b>Aula<\/b><\/span><\/td>\n<\/tr>\n<tr style=\"border-style: solid; border-color: #bdbdbd;\">\n<td class=\"arial text11 gris6\" style=\"background-color: #ffffff; width: 6.71984%; height: 66px; border-style: solid; border-color: #bdbdbd;\" align=\"center\" valign=\"middle\" bgcolor=\"#FFFFFF\" height=\"27\">A1<\/td>\n<td class=\"arial text11 gris6\" style=\"background-color: #ffffff; width: 7.3344%; height: 66px; border-style: solid; border-color: #bdbdbd; text-align: center;\" valign=\"middle\" bgcolor=\"#FFFFFF\" height=\"27\">Dilluns i dimecres<\/td>\n<td class=\"arial text11 gris6\" style=\"background-color: #ffffff; width: 24.9272%; height: 66px; border-style: solid; border-color: #bdbdbd; text-align: center;\" valign=\"middle\" bgcolor=\"#FFFFFF\" height=\"27\">09.00-11.15<\/td>\n<td style=\"background-color: #ffffff; width: 14.6583%; height: 66px; border-style: solid; border-color: #bdbdbd; text-align: center;\">25<\/td>\n<\/tr>\n<tr style=\"border-style: solid; border-color: #bdbdbd;\">\n<td class=\"arial text11 gris6\" style=\"background-color: #ffffff; width: 6.71984%; height: 66px; border-style: solid; border-color: #bdbdbd;\" align=\"center\" valign=\"middle\" bgcolor=\"#FFFFCC\" height=\"27\">A1<\/td>\n<td class=\"arial text11 gris6\" style=\"background-color: #ffffff; width: 7.3344%; height: 66px; border-style: solid; border-color: #bdbdbd; text-align: center;\" valign=\"middle\" bgcolor=\"#FFFFCC\" height=\"27\">Dilluns i dimecres<\/td>\n<td class=\"arial text11 gris6\" style=\"background-color: #ffffff; width: 24.9272%; height: 66px; border-style: solid; border-color: #bdbdbd; text-align: center;\" valign=\"middle\" bgcolor=\"#FFFFCC\" height=\"27\">11.30-13.45<\/td>\n<td style=\"background-color: #ffffff; width: 14.6583%; height: 66px; border-style: solid; border-color: #bdbdbd; text-align: center;\">25<\/td>\n<\/tr>\n<tr style=\"border-style: solid; border-color: #bdbdbd;\">\n<td class=\"arial text11 gris6\" style=\"background-color: #ffffff; width: 6.71984%; height: 38px; border-style: solid; border-color: #bdbdbd;\" align=\"center\" valign=\"middle\" bgcolor=\"#FFFFFF\" height=\"27\">A1<\/td>\n<td class=\"arial text11 gris6\" style=\"background-color: #ffffff; width: 7.3344%; height: 38px; border-style: solid; border-color: #bdbdbd; text-align: center;\" valign=\"middle\" bgcolor=\"#FFFFFF\" height=\"27\">Dilluns i dimecres<\/td>\n<td class=\"arial text11 gris6\" style=\"background-color: #ffffff; width: 24.9272%; height: 38px; border-style: solid; border-color: #bdbdbd; text-align: center;\" valign=\"middle\" bgcolor=\"#FFFFFF\" height=\"27\">16.00-18.15<\/td>\n<td style=\"background-color: #ffffff; width: 14.6583%; height: 38px; border-style: solid; border-color: #bdbdbd; text-align: center;\">22<\/td>\n<\/tr>\n<tr style=\"border-style: solid; border-color: #bdbdbd;\">\n<td style=\"background-color: #ffffff; width: 6.71984%; border-style: solid; border-color: #bdbdbd;\">\u00a0 \u00a0 \u00a0A1<\/td>\n<td style=\"background-color: #ffffff; width: 7.3344%; border-style: solid; border-color: #bdbdbd; text-align: center;\">Dilluns i dimecres<\/td>\n<td style=\"background-color: #ffffff; width: 24.9272%; border-style: solid; border-color: #bdbdbd; text-align: center;\">18.30-20.45<\/td>\n<td style=\"background-color: #ffffff; width: 14.6583%; border-style: solid; border-color: #bdbdbd; text-align: center;\">22<\/td>\n<\/tr>\n<tr style=\"border-style: solid; border-color: #bdbdbd;\">\n<td class=\"arial text11 gris6\" style=\"background-color: #ffffff; width: 6.71984%; height: 66px; border-style: solid; border-color: #bdbdbd;\" align=\"center\" valign=\"middle\" bgcolor=\"#FFFFFF\" height=\"27\">A1<\/td>\n<td class=\"arial text11 gris6\" style=\"background-color: #ffffff; width: 7.3344%; height: 66px; border-style: solid; border-color: #bdbdbd; text-align: center;\" valign=\"middle\" bgcolor=\"#FFFFFF\" height=\"27\">Dimarts i dijous<\/td>\n<td class=\"arial text11 gris6\" style=\"background-color: #ffffff; width: 24.9272%; height: 66px; border-style: solid; border-color: #bdbdbd; text-align: center;\" valign=\"middle\" bgcolor=\"#FFFFFF\" height=\"27\">18.30-20.45<\/td>\n<td style=\"background-color: #ffffff; width: 14.6583%; height: 66px; border-style: solid; border-color: #bdbdbd; text-align: center;\">25<\/td>\n<\/tr>\n<tr style=\"border-style: solid; border-color: #bdbdbd;\">\n<td class=\"arial text11 gris6\" style=\"background-color: #ffffff; width: 6.71984%; height: 66px; border-style: solid; border-color: #bdbdbd;\" align=\"center\" valign=\"middle\" bgcolor=\"#FFFFCC\" height=\"27\">A2<\/td>\n<td class=\"arial text11 gris6\" style=\"background-color: #ffffff; width: 7.3344%; height: 66px; border-style: solid; border-color: #bdbdbd; text-align: center;\" valign=\"middle\" bgcolor=\"#FFFFCC\" height=\"27\">Dimarts i dijous<\/td>\n<td class=\"arial text11 gris6\" style=\"background-color: #ffffff; width: 24.9272%; height: 66px; border-style: solid; border-color: #bdbdbd; text-align: center;\" valign=\"middle\" bgcolor=\"#FFFFCC\" height=\"27\">09.00-11.15<\/td>\n<td style=\"background-color: #ffffff; width: 14.6583%; height: 66px; border-style: solid; border-color: #bdbdbd; text-align: center;\">21<\/td>\n<\/tr>\n<tr style=\"border-style: solid; border-color: #bdbdbd;\">\n<td class=\"arial text11 gris6\" style=\"background-color: #ffffff; width: 6.71984%; height: 66px; border-style: solid; border-color: #bdbdbd;\" align=\"center\" valign=\"middle\" bgcolor=\"#FFFFFF\" height=\"27\">A2<\/td>\n<td class=\"arial text11 gris6\" style=\"background-color: #ffffff; width: 7.3344%; height: 66px; border-style: solid; border-color: #bdbdbd; text-align: center;\" valign=\"middle\" bgcolor=\"#FFFFFF\" height=\"27\">Dimarts i dijous<\/td>\n<td class=\"arial text11 gris6\" style=\"background-color: #ffffff; width: 24.9272%; height: 66px; border-style: solid; border-color: #bdbdbd; text-align: center;\" valign=\"middle\" bgcolor=\"#FFFFFF\" height=\"27\">11.30-13.45<\/td>\n<td style=\"background-color: #ffffff; width: 14.6583%; height: 66px; border-style: solid; border-color: #bdbdbd; text-align: center;\">25<\/td>\n<\/tr>\n<tr style=\"border-style: solid; border-color: #bdbdbd;\">\n<td class=\"arial text11 gris6\" style=\"background-color: #ffffff; width: 6.71984%; height: 66px; border-style: solid; border-color: #bdbdbd;\" align=\"center\" valign=\"middle\" bgcolor=\"#FFFFCC\" height=\"27\">A2<\/td>\n<td class=\"arial text11 gris6\" style=\"background-color: #ffffff; width: 7.3344%; height: 66px; border-style: solid; border-color: #bdbdbd; text-align: center;\" valign=\"middle\" bgcolor=\"#FFFFCC\" height=\"27\">Dilluns i dimecres<\/td>\n<td class=\"arial text11 gris6\" style=\"background-color: #ffffff; width: 24.9272%; height: 66px; border-style: solid; border-color: #bdbdbd; text-align: center;\" valign=\"middle\" bgcolor=\"#FFFFCC\" height=\"27\">16.00-18.15<\/td>\n<td style=\"background-color: #ffffff; width: 14.6583%; height: 66px; border-style: solid; border-color: #bdbdbd; text-align: center;\">21<\/td>\n<\/tr>\n<tr style=\"border-style: solid; border-color: #bdbdbd;\">\n<td class=\"arial text11 gris6\" style=\"background-color: #ffffff; width: 6.71984%; height: 66px; border-style: solid; border-color: #bdbdbd;\" align=\"center\" valign=\"middle\" bgcolor=\"#FFFFFF\" height=\"27\">A2<\/td>\n<td class=\"arial text11 gris6\" style=\"background-color: #ffffff; width: 7.3344%; height: 66px; border-style: solid; border-color: #bdbdbd; text-align: center;\" valign=\"middle\" bgcolor=\"#FFFFFF\" height=\"27\">Semipresencial dilluns<\/td>\n<td class=\"arial text11 gris6\" style=\"background-color: #ffffff; width: 24.9272%; height: 66px; border-style: solid; border-color: #bdbdbd; text-align: center;\" valign=\"middle\" bgcolor=\"#FFFFFF\" height=\"27\">18.30-20.45<\/td>\n<td style=\"background-color: #ffffff; width: 14.6583%; height: 66px; border-style: solid; border-color: #bdbdbd; text-align: center;\">21<\/td>\n<\/tr>\n<tr style=\"border-style: solid; border-color: #bdbdbd;\">\n<td class=\"arial text11 gris6\" style=\"background-color: #ffffff; width: 6.71984%; height: 66px; border-style: solid; border-color: #bdbdbd;\" align=\"center\" valign=\"middle\" bgcolor=\"#FFFFCC\" height=\"27\">B1<\/td>\n<td class=\"arial text11 gris6\" style=\"background-color: #ffffff; width: 7.3344%; height: 66px; border-style: solid; border-color: #bdbdbd; text-align: center;\" valign=\"middle\" bgcolor=\"#FFFFCC\" height=\"27\">Dimarts i dijous<\/td>\n<td class=\"arial text11 gris6\" style=\"background-color: #ffffff; width: 24.9272%; height: 66px; border-style: solid; border-color: #bdbdbd; text-align: center;\" valign=\"middle\" bgcolor=\"#FFFFCC\" height=\"27\">09.00-11.15<\/td>\n<td style=\"background-color: #ffffff; width: 14.6583%; height: 66px; border-style: solid; border-color: #bdbdbd; text-align: center;\">25<\/td>\n<\/tr>\n<tr style=\"border-style: solid; border-color: #bdbdbd;\">\n<td class=\"arial text11 gris6\" style=\"background-color: #ffffff; width: 6.71984%; height: 66px; border-style: solid; border-color: #bdbdbd;\" align=\"center\" valign=\"middle\" bgcolor=\"#FFFFFF\" height=\"27\">B1<\/td>\n<td class=\"arial text11 gris6\" style=\"background-color: #ffffff; width: 7.3344%; height: 66px; border-style: solid; border-color: #bdbdbd; text-align: center;\" valign=\"middle\" bgcolor=\"#FFFFFF\" height=\"27\">Dilluns i dimecres<\/td>\n<td class=\"arial text11 gris6\" style=\"background-color: #ffffff; width: 24.9272%; height: 66px; border-style: solid; border-color: #bdbdbd; text-align: center;\" valign=\"middle\" bgcolor=\"#FFFFFF\" height=\"27\">16.00-18.15<\/td>\n<td style=\"background-color: #ffffff; width: 14.6583%; height: 66px; border-style: solid; border-color: #bdbdbd; text-align: center;\">25<\/td>\n<\/tr>\n<tr style=\"border-style: solid; border-color: #bdbdbd;\">\n<td class=\"arial text11 gris6\" style=\"background-color: #ffffff; width: 6.71984%; height: 66px; border-style: solid; border-color: #bdbdbd;\" align=\"center\" valign=\"middle\" bgcolor=\"#FFFFFF\" height=\"27\">B1<\/td>\n<td class=\"arial text11 gris6\" style=\"background-color: #ffffff; width: 7.3344%; height: 66px; border-style: solid; border-color: #bdbdbd; text-align: center;\" valign=\"middle\" bgcolor=\"#FFFFFF\" height=\"27\">Semipresencial dilluns<\/td>\n<td class=\"arial text11 gris6\" style=\"background-color: #ffffff; width: 24.9272%; height: 66px; border-style: solid; border-color: #bdbdbd; text-align: center;\" valign=\"middle\" bgcolor=\"#FFFFFF\" height=\"27\">18.30-20.45<\/td>\n<td style=\"background-color: #ffffff; width: 14.6583%; height: 66px; border-style: solid; border-color: #bdbdbd; text-align: center;\">25<\/td>\n<\/tr>\n<tr style=\"border-style: solid; border-color: #bdbdbd;\">\n<td class=\"arial text11 gris6\" style=\"background-color: #ffffff; width: 6.71984%; height: 50px; border-style: solid; border-color: #bdbdbd;\" align=\"center\" valign=\"middle\" bgcolor=\"#FFFFCC\" height=\"27\">B2.1<\/td>\n<td class=\"arial text11 gris6\" style=\"background-color: #ffffff; width: 7.3344%; height: 50px; border-style: solid; border-color: #bdbdbd; text-align: center;\" valign=\"middle\" bgcolor=\"#FFFFCC\" height=\"27\">Dilluns i dimecres<\/td>\n<td class=\"arial text11 gris6\" style=\"background-color: #ffffff; width: 24.9272%; height: 50px; border-style: solid; border-color: #bdbdbd; text-align: center;\" valign=\"middle\" bgcolor=\"#FFFFCC\" height=\"27\">09.00-11.15<\/td>\n<td style=\"background-color: #ffffff; width: 14.6583%; height: 50px; border-style: solid; border-color: #bdbdbd; text-align: center;\">18<\/td>\n<\/tr>\n<tr style=\"border-style: solid; border-color: #bdbdbd;\">\n<td class=\"arial text11 gris6\" style=\"background-color: #ffffff; width: 6.71984%; height: 50px; border-style: solid; border-color: #bdbdbd;\" align=\"center\" valign=\"middle\" bgcolor=\"#FFFFFF\" height=\"27\">B2.1<\/td>\n<td class=\"arial text11 gris6\" style=\"background-color: #ffffff; width: 7.3344%; height: 50px; border-style: solid; border-color: #bdbdbd; text-align: center;\" valign=\"middle\" bgcolor=\"#FFFFFF\" height=\"27\">Dilluns i dimecres<\/td>\n<td class=\"arial text11 gris6\" style=\"background-color: #ffffff; width: 24.9272%; height: 50px; border-style: solid; border-color: #bdbdbd; text-align: center;\" valign=\"middle\" bgcolor=\"#FFFFFF\" height=\"27\">16.00-18.15<\/td>\n<td style=\"background-color: #ffffff; width: 14.6583%; height: 50px; border-style: solid; border-color: #bdbdbd; text-align: center;\">26<\/td>\n<\/tr>\n<tr style=\"border-style: solid; border-color: #bdbdbd;\">\n<td class=\"arial text11 gris6\" style=\"background-color: #ffffff; width: 6.71984%; height: 66px; border-style: solid; border-color: #bdbdbd;\" align=\"center\" valign=\"middle\" bgcolor=\"#FFFFCC\" height=\"27\">B2.1<\/td>\n<td class=\"arial text11 gris6\" style=\"background-color: #ffffff; width: 7.3344%; height: 66px; border-style: solid; border-color: #bdbdbd; text-align: center;\" valign=\"middle\" bgcolor=\"#FFFFCC\" height=\"27\">Semipresencial\u00a0dilluns<\/td>\n<td class=\"arial text11 gris6\" style=\"background-color: #ffffff; width: 24.9272%; height: 66px; border-style: solid; border-color: #bdbdbd; text-align: center;\" valign=\"middle\" bgcolor=\"#FFFFCC\" height=\"27\">18.30-20.45<\/td>\n<td style=\"background-color: #ffffff; width: 14.6583%; height: 66px; border-style: solid; border-color: #bdbdbd; text-align: center;\">1<\/td>\n<\/tr>\n<tr style=\"border-style: solid; border-color: #bdbdbd;\">\n<td class=\"arial text11 gris6\" style=\"background-color: #ffffff; width: 6.71984%; height: 50px; border-style: solid; border-color: #bdbdbd;\" align=\"center\" valign=\"middle\" bgcolor=\"#FFFFFF\" height=\"27\">B2.2<\/td>\n<td class=\"arial text11 gris6\" style=\"background-color: #ffffff; width: 7.3344%; height: 50px; border-style: solid; border-color: #bdbdbd; text-align: center;\" valign=\"middle\" bgcolor=\"#FFFFFF\" height=\"27\">Dimarts i dijous<\/td>\n<td class=\"arial text11 gris6\" style=\"background-color: #ffffff; width: 24.9272%; height: 50px; border-style: solid; border-color: #bdbdbd; text-align: center;\" valign=\"middle\" bgcolor=\"#FFFFFF\" height=\"27\">09.00-11.15<\/td>\n<td style=\"background-color: #ffffff; width: 14.6583%; height: 50px; border-style: solid; border-color: #bdbdbd; text-align: center;\">18<\/td>\n<\/tr>\n<tr style=\"border-style: solid; border-color: #bdbdbd;\">\n<td class=\"arial text11 gris6\" style=\"background-color: #ffffff; width: 6.71984%; height: 50px; border-style: solid; border-color: #bdbdbd;\" align=\"center\" valign=\"middle\" bgcolor=\"#FFFFCC\" height=\"27\">B2.2<\/td>\n<td class=\"arial text11 gris6\" style=\"background-color: #ffffff; width: 7.3344%; height: 50px; border-style: solid; border-color: #bdbdbd; text-align: center;\" valign=\"middle\" bgcolor=\"#FFFFCC\" height=\"27\">Dilluns i dimecres<\/td>\n<td class=\"arial text11 gris6\" style=\"background-color: #ffffff; width: 24.9272%; height: 50px; border-style: solid; border-color: #bdbdbd; text-align: center;\" valign=\"middle\" bgcolor=\"#FFFFCC\" height=\"27\">16.00-18.15<\/td>\n<td style=\"background-color: #ffffff; width: 14.6583%; height: 50px; border-style: solid; border-color: #bdbdbd; text-align: center;\">18<\/td>\n<\/tr>\n<tr style=\"border-style: solid; border-color: #bdbdbd;\">\n<td class=\"arial text11 gris6\" style=\"background-color: #ffffff; width: 6.71984%; height: 66px; border-style: solid; border-color: #bdbdbd;\" align=\"center\" valign=\"middle\" bgcolor=\"#FFFFFF\" height=\"27\">B2.2<\/td>\n<td class=\"arial text11 gris6\" style=\"background-color: #ffffff; width: 7.3344%; height: 66px; border-style: solid; border-color: #bdbdbd; text-align: center;\" valign=\"middle\" bgcolor=\"#FFFFFF\" height=\"27\">Semipresencial dilluns<\/td>\n<td class=\"arial text11 gris6\" style=\"background-color: #ffffff; width: 24.9272%; height: 66px; border-style: solid; border-color: #bdbdbd; text-align: center;\" valign=\"middle\" bgcolor=\"#FFFFFF\" height=\"27\">18.30-20.45<\/td>\n<td style=\"background-color: #ffffff; width: 14.6583%; height: 66px; border-style: solid; border-color: #bdbdbd; text-align: center;\">18<\/td>\n<\/tr>\n<tr>\n<td style=\"background-color: #ffffff; width: 6.71984%; border-style: solid; border-color: #bdbdbd; text-align: center;\">C1<\/td>\n<td style=\"background-color: #ffffff; width: 7.3344%; border-style: solid; border-color: #bdbdbd; text-align: center;\">Dimarts i dijous<\/td>\n<td style=\"background-color: #ffffff; width: 24.9272%; border-style: solid; border-color: #bdbdbd; text-align: center;\">16.00-18.15<\/td>\n<td style=\"background-color: #ffffff; width: 14.6583%; border-style: solid; border-color: #bdbdbd; text-align: center;\">25<\/td>\n<\/tr>\n<tr style=\"border-style: solid; border-color: #bdbdbd;\">\n<td class=\"arial text11 gris6\" style=\"background-color: #ffffff; width: 6.71984%; height: 66px; border-style: solid; border-color: #bdbdbd;\" align=\"center\" valign=\"middle\" bgcolor=\"#FFFFCC\" height=\"27\">C1<\/td>\n<td class=\"arial text11 gris6\" style=\"background-color: #ffffff; width: 7.3344%; height: 66px; border-style: solid; border-color: #bdbdbd; text-align: center;\" valign=\"middle\" bgcolor=\"#FFFFCC\" height=\"27\">Semipresencial dimarts<\/td>\n<td class=\"arial text11 gris6\" style=\"background-color: #ffffff; width: 24.9272%; height: 66px; border-style: solid; border-color: #bdbdbd; text-align: center;\" valign=\"middle\" bgcolor=\"#FFFFCC\" height=\"27\">18.30-20.45<\/td>\n<td style=\"background-color: #ffffff; width: 14.6583%; height: 66px; border-style: solid; border-color: #bdbdbd; text-align: center;\">18<\/td>\n<\/tr>\n<\/tbody>\n<\/table>\n<\/div>\n","protected":false},"excerpt":{"rendered":"<p>HORARIS DEL CURS 2025-2026 &#8211; L\u2019EOI Girona no pot garantir que es mantingui l\u2019horari que ara escolliu en els cursos successius. &#8211; Les proves de final de curs poden no coincidir amb el dia i hora de classe habitual. &#8211; El dia i hora de l\u2019examen final no es pot canviar. &#8211; L\u2019assist\u00e8ncia a classe [&hellip;]<\/p>\n","protected":false},"author":1,"featured_media":0,"parent":8195,"menu_order":10,"comment_status":"closed","ping_status":"closed","template":"","meta":{"_bbp_topic_count":0,"_bbp_reply_count":0,"_bbp_total_topic_count":0,"_bbp_total_reply_count":0,"_bbp_voice_count":0,"_bbp_anonymous_reply_count":0,"_bbp_topic_count_hidden":0,"_bbp_reply_count_hidden":0,"_bbp_forum_subforum_count":0,"site-sidebar-layout":"default","site-content-layout":"","ast-site-content-layout":"default","site-content-style":"default","site-sidebar-style":"default","ast-global-header-display":"","ast-banner-title-visibility":"","ast-main-header-display":"","ast-hfb-above-header-display":"","ast-hfb-below-header-display":"","ast-hfb-mobile-header-display":"","site-post-title":"","ast-breadcrumbs-content":"","ast-featured-img":"","footer-sml-layout":"","theme-transparent-header-meta":"default","adv-header-id-meta":"","stick-header-meta":"","header-above-stick-meta":"","header-main-stick-meta":"","header-below-stick-meta":"","astra-migrate-meta-layouts":"set","ast-page-background-enabled":"default","ast-page-background-meta":{"desktop":{"background-color":"var(--ast-global-color-4)","background-image":"","background-repeat":"repeat","background-position":"center center","background-size":"auto","background-attachment":"scroll","background-type":"","background-media":"","overlay-type":"","overlay-color":"","overlay-opacity":"","overlay-gradient":""},"tablet":{"background-color":"","background-image":"","background-repeat":"repeat","background-position":"center center","background-size":"auto","background-attachment":"scroll","background-type":"","background-media":"","overlay-type":"","overlay-color":"","overlay-opacity":"","overlay-gradient":""},"mobile":{"background-color":"","background-image":"","background-repeat":"repeat","background-position":"center center","background-size":"auto","background-attachment":"scroll","background-type":"","background-media":"","overlay-type":"","overlay-color":"","overlay-opacity":"","overlay-gradient":""}},"ast-content-background-meta":{"desktop":{"background-color":"var(--ast-global-color-5)","background-image":"","background-repeat":"repeat","background-position":"center center","background-size":"auto","background-attachment":"scroll","background-type":"","background-media":"","overlay-type":"","overlay-color":"","overlay-opacity":"","overlay-gradient":""},"tablet":{"background-color":"var(--ast-global-color-5)","background-image":"","background-repeat":"repeat","background-position":"center center","background-size":"auto","background-attachment":"scroll","background-type":"","background-media":"","overlay-type":"","overlay-color":"","overlay-opacity":"","overlay-gradient":""},"mobile":{"background-color":"var(--ast-global-color-5)","background-image":"","background-repeat":"repeat","background-position":"center center","background-size":"auto","background-attachment":"scroll","background-type":"","background-media":"","overlay-type":"","overlay-color":"","overlay-opacity":"","overlay-gradient":""}},"footnotes":""},"class_list":["post-8291","page","type-page","status-publish","hentry"],"post_mailing_queue_ids":[],"_links":{"self":[{"href":"https:\/\/agora-eoi.xtec.cat\/eoigirona\/wp-json\/wp\/v2\/pages\/8291","targetHints":{"allow":["GET"]}}],"collection":[{"href":"https:\/\/agora-eoi.xtec.cat\/eoigirona\/wp-json\/wp\/v2\/pages"}],"about":[{"href":"https:\/\/agora-eoi.xtec.cat\/eoigirona\/wp-json\/wp\/v2\/types\/page"}],"author":[{"embeddable":true,"href":"https:\/\/agora-eoi.xtec.cat\/eoigirona\/wp-json\/wp\/v2\/users\/1"}],"replies":[{"embeddable":true,"href":"https:\/\/agora-eoi.xtec.cat\/eoigirona\/wp-json\/wp\/v2\/comments?post=8291"}],"version-history":[{"count":6,"href":"https:\/\/agora-eoi.xtec.cat\/eoigirona\/wp-json\/wp\/v2\/pages\/8291\/revisions"}],"predecessor-version":[{"id":17956,"href":"https:\/\/agora-eoi.xtec.cat\/eoigirona\/wp-json\/wp\/v2\/pages\/8291\/revisions\/17956"}],"up":[{"embeddable":true,"href":"https:\/\/agora-eoi.xtec.cat\/eoigirona\/wp-json\/wp\/v2\/pages\/8195"}],"wp:attachment":[{"href":"https:\/\/agora-eoi.xtec.cat\/eoigirona\/wp-json\/wp\/v2\/media?parent=8291"}],"curies":[{"name":"wp","href":"https:\/\/api.w.org\/{rel}","templated":true}]}}