{"id":8282,"date":"2016-06-13T11:29:06","date_gmt":"2016-06-13T10:29:06","guid":{"rendered":"https:\/\/agora-eoi.xtec.cat\/eoigirona\/?page_id=8282"},"modified":"2024-09-29T07:48:09","modified_gmt":"2024-09-29T05:48:09","slug":"grups-de-conversa","status":"publish","type":"page","link":"https:\/\/agora-eoi.xtec.cat\/eoigirona\/espanyol\/grups-de-conversa\/","title":{"rendered":"Avaluaci\u00f3 i assist\u00e8ncia a classe"},"content":{"rendered":"<p style=\"text-align: justify;\"><strong><span class=\"titols\">Avaluaci\u00f3<\/span><\/strong><\/p>\n<div class=\"separacio5\" style=\"text-align: justify;\">\n<div style=\"width: 762px;\" class=\"wp-video\"><!--[if lt IE 9]><script>document.createElement('video');<\/script><![endif]-->\n<video class=\"wp-video-shortcode\" id=\"video-8282-1\" width=\"762\" height=\"428\" preload=\"metadata\" controls=\"controls\"><source type=\"video\/mp4\" src=\"https:\/\/agora-eoi.xtec.cat\/eoigirona\/wp-content\/uploads\/usu2632\/2024\/09\/Lavaluacio-a-lEOI-Girona.mp4?_=1\" \/><a href=\"https:\/\/agora-eoi.xtec.cat\/eoigirona\/wp-content\/uploads\/usu2632\/2024\/09\/Lavaluacio-a-lEOI-Girona.mp4\">https:\/\/agora-eoi.xtec.cat\/eoigirona\/wp-content\/uploads\/usu2632\/2024\/09\/Lavaluacio-a-lEOI-Girona.mp4<\/a><\/video><\/div>\n<\/div>\n<div><\/div>\n<p style=\"text-align: justify;\">L\u2019avaluaci\u00f3 del proc\u00e9s d\u2019aprenentatge dels alumnes oficials de la modalitat presencial ser\u00e0 un proc\u00e9s sistem\u00e0tic, integrador i personalitzat, i tindr\u00e0 lloc durant el curs.<\/p>\n<p>L\u2019escola i el professor\/a de cada grup informaran els alumnes sobre els objectius a assolir i els criteris i els instruments que s\u2019utilitzaran per avaluar-los. Durant el curs es faran tasques i activitats que el professor avaluar\u00e0 i valorar\u00e0 i que donaran informaci\u00f3 als alumnes sobre el seu progr\u00e9s i l\u2019assoliment dels objectius i continguts. En tot moment els alumnes estaran informats sobre el seu progr\u00e9s i el professorat afavorir\u00e0 i facilitar\u00e0 aquesta comunicaci\u00f3.<\/p>\n<p>L\u2019escola\u00a0elaborar\u00e0\u00a0proves finals per fer en convocat\u00f2ria \u00fanica al final del curs\u00a0(nivells A1, A2 i B2.1). Els resultats d\u2019aquestes proves finals\u00a0serviran per determinar la qualificaci\u00f3 final.<\/p>\n<p>Per a l\u2019obtenci\u00f3 dels certificats dels nivells intermedi\u00a0B1 i\u00a0intermedi\u00a0B2 cal superar una prova segons el que s&#8217;estableix en\u00a0<a href=\"https:\/\/educacio.gencat.cat\/ca\/serveis-tramits\/proves\/proves-lliures-obtencio-titols\/convocat-extraord-idiomes\/normativa\/\">aquesta normativa<\/a>.<\/p>\n<p style=\"text-align: justify;\"><strong><span class=\"titols\">Assist\u00e8ncia<\/span><\/strong><\/p>\n<div class=\"separacio5\" style=\"text-align: justify;\"><\/div>\n<p style=\"text-align: justify;\">L\u2019assist\u00e8ncia dels alumnes a les classes \u00e9s obligat\u00f2ria [art. 22.1.a) de la Llei d\u2019educaci\u00f3].<\/p>\n<p>En el marc de les normes d\u2019organitzaci\u00f3 i funcionament del centre, s\u2019informa que els alumnes menors d\u2019edat han de justificar les faltes d\u2019assist\u00e8ncia. Trobareu un model de justificant de faltes d\u2019assist\u00e8ncia dels menors a l\u2019apartat Gestions Administratives que haur\u00e0 de signar el pare\/mare o tutor. Les Escoles Oficials d\u2019Idiomes s\u00f3n centres p\u00fablics de r\u00e8gim especial destinats a l\u2019ensenyament d\u2019idiomes moderns a adults, independents dels ensenyaments reglats, i com a tals no es fan responsables de les faltes no justificades.<\/p>\n","protected":false},"excerpt":{"rendered":"<p>Avaluaci\u00f3 L\u2019avaluaci\u00f3 del proc\u00e9s d\u2019aprenentatge dels alumnes oficials de la modalitat presencial ser\u00e0 un proc\u00e9s sistem\u00e0tic, integrador i personalitzat, i tindr\u00e0 lloc durant el curs. L\u2019escola i el professor\/a de cada grup informaran els alumnes sobre els objectius a assolir i els criteris i els instruments que s\u2019utilitzaran per avaluar-los. Durant el curs es faran [&hellip;]<\/p>\n","protected":false},"author":1,"featured_media":0,"parent":8199,"menu_order":40,"comment_status":"closed","ping_status":"closed","template":"page-templates\/side-menu.php","meta":{"_bbp_topic_count":0,"_bbp_reply_count":0,"_bbp_total_topic_count":0,"_bbp_total_reply_count":0,"_bbp_voice_count":0,"_bbp_anonymous_reply_count":0,"_bbp_topic_count_hidden":0,"_bbp_reply_count_hidden":0,"_bbp_forum_subforum_count":0,"site-sidebar-layout":"default","site-content-layout":"","ast-site-content-layout":"","site-content-style":"default","site-sidebar-style":"default","ast-global-header-display":"","ast-banner-title-visibility":"","ast-main-header-display":"","ast-hfb-above-header-display":"","ast-hfb-below-header-display":"","ast-hfb-mobile-header-display":"","site-post-title":"","ast-breadcrumbs-content":"","ast-featured-img":"","footer-sml-layout":"","theme-transparent-header-meta":"","adv-header-id-meta":"","stick-header-meta":"","header-above-stick-meta":"","header-main-stick-meta":"","header-below-stick-meta":"","astra-migrate-meta-layouts":"default","ast-page-background-enabled":"default","ast-page-background-meta":{"desktop":{"background-color":"var(--ast-global-color-4)","background-image":"","background-repeat":"repeat","background-position":"center center","background-size":"auto","background-attachment":"scroll","background-type":"","background-media":"","overlay-type":"","overlay-color":"","overlay-opacity":"","overlay-gradient":""},"tablet":{"background-color":"","background-image":"","background-repeat":"repeat","background-position":"center center","background-size":"auto","background-attachment":"scroll","background-type":"","background-media":"","overlay-type":"","overlay-color":"","overlay-opacity":"","overlay-gradient":""},"mobile":{"background-color":"","background-image":"","background-repeat":"repeat","background-position":"center center","background-size":"auto","background-attachment":"scroll","background-type":"","background-media":"","overlay-type":"","overlay-color":"","overlay-opacity":"","overlay-gradient":""}},"ast-content-background-meta":{"desktop":{"background-color":"var(--ast-global-color-5)","background-image":"","background-repeat":"repeat","background-position":"center center","background-size":"auto","background-attachment":"scroll","background-type":"","background-media":"","overlay-type":"","overlay-color":"","overlay-opacity":"","overlay-gradient":""},"tablet":{"background-color":"var(--ast-global-color-5)","background-image":"","background-repeat":"repeat","background-position":"center center","background-size":"auto","background-attachment":"scroll","background-type":"","background-media":"","overlay-type":"","overlay-color":"","overlay-opacity":"","overlay-gradient":""},"mobile":{"background-color":"var(--ast-global-color-5)","background-image":"","background-repeat":"repeat","background-position":"center center","background-size":"auto","background-attachment":"scroll","background-type":"","background-media":"","overlay-type":"","overlay-color":"","overlay-opacity":"","overlay-gradient":""}},"footnotes":""},"class_list":["post-8282","page","type-page","status-publish","hentry"],"post_mailing_queue_ids":[],"_links":{"self":[{"href":"https:\/\/agora-eoi.xtec.cat\/eoigirona\/wp-json\/wp\/v2\/pages\/8282","targetHints":{"allow":["GET"]}}],"collection":[{"href":"https:\/\/agora-eoi.xtec.cat\/eoigirona\/wp-json\/wp\/v2\/pages"}],"about":[{"href":"https:\/\/agora-eoi.xtec.cat\/eoigirona\/wp-json\/wp\/v2\/types\/page"}],"author":[{"embeddable":true,"href":"https:\/\/agora-eoi.xtec.cat\/eoigirona\/wp-json\/wp\/v2\/users\/1"}],"replies":[{"embeddable":true,"href":"https:\/\/agora-eoi.xtec.cat\/eoigirona\/wp-json\/wp\/v2\/comments?post=8282"}],"version-history":[{"count":5,"href":"https:\/\/agora-eoi.xtec.cat\/eoigirona\/wp-json\/wp\/v2\/pages\/8282\/revisions"}],"predecessor-version":[{"id":15911,"href":"https:\/\/agora-eoi.xtec.cat\/eoigirona\/wp-json\/wp\/v2\/pages\/8282\/revisions\/15911"}],"up":[{"embeddable":true,"href":"https:\/\/agora-eoi.xtec.cat\/eoigirona\/wp-json\/wp\/v2\/pages\/8199"}],"wp:attachment":[{"href":"https:\/\/agora-eoi.xtec.cat\/eoigirona\/wp-json\/wp\/v2\/media?parent=8282"}],"curies":[{"name":"wp","href":"https:\/\/api.w.org\/{rel}","templated":true}]}}