{"id":8279,"date":"2016-06-13T11:27:16","date_gmt":"2016-06-13T10:27:16","guid":{"rendered":"https:\/\/agora-eoi.xtec.cat\/eoigirona\/?page_id=8279"},"modified":"2025-09-18T13:02:02","modified_gmt":"2025-09-18T11:02:02","slug":"llibres-i-lectures","status":"publish","type":"page","link":"https:\/\/agora-eoi.xtec.cat\/eoigirona\/espanyol\/llibres-i-lectures\/","title":{"rendered":"Llibres i lectures"},"content":{"rendered":"<p><a href=\"https:\/\/docs.google.com\/document\/d\/1SoSt5cDRVYV-xNb2xafH7Ve30_yOqFwf7UKaMd4Eb5g\/edit?usp=sharing\" target=\"_blank\" rel=\"noopener\">Llibreries de Girona<\/a> on podeu comprar els llibres del curs.<\/p>\n<p><span dir=\"ltr\" role=\"presentation\">A1 <\/span><br role=\"presentation\" \/><span dir=\"ltr\" role=\"presentation\">LLIBRE DE TEXT <\/span><br role=\"presentation\" \/><span dir=\"ltr\" role=\"presentation\">&#8211;<\/span> <span style=\"font-weight: 400;\">CORPAS, J., GARC\u00cdA, E. y GARMENDIA, A.: <\/span><i><span style=\"font-weight: 400;\">AULA PLUS 1 (Edici\u00f3n h\u00edbrida)<\/span><\/i><span style=\"font-weight: 400;\">. Editorial Difusi\u00f3n, 2020. <\/span><b>ISBN: <\/b><b>9788419236173<\/b><\/p>\n<p><span dir=\"ltr\" role=\"presentation\">LECTURA<\/span><br role=\"presentation\" \/><span dir=\"ltr\" role=\"presentation\">&#8211;<\/span> <span style=\"font-weight: 400;\">MIQUEL, L. y SANS, N.: <\/span><i><span style=\"font-weight: 400;\">Sin noticias (LOLA LAGO &amp; asociados)<\/span><\/i><span style=\"font-weight: 400;\">. Editorial Difusi\u00f3n, 2020. <\/span><strong>ISBN: 9788418032080<\/strong><\/p>\n<p><span dir=\"ltr\" role=\"presentation\">A2 <\/span><br role=\"presentation\" \/><span dir=\"ltr\" role=\"presentation\">LLIBRE DE TEXT <\/span><br role=\"presentation\" \/><span dir=\"ltr\" role=\"presentation\">&#8211;<\/span> <span style=\"font-weight: 400;\">CORPAS, J., GARMENDIA, A. y SORIANO, C.: <\/span><i><span style=\"font-weight: 400;\">AULA PLUS 2 (Edici\u00f3n h\u00edbrida). <\/span><\/i><span style=\"font-weight: 400;\">Editorial Difusi\u00f3n, 2020. <\/span><b>ISBN: <\/b><b>9788419236180<\/b><\/p>\n<p><span dir=\"ltr\" role=\"presentation\">LECTURA<\/span><br role=\"presentation\" \/><span dir=\"ltr\" role=\"presentation\">&#8211; <span style=\"font-weight: 400;\">MIQUEL, L. y SANS, N.: <em>Amor en l\u00ednea<\/em><\/span><i><span style=\"font-weight: 400;\"><em>\u00a0<\/em>(LOLA LAGO &amp; asociados)<\/span><\/i><span style=\"font-weight: 400;\">. Editorial Difusi\u00f3n, 2020. <\/span><strong>ISBN: 9788418032097<\/strong><\/span><\/p>\n<p><span dir=\"ltr\" role=\"presentation\">B1<\/span><br role=\"presentation\" \/><span dir=\"ltr\" role=\"presentation\">LLIBRE DE TEXT<\/span> <br role=\"presentation\" \/><span dir=\"ltr\" role=\"presentation\"><span style=\"font-weight: 400;\">&#8211; <\/span><\/span><span dir=\"ltr\" role=\"presentation\">Dossiers preparats pel professor.<\/span><\/p>\n<p><span dir=\"ltr\" role=\"presentation\">LECTURA<\/span><br role=\"presentation\" \/><span dir=\"ltr\" role=\"presentation\">&#8211;<\/span> A determinar al setembre.<\/p>\n<p><span dir=\"ltr\" role=\"presentation\">B2.1 <\/span><br role=\"presentation\" \/><span dir=\"ltr\" role=\"presentation\">LLIBRES DE TEXT <\/span><br role=\"presentation\" \/><span dir=\"ltr\" role=\"presentation\">&#8211; <\/span><span style=\"font-weight: 400;\">SANS, N., MART\u00cdN PERIS, E. y otros.: <\/span><i><span style=\"font-weight: 400;\">BIT\u00c1CORA 4 (Nueva Edici\u00f3n) (Edici\u00f3n h\u00edbrida). Libro del alumno<\/span><\/i><span style=\"font-weight: 400;\">. Editorial Difusi\u00f3n, 2022. <\/span><b>ISBN: <\/b><b>9788419236036<\/b><\/p>\n<p><span style=\"font-weight: 400;\">&#8211; CHAMORRO, M. Dolores, MART\u00cdNEZ, Pablo y otros: <\/span><i><span style=\"font-weight: 400;\">BIT\u00c1CORA 4 (Nueva Edici\u00f3n). Cuaderno de ejercicios. <\/span><\/i><span style=\"font-weight: 400;\">Editorial Difusi\u00f3n, 2019.\u00a0<\/span><b>ISBN: <\/b><b>9788416347834<\/b><\/p>\n<p><span dir=\"ltr\" role=\"presentation\">LECTURA<\/span><br role=\"presentation\" \/><span dir=\"ltr\" role=\"presentation\">&#8211; R<span style=\"font-weight: 400;\">UIZ ZAF\u00d3N, Carlos: <\/span><i><span style=\"font-weight: 400;\">Marina <\/span><\/i><span style=\"font-weight: 400;\">(cualquier edici\u00f3n).\u00a0<\/span><\/span><\/p>\n<p><span dir=\"ltr\" role=\"presentation\">B2 2<\/span><br role=\"presentation\" \/><span dir=\"ltr\" role=\"presentation\">LLIBRES DE TEXT <\/span><br role=\"presentation\" \/><span dir=\"ltr\" role=\"presentation\">&#8211; <\/span><span style=\"font-weight: 400;\">SANS, N., MART\u00cdN PERIS, E. y otros.: <\/span><i><span style=\"font-weight: 400;\">BIT\u00c1CORA 4 (Nueva Edici\u00f3n) (Edici\u00f3n h\u00edbrida). Libro del alumno<\/span><\/i><span style=\"font-weight: 400;\">. Editorial Difusi\u00f3n, 2022. <\/span><b>ISBN: <\/b><b>9788419236036\u00a0 \u00a0 \u00a0 \u00a0 \u00a0 \u00a0 \u00a0 \u00a0 \u00a0 \u00a0 \u00a0 \u00a0 \u00a0 \u00a0 \u00a0 \u00a0 \u00a0 \u00a0 \u00a0 \u00a0 \u00a0 \u00a0 \u00a0 \u00a0 \u00a0 \u00a0 \u00a0 \u00a0 \u00a0 \u00a0 \u00a0 \u00a0 \u00a0 \u00a0 \u00a0 \u00a0 \u00a0 \u00a0 \u00a0 \u00a0<\/b><\/p>\n<p><span style=\"font-weight: 400;\">&#8211; CHAMORRO, M. Dolores, MART\u00cdNEZ, Pablo y otros: <\/span><i><span style=\"font-weight: 400;\">BIT\u00c1CORA 4 (Nueva Edici\u00f3n). Cuaderno de ejercicios. <\/span><\/i><span style=\"font-weight: 400;\">Editorial Difusi\u00f3n, 2019.\u00a0<\/span><b>ISBN: <\/b><b>9788416347834<\/b><\/p>\n<p><span dir=\"ltr\" role=\"presentation\">LECTURA<\/span><br role=\"presentation\" \/><span dir=\"ltr\" role=\"presentation\">&#8211;<\/span>\u00a0<span style=\"font-weight: 400;\"><span dir=\"ltr\" role=\"presentation\">A determinar.<\/span><\/span><\/p>\n","protected":false},"excerpt":{"rendered":"<p>Llibreries de Girona on podeu comprar els llibres del curs. A1 LLIBRE DE TEXT &#8211; CORPAS, J., GARC\u00cdA, E. y GARMENDIA, A.: AULA PLUS 1 (Edici\u00f3n h\u00edbrida). Editorial Difusi\u00f3n, 2020. ISBN: 9788419236173 LECTURA&#8211; MIQUEL, L. y SANS, N.: Sin noticias (LOLA LAGO &amp; asociados). Editorial Difusi\u00f3n, 2020. ISBN: 9788418032080 A2 LLIBRE DE TEXT &#8211; CORPAS, [&hellip;]<\/p>\n","protected":false},"author":1,"featured_media":0,"parent":8199,"menu_order":30,"comment_status":"closed","ping_status":"closed","template":"","meta":{"_bbp_topic_count":0,"_bbp_reply_count":0,"_bbp_total_topic_count":0,"_bbp_total_reply_count":0,"_bbp_voice_count":0,"_bbp_anonymous_reply_count":0,"_bbp_topic_count_hidden":0,"_bbp_reply_count_hidden":0,"_bbp_forum_subforum_count":0,"site-sidebar-layout":"default","site-content-layout":"","ast-site-content-layout":"default","site-content-style":"default","site-sidebar-style":"default","ast-global-header-display":"","ast-banner-title-visibility":"","ast-main-header-display":"","ast-hfb-above-header-display":"","ast-hfb-below-header-display":"","ast-hfb-mobile-header-display":"","site-post-title":"","ast-breadcrumbs-content":"","ast-featured-img":"","footer-sml-layout":"","theme-transparent-header-meta":"","adv-header-id-meta":"","stick-header-meta":"","header-above-stick-meta":"","header-main-stick-meta":"","header-below-stick-meta":"","astra-migrate-meta-layouts":"set","ast-page-background-enabled":"default","ast-page-background-meta":{"desktop":{"background-color":"var(--ast-global-color-4)","background-image":"","background-repeat":"repeat","background-position":"center center","background-size":"auto","background-attachment":"scroll","background-type":"","background-media":"","overlay-type":"","overlay-color":"","overlay-opacity":"","overlay-gradient":""},"tablet":{"background-color":"","background-image":"","background-repeat":"repeat","background-position":"center center","background-size":"auto","background-attachment":"scroll","background-type":"","background-media":"","overlay-type":"","overlay-color":"","overlay-opacity":"","overlay-gradient":""},"mobile":{"background-color":"","background-image":"","background-repeat":"repeat","background-position":"center center","background-size":"auto","background-attachment":"scroll","background-type":"","background-media":"","overlay-type":"","overlay-color":"","overlay-opacity":"","overlay-gradient":""}},"ast-content-background-meta":{"desktop":{"background-color":"var(--ast-global-color-5)","background-image":"","background-repeat":"repeat","background-position":"center center","background-size":"auto","background-attachment":"scroll","background-type":"","background-media":"","overlay-type":"","overlay-color":"","overlay-opacity":"","overlay-gradient":""},"tablet":{"background-color":"var(--ast-global-color-5)","background-image":"","background-repeat":"repeat","background-position":"center center","background-size":"auto","background-attachment":"scroll","background-type":"","background-media":"","overlay-type":"","overlay-color":"","overlay-opacity":"","overlay-gradient":""},"mobile":{"background-color":"var(--ast-global-color-5)","background-image":"","background-repeat":"repeat","background-position":"center center","background-size":"auto","background-attachment":"scroll","background-type":"","background-media":"","overlay-type":"","overlay-color":"","overlay-opacity":"","overlay-gradient":""}},"footnotes":""},"class_list":["post-8279","page","type-page","status-publish","hentry"],"post_mailing_queue_ids":[],"_links":{"self":[{"href":"https:\/\/agora-eoi.xtec.cat\/eoigirona\/wp-json\/wp\/v2\/pages\/8279","targetHints":{"allow":["GET"]}}],"collection":[{"href":"https:\/\/agora-eoi.xtec.cat\/eoigirona\/wp-json\/wp\/v2\/pages"}],"about":[{"href":"https:\/\/agora-eoi.xtec.cat\/eoigirona\/wp-json\/wp\/v2\/types\/page"}],"author":[{"embeddable":true,"href":"https:\/\/agora-eoi.xtec.cat\/eoigirona\/wp-json\/wp\/v2\/users\/1"}],"replies":[{"embeddable":true,"href":"https:\/\/agora-eoi.xtec.cat\/eoigirona\/wp-json\/wp\/v2\/comments?post=8279"}],"version-history":[{"count":6,"href":"https:\/\/agora-eoi.xtec.cat\/eoigirona\/wp-json\/wp\/v2\/pages\/8279\/revisions"}],"predecessor-version":[{"id":17944,"href":"https:\/\/agora-eoi.xtec.cat\/eoigirona\/wp-json\/wp\/v2\/pages\/8279\/revisions\/17944"}],"up":[{"embeddable":true,"href":"https:\/\/agora-eoi.xtec.cat\/eoigirona\/wp-json\/wp\/v2\/pages\/8199"}],"wp:attachment":[{"href":"https:\/\/agora-eoi.xtec.cat\/eoigirona\/wp-json\/wp\/v2\/media?parent=8279"}],"curies":[{"name":"wp","href":"https:\/\/api.w.org\/{rel}","templated":true}]}}