{"id":8274,"date":"2016-06-13T11:25:33","date_gmt":"2016-06-13T10:25:33","guid":{"rendered":"https:\/\/agora-eoi.xtec.cat\/eoigirona\/?page_id=8274"},"modified":"2025-09-18T13:01:00","modified_gmt":"2025-09-18T11:01:00","slug":"horaris","status":"publish","type":"page","link":"https:\/\/agora-eoi.xtec.cat\/eoigirona\/espanyol\/horaris\/","title":{"rendered":"Horaris i professorat"},"content":{"rendered":"<p><strong>HORARIS DEL CURS 2025-2026<br \/>\n<\/strong><\/p>\n<p>&#8211; L&#8217;EOI Girona no pot garantir que es mantinguin els mateixos horaris en cursos successius.<\/p>\n<p>&#8211; Les proves finals poden no coincidir amb el dia i hora de classe habitual.<\/p>\n<p>&#8211; L&#8217;assist\u00e8ncia a classe \u00e9s obligat\u00f2ria.<\/p>\n<p><strong>CURSOS INTENSIUS &#8211; PRIMER QUADRIMESTRE (SETEMBRE &#8211; GENER)<\/strong><\/p>\n<div>\n<table style=\"height: 190px; width: 98.548%; border-style: solid; border-color: #bdbdbd;\" border=\"0\" width=\"98.548%\" cellspacing=\"0\" cellpadding=\"0\">\n<tbody>\n<tr style=\"border-style: solid; border-color: #bdbdbd;\">\n<td class=\"arial text11 blanc\" style=\"width: 6.56393%; height: 33px; border-style: solid; border-color: #bdbdbd; background-color: #c85f5f;\" valign=\"middle\" bgcolor=\"#999999\" height=\"29\"><span style=\"color: #ffffff;\"><b>Nivell<\/b><\/span><\/td>\n<td class=\"arial text11 blanc\" style=\"width: 16.6814%; height: 33px; border-style: solid; border-color: #bdbdbd; background-color: #c85f5f;\" valign=\"middle\" bgcolor=\"#999999\" height=\"29\"><span style=\"color: #ffffff;\"><b>Dia<\/b><\/span><\/td>\n<td class=\"arial text11 blanc\" style=\"width: 12.6817%; height: 33px; border-style: solid; border-color: #bdbdbd; background-color: #c85f5f;\" valign=\"middle\" bgcolor=\"#999999\" height=\"29\"><span style=\"color: #ffffff;\"><b>Hora<\/b><\/span><\/td>\n<td style=\"width: 8.20747%; height: 33px; border-style: solid; border-color: #bdbdbd; background-color: #c85f5f;\"><span style=\"color: #ffffff;\"><b>\u00a0Aula<\/b><\/span><\/td>\n<td class=\"arial text11 blanc\" style=\"width: 18.334%; height: 33px; border-style: solid; border-color: #bdbdbd; background-color: #c85f5f;\" valign=\"middle\" bgcolor=\"#999999\" height=\"29\"><span style=\"color: #ffffff;\"><b>Professor\/a<\/b><\/span><\/td>\n<td style=\"width: 23.49%; height: 33px; border-style: solid; border-color: #bdbdbd; background-color: #c85f5f;\"><span style=\"color: #ffffff;\"><b>\u00a0Correu-e<\/b><\/span><\/td>\n<td style=\"width: 128.807%; height: 33px; border-style: solid; border-color: #bdbdbd; background-color: #c85f5f;\"><span style=\"color: #ffffff;\"><b>\u00a0Hora d&#8217;atenci\u00f3<\/b><\/span><\/td>\n<\/tr>\n<tr style=\"border-style: solid; border-color: #bdbdbd;\">\n<td class=\"arial text11 gris6\" style=\"width: 6.56393%; background-color: #ffffff; height: 45px; border-style: solid; border-color: #bdbdbd;\" align=\"center\" valign=\"middle\" bgcolor=\"#FFFFFF\" height=\"27\">A1<\/td>\n<td class=\"arial text11 gris6\" style=\"width: 16.6814%; background-color: #ffffff; height: 45px; border-style: solid; border-color: #bdbdbd;\" valign=\"middle\" bgcolor=\"#FFFFFF\" height=\"27\">De dilluns a dijous<\/td>\n<td class=\"arial text11 gris6\" style=\"width: 12.6817%; background-color: #ffffff; height: 45px; border-style: solid; border-color: #bdbdbd;\" valign=\"middle\" bgcolor=\"#FFFFFF\" height=\"27\">10:00 &#8211; 12:00<\/td>\n<td style=\"width: 8.20747%; background-color: #ffffff; height: 45px; border-style: solid; border-color: #bdbdbd;\">1<\/td>\n<td class=\"arial text11 gris6\" style=\"width: 18.334%; background-color: #ffffff; height: 45px; border-style: solid; border-color: #bdbdbd;\" valign=\"middle\" bgcolor=\"#FFFFFF\" height=\"27\">Marta Llopart<\/td>\n<td style=\"width: 23.49%; background-color: #ffffff; height: 45px; border-style: solid; border-color: #bdbdbd;\">mllopa14@xtec.cat<\/td>\n<td style=\"width: 128.807%; background-color: #ffffff; height: 45px; border-style: solid; border-color: #bdbdbd;\">Dijous 12:00 &#8211; 12:30<\/td>\n<\/tr>\n<tr style=\"height: 46px;\">\n<td style=\"width: 6.56393%; background-color: #ffffff; border-style: solid; border-color: #bdbdbd; height: 46px;\">\u00a0 \u00a0A2<\/td>\n<td style=\"width: 16.6814%; background-color: #ffffff; border-style: solid; border-color: #bdbdbd; height: 46px;\">De dilluns a dijous<\/td>\n<td style=\"width: 12.6817%; background-color: #ffffff; border-style: solid; border-color: #bdbdbd; height: 46px;\">10:00 &#8211; 12:00<\/td>\n<td style=\"width: 8.20747%; background-color: #ffffff; border-style: solid; border-color: #bdbdbd; height: 46px;\">11<\/td>\n<td style=\"width: 18.334%; background-color: #ffffff; border-style: solid; border-color: #bdbdbd; height: 46px;\">Paco\u00a0Meneses<\/td>\n<td style=\"width: 23.49%; background-color: #ffffff; border-style: solid; border-color: #bdbdbd; height: 46px;\">fmenese2@xtec.cat<\/td>\n<td style=\"width: 128.807%; background-color: #ffffff; border-style: solid; border-color: #bdbdbd; height: 46px;\">Dijous 12:00 &#8211; 12:30<\/td>\n<\/tr>\n<tr style=\"border-style: solid; border-color: #bdbdbd;\">\n<td class=\"arial text11 gris6\" style=\"width: 6.56393%; background-color: #ffffff; height: 33px; border-style: solid; border-color: #bdbdbd;\" align=\"center\" valign=\"middle\" bgcolor=\"#FFFFCC\" height=\"27\">A2<\/td>\n<td class=\"arial text11 gris6\" style=\"width: 16.6814%; background-color: #ffffff; height: 33px; border-style: solid; border-color: #bdbdbd;\" valign=\"middle\" bgcolor=\"#FFFFCC\" height=\"27\">De dilluns a dijous<\/td>\n<td class=\"arial text11 gris6\" style=\"width: 12.6817%; background-color: #ffffff; height: 33px; border-style: solid; border-color: #bdbdbd;\" valign=\"middle\" bgcolor=\"#FFFFCC\" height=\"27\">12:00 &#8211; 14:00<\/td>\n<td style=\"width: 8.20747%; background-color: #ffffff; height: 33px; border-style: solid; border-color: #bdbdbd;\">2<\/td>\n<td class=\"arial text11 gris6\" style=\"width: 18.334%; background-color: #ffffff; height: 33px; border-style: solid; border-color: #bdbdbd;\" valign=\"middle\" bgcolor=\"#FFFFCC\" height=\"27\">Lidia Us\u00f3<\/td>\n<td style=\"width: 23.49%; background-color: #ffffff; height: 33px; border-style: solid; border-color: #bdbdbd;\">luso@xtec.cat<\/td>\n<td style=\"width: 128.807%; background-color: #ffffff; height: 33px; border-style: solid; border-color: #bdbdbd;\">Dijous 14:00 &#8211; 14:30<\/td>\n<\/tr>\n<tr style=\"border-style: solid; border-color: #bdbdbd;\">\n<td class=\"arial text11 gris6\" style=\"width: 6.56393%; background-color: #ffffff; height: 33px; border-style: solid; border-color: #bdbdbd;\" align=\"center\" valign=\"middle\" bgcolor=\"#FFFFFF\" height=\"27\">B2.1<\/td>\n<td class=\"arial text11 gris6\" style=\"width: 16.6814%; background-color: #ffffff; height: 33px; border-style: solid; border-color: #bdbdbd;\" valign=\"middle\" bgcolor=\"#FFFFFF\" height=\"27\">De dilluns a dijous<\/td>\n<td class=\"arial text11 gris6\" style=\"width: 12.6817%; background-color: #ffffff; height: 33px; border-style: solid; border-color: #bdbdbd;\" valign=\"middle\" bgcolor=\"#FFFFFF\" height=\"27\">10:00 &#8211; 12:00<\/td>\n<td style=\"width: 8.20747%; background-color: #ffffff; height: 33px; border-style: solid; border-color: #bdbdbd;\">2<\/td>\n<td class=\"arial text11 gris6\" style=\"width: 18.334%; background-color: #ffffff; height: 33px; border-style: solid; border-color: #bdbdbd;\" valign=\"middle\" bgcolor=\"#FFFFFF\" height=\"27\">Lidia Us\u00f3<\/td>\n<td style=\"width: 23.49%; background-color: #ffffff; height: 33px; border-style: solid; border-color: #bdbdbd;\">luso@xtec.cat<\/td>\n<td style=\"width: 128.807%; background-color: #ffffff; height: 33px; border-style: solid; border-color: #bdbdbd;\">Dijous 9:30 &#8211; 10:00<\/td>\n<\/tr>\n<\/tbody>\n<\/table>\n<\/div>\n<p><strong>CURSOS INTENSIUS &#8211; SEGON QUADRIMESTRE (FEBRER &#8211; JUNY)<\/strong><\/p>\n<div id=\"contingut_interior\">\n<div id=\"dreta\">\n<div id=\"dreta_interior\">\n<div id=\"interiors_esq\">\n<div class=\"separacio5\"><\/div>\n<div>\n<table style=\"width: 98.2416%; border-style: solid; border-color: #bdbdbd; height: 213px;\" border=\"0\" width=\"98.2416%\" cellspacing=\"0\" cellpadding=\"0\">\n<tbody>\n<tr style=\"border-style: solid; border-color: #bdbdbd;\">\n<td class=\"arial text11 blanc\" style=\"width: 6.38451%; border-style: solid; border-color: #bdbdbd; background-color: #c85f5f; height: 29px;\" valign=\"middle\" bgcolor=\"#999999\" height=\"29\"><span style=\"color: #ffffff;\"><b>\u00a0\u00a0Nivell<\/b><\/span><\/td>\n<td class=\"arial text11 blanc\" style=\"width: 16.511%; border-style: solid; border-color: #bdbdbd; background-color: #c85f5f; height: 29px;\" valign=\"middle\" bgcolor=\"#999999\" height=\"29\"><span style=\"color: #ffffff;\"><b>Dia<\/b><\/span><\/td>\n<td class=\"arial text11 blanc\" style=\"width: 13.0655%; border-style: solid; border-color: #bdbdbd; background-color: #c85f5f; height: 29px;\" valign=\"middle\" bgcolor=\"#999999\" height=\"29\"><span style=\"color: #ffffff;\"><b>Hora<\/b><\/span><\/td>\n<td style=\"width: 8.42728%; border-style: solid; border-color: #bdbdbd; background-color: #c85f5f; height: 29px;\"><span style=\"color: #ffffff;\"><b>\u00a0Aula<\/b><\/span><\/td>\n<td class=\"arial text11 blanc\" style=\"width: 18.1801%; border-style: solid; border-color: #bdbdbd; background-color: #c85f5f; height: 29px;\" valign=\"middle\" bgcolor=\"#999999\" height=\"29\"><span style=\"color: #ffffff;\"><b>Professor\/a<\/b><\/span><\/td>\n<td style=\"width: 23.8082%; border-style: solid; border-color: #bdbdbd; background-color: #c85f5f; height: 29px;\"><span style=\"color: #ffffff;\"><b>\u00a0Correu-e<\/b><\/span><\/td>\n<td style=\"width: 127.493%; border-style: solid; border-color: #bdbdbd; background-color: #c85f5f; height: 29px;\"><span style=\"color: #ffffff;\"><b>\u00a0Hora d&#8217;atenci\u00f3<\/b><\/span><\/td>\n<\/tr>\n<tr style=\"height: 46px;\">\n<td style=\"width: 6.38451%; background-color: #ffffff; border-style: solid; border-color: #bdbdbd; height: 46px;\">\u00a0 \u00a0 \u00a0A1<\/td>\n<td style=\"width: 16.511%; background-color: #ffffff; border-style: solid; border-color: #bdbdbd; height: 46px;\">De dilluns a dijous<\/td>\n<td style=\"width: 13.0655%; background-color: #ffffff; border-style: solid; border-color: #bdbdbd; height: 46px;\">10:00 &#8211; 12:00<\/td>\n<td style=\"width: 8.42728%; background-color: #ffffff; border-style: solid; border-color: #bdbdbd; height: 46px;\">1<\/td>\n<td style=\"width: 18.1801%; background-color: #ffffff; border-style: solid; border-color: #bdbdbd; height: 46px;\">Marta Llopart<\/td>\n<td style=\"width: 23.8082%; background-color: #ffffff; border-style: solid; border-color: #bdbdbd; height: 46px;\">mllopa14@xtec.cat<\/td>\n<td style=\"width: 127.493%; background-color: #ffffff; border-style: solid; border-color: #bdbdbd; height: 46px;\">Dijous 12:00 &#8211; 12:30<\/td>\n<\/tr>\n<tr style=\"border-style: solid; border-color: #bdbdbd;\">\n<td class=\"arial text11 gris6\" style=\"width: 6.38451%; background-color: #ffffff; border-style: solid; border-color: #bdbdbd; height: 46px;\" align=\"center\" valign=\"middle\" bgcolor=\"#FFFFFF\" height=\"27\">A2<\/td>\n<td class=\"arial text11 gris6\" style=\"width: 16.511%; background-color: #ffffff; border-style: solid; border-color: #bdbdbd; height: 46px;\" valign=\"middle\" bgcolor=\"#FFFFFF\" height=\"27\">De dilluns a dijous<\/td>\n<td class=\"arial text11 gris6\" style=\"width: 13.0655%; background-color: #ffffff; border-style: solid; border-color: #bdbdbd; height: 46px;\" valign=\"middle\" bgcolor=\"#FFFFFF\" height=\"27\">12:00 &#8211; 14:00<\/td>\n<td style=\"width: 8.42728%; background-color: #ffffff; border-style: solid; border-color: #bdbdbd; height: 46px;\">2<\/td>\n<td class=\"arial text11 gris6\" style=\"width: 18.1801%; background-color: #ffffff; border-style: solid; border-color: #bdbdbd; height: 46px;\" valign=\"middle\" bgcolor=\"#FFFFFF\" height=\"27\">Lidia Us\u00f3<\/td>\n<td style=\"width: 23.8082%; background-color: #ffffff; border-style: solid; border-color: #bdbdbd; height: 46px;\">luso@xtec.cat<\/td>\n<td style=\"width: 127.493%; background-color: #ffffff; border-style: solid; border-color: #bdbdbd; height: 46px;\">Dijous 14:00 &#8211; 14:30<\/td>\n<\/tr>\n<tr style=\"border-style: solid; border-color: #bdbdbd;\">\n<td class=\"arial text11 gris6\" style=\"width: 6.38451%; background-color: #ffffff; border-style: solid; border-color: #bdbdbd; height: 46px;\" align=\"center\" valign=\"middle\" bgcolor=\"#FFFFCC\" height=\"27\">B1<\/td>\n<td class=\"arial text11 gris6\" style=\"width: 16.511%; background-color: #ffffff; border-style: solid; border-color: #bdbdbd; height: 46px;\" valign=\"middle\" bgcolor=\"#FFFFCC\" height=\"27\">De dilluns a dijous<\/td>\n<td class=\"arial text11 gris6\" style=\"width: 13.0655%; background-color: #ffffff; border-style: solid; border-color: #bdbdbd; height: 46px;\" valign=\"middle\" bgcolor=\"#FFFFCC\" height=\"27\">10:00 &#8211; 12:00<\/td>\n<td style=\"width: 8.42728%; background-color: #ffffff; border-style: solid; border-color: #bdbdbd; height: 46px;\">11<\/td>\n<td class=\"arial text11 gris6\" style=\"width: 18.1801%; background-color: #ffffff; border-style: solid; border-color: #bdbdbd; height: 46px;\" valign=\"middle\" bgcolor=\"#FFFFCC\" height=\"27\">Paco\u00a0Meneses<\/td>\n<td style=\"width: 23.8082%; background-color: #ffffff; border-style: solid; border-color: #bdbdbd; height: 46px;\">fmenese2@xtec.cat<\/td>\n<td style=\"width: 127.493%; background-color: #ffffff; border-style: solid; border-color: #bdbdbd; height: 46px;\">Dijous 12:00 &#8211; 12:30<\/td>\n<\/tr>\n<tr style=\"border-style: solid; border-color: #bdbdbd;\">\n<td class=\"arial text11 gris6\" style=\"width: 6.38451%; background-color: #ffffff; border-style: solid; border-color: #bdbdbd; height: 46px;\" align=\"center\" valign=\"middle\" bgcolor=\"#FFFFFF\" height=\"27\">B2.2<\/td>\n<td class=\"arial text11 gris6\" style=\"width: 16.511%; background-color: #ffffff; border-style: solid; border-color: #bdbdbd; height: 46px;\" valign=\"middle\" bgcolor=\"#FFFFFF\" height=\"27\">De dilluns a dijous<\/td>\n<td class=\"arial text11 gris6\" style=\"width: 13.0655%; background-color: #ffffff; border-style: solid; border-color: #bdbdbd; height: 46px;\" valign=\"middle\" bgcolor=\"#FFFFFF\" height=\"27\">10:00 &#8211; 12:00<\/td>\n<td style=\"width: 8.42728%; background-color: #ffffff; border-style: solid; border-color: #bdbdbd; height: 46px;\">2<\/td>\n<td class=\"arial text11 gris6\" style=\"width: 18.1801%; background-color: #ffffff; border-style: solid; border-color: #bdbdbd; height: 46px;\" valign=\"middle\" bgcolor=\"#FFFFFF\" height=\"27\">Lidia Us\u00f3<\/td>\n<td style=\"width: 23.8082%; background-color: #ffffff; border-style: solid; border-color: #bdbdbd; height: 46px;\">luso@xtec.cat<\/td>\n<td style=\"width: 127.493%; background-color: #ffffff; border-style: solid; border-color: #bdbdbd; height: 46px;\">Dijous 9:30 &#8211; 10:00<\/td>\n<\/tr>\n<\/tbody>\n<\/table>\n<\/div>\n<p><strong>CURSOS EXTENSIUS (SETEMBRE &#8211; JUNY)<\/strong><\/p>\n<div id=\"contingut_interior\">\n<div class=\"separacio5\"><\/div>\n<div id=\"dreta\">\n<div id=\"dreta_interior\">\n<div id=\"interiors_esq\">\n<table style=\"width: 98.0367%; border-style: solid; border-color: #bdbdbd;\" border=\"0\" width=\"98.0367%\" cellspacing=\"0\" cellpadding=\"0\">\n<tbody>\n<tr style=\"border-style: solid; border-color: #bdbdbd;\">\n<td class=\"arial text11 blanc\" style=\"width: 6.89092%; border-style: solid; border-color: #bdbdbd; background-color: #c85f5f;\" valign=\"middle\" bgcolor=\"#999999\" height=\"29\"><span style=\"color: #ffffff;\"><b>\u00a0\u00a0Nivell<\/b><\/span><\/td>\n<td class=\"arial text11 blanc\" style=\"width: 16.0922%; border-style: solid; border-color: #bdbdbd; background-color: #c85f5f;\" valign=\"middle\" bgcolor=\"#999999\" height=\"29\"><span style=\"color: #ffffff;\"><b>Dia<\/b><\/span><\/td>\n<td class=\"arial text11 blanc\" style=\"width: 13.2801%; border-style: solid; border-color: #bdbdbd; background-color: #c85f5f;\" valign=\"middle\" bgcolor=\"#999999\" height=\"29\"><span style=\"color: #ffffff;\"><b>Hora<\/b><\/span><\/td>\n<td style=\"width: 7.99798%; border-style: solid; border-color: #bdbdbd; background-color: #c85f5f;\"><span style=\"color: #ffffff;\"><b>Aula\u00a0<\/b><\/span><\/td>\n<td class=\"arial text11 blanc\" style=\"width: 18.4335%; border-style: solid; border-color: #bdbdbd; background-color: #c85f5f;\" valign=\"middle\" bgcolor=\"#999999\" height=\"29\"><span style=\"color: #ffffff;\"><b>Professor\/a<\/b><\/span><\/td>\n<td style=\"width: 23.8611%; border-style: solid; border-color: #bdbdbd; background-color: #c85f5f;\"><span style=\"color: #ffffff;\"><b>\u00a0Correu-e<\/b><\/span><\/td>\n<td style=\"width: 126.867%; border-style: solid; border-color: #bdbdbd; background-color: #c85f5f;\"><span style=\"color: #ffffff;\"><b>\u00a0Hora d&#8217;atenci\u00f3<\/b><\/span><\/td>\n<\/tr>\n<tr style=\"border-style: solid; border-color: #bdbdbd;\">\n<td class=\"arial text11 gris6\" style=\"width: 6.89092%; background-color: #ffffff; border-style: solid; border-color: #bdbdbd;\" align=\"center\" valign=\"middle\" bgcolor=\"#FFFFFF\" height=\"27\">B1<\/td>\n<td class=\"arial text11 gris6\" style=\"width: 16.0922%; background-color: #ffffff; border-style: solid; border-color: #bdbdbd;\" valign=\"middle\" bgcolor=\"#FFFFFF\" height=\"27\">Dilluns i dimecres<\/td>\n<td class=\"arial text11 gris6\" style=\"width: 13.2801%; background-color: #ffffff; border-style: solid; border-color: #bdbdbd;\" valign=\"middle\" bgcolor=\"#FFFFFF\" height=\"27\">12:00 &#8211; 14:15<\/td>\n<td style=\"width: 7.99798%; background-color: #ffffff; border-style: solid; border-color: #bdbdbd;\">11<\/td>\n<td class=\"arial text11 gris6\" style=\"width: 18.4335%; background-color: #ffffff; border-style: solid; border-color: #bdbdbd;\" valign=\"middle\" bgcolor=\"#FFFFFF\" height=\"27\">Paco Meneses<\/td>\n<td style=\"width: 23.8611%; background-color: #ffffff; border-style: solid; border-color: #bdbdbd;\">fmenese2@xtec.cat<\/td>\n<td style=\"width: 126.867%; background-color: #ffffff; border-style: solid; border-color: #bdbdbd;\">Dilluns 14:15 &#8211; 14:45<\/td>\n<\/tr>\n<\/tbody>\n<\/table>\n<\/div>\n<div id=\"interiors_dre\">\n<div class=\"separacio5\"><\/div>\n<div><\/div>\n<\/div>\n<div class=\"brclear\"><\/div>\n<\/div>\n<\/div>\n<div class=\"brclear\"><\/div>\n<\/div>\n<\/div>\n<div class=\"brclear\"><\/div>\n<\/div>\n<\/div>\n<div class=\"brclear\"><\/div>\n<\/div>\n","protected":false},"excerpt":{"rendered":"<p>HORARIS DEL CURS 2025-2026 &#8211; L&#8217;EOI Girona no pot garantir que es mantinguin els mateixos horaris en cursos successius. &#8211; Les proves finals poden no coincidir amb el dia i hora de classe habitual. &#8211; L&#8217;assist\u00e8ncia a classe \u00e9s obligat\u00f2ria. CURSOS INTENSIUS &#8211; PRIMER QUADRIMESTRE (SETEMBRE &#8211; GENER) Nivell Dia Hora \u00a0Aula Professor\/a \u00a0Correu-e \u00a0Hora [&hellip;]<\/p>\n","protected":false},"author":1,"featured_media":0,"parent":8199,"menu_order":0,"comment_status":"closed","ping_status":"closed","template":"","meta":{"_bbp_topic_count":0,"_bbp_reply_count":0,"_bbp_total_topic_count":0,"_bbp_total_reply_count":0,"_bbp_voice_count":0,"_bbp_anonymous_reply_count":0,"_bbp_topic_count_hidden":0,"_bbp_reply_count_hidden":0,"_bbp_forum_subforum_count":0,"site-sidebar-layout":"default","site-content-layout":"","ast-site-content-layout":"default","site-content-style":"default","site-sidebar-style":"default","ast-global-header-display":"","ast-banner-title-visibility":"","ast-main-header-display":"","ast-hfb-above-header-display":"","ast-hfb-below-header-display":"","ast-hfb-mobile-header-display":"","site-post-title":"","ast-breadcrumbs-content":"","ast-featured-img":"","footer-sml-layout":"","theme-transparent-header-meta":"default","adv-header-id-meta":"","stick-header-meta":"","header-above-stick-meta":"","header-main-stick-meta":"","header-below-stick-meta":"","astra-migrate-meta-layouts":"set","ast-page-background-enabled":"default","ast-page-background-meta":{"desktop":{"background-color":"var(--ast-global-color-4)","background-image":"","background-repeat":"repeat","background-position":"center center","background-size":"auto","background-attachment":"scroll","background-type":"","background-media":"","overlay-type":"","overlay-color":"","overlay-opacity":"","overlay-gradient":""},"tablet":{"background-color":"","background-image":"","background-repeat":"repeat","background-position":"center center","background-size":"auto","background-attachment":"scroll","background-type":"","background-media":"","overlay-type":"","overlay-color":"","overlay-opacity":"","overlay-gradient":""},"mobile":{"background-color":"","background-image":"","background-repeat":"repeat","background-position":"center center","background-size":"auto","background-attachment":"scroll","background-type":"","background-media":"","overlay-type":"","overlay-color":"","overlay-opacity":"","overlay-gradient":""}},"ast-content-background-meta":{"desktop":{"background-color":"var(--ast-global-color-5)","background-image":"","background-repeat":"repeat","background-position":"center center","background-size":"auto","background-attachment":"scroll","background-type":"","background-media":"","overlay-type":"","overlay-color":"","overlay-opacity":"","overlay-gradient":""},"tablet":{"background-color":"var(--ast-global-color-5)","background-image":"","background-repeat":"repeat","background-position":"center center","background-size":"auto","background-attachment":"scroll","background-type":"","background-media":"","overlay-type":"","overlay-color":"","overlay-opacity":"","overlay-gradient":""},"mobile":{"background-color":"var(--ast-global-color-5)","background-image":"","background-repeat":"repeat","background-position":"center center","background-size":"auto","background-attachment":"scroll","background-type":"","background-media":"","overlay-type":"","overlay-color":"","overlay-opacity":"","overlay-gradient":""}},"footnotes":""},"class_list":["post-8274","page","type-page","status-publish","hentry"],"post_mailing_queue_ids":[],"_links":{"self":[{"href":"https:\/\/agora-eoi.xtec.cat\/eoigirona\/wp-json\/wp\/v2\/pages\/8274","targetHints":{"allow":["GET"]}}],"collection":[{"href":"https:\/\/agora-eoi.xtec.cat\/eoigirona\/wp-json\/wp\/v2\/pages"}],"about":[{"href":"https:\/\/agora-eoi.xtec.cat\/eoigirona\/wp-json\/wp\/v2\/types\/page"}],"author":[{"embeddable":true,"href":"https:\/\/agora-eoi.xtec.cat\/eoigirona\/wp-json\/wp\/v2\/users\/1"}],"replies":[{"embeddable":true,"href":"https:\/\/agora-eoi.xtec.cat\/eoigirona\/wp-json\/wp\/v2\/comments?post=8274"}],"version-history":[{"count":6,"href":"https:\/\/agora-eoi.xtec.cat\/eoigirona\/wp-json\/wp\/v2\/pages\/8274\/revisions"}],"predecessor-version":[{"id":17943,"href":"https:\/\/agora-eoi.xtec.cat\/eoigirona\/wp-json\/wp\/v2\/pages\/8274\/revisions\/17943"}],"up":[{"embeddable":true,"href":"https:\/\/agora-eoi.xtec.cat\/eoigirona\/wp-json\/wp\/v2\/pages\/8199"}],"wp:attachment":[{"href":"https:\/\/agora-eoi.xtec.cat\/eoigirona\/wp-json\/wp\/v2\/media?parent=8274"}],"curies":[{"name":"wp","href":"https:\/\/api.w.org\/{rel}","templated":true}]}}