{"id":8267,"date":"2016-06-13T11:22:55","date_gmt":"2016-06-13T10:22:55","guid":{"rendered":"https:\/\/agora-eoi.xtec.cat\/eoigirona\/?page_id=8267"},"modified":"2024-09-29T07:47:42","modified_gmt":"2024-09-29T05:47:42","slug":"grups-de-conversa","status":"publish","type":"page","link":"https:\/\/agora-eoi.xtec.cat\/eoigirona\/catala\/grups-de-conversa\/","title":{"rendered":"Avaluaci\u00f3 i assist\u00e8ncia a classe"},"content":{"rendered":"<p><strong>Avaluaci\u00f3<\/strong><\/p>\n<div style=\"width: 762px;\" class=\"wp-video\"><!--[if lt IE 9]><script>document.createElement('video');<\/script><![endif]-->\n<video class=\"wp-video-shortcode\" id=\"video-8267-1\" width=\"762\" height=\"428\" preload=\"metadata\" controls=\"controls\"><source type=\"video\/mp4\" src=\"https:\/\/agora-eoi.xtec.cat\/eoigirona\/wp-content\/uploads\/usu2632\/2024\/09\/Lavaluacio-a-lEOI-Girona.mp4?_=1\" \/><a href=\"https:\/\/agora-eoi.xtec.cat\/eoigirona\/wp-content\/uploads\/usu2632\/2024\/09\/Lavaluacio-a-lEOI-Girona.mp4\">https:\/\/agora-eoi.xtec.cat\/eoigirona\/wp-content\/uploads\/usu2632\/2024\/09\/Lavaluacio-a-lEOI-Girona.mp4<\/a><\/video><\/div>\n<p>&nbsp;<\/p>\n<p>L\u2019avaluaci\u00f3 del proc\u00e9s d\u2019aprenentatge dels alumnes oficials,\u00a0tant en la modalitat presencial com en la semipresencial, ser\u00e0 un proc\u00e9s sistem\u00e0tic, integrador i personalitzat, i tindr\u00e0 lloc durant el curs.<\/p>\n<p>L\u2019escola i el professor\/a de cada grup informaran els alumnes sobre els objectius a assolir\u00a0i els criteris i els instruments que s\u2019utilitzaran per avaluar-los.\u00a0\u00a0Durant el curs es faran tasques i activitats que el professor\u00a0avaluar\u00e0\u00a0i valorar\u00e0 i que donaran informaci\u00f3 als alumnes sobre\u00a0el seu progr\u00e9s i\u00a0l\u2019assoliment\u00a0dels objectius i continguts.\u00a0En tot moment els alumnes estaran informats sobre el seu progr\u00e9s i el professorat afavorir\u00e0 i facilitar\u00e0 aquesta comunicaci\u00f3.<\/p>\n<p>L\u2019escola\u00a0elaborar\u00e0\u00a0proves finals per fer en convocat\u00f2ria \u00fanica al final del curs\u00a0(nivells A1, A2, B1.1 (\u00e0rab i rus), B2.1, C2.1). Els resultats d\u2019aquestes proves finals\u00a0serviran per determinar la qualificaci\u00f3 final.<\/p>\n<p>Per a l\u2019obtenci\u00f3 dels certificats dels nivells intermedi\u00a0B1,\u00a0intermedi\u00a0B2,\u00a0av<wbr \/>an\u00e7at\u00a0C1 i\u00a0avan\u00e7at\u00a0C2,\u00a0cal superar una prova segons el que s&#8217;estableix en\u00a0<a href=\"https:\/\/educacio.gencat.cat\/ca\/serveis-tramits\/proves\/proves-lliures-obtencio-titols\/convocat-extraord-idiomes\/normativa\/\" target=\"_blank\" rel=\"noopener\" data-saferedirecturl=\"https:\/\/www.google.com\/url?q=https:\/\/educacio.gencat.cat\/ca\/serveis-tramits\/proves\/proves-lliures-obtencio-titols\/convocat-extraord-idiomes\/normativa\/&amp;source=gmail&amp;ust=1695974194458000&amp;usg=AOvVaw27UL12KBaiL_qsYTGEobru\">aquesta normativa<\/a>.<\/p>\n<p><strong>Assist\u00e8ncia<\/strong><\/p>\n<p>L\u2019assist\u00e8ncia dels alumnes a les classes \u00e9s obligat\u00f2ria [art. 22.1.a] de la Llei d\u2019educaci\u00f3.<\/p>\n<p>En el marc de les normes d\u2019organitzaci\u00f3 i funcionament del centre, s\u2019informa que els alumnes menors d\u2019edat han de justificar les faltes d\u2019assist\u00e8ncia. Trobareu un model de justificant de faltes d\u2019assist\u00e8ncia dels menors a l\u2019apartat Gestions Administratives que haur\u00e0 de signar el pare\/mare o tutor. Les Escoles Oficials d\u2019Idiomes s\u00f3n centres p\u00fablics de r\u00e8gim especial destinats a l\u2019ensenyament d\u2019idiomes moderns a adults, independents dels ensenyaments reglats, i com a tals no es fan responsables de les faltes no justificades.<\/p>\n","protected":false},"excerpt":{"rendered":"<p>Avaluaci\u00f3 &nbsp; L\u2019avaluaci\u00f3 del proc\u00e9s d\u2019aprenentatge dels alumnes oficials,\u00a0tant en la modalitat presencial com en la semipresencial, ser\u00e0 un proc\u00e9s sistem\u00e0tic, integrador i personalitzat, i tindr\u00e0 lloc durant el curs. L\u2019escola i el professor\/a de cada grup informaran els alumnes sobre els objectius a assolir\u00a0i els criteris i els instruments que s\u2019utilitzaran per avaluar-los.\u00a0\u00a0Durant el [&hellip;]<\/p>\n","protected":false},"author":1,"featured_media":0,"parent":8197,"menu_order":40,"comment_status":"closed","ping_status":"closed","template":"page-templates\/side-menu.php","meta":{"_bbp_topic_count":0,"_bbp_reply_count":0,"_bbp_total_topic_count":0,"_bbp_total_reply_count":0,"_bbp_voice_count":0,"_bbp_anonymous_reply_count":0,"_bbp_topic_count_hidden":0,"_bbp_reply_count_hidden":0,"_bbp_forum_subforum_count":0,"site-sidebar-layout":"default","site-content-layout":"","ast-site-content-layout":"","site-content-style":"default","site-sidebar-style":"default","ast-global-header-display":"","ast-banner-title-visibility":"","ast-main-header-display":"","ast-hfb-above-header-display":"","ast-hfb-below-header-display":"","ast-hfb-mobile-header-display":"","site-post-title":"","ast-breadcrumbs-content":"","ast-featured-img":"","footer-sml-layout":"","theme-transparent-header-meta":"","adv-header-id-meta":"","stick-header-meta":"","header-above-stick-meta":"","header-main-stick-meta":"","header-below-stick-meta":"","astra-migrate-meta-layouts":"default","ast-page-background-enabled":"default","ast-page-background-meta":{"desktop":{"background-color":"var(--ast-global-color-4)","background-image":"","background-repeat":"repeat","background-position":"center center","background-size":"auto","background-attachment":"scroll","background-type":"","background-media":"","overlay-type":"","overlay-color":"","overlay-opacity":"","overlay-gradient":""},"tablet":{"background-color":"","background-image":"","background-repeat":"repeat","background-position":"center center","background-size":"auto","background-attachment":"scroll","background-type":"","background-media":"","overlay-type":"","overlay-color":"","overlay-opacity":"","overlay-gradient":""},"mobile":{"background-color":"","background-image":"","background-repeat":"repeat","background-position":"center center","background-size":"auto","background-attachment":"scroll","background-type":"","background-media":"","overlay-type":"","overlay-color":"","overlay-opacity":"","overlay-gradient":""}},"ast-content-background-meta":{"desktop":{"background-color":"var(--ast-global-color-5)","background-image":"","background-repeat":"repeat","background-position":"center center","background-size":"auto","background-attachment":"scroll","background-type":"","background-media":"","overlay-type":"","overlay-color":"","overlay-opacity":"","overlay-gradient":""},"tablet":{"background-color":"var(--ast-global-color-5)","background-image":"","background-repeat":"repeat","background-position":"center center","background-size":"auto","background-attachment":"scroll","background-type":"","background-media":"","overlay-type":"","overlay-color":"","overlay-opacity":"","overlay-gradient":""},"mobile":{"background-color":"var(--ast-global-color-5)","background-image":"","background-repeat":"repeat","background-position":"center center","background-size":"auto","background-attachment":"scroll","background-type":"","background-media":"","overlay-type":"","overlay-color":"","overlay-opacity":"","overlay-gradient":""}},"footnotes":""},"class_list":["post-8267","page","type-page","status-publish","hentry"],"post_mailing_queue_ids":[],"_links":{"self":[{"href":"https:\/\/agora-eoi.xtec.cat\/eoigirona\/wp-json\/wp\/v2\/pages\/8267","targetHints":{"allow":["GET"]}}],"collection":[{"href":"https:\/\/agora-eoi.xtec.cat\/eoigirona\/wp-json\/wp\/v2\/pages"}],"about":[{"href":"https:\/\/agora-eoi.xtec.cat\/eoigirona\/wp-json\/wp\/v2\/types\/page"}],"author":[{"embeddable":true,"href":"https:\/\/agora-eoi.xtec.cat\/eoigirona\/wp-json\/wp\/v2\/users\/1"}],"replies":[{"embeddable":true,"href":"https:\/\/agora-eoi.xtec.cat\/eoigirona\/wp-json\/wp\/v2\/comments?post=8267"}],"version-history":[{"count":4,"href":"https:\/\/agora-eoi.xtec.cat\/eoigirona\/wp-json\/wp\/v2\/pages\/8267\/revisions"}],"predecessor-version":[{"id":15910,"href":"https:\/\/agora-eoi.xtec.cat\/eoigirona\/wp-json\/wp\/v2\/pages\/8267\/revisions\/15910"}],"up":[{"embeddable":true,"href":"https:\/\/agora-eoi.xtec.cat\/eoigirona\/wp-json\/wp\/v2\/pages\/8197"}],"wp:attachment":[{"href":"https:\/\/agora-eoi.xtec.cat\/eoigirona\/wp-json\/wp\/v2\/media?parent=8267"}],"curies":[{"name":"wp","href":"https:\/\/api.w.org\/{rel}","templated":true}]}}