{"id":8265,"date":"2016-06-13T11:22:15","date_gmt":"2016-06-13T10:22:15","guid":{"rendered":"https:\/\/agora-eoi.xtec.cat\/eoigirona\/?page_id=8265"},"modified":"2025-09-04T12:02:55","modified_gmt":"2025-09-04T10:02:55","slug":"llibres-i-lectures","status":"publish","type":"page","link":"https:\/\/agora-eoi.xtec.cat\/eoigirona\/catala\/llibres-i-lectures\/","title":{"rendered":"Llibres i lectures"},"content":{"rendered":"<p><a href=\"https:\/\/docs.google.com\/document\/d\/1SoSt5cDRVYV-xNb2xafH7Ve30_yOqFwf7UKaMd4Eb5g\/edit?usp=sharing\" target=\"_blank\" rel=\"noopener\">Llibreries de Girona<\/a> on podeu comprar els llibres del curs 2025-26.<\/p>\n<p><strong><span dir=\"ltr\" role=\"presentation\">A1<\/span><\/strong><br role=\"presentation\" \/><strong><span dir=\"ltr\" role=\"presentation\">LLIBRES DE TEXT<\/span><\/strong><br role=\"presentation\" \/><span dir=\"ltr\" role=\"presentation\">&#8211;<\/span> <span dir=\"ltr\" role=\"presentation\">VILAGRASA, Albert.<\/span> <em><span dir=\"ltr\" role=\"presentation\">A punt 1<\/span><span dir=\"ltr\" role=\"presentation\">.<\/span> <span dir=\"ltr\" role=\"presentation\">Llibre de l\u2019alumne<\/span><\/em><span dir=\"ltr\" role=\"presentation\">. Barcelona:<\/span> <span dir=\"ltr\" role=\"presentation\">Publicacions de<\/span><br role=\"presentation\" \/><span dir=\"ltr\" role=\"presentation\">l&#8217;Abadia de Montserrat, 2018.<\/span> <strong><span dir=\"ltr\" role=\"presentation\">ISBN: 978-84-9883-990-6<\/span><\/strong><br role=\"presentation\" \/><span dir=\"ltr\" role=\"presentation\">&#8211;<\/span> <span dir=\"ltr\" role=\"presentation\">VILAGRASA, Albert.<\/span> <em><span dir=\"ltr\" role=\"presentation\">A punt 1. Llibre d\u2019exercicis<\/span><\/em><span dir=\"ltr\" role=\"presentation\"><em>.<\/em> Barcelona:<\/span> <span dir=\"ltr\" role=\"presentation\">Publicacions de<\/span><br role=\"presentation\" \/><span dir=\"ltr\" role=\"presentation\">l&#8217;Abadia de Montserrat, 2018.<\/span> <strong><span dir=\"ltr\" role=\"presentation\">ISBN: 978-84-9191-006-0<\/span><\/strong><br role=\"presentation\" \/><strong><span dir=\"ltr\" role=\"presentation\">LLIBRE RECOMANAT<\/span><\/strong><br role=\"presentation\" \/><span dir=\"ltr\" role=\"presentation\">&#8211; BASTONS, N.<\/span><span style=\"font-weight: 400;\"> i altres. <\/span><i><span style=\"font-weight: 400;\">Gram\u00e0tica pr\u00e0ctica del catal\u00e0<\/span><\/i><span style=\"font-weight: 400;\">. Barcelona: Teide, 2011. <\/span><b>ISBN: 978-8430733965<\/b><br role=\"presentation\" \/><strong><span dir=\"ltr\" role=\"presentation\">LECTURES<\/span><\/strong><br role=\"presentation\" \/><span dir=\"ltr\" role=\"presentation\">&#8211;<\/span> <span dir=\"ltr\" role=\"presentation\">Una a triar de tot el que hi ha a la Biblioteca-CAM<\/span> <span dir=\"ltr\" role=\"presentation\">per al nivell A1<\/span><\/p>\n<p><strong><span dir=\"ltr\" role=\"presentation\">A2<\/span><\/strong><br role=\"presentation\" \/><strong><span dir=\"ltr\" role=\"presentation\">LLIBRES DE TEXT<\/span><\/strong><br role=\"presentation\" \/><span dir=\"ltr\" role=\"presentation\">&#8211; VILAGRASA, Albert.<\/span> <em><span dir=\"ltr\" role=\"presentation\">A punt 2. Llibre de l\u2019alumne<\/span><span dir=\"ltr\" role=\"presentation\">.<\/span><\/em> <span dir=\"ltr\" role=\"presentation\">Barcelona: Publicacions de<\/span><br role=\"presentation\" \/><span dir=\"ltr\" role=\"presentation\">l&#8217;Abadia de Montserrat, 2019.<\/span> <strong><span dir=\"ltr\" role=\"presentation\">ISBN: 978-84-9883-991-3<\/span><\/strong><br role=\"presentation\" \/><span dir=\"ltr\" role=\"presentation\">&#8211; VILAGRASA, Albert.<\/span> <em><span dir=\"ltr\" role=\"presentation\">A punt 2. Llibre d\u2019exercicis<\/span><span dir=\"ltr\" role=\"presentation\">.<\/span><\/em> <span dir=\"ltr\" role=\"presentation\">Barcelona: Publicacions de l&#8217;Abadia<\/span><br role=\"presentation\" \/><span dir=\"ltr\" role=\"presentation\">de Montserrat, 2019.<\/span> <strong><span dir=\"ltr\" role=\"presentation\">ISBN: 978-84-9191-011-4<\/span><\/strong><br role=\"presentation\" \/><strong><span dir=\"ltr\" role=\"presentation\">LLIBRE RECOMANAT<\/span><\/strong><br role=\"presentation\" \/><span dir=\"ltr\" role=\"presentation\">&#8211; BASTONS, N.<\/span><span style=\"font-weight: 400;\"> i altres. <\/span><i><span style=\"font-weight: 400;\">Gram\u00e0tica pr\u00e0ctica del catal\u00e0<\/span><\/i><span style=\"font-weight: 400;\">. Barcelona: Teide, 2011. <\/span><b>ISBN: 978-8430733965<\/b><br role=\"presentation\" \/><strong><span dir=\"ltr\" role=\"presentation\">LECTURES<\/span><\/strong><br role=\"presentation\" \/><span dir=\"ltr\" role=\"presentation\">&#8211;<\/span> <span dir=\"ltr\" role=\"presentation\">Una a triar de tot el que hi ha a la Biblioteca-CAM<\/span> <span dir=\"ltr\" role=\"presentation\">per al nivell A2<\/span><\/p>\n<p><strong><span dir=\"ltr\" role=\"presentation\">B1<\/span><\/strong><br role=\"presentation\" \/><strong><span dir=\"ltr\" role=\"presentation\">LLIBRES DE TEXT<\/span><\/strong><br role=\"presentation\" \/><span dir=\"ltr\" role=\"presentation\">&#8211; VILAGRASA, Albert.<\/span> <em><span dir=\"ltr\" role=\"presentation\">A punt 3. Llibre de l\u2019alumne<\/span><\/em><span dir=\"ltr\" role=\"presentation\">.<\/span> <span dir=\"ltr\" role=\"presentation\">Barcelona: Publicacions de<\/span><br role=\"presentation\" \/><span dir=\"ltr\" role=\"presentation\">l&#8217;Abadia de Montserrat, 2020.<\/span> <strong><span dir=\"ltr\" role=\"presentation\">ISBN: 978-84-9883-992-0<\/span><\/strong><br role=\"presentation\" \/><span dir=\"ltr\" role=\"presentation\">&#8211; VILAGRASA, Albert.<\/span> <em><span dir=\"ltr\" role=\"presentation\">A punt 3. Llibre d\u2019exercicis<\/span><span dir=\"ltr\" role=\"presentation\">.<\/span><\/em> <span dir=\"ltr\" role=\"presentation\">Barcelona: Publicacions de l&#8217;Abadia<\/span><br role=\"presentation\" \/><span dir=\"ltr\" role=\"presentation\">de Montserrat, 2020.<\/span> <strong><span dir=\"ltr\" role=\"presentation\">ISBN: 978-84-9191-012-1<\/span><\/strong><br role=\"presentation\" \/><strong><span dir=\"ltr\" role=\"presentation\">LLIBRE RECOMANAT<\/span><\/strong><br role=\"presentation\" \/><span dir=\"ltr\" role=\"presentation\">&#8211; BASTONS, N.<\/span><span style=\"font-weight: 400;\"> i altres. <\/span><i><span style=\"font-weight: 400;\">Gram\u00e0tica pr\u00e0ctica del catal\u00e0<\/span><\/i><span style=\"font-weight: 400;\">. Barcelona: Teide, 2011. <\/span><b>ISBN: 978-8430733965<\/b><br role=\"presentation\" \/><strong><span dir=\"ltr\" role=\"presentation\">LECTURES<\/span><\/strong><br role=\"presentation\" \/><span dir=\"ltr\" role=\"presentation\">&#8211;<\/span> <span dir=\"ltr\" role=\"presentation\">Una a triar de tot el que hi ha a la Biblioteca-CAM<\/span> <span dir=\"ltr\" role=\"presentation\">per al nivell B1<\/span><\/p>\n<p><strong><span dir=\"ltr\" role=\"presentation\">B2<\/span><\/strong><br role=\"presentation\" \/><strong><span dir=\"ltr\" role=\"presentation\">LLIBRES DE TEXT<\/span><\/strong><br \/>\n<span style=\"font-weight: 400;\">&#8211; VILAGRASA, Albert. <\/span><i><span style=\"font-weight: 400;\">A punt 4. Llibre de l\u2019alumne<\/span><\/i><span style=\"font-weight: 400;\">. Barcelona: Publicacions de l&#8217;Abadia de Montserrat, 2020. <\/span><b>ISBN: <\/b><b>978-84-9883-993-7<\/b><br \/>\n<span style=\"font-weight: 400;\">&#8211; VILAGRASA, Albert. <\/span><i><span style=\"font-weight: 400;\">A punt 4. Llibre d\u2019exercicis<\/span><\/i><span style=\"font-weight: 400;\">. Barcelona: Publicacions de l&#8217;Abadia de Montserrat, 2020. <\/span><b>978-84-9191-013-8<br role=\"presentation\" \/><strong><span dir=\"ltr\" role=\"presentation\">LLIBRE RECOMANAT<\/span><\/strong><br role=\"presentation\" \/><\/b><span dir=\"ltr\" role=\"presentation\">&#8211; BASTONS, N.<\/span><b><span style=\"font-weight: 400;\"> i altres. <\/span><i><span style=\"font-weight: 400;\">Gram\u00e0tica pr\u00e0ctica del catal\u00e0<\/span><\/i><span style=\"font-weight: 400;\">. Barcelona: Teide, 2011. <\/span><b>ISBN: 978-8430733965<\/b><br role=\"presentation\" \/><strong><span dir=\"ltr\" role=\"presentation\">LECTURES<\/span><\/strong><br role=\"presentation\" \/><\/b><span dir=\"ltr\" role=\"presentation\">&#8211;<\/span><span dir=\"ltr\" role=\"presentation\">Una a triar de tot el que hi ha a la Biblioteca-CAM per al nivell B2<\/span><\/p>\n<p><strong>C1<\/strong><br \/>\n<strong><span dir=\"ltr\" role=\"presentation\">LLIBRES DE TEXT<\/span><\/strong><br \/>\n<span style=\"font-weight: 400;\">&#8211; VILAGRASA, Albert. <\/span><i><span style=\"font-weight: 400;\">A punt 5. Llibre de l\u2019alumne<\/span><\/i><span style=\"font-weight: 400;\">. Barcelona: Publicacions de l&#8217;Abadia de Montserrat, 2022. <\/span><b>ISBN: <\/b><b>978-84-9191-226-2<\/b><br \/>\n<span style=\"font-weight: 400;\">&#8211; VILAGRASA, Albert. <\/span><i><span style=\"font-weight: 400;\">A punt 5. Llibre d\u2019exercicis<\/span><\/i><span style=\"font-weight: 400;\">. Barcelona: Publicacions de l&#8217;Abadia de Montserrat, 2022. <\/span><b>978-84-9191-227-9<\/b><br \/>\n<b>LLIBRE RECOMANAT<\/b><br \/>\n<span style=\"font-weight: 400;\">&#8211; BADIA, J. i GRIFOLL, J. <\/span><i><span style=\"font-weight: 400;\">Ortografia catalana<\/span><\/i><span style=\"font-weight: 400;\"> (nova edici\u00f3 revisada IEC 2016). Barcelona: Castellnou Edicions. <\/span><b>ISBN: 9788498047332<\/b><br \/>\n<strong><span dir=\"ltr\" role=\"presentation\">LECTURES<\/span><\/strong><br role=\"presentation\" \/><span dir=\"ltr\" role=\"presentation\">&#8211;<\/span> <span dir=\"ltr\" role=\"presentation\">Pendent<\/span><\/p>\n<p><strong>C2<\/strong><br \/>\n<b>LLIBRES DE TEXT<\/b><br \/>\n<span style=\"font-weight: 400;\">No hi ha llibre de text<\/span><br \/>\n<b>LLIBRE RECOMANAT<\/b><br \/>\n<span style=\"font-weight: 400;\">&#8211; <\/span><i><span style=\"font-weight: 400;\">Gram\u00e0tica b\u00e0sica i d&#8217;\u00fas de la llengua catalana<\/span><\/i><span style=\"font-weight: 400;\">. Barcelona: Institut d&#8217;Estudis Catalans, 2019. <\/span><b>ISBN: 978-84-9965-479-9<\/b><br \/>\n<b>LECTURES<\/b><br \/>\n<span style=\"font-weight: 400;\">&#8211; Pendent<\/span><\/p>\n","protected":false},"excerpt":{"rendered":"<p>Llibreries de Girona on podeu comprar els llibres del curs 2025-26. A1LLIBRES DE TEXT&#8211; VILAGRASA, Albert. A punt 1. Llibre de l\u2019alumne. Barcelona: Publicacions del&#8217;Abadia de Montserrat, 2018. ISBN: 978-84-9883-990-6&#8211; VILAGRASA, Albert. A punt 1. Llibre d\u2019exercicis. Barcelona: Publicacions del&#8217;Abadia de Montserrat, 2018. ISBN: 978-84-9191-006-0LLIBRE RECOMANAT&#8211; BASTONS, N. i altres. Gram\u00e0tica pr\u00e0ctica del catal\u00e0. Barcelona: [&hellip;]<\/p>\n","protected":false},"author":1,"featured_media":0,"parent":8197,"menu_order":30,"comment_status":"closed","ping_status":"closed","template":"","meta":{"_bbp_topic_count":0,"_bbp_reply_count":0,"_bbp_total_topic_count":0,"_bbp_total_reply_count":0,"_bbp_voice_count":0,"_bbp_anonymous_reply_count":0,"_bbp_topic_count_hidden":0,"_bbp_reply_count_hidden":0,"_bbp_forum_subforum_count":0,"site-sidebar-layout":"default","site-content-layout":"","ast-site-content-layout":"default","site-content-style":"default","site-sidebar-style":"default","ast-global-header-display":"","ast-banner-title-visibility":"","ast-main-header-display":"","ast-hfb-above-header-display":"","ast-hfb-below-header-display":"","ast-hfb-mobile-header-display":"","site-post-title":"","ast-breadcrumbs-content":"","ast-featured-img":"","footer-sml-layout":"","theme-transparent-header-meta":"","adv-header-id-meta":"","stick-header-meta":"","header-above-stick-meta":"","header-main-stick-meta":"","header-below-stick-meta":"","astra-migrate-meta-layouts":"set","ast-page-background-enabled":"default","ast-page-background-meta":{"desktop":{"background-color":"var(--ast-global-color-4)","background-image":"","background-repeat":"repeat","background-position":"center center","background-size":"auto","background-attachment":"scroll","background-type":"","background-media":"","overlay-type":"","overlay-color":"","overlay-opacity":"","overlay-gradient":""},"tablet":{"background-color":"","background-image":"","background-repeat":"repeat","background-position":"center center","background-size":"auto","background-attachment":"scroll","background-type":"","background-media":"","overlay-type":"","overlay-color":"","overlay-opacity":"","overlay-gradient":""},"mobile":{"background-color":"","background-image":"","background-repeat":"repeat","background-position":"center center","background-size":"auto","background-attachment":"scroll","background-type":"","background-media":"","overlay-type":"","overlay-color":"","overlay-opacity":"","overlay-gradient":""}},"ast-content-background-meta":{"desktop":{"background-color":"var(--ast-global-color-5)","background-image":"","background-repeat":"repeat","background-position":"center center","background-size":"auto","background-attachment":"scroll","background-type":"","background-media":"","overlay-type":"","overlay-color":"","overlay-opacity":"","overlay-gradient":""},"tablet":{"background-color":"var(--ast-global-color-5)","background-image":"","background-repeat":"repeat","background-position":"center center","background-size":"auto","background-attachment":"scroll","background-type":"","background-media":"","overlay-type":"","overlay-color":"","overlay-opacity":"","overlay-gradient":""},"mobile":{"background-color":"var(--ast-global-color-5)","background-image":"","background-repeat":"repeat","background-position":"center center","background-size":"auto","background-attachment":"scroll","background-type":"","background-media":"","overlay-type":"","overlay-color":"","overlay-opacity":"","overlay-gradient":""}},"footnotes":""},"class_list":["post-8265","page","type-page","status-publish","hentry"],"post_mailing_queue_ids":[],"_links":{"self":[{"href":"https:\/\/agora-eoi.xtec.cat\/eoigirona\/wp-json\/wp\/v2\/pages\/8265","targetHints":{"allow":["GET"]}}],"collection":[{"href":"https:\/\/agora-eoi.xtec.cat\/eoigirona\/wp-json\/wp\/v2\/pages"}],"about":[{"href":"https:\/\/agora-eoi.xtec.cat\/eoigirona\/wp-json\/wp\/v2\/types\/page"}],"author":[{"embeddable":true,"href":"https:\/\/agora-eoi.xtec.cat\/eoigirona\/wp-json\/wp\/v2\/users\/1"}],"replies":[{"embeddable":true,"href":"https:\/\/agora-eoi.xtec.cat\/eoigirona\/wp-json\/wp\/v2\/comments?post=8265"}],"version-history":[{"count":5,"href":"https:\/\/agora-eoi.xtec.cat\/eoigirona\/wp-json\/wp\/v2\/pages\/8265\/revisions"}],"predecessor-version":[{"id":17839,"href":"https:\/\/agora-eoi.xtec.cat\/eoigirona\/wp-json\/wp\/v2\/pages\/8265\/revisions\/17839"}],"up":[{"embeddable":true,"href":"https:\/\/agora-eoi.xtec.cat\/eoigirona\/wp-json\/wp\/v2\/pages\/8197"}],"wp:attachment":[{"href":"https:\/\/agora-eoi.xtec.cat\/eoigirona\/wp-json\/wp\/v2\/media?parent=8265"}],"curies":[{"name":"wp","href":"https:\/\/api.w.org\/{rel}","templated":true}]}}