{"id":8199,"date":"2016-06-09T14:35:55","date_gmt":"2016-06-09T13:35:55","guid":{"rendered":"https:\/\/agora-eoi.xtec.cat\/eoigirona\/?page_id=8199"},"modified":"2024-09-12T15:24:07","modified_gmt":"2024-09-12T13:24:07","slug":"espanyol","status":"publish","type":"page","link":"https:\/\/agora-eoi.xtec.cat\/eoigirona\/espanyol\/","title":{"rendered":"Espanyol per a estrangers"},"content":{"rendered":"<p><span class=\"arial text16 gris3\" style=\"color: #c42300;\"><b>Informaci\u00f3 del curs\u00a0<\/b><\/span><\/p>\n<div class=\"separacio5\"><\/div>\n<p>El Departament d&#8217;Espanyol ofereix cursos:<br \/>\n&#8211; intensius: A1, A2, B1, B2.1 i B2.2<br \/>\n&#8211; extensius: B1<\/p>\n<p>El certificat de nivell A2 de l&#8217;EOI pot ser validat per l&#8217;Institut Cervantes com a coneixement de la Llengua (A2) per a l&#8217;obtenci\u00f3 de la Nacionalitat per Resid\u00e8ncia.<\/p>\n<p>Cursos intensius: classes de dues hores di\u00e0ries de dilluns a dijous (primer quadrimestre, de setembre a gener, i segon quadrimestre, de febrer a maig).<\/p>\n<p><span class=\"\">Cursos extensius: classes de dues hores i quart (de setembre a maig) dos dies a la setmana: dilluns i dimecres.<\/span><\/p>\n<p><strong>CAP DE DEPARTAMENT: PACO MENESES ROMERO<\/strong><br \/>\nE-mail: departament.espanyol<span class=\"atwho-query\">@eoigirona.cat<\/span><b><\/b><\/p>\n<p><strong>Trobareu tota la informaci\u00f3 al men\u00fa desplegable.<\/strong><\/p>\n","protected":false},"excerpt":{"rendered":"<p>Informaci\u00f3 del curs\u00a0 El Departament d&#8217;Espanyol ofereix cursos: &#8211; intensius: A1, A2, B1, B2.1 i B2.2 &#8211; extensius: B1 El certificat de nivell A2 de l&#8217;EOI pot ser validat per l&#8217;Institut Cervantes com a coneixement de la Llengua (A2) per a l&#8217;obtenci\u00f3 de la Nacionalitat per Resid\u00e8ncia. Cursos intensius: classes de dues hores di\u00e0ries de [&hellip;]<\/p>\n","protected":false},"author":1,"featured_media":0,"parent":0,"menu_order":0,"comment_status":"closed","ping_status":"closed","template":"page-templates\/side-menu.php","meta":{"_bbp_topic_count":0,"_bbp_reply_count":0,"_bbp_total_topic_count":0,"_bbp_total_reply_count":0,"_bbp_voice_count":0,"_bbp_anonymous_reply_count":0,"_bbp_topic_count_hidden":0,"_bbp_reply_count_hidden":0,"_bbp_forum_subforum_count":0,"site-sidebar-layout":"default","site-content-layout":"","ast-site-content-layout":"","site-content-style":"default","site-sidebar-style":"default","ast-global-header-display":"","ast-banner-title-visibility":"","ast-main-header-display":"","ast-hfb-above-header-display":"","ast-hfb-below-header-display":"","ast-hfb-mobile-header-display":"","site-post-title":"","ast-breadcrumbs-content":"","ast-featured-img":"","footer-sml-layout":"","theme-transparent-header-meta":"","adv-header-id-meta":"","stick-header-meta":"","header-above-stick-meta":"","header-main-stick-meta":"","header-below-stick-meta":"","astra-migrate-meta-layouts":"default","ast-page-background-enabled":"default","ast-page-background-meta":{"desktop":{"background-color":"var(--ast-global-color-4)","background-image":"","background-repeat":"repeat","background-position":"center center","background-size":"auto","background-attachment":"scroll","background-type":"","background-media":"","overlay-type":"","overlay-color":"","overlay-opacity":"","overlay-gradient":""},"tablet":{"background-color":"","background-image":"","background-repeat":"repeat","background-position":"center center","background-size":"auto","background-attachment":"scroll","background-type":"","background-media":"","overlay-type":"","overlay-color":"","overlay-opacity":"","overlay-gradient":""},"mobile":{"background-color":"","background-image":"","background-repeat":"repeat","background-position":"center center","background-size":"auto","background-attachment":"scroll","background-type":"","background-media":"","overlay-type":"","overlay-color":"","overlay-opacity":"","overlay-gradient":""}},"ast-content-background-meta":{"desktop":{"background-color":"var(--ast-global-color-5)","background-image":"","background-repeat":"repeat","background-position":"center center","background-size":"auto","background-attachment":"scroll","background-type":"","background-media":"","overlay-type":"","overlay-color":"","overlay-opacity":"","overlay-gradient":""},"tablet":{"background-color":"var(--ast-global-color-5)","background-image":"","background-repeat":"repeat","background-position":"center center","background-size":"auto","background-attachment":"scroll","background-type":"","background-media":"","overlay-type":"","overlay-color":"","overlay-opacity":"","overlay-gradient":""},"mobile":{"background-color":"var(--ast-global-color-5)","background-image":"","background-repeat":"repeat","background-position":"center center","background-size":"auto","background-attachment":"scroll","background-type":"","background-media":"","overlay-type":"","overlay-color":"","overlay-opacity":"","overlay-gradient":""}},"footnotes":""},"class_list":["post-8199","page","type-page","status-publish","hentry"],"post_mailing_queue_ids":[],"_links":{"self":[{"href":"https:\/\/agora-eoi.xtec.cat\/eoigirona\/wp-json\/wp\/v2\/pages\/8199","targetHints":{"allow":["GET"]}}],"collection":[{"href":"https:\/\/agora-eoi.xtec.cat\/eoigirona\/wp-json\/wp\/v2\/pages"}],"about":[{"href":"https:\/\/agora-eoi.xtec.cat\/eoigirona\/wp-json\/wp\/v2\/types\/page"}],"author":[{"embeddable":true,"href":"https:\/\/agora-eoi.xtec.cat\/eoigirona\/wp-json\/wp\/v2\/users\/1"}],"replies":[{"embeddable":true,"href":"https:\/\/agora-eoi.xtec.cat\/eoigirona\/wp-json\/wp\/v2\/comments?post=8199"}],"version-history":[{"count":6,"href":"https:\/\/agora-eoi.xtec.cat\/eoigirona\/wp-json\/wp\/v2\/pages\/8199\/revisions"}],"predecessor-version":[{"id":15732,"href":"https:\/\/agora-eoi.xtec.cat\/eoigirona\/wp-json\/wp\/v2\/pages\/8199\/revisions\/15732"}],"wp:attachment":[{"href":"https:\/\/agora-eoi.xtec.cat\/eoigirona\/wp-json\/wp\/v2\/media?parent=8199"}],"curies":[{"name":"wp","href":"https:\/\/api.w.org\/{rel}","templated":true}]}}