{"id":8170,"date":"2016-06-08T17:06:12","date_gmt":"2016-06-08T16:06:12","guid":{"rendered":"https:\/\/agora-eoi.xtec.cat\/eoigirona\/?page_id=8170"},"modified":"2024-10-16T14:44:42","modified_gmt":"2024-10-16T12:44:42","slug":"candidats-lliures","status":"publish","type":"page","link":"https:\/\/agora-eoi.xtec.cat\/eoigirona\/matricula\/candidats-lliures\/","title":{"rendered":"Candidats lliures"},"content":{"rendered":"<p>El Departament d&#8217;Educaci\u00f3 organitza dues convocat\u00f2ries durant el curs escolar:<\/p>\n<p>a) la <a href=\"https:\/\/educacio.gencat.cat\/ca\/serveis-tramits\/proves\/proves-lliures-obtencio-titols\/convocat-ordinaria-idiomes\/\"><strong>convocat\u00f2ria ordin\u00e0ria<\/strong><\/a> de les proves per a l&#8217;obtenci\u00f3 dels certificats de diversos idiomes, al maig\/juny de cada any.<\/p>\n<p>b) la <a href=\"https:\/\/educacio.gencat.cat\/ca\/serveis-tramits\/proves\/proves-lliures-obtencio-titols\/convocat-extraord-idiomes\/\"><strong>convocat\u00f2ria extraordin\u00e0ria<\/strong><\/a> de les proves per obtenir certificats d&#8217;angl\u00e8s i catal\u00e0, al gener\/febrer de cada any.<\/p>\n<p>Es poden obtenir certificats dels seg\u00fcents nivells, segons el Marc europeu com\u00fa de refer\u00e8ncia per a les lleng\u00fces (MECR)<span style=\"font-family: inherit; font-size: 1em;\">:<\/span><\/p>\n<ul>\n<li>Nivell intermedi B1 del MECR<\/li>\n<li>Nivell intermedi B2 del MECR<\/li>\n<li>Nivell avan\u00e7at C1 del MECR<\/li>\n<li>Nivell avan\u00e7at C2 del MECR<\/li>\n<\/ul>\n<p>ATENCI\u00d3: No es pot ser alumne oficial i fer la prova per lliure.<\/p>\n","protected":false},"excerpt":{"rendered":"<p>El Departament d&#8217;Educaci\u00f3 organitza dues convocat\u00f2ries durant el curs escolar: a) la convocat\u00f2ria ordin\u00e0ria de les proves per a l&#8217;obtenci\u00f3 dels certificats de diversos idiomes, al maig\/juny de cada any. b) la convocat\u00f2ria extraordin\u00e0ria de les proves per obtenir certificats d&#8217;angl\u00e8s i catal\u00e0, al gener\/febrer de cada any. Es poden obtenir certificats dels seg\u00fcents nivells, [&hellip;]<\/p>\n","protected":false},"author":1,"featured_media":0,"parent":9820,"menu_order":4,"comment_status":"closed","ping_status":"closed","template":"page-templates\/side-menu.php","meta":{"_bbp_topic_count":0,"_bbp_reply_count":0,"_bbp_total_topic_count":0,"_bbp_total_reply_count":0,"_bbp_voice_count":0,"_bbp_anonymous_reply_count":0,"_bbp_topic_count_hidden":0,"_bbp_reply_count_hidden":0,"_bbp_forum_subforum_count":0,"site-sidebar-layout":"default","site-content-layout":"","ast-site-content-layout":"","site-content-style":"default","site-sidebar-style":"default","ast-global-header-display":"","ast-banner-title-visibility":"","ast-main-header-display":"","ast-hfb-above-header-display":"","ast-hfb-below-header-display":"","ast-hfb-mobile-header-display":"","site-post-title":"","ast-breadcrumbs-content":"","ast-featured-img":"","footer-sml-layout":"","theme-transparent-header-meta":"","adv-header-id-meta":"","stick-header-meta":"","header-above-stick-meta":"","header-main-stick-meta":"","header-below-stick-meta":"","astra-migrate-meta-layouts":"default","ast-page-background-enabled":"default","ast-page-background-meta":{"desktop":{"background-color":"var(--ast-global-color-4)","background-image":"","background-repeat":"repeat","background-position":"center center","background-size":"auto","background-attachment":"scroll","background-type":"","background-media":"","overlay-type":"","overlay-color":"","overlay-opacity":"","overlay-gradient":""},"tablet":{"background-color":"","background-image":"","background-repeat":"repeat","background-position":"center center","background-size":"auto","background-attachment":"scroll","background-type":"","background-media":"","overlay-type":"","overlay-color":"","overlay-opacity":"","overlay-gradient":""},"mobile":{"background-color":"","background-image":"","background-repeat":"repeat","background-position":"center center","background-size":"auto","background-attachment":"scroll","background-type":"","background-media":"","overlay-type":"","overlay-color":"","overlay-opacity":"","overlay-gradient":""}},"ast-content-background-meta":{"desktop":{"background-color":"var(--ast-global-color-5)","background-image":"","background-repeat":"repeat","background-position":"center center","background-size":"auto","background-attachment":"scroll","background-type":"","background-media":"","overlay-type":"","overlay-color":"","overlay-opacity":"","overlay-gradient":""},"tablet":{"background-color":"var(--ast-global-color-5)","background-image":"","background-repeat":"repeat","background-position":"center center","background-size":"auto","background-attachment":"scroll","background-type":"","background-media":"","overlay-type":"","overlay-color":"","overlay-opacity":"","overlay-gradient":""},"mobile":{"background-color":"var(--ast-global-color-5)","background-image":"","background-repeat":"repeat","background-position":"center center","background-size":"auto","background-attachment":"scroll","background-type":"","background-media":"","overlay-type":"","overlay-color":"","overlay-opacity":"","overlay-gradient":""}},"footnotes":""},"class_list":["post-8170","page","type-page","status-publish","hentry"],"post_mailing_queue_ids":[],"_links":{"self":[{"href":"https:\/\/agora-eoi.xtec.cat\/eoigirona\/wp-json\/wp\/v2\/pages\/8170","targetHints":{"allow":["GET"]}}],"collection":[{"href":"https:\/\/agora-eoi.xtec.cat\/eoigirona\/wp-json\/wp\/v2\/pages"}],"about":[{"href":"https:\/\/agora-eoi.xtec.cat\/eoigirona\/wp-json\/wp\/v2\/types\/page"}],"author":[{"embeddable":true,"href":"https:\/\/agora-eoi.xtec.cat\/eoigirona\/wp-json\/wp\/v2\/users\/1"}],"replies":[{"embeddable":true,"href":"https:\/\/agora-eoi.xtec.cat\/eoigirona\/wp-json\/wp\/v2\/comments?post=8170"}],"version-history":[{"count":7,"href":"https:\/\/agora-eoi.xtec.cat\/eoigirona\/wp-json\/wp\/v2\/pages\/8170\/revisions"}],"predecessor-version":[{"id":16133,"href":"https:\/\/agora-eoi.xtec.cat\/eoigirona\/wp-json\/wp\/v2\/pages\/8170\/revisions\/16133"}],"up":[{"embeddable":true,"href":"https:\/\/agora-eoi.xtec.cat\/eoigirona\/wp-json\/wp\/v2\/pages\/9820"}],"wp:attachment":[{"href":"https:\/\/agora-eoi.xtec.cat\/eoigirona\/wp-json\/wp\/v2\/media?parent=8170"}],"curies":[{"name":"wp","href":"https:\/\/api.w.org\/{rel}","templated":true}]}}