{"id":8166,"date":"2016-06-08T17:01:17","date_gmt":"2016-06-08T16:01:17","guid":{"rendered":"https:\/\/agora-eoi.xtec.cat\/eoigirona\/?page_id=8166"},"modified":"2026-01-07T18:14:36","modified_gmt":"2026-01-07T17:14:36","slug":"alumnes-nous","status":"publish","type":"page","link":"https:\/\/agora-eoi.xtec.cat\/eoigirona\/matricula\/alumnes-nous\/","title":{"rendered":"Alumnat NOU"},"content":{"rendered":"<p><a href=\"https:\/\/agora-eoi.xtec.cat\/eoigirona\/general\/curs-2023-2024-matricula-alumnat-nou\/\" target=\"_blank\" rel=\"noopener\">Matr\u00edcula alumnat nou curs 2025-2026<\/a><\/p>\n<p><strong>INFORMACIONS GENERALS<\/strong><\/p>\n<p><strong>Preinscripci\u00f3 (setembre):<\/strong><br \/>\n&#8211; En l\u00ednia<br \/>\n&#8211; La preinscripci\u00f3 \u00e9s un tr\u00e0mit obligatori per entrar com alumne nou a l&#8217;EOI de Girona i per poder accedir al test de nivell en l\u00ednia\/presencial. Es pot fer una \u00fanica preinscripci\u00f3 per idioma, i un m\u00e0xim de dues preinscripcions a dos idiomes diferents. En cada preinscripci\u00f3 es poden triar dos centres i fins a quatre horaris.<br \/>\n&#8211; La preinscripci\u00f3 es pot fer a:<\/p>\n<ol>\n<li><span style=\"font-family: inherit; font-size: 1em;\">A1: no es tenen coneixements de l\u2019idioma o es vol comen\u00e7ar des de zero.<\/span><\/li>\n<li><span style=\"font-size: revert; background-color: rgba(0, 0, 0, 0); font-weight: inherit;\">TEST DE NIVELL: es tenen coneixements de l\u2019idioma i es vol accedir directament a un nivell superior a A1 i no es disposa d\u2019un certificat de l\u2019idioma<\/span><\/li>\n<li><span style=\"font-size: revert; background-color: rgba(0, 0, 0, 0); font-weight: inherit;\">NIVELL SUPERIOR A A1: es t\u00e9 un certificat de l\u2019idioma que permet l&#8217;exempci\u00f3 del test de nivell. Cal adjuntar el certificat dins l\u2019aplicaci\u00f3 de preinscripci\u00f3. Si presenteu un certificat, cal que comproveu que l\u2019EOI us ha validat aquest certificat a l\u2019aplicaci\u00f3 de preinscripci\u00f3.<\/span><\/li>\n<\/ol>\n<ul style=\"list-style-type: disc;\">\n<li><a href=\"https:\/\/preinscripcio.gencat.cat\/ca\/estudis\/idiomes-eoi\/informat\/test-nivell-a2-c1\/\" target=\"_blank\" rel=\"noopener\">taula d&#8217;exempcions<\/a><\/li>\n<li>taula d&#8217;equival\u00e8ncies <a style=\"font-family: inherit; font-size: 1em;\" href=\"https:\/\/portaldogc.gencat.cat\/utilsEADOP\/PDF\/9210\/2039478.pdf\" target=\"_blank\" rel=\"noopener\">lleng\u00fces estrangeres,<\/a><\/li>\n<li>taula d&#8217;equival\u00e8ncies <a style=\"font-size: revert; font-weight: inherit;\" href=\"https:\/\/portaldogc.gencat.cat\/utilsEADOP\/PDF\/9393\/2083269.pdf\" target=\"_blank\" rel=\"noopener\">catal\u00e0,<\/a><\/li>\n<li>taula d&#8217;equival\u00e8ncies <a href=\"https:\/\/www.acles.es\/uploads\/archivos\/Tablas_ACLES\/Tablas_de_certificados_reconocidos_por_ACLES_2024_07_25_bis.pdf\" target=\"_blank\" rel=\"noopener\">ACLES (inclou espanyol). <\/a><\/li>\n<\/ul>\n<p><span class=\"arial text12 gris3\"><b>Test de nivell (setembre):\u00a0<\/b><\/span><br \/>\n&#8211; En l\u00ednia (nom\u00e9s alemany, angl\u00e8s i franc\u00e8s)<br \/>\n&#8211; Presencial (resta d&#8217;idiomes)<br \/>\n<span class=\"arial text12 gris3\">&#8211; Permet l&#8217;acc\u00e9s d&#8217;A1 a C1 de tots els idiomes+ C2 de catal\u00e0, no permet l&#8217;acc\u00e9s a C2.1 d&#8217;angl\u00e8s (nom\u00e9s es pot accedir a aquest nivell amb certificat acreditatiu de nivell C1, veure apartat\u00a0 NOU ALUMNAT CASOS ESPECIALS) ni a C2.2 d&#8217;angl\u00e8s (nom\u00e9s es pot accedir a aquest nivell si s&#8217;ha cursat C2.1 en una EOI, veure apartat NOU ALUMNAT CASOS ESPECIALS).\u00a0<\/span><br \/>\n&#8211; El test de nivell nom\u00e9s t\u00e9 valor per a la formalitzaci\u00f3 de la matr\u00edcula i validesa per a un any acad\u00e8mic.<br \/>\n&#8211; La no presentaci\u00f3 al test de nivell suposa l&#8217;anul\u00b7laci\u00f3 de la preinscripci\u00f3.<\/p>\n<p><span class=\"arial text12 gris3\"><b>Matr\u00edcula (setembre):<\/b><\/span><br \/>\n&#8211; Per decidir l&#8217;ordre de matr\u00edcula del nou alumnat es fa un sorteig als serveis centrals del Departament d&#8217;Educaci\u00f3 i Formaci\u00f3 Professional.<br \/>\n&#8211; Hi ha tres per\u00edodes de matr\u00edcula en aquest ordre:<\/p>\n<ul style=\"list-style-type: disc;\">\n<li><span style=\"font-family: inherit; font-size: 1em;\">alumnes admesos (matr\u00edcula en l\u00ednia, tercera setmana de setembre).<\/span><\/li>\n<li><span style=\"font-family: inherit; font-size: 1em;\">alumnes en llista d&#8217;espera si queden places (matr\u00edcula en l\u00ednia, tercera setmana de setembre).<\/span><\/li>\n<li><span style=\"font-family: inherit; font-size: 1em;\">alumnes que es matriculen a places vacants si hi ha places disponibles (matr\u00edcula presencial, \u00faltima setmana de setembre).<\/span><\/li>\n<\/ul>\n<p><strong>ATENCI\u00d3: L\u2019edat m\u00ednima per estudiar a les EOI \u00e9s la seg\u00fcent:<\/strong><br \/>\n&#8211; Tenir 16 anys\u00a0<span style=\"font-size: 16px; font-style: normal; font-weight: 400;\">\u00a0<\/span><span style=\"font-size: 16px; font-style: normal; font-weight: 400;\">(o fer-los l\u2019any natural en qu\u00e8 s\u2019efectua la matr\u00edcula, \u00e9s a dir, complerts a 31 de desembre)<\/span><br \/>\n&#8211;\u00a0<span style=\"font-size: 16px; font-style: normal; font-weight: 400;\">A partir dels 14 anys (o fer-los l\u2019any en qu\u00e8 s\u2019efectua la matr\u00edcula, \u00e9s a dir, complerts a 31 de desembre) p<\/span><span style=\"font-size: 16px;\">er a idiomes diferents del cursat com a primera llengua estrangera a l\u2019ESO. Cal aportar documentaci\u00f3 justificativa: certificat del centre de secund\u00e0ria on s&#8217;especifiqui quina \u00e9s la primera llengua estrangera que esteu estudiant a l&#8217;ESO.<\/span><\/p>\n<p><strong>Es considera nou alumnat:<\/strong><br \/>\n&#8211; Aquells que accedeixen per primera vegada a fer un curs oficial a\u00a0 l\u2019EOI de Girona.<br \/>\n&#8211; Els que comencen un altre idioma.<br \/>\n&#8211; Els que han perdut l\u2019oficialitat (alumnes no matriculats en el curs anterior).<br \/>\n&#8211; Els que provenen d\u2019una altra EOI on podrien continuar els seus estudis perqu\u00e8 aquests s\u00ed formen part de l&#8217;oferta educativa del centre d&#8217;origen.<br \/>\n&#8211; Alumnes lliures que volen ser oficials.<br \/>\n&#8211; Alumnes que han fet matr\u00edcula d&#8217;actualitzaci\u00f3 el curs anterior o anteriors. M<span style=\"font-family: inherit; font-size: 1em;\">atr\u00edcula presencial a l&#8217;escola a places vacants (\u00faltima setmana de setembre)<\/span><br \/>\n&#8211; NOU ALUMNAT CASOS ESPECIALS:<\/p>\n<ul style=\"list-style-type: disc;\">\n<li>Alumnes de C1 d&#8217;angl\u00e8s que volen fer C2.1<\/li>\n<\/ul>\n<ol>\n<li><span style=\"text-decoration: underline;\">alumne apte de C1 d&#8217;angl\u00e8s del curs immediatament anterior<\/span><\/li>\n<li><span style=\"text-decoration: underline;\">alumne nou amb <span style=\"text-align: justify;\">certificat de C1 de les escoles oficials d&#8217;idiomes o certificaci\u00f3 equivalent<\/span><\/span><\/li>\n<\/ol>\n<p>NOTA C2.1: D&#8217;acord amb els criteris publicats a la <a href=\"https:\/\/dogc.gencat.cat\/ca\/document-del-dogc\/?documentId=1010084\" target=\"_blank\" rel=\"noopener\">RESOLUCI\u00d3<\/a>,\u00a0<em>quan el nombre de sol\u00b7licituds de preinscripci\u00f3 al primer curs del nivell avan\u00e7at C2 sigui superior a l&#8217;oferta, per ordenar les sol\u00b7licituds i assignar les places s&#8217;apliquen els criteris de prioritat seg\u00fcents:<\/em><br \/>\n<em>a) En primer lloc, l&#8217;alumnat que estigui en possessi\u00f3 del certificat de nivell C1 de les Escoles Oficials d&#8217;Idiomes. L&#8217;assignaci\u00f3 es fa per sorteig, d&#8217;acord amb el que preveu el punt 6.<\/em><br \/>\n<em>b) En segon lloc, l&#8217;alumnat que estigui en possessi\u00f3 d&#8217;un t\u00edtol o certificaci\u00f3 equivalent al certificat de nivell C1 de les escoles oficials d&#8217;idiomes reconegut en l&#8217;\u00e0mbit del Departament d&#8217;Educaci\u00f3 i Formaci\u00f3 Professional. En aquest cas, l&#8217;assignaci\u00f3 tamb\u00e9 es fa per sorteig, d&#8217;acord amb el que preveu el punt 6.<\/em><\/p>\n<ul style=\"list-style-type: disc;\">\n<li>Alumnes que volen fer C2.2 (<span class=\"arial text12 gris3\">nom\u00e9s es pot accedir a aquest nivell si s&#8217;ha cursat C2.1 en una EOI) <\/span>i han perdut l&#8217;oficialitat. Cal haver fet C2.1 o C2.2 (alumne repetidor) en una EOI<span style=\"font-family: inherit; font-size: 1em;\">.\u00a0<\/span><span style=\"font-family: inherit; font-size: 1em;\">Matr\u00edcula presencial a l&#8217;escola a places vacants (\u00faltima setmana de setembre)<\/span><\/li>\n<\/ul>\n<div>\n<ul>\n<li style=\"list-style-type: none;\"><\/li>\n<\/ul>\n<\/div>\n","protected":false},"excerpt":{"rendered":"<p>Matr\u00edcula alumnat nou curs 2025-2026 INFORMACIONS GENERALS Preinscripci\u00f3 (setembre): &#8211; En l\u00ednia &#8211; La preinscripci\u00f3 \u00e9s un tr\u00e0mit obligatori per entrar com alumne nou a l&#8217;EOI de Girona i per poder accedir al test de nivell en l\u00ednia\/presencial. Es pot fer una \u00fanica preinscripci\u00f3 per idioma, i un m\u00e0xim de dues preinscripcions a dos idiomes [&hellip;]<\/p>\n","protected":false},"author":1,"featured_media":0,"parent":9820,"menu_order":2,"comment_status":"closed","ping_status":"closed","template":"","meta":{"_bbp_topic_count":0,"_bbp_reply_count":0,"_bbp_total_topic_count":0,"_bbp_total_reply_count":0,"_bbp_voice_count":0,"_bbp_anonymous_reply_count":0,"_bbp_topic_count_hidden":0,"_bbp_reply_count_hidden":0,"_bbp_forum_subforum_count":0,"site-sidebar-layout":"default","site-content-layout":"","ast-site-content-layout":"default","site-content-style":"default","site-sidebar-style":"default","ast-global-header-display":"","ast-banner-title-visibility":"","ast-main-header-display":"","ast-hfb-above-header-display":"","ast-hfb-below-header-display":"","ast-hfb-mobile-header-display":"","site-post-title":"","ast-breadcrumbs-content":"","ast-featured-img":"","footer-sml-layout":"","theme-transparent-header-meta":"default","adv-header-id-meta":"","stick-header-meta":"","header-above-stick-meta":"","header-main-stick-meta":"","header-below-stick-meta":"","astra-migrate-meta-layouts":"set","ast-page-background-enabled":"default","ast-page-background-meta":{"desktop":{"background-color":"var(--ast-global-color-4)","background-image":"","background-repeat":"repeat","background-position":"center center","background-size":"auto","background-attachment":"scroll","background-type":"","background-media":"","overlay-type":"","overlay-color":"","overlay-opacity":"","overlay-gradient":""},"tablet":{"background-color":"","background-image":"","background-repeat":"repeat","background-position":"center center","background-size":"auto","background-attachment":"scroll","background-type":"","background-media":"","overlay-type":"","overlay-color":"","overlay-opacity":"","overlay-gradient":""},"mobile":{"background-color":"","background-image":"","background-repeat":"repeat","background-position":"center center","background-size":"auto","background-attachment":"scroll","background-type":"","background-media":"","overlay-type":"","overlay-color":"","overlay-opacity":"","overlay-gradient":""}},"ast-content-background-meta":{"desktop":{"background-color":"var(--ast-global-color-5)","background-image":"","background-repeat":"repeat","background-position":"center center","background-size":"auto","background-attachment":"scroll","background-type":"","background-media":"","overlay-type":"","overlay-color":"","overlay-opacity":"","overlay-gradient":""},"tablet":{"background-color":"var(--ast-global-color-5)","background-image":"","background-repeat":"repeat","background-position":"center center","background-size":"auto","background-attachment":"scroll","background-type":"","background-media":"","overlay-type":"","overlay-color":"","overlay-opacity":"","overlay-gradient":""},"mobile":{"background-color":"var(--ast-global-color-5)","background-image":"","background-repeat":"repeat","background-position":"center center","background-size":"auto","background-attachment":"scroll","background-type":"","background-media":"","overlay-type":"","overlay-color":"","overlay-opacity":"","overlay-gradient":""}},"footnotes":""},"class_list":["post-8166","page","type-page","status-publish","hentry"],"post_mailing_queue_ids":[],"_links":{"self":[{"href":"https:\/\/agora-eoi.xtec.cat\/eoigirona\/wp-json\/wp\/v2\/pages\/8166","targetHints":{"allow":["GET"]}}],"collection":[{"href":"https:\/\/agora-eoi.xtec.cat\/eoigirona\/wp-json\/wp\/v2\/pages"}],"about":[{"href":"https:\/\/agora-eoi.xtec.cat\/eoigirona\/wp-json\/wp\/v2\/types\/page"}],"author":[{"embeddable":true,"href":"https:\/\/agora-eoi.xtec.cat\/eoigirona\/wp-json\/wp\/v2\/users\/1"}],"replies":[{"embeddable":true,"href":"https:\/\/agora-eoi.xtec.cat\/eoigirona\/wp-json\/wp\/v2\/comments?post=8166"}],"version-history":[{"count":6,"href":"https:\/\/agora-eoi.xtec.cat\/eoigirona\/wp-json\/wp\/v2\/pages\/8166\/revisions"}],"predecessor-version":[{"id":18868,"href":"https:\/\/agora-eoi.xtec.cat\/eoigirona\/wp-json\/wp\/v2\/pages\/8166\/revisions\/18868"}],"up":[{"embeddable":true,"href":"https:\/\/agora-eoi.xtec.cat\/eoigirona\/wp-json\/wp\/v2\/pages\/9820"}],"wp:attachment":[{"href":"https:\/\/agora-eoi.xtec.cat\/eoigirona\/wp-json\/wp\/v2\/media?parent=8166"}],"curies":[{"name":"wp","href":"https:\/\/api.w.org\/{rel}","templated":true}]}}