{"id":8158,"date":"2016-06-08T16:47:01","date_gmt":"2016-06-08T15:47:01","guid":{"rendered":"https:\/\/agora-eoi.xtec.cat\/eoigirona\/?page_id=8158"},"modified":"2025-10-20T16:54:48","modified_gmt":"2025-10-20T14:54:48","slug":"cursos-especials","status":"publish","type":"page","link":"https:\/\/agora-eoi.xtec.cat\/eoigirona\/cursos\/cursos-especials\/","title":{"rendered":"Cursos espec\u00edfics"},"content":{"rendered":"<div id=\"c_esp112\">\n<h3><\/h3>\n<p>Les escoles oficials d&#8217;idiomes ofereixen, independentment dels programes regulars, cursos espec\u00edfics de formaci\u00f3 amb la finalitat d&#8217;aprofundir en la cultura vinculada a un idioma o treballar un aspecte espec\u00edfic de la llengua. Hi ha dos tipus de cursos espec\u00edfics:<\/p>\n<ul>\n<li><b>Cursos monogr\u00e0fics<\/b>: Cursos d&#8217;especialitzaci\u00f3, sobre llenguatge d&#8217;especialitat o centrats en aspectes socioculturals vinculats a l&#8217;idioma com poden ser el cinema, la civilitzaci\u00f3, la literatura\u2026<br \/>\n<b><\/b><\/li>\n<li><b>Cursos de llengua instrumental<\/b>: Cursos que tenen com a objectiu el coneixement general de la llengua, el treball espec\u00edfic d&#8217;alguna destresa, el manteniment o perfeccionament d&#8217;un idioma\u2026<\/li>\n<\/ul>\n<p class=\"separacio5\">Podeu consultar tota la informaci\u00f3 relativa als cursos espec\u00edfics del curs 2025-2026 al men\u00fa desplegable situat a l\u2019esquerra de la p\u00e0gina (o a la part inferior si accediu des d\u2019un dispositiu m\u00f2bil).<br data-start=\"348\" data-end=\"351\" \/>L\u2019EOI Girona <strong data-start=\"364\" data-end=\"426\">no oferir\u00e0 cursos espec\u00edfics durant el primer quadrimestre<\/strong>.<br data-start=\"427\" data-end=\"430\" \/>La informaci\u00f3 corresponent al <strong data-start=\"460\" data-end=\"482\">segon quadrimestre<\/strong> es publicar\u00e0 <strong data-start=\"496\" data-end=\"512\">m\u00e9s endavant<\/strong>.<\/p>\n<\/div>\n","protected":false},"excerpt":{"rendered":"<p>Les escoles oficials d&#8217;idiomes ofereixen, independentment dels programes regulars, cursos espec\u00edfics de formaci\u00f3 amb la finalitat d&#8217;aprofundir en la cultura vinculada a un idioma o treballar un aspecte espec\u00edfic de la llengua. Hi ha dos tipus de cursos espec\u00edfics: Cursos monogr\u00e0fics: Cursos d&#8217;especialitzaci\u00f3, sobre llenguatge d&#8217;especialitat o centrats en aspectes socioculturals vinculats a l&#8217;idioma com [&hellip;]<\/p>\n","protected":false},"author":1,"featured_media":0,"parent":8149,"menu_order":2,"comment_status":"closed","ping_status":"closed","template":"","meta":{"_bbp_topic_count":0,"_bbp_reply_count":0,"_bbp_total_topic_count":0,"_bbp_total_reply_count":0,"_bbp_voice_count":0,"_bbp_anonymous_reply_count":0,"_bbp_topic_count_hidden":0,"_bbp_reply_count_hidden":0,"_bbp_forum_subforum_count":0,"site-sidebar-layout":"default","site-content-layout":"","ast-site-content-layout":"default","site-content-style":"default","site-sidebar-style":"default","ast-global-header-display":"","ast-banner-title-visibility":"","ast-main-header-display":"","ast-hfb-above-header-display":"","ast-hfb-below-header-display":"","ast-hfb-mobile-header-display":"","site-post-title":"","ast-breadcrumbs-content":"","ast-featured-img":"","footer-sml-layout":"","theme-transparent-header-meta":"","adv-header-id-meta":"","stick-header-meta":"","header-above-stick-meta":"","header-main-stick-meta":"","header-below-stick-meta":"","astra-migrate-meta-layouts":"set","ast-page-background-enabled":"default","ast-page-background-meta":{"desktop":{"background-color":"var(--ast-global-color-4)","background-image":"","background-repeat":"repeat","background-position":"center center","background-size":"auto","background-attachment":"scroll","background-type":"","background-media":"","overlay-type":"","overlay-color":"","overlay-opacity":"","overlay-gradient":""},"tablet":{"background-color":"","background-image":"","background-repeat":"repeat","background-position":"center center","background-size":"auto","background-attachment":"scroll","background-type":"","background-media":"","overlay-type":"","overlay-color":"","overlay-opacity":"","overlay-gradient":""},"mobile":{"background-color":"","background-image":"","background-repeat":"repeat","background-position":"center center","background-size":"auto","background-attachment":"scroll","background-type":"","background-media":"","overlay-type":"","overlay-color":"","overlay-opacity":"","overlay-gradient":""}},"ast-content-background-meta":{"desktop":{"background-color":"var(--ast-global-color-5)","background-image":"","background-repeat":"repeat","background-position":"center center","background-size":"auto","background-attachment":"scroll","background-type":"","background-media":"","overlay-type":"","overlay-color":"","overlay-opacity":"","overlay-gradient":""},"tablet":{"background-color":"var(--ast-global-color-5)","background-image":"","background-repeat":"repeat","background-position":"center center","background-size":"auto","background-attachment":"scroll","background-type":"","background-media":"","overlay-type":"","overlay-color":"","overlay-opacity":"","overlay-gradient":""},"mobile":{"background-color":"var(--ast-global-color-5)","background-image":"","background-repeat":"repeat","background-position":"center center","background-size":"auto","background-attachment":"scroll","background-type":"","background-media":"","overlay-type":"","overlay-color":"","overlay-opacity":"","overlay-gradient":""}},"footnotes":""},"class_list":["post-8158","page","type-page","status-publish","hentry"],"post_mailing_queue_ids":[],"_links":{"self":[{"href":"https:\/\/agora-eoi.xtec.cat\/eoigirona\/wp-json\/wp\/v2\/pages\/8158","targetHints":{"allow":["GET"]}}],"collection":[{"href":"https:\/\/agora-eoi.xtec.cat\/eoigirona\/wp-json\/wp\/v2\/pages"}],"about":[{"href":"https:\/\/agora-eoi.xtec.cat\/eoigirona\/wp-json\/wp\/v2\/types\/page"}],"author":[{"embeddable":true,"href":"https:\/\/agora-eoi.xtec.cat\/eoigirona\/wp-json\/wp\/v2\/users\/1"}],"replies":[{"embeddable":true,"href":"https:\/\/agora-eoi.xtec.cat\/eoigirona\/wp-json\/wp\/v2\/comments?post=8158"}],"version-history":[{"count":6,"href":"https:\/\/agora-eoi.xtec.cat\/eoigirona\/wp-json\/wp\/v2\/pages\/8158\/revisions"}],"predecessor-version":[{"id":18388,"href":"https:\/\/agora-eoi.xtec.cat\/eoigirona\/wp-json\/wp\/v2\/pages\/8158\/revisions\/18388"}],"up":[{"embeddable":true,"href":"https:\/\/agora-eoi.xtec.cat\/eoigirona\/wp-json\/wp\/v2\/pages\/8149"}],"wp:attachment":[{"href":"https:\/\/agora-eoi.xtec.cat\/eoigirona\/wp-json\/wp\/v2\/media?parent=8158"}],"curies":[{"name":"wp","href":"https:\/\/api.w.org\/{rel}","templated":true}]}}