{"id":8151,"date":"2016-06-08T16:42:13","date_gmt":"2016-06-08T15:42:13","guid":{"rendered":"https:\/\/agora-eoi.xtec.cat\/eoigirona\/?page_id=8151"},"modified":"2025-10-24T16:24:14","modified_gmt":"2025-10-24T14:24:14","slug":"cursos-oficials","status":"publish","type":"page","link":"https:\/\/agora-eoi.xtec.cat\/eoigirona\/cursos\/cursos-oficials\/","title":{"rendered":"Cursos oficials"},"content":{"rendered":"\n<p><b>A l&#8217;EOI Girona s&#8217;ofereixen cursos d&#8217;alemany, angl\u00e8s, \u00e0rab, catal\u00e0, espanyol per a estrangers, franc\u00e8s, itali\u00e0 i rus.<\/b><\/p>\n<p>L\u2019objectiu principal de les EOI \u00e9s capacitar l&#8217;alumnat en l&#8217;\u00fas efectiu de l&#8217;idioma com a vehicle de comunicaci\u00f3 general.<\/p>\n<p>A les EOI es treballa per tal que l&#8217;alumnat:<\/p>\n<p>\u2022 Adquireixi les habilitats b\u00e0siques receptives i productives, tant del llenguatge oral com de l&#8217;escrit.<br \/>\u2022 Desenvolupi estrat\u00e8gies comunicatives en diferents \u00e0rees de comunicaci\u00f3.<br \/>\u2022 Desenvolupi estrat\u00e8gies per a l&#8217;aprenentatge aut\u00f2nom i continu de lleng\u00fces, que facilitin l&#8217;\u00fas de l&#8217;idioma en l&#8217;exercici d&#8217;activitats professionals i en altres \u00e0mbits de la cultura o d&#8217;inter\u00e8s personal.<br \/>\u2022 Desenvolupi actituds positives envers la diversitat ling\u00fc\u00edstica i el pluralisme cultural del m\u00f3n actual.<\/p>\n<p>1.\u00a0<a href=\"http:\/\/www.gencat.cat\/ensenyament\/eac\/pdf\/IDI_CA.pdf\" target=\"_blank\" rel=\"noopener\">Guia Informativa<\/a><br \/>2. <a href=\"http:\/\/xtec.gencat.cat\/ca\/curriculum\/idiomes-a-les-eoi\/curriculum\/\" target=\"_blank\" rel=\"noopener\">Curr\u00edculum de les EOI<\/a><br \/>3. <a href=\"http:\/\/ensenyament.gencat.cat\/ca\/serveis-tramits\/proves\/proves-lliures-obtencio-titols\/convocat-ordinaria-idiomes\/\" target=\"_blank\" rel=\"noopener\">Informaci\u00f3 sobre certificats: dates, mostres d&#8217;examen&#8230;<\/a><\/p>\n<p><strong>La matr\u00edcula oficial<\/strong> dona dret a assistir com a m\u00ednim a\u00a0<strong>130 hores de classe per curs\u00a0<\/strong>(cursos extensius i intensius) i als ex\u00e0mens corresponents.<\/p>\n<p>Oferim tres modalitats: cursos extensius, cursos intensius i curs semipresencials.<\/p>\n<p><strong><span style=\"color: #9f4948;\">GRUPS<\/span> <span style=\"color: #9f4948;\">Extensius<\/span><\/strong>. Dilluns i dimecres, o b\u00e9 dimarts i dijous. Dues sessions a la setmana de 2 h 15 m.<\/p>\n<p><strong><span style=\"color: #9f4948;\">GRUPS<\/span> <span style=\"color: #9f4948;\">Intensius<\/span><\/strong>. De dilluns a dijous. ESPANYOL: Quatre sessions a la setmana de 2 h cadascuna (espanyol per a estrangers). ANGL\u00c8S: Dues sessions presencials setmanals de 2h 15m i la resta de treball aut\u00f2nom (curs intensiu semipresencial).<\/p>\n<p><span style=\"color: #9f4948;\"><strong>GRUPS<\/strong>\u00a0<\/span><span style=\"color: #0000ff;\"><strong><span style=\"color: #9f4948;\">Semipresencials<\/span>\u00a0<\/strong><\/span>(angl\u00e8s, catal\u00e0, franc\u00e8s i rus). <span style=\"font-family: inherit; font-size: 1em;\">Una sessi\u00f3 PRESENCIAL a la setmana de 2 h 15 m. La resta d\u2019hores, fins arribar a una quantitat equivalent a la dels cursos presencials, es far\u00e0 de manera aut\u00f2noma en l\u00ednia mitjan\u00e7ant la plataforma Moodle o Google Classroom. Per fer aquesta part no presencial no cal connectar-se de manera sincr\u00f2nica.<\/span><\/p>\n<p>Cal estar familiaritzat amb les tecnologies i tenir un alt grau d&#8217;autonomia.<\/p>\n<p id=\"tw-target-text\" class=\"tw-data-text tw-text-large tw-ta\" dir=\"ltr\" data-placeholder=\"Traducci\u00f3\"><span class=\"Y2IQFc\" lang=\"ca\">No saps si t&#8217;anir\u00e0 b\u00e9 la modalitat de semipresencials? Respon a aquestes preguntes: Et resulta complicat venir a l&#8217;escola dos cops per setmana? Tens capacitat d&#8217;organitzaci\u00f3? Tens autodisciplina? La teva motivaci\u00f3 per a l&#8217;aprenentatge de l&#8217;idioma \u00e9s alta? Tens acc\u00e9s a un ordinador amb connexi\u00f3 a Internet? Tens coneixements t\u00e8cnics m\u00ednims? Si la teva resposta \u00e9s S\u00cd, no ho dubtis, aquesta \u00e9s la teva modalitat!<\/span><\/p>\n<p dir=\"ltr\" data-placeholder=\"Traducci\u00f3\">El curs 2025-2026 l&#8217;oferta de semipresencials \u00e9s la seg\u00fcent:<\/p>\n\n\n\n<p><\/p>\n\n\n\n<p>Angl\u00e8s: B1, B2.1, B2.2, C1, C2.1, C2.2<br>Catal\u00e0: C2&nbsp;<br>Franc\u00e8s: A2, B1, B2.1, B2.2, C1<br>Rus: B2.1<\/p>\n\n\n\n<p>  Itali\u00e0: C1<\/p>\n\n\n\n<p><\/p>\n","protected":false},"excerpt":{"rendered":"<p>A l&#8217;EOI Girona s&#8217;ofereixen cursos d&#8217;alemany, angl\u00e8s, \u00e0rab, catal\u00e0, espanyol per a estrangers, franc\u00e8s, itali\u00e0 i rus. L\u2019objectiu principal de les EOI \u00e9s capacitar l&#8217;alumnat en l&#8217;\u00fas efectiu de l&#8217;idioma com a vehicle de comunicaci\u00f3 general. A les EOI es treballa per tal que l&#8217;alumnat: \u2022 Adquireixi les habilitats b\u00e0siques receptives i productives, tant del [&hellip;]<\/p>\n","protected":false},"author":1,"featured_media":0,"parent":8149,"menu_order":1,"comment_status":"closed","ping_status":"closed","template":"","meta":{"_bbp_topic_count":0,"_bbp_reply_count":0,"_bbp_total_topic_count":0,"_bbp_total_reply_count":0,"_bbp_voice_count":0,"_bbp_anonymous_reply_count":0,"_bbp_topic_count_hidden":0,"_bbp_reply_count_hidden":0,"_bbp_forum_subforum_count":0,"site-sidebar-layout":"default","site-content-layout":"","ast-site-content-layout":"default","site-content-style":"default","site-sidebar-style":"default","ast-global-header-display":"","ast-banner-title-visibility":"","ast-main-header-display":"","ast-hfb-above-header-display":"","ast-hfb-below-header-display":"","ast-hfb-mobile-header-display":"","site-post-title":"","ast-breadcrumbs-content":"","ast-featured-img":"","footer-sml-layout":"","theme-transparent-header-meta":"","adv-header-id-meta":"","stick-header-meta":"","header-above-stick-meta":"","header-main-stick-meta":"","header-below-stick-meta":"","astra-migrate-meta-layouts":"set","ast-page-background-enabled":"default","ast-page-background-meta":{"desktop":{"background-color":"var(--ast-global-color-4)","background-image":"","background-repeat":"repeat","background-position":"center center","background-size":"auto","background-attachment":"scroll","background-type":"","background-media":"","overlay-type":"","overlay-color":"","overlay-opacity":"","overlay-gradient":""},"tablet":{"background-color":"","background-image":"","background-repeat":"repeat","background-position":"center center","background-size":"auto","background-attachment":"scroll","background-type":"","background-media":"","overlay-type":"","overlay-color":"","overlay-opacity":"","overlay-gradient":""},"mobile":{"background-color":"","background-image":"","background-repeat":"repeat","background-position":"center center","background-size":"auto","background-attachment":"scroll","background-type":"","background-media":"","overlay-type":"","overlay-color":"","overlay-opacity":"","overlay-gradient":""}},"ast-content-background-meta":{"desktop":{"background-color":"var(--ast-global-color-5)","background-image":"","background-repeat":"repeat","background-position":"center center","background-size":"auto","background-attachment":"scroll","background-type":"","background-media":"","overlay-type":"","overlay-color":"","overlay-opacity":"","overlay-gradient":""},"tablet":{"background-color":"var(--ast-global-color-5)","background-image":"","background-repeat":"repeat","background-position":"center center","background-size":"auto","background-attachment":"scroll","background-type":"","background-media":"","overlay-type":"","overlay-color":"","overlay-opacity":"","overlay-gradient":""},"mobile":{"background-color":"var(--ast-global-color-5)","background-image":"","background-repeat":"repeat","background-position":"center center","background-size":"auto","background-attachment":"scroll","background-type":"","background-media":"","overlay-type":"","overlay-color":"","overlay-opacity":"","overlay-gradient":""}},"footnotes":""},"class_list":["post-8151","page","type-page","status-publish","hentry"],"post_mailing_queue_ids":[],"_links":{"self":[{"href":"https:\/\/agora-eoi.xtec.cat\/eoigirona\/wp-json\/wp\/v2\/pages\/8151","targetHints":{"allow":["GET"]}}],"collection":[{"href":"https:\/\/agora-eoi.xtec.cat\/eoigirona\/wp-json\/wp\/v2\/pages"}],"about":[{"href":"https:\/\/agora-eoi.xtec.cat\/eoigirona\/wp-json\/wp\/v2\/types\/page"}],"author":[{"embeddable":true,"href":"https:\/\/agora-eoi.xtec.cat\/eoigirona\/wp-json\/wp\/v2\/users\/1"}],"replies":[{"embeddable":true,"href":"https:\/\/agora-eoi.xtec.cat\/eoigirona\/wp-json\/wp\/v2\/comments?post=8151"}],"version-history":[{"count":6,"href":"https:\/\/agora-eoi.xtec.cat\/eoigirona\/wp-json\/wp\/v2\/pages\/8151\/revisions"}],"predecessor-version":[{"id":18428,"href":"https:\/\/agora-eoi.xtec.cat\/eoigirona\/wp-json\/wp\/v2\/pages\/8151\/revisions\/18428"}],"up":[{"embeddable":true,"href":"https:\/\/agora-eoi.xtec.cat\/eoigirona\/wp-json\/wp\/v2\/pages\/8149"}],"wp:attachment":[{"href":"https:\/\/agora-eoi.xtec.cat\/eoigirona\/wp-json\/wp\/v2\/media?parent=8151"}],"curies":[{"name":"wp","href":"https:\/\/api.w.org\/{rel}","templated":true}]}}