{"id":797,"date":"2015-11-28T21:06:57","date_gmt":"2015-11-28T20:06:57","guid":{"rendered":"https:\/\/agora-eoi.xtec.cat\/eoigirona\/?page_id=797"},"modified":"2025-10-24T16:06:47","modified_gmt":"2025-10-24T14:06:47","slug":"presentacio","status":"publish","type":"page","link":"https:\/\/agora-eoi.xtec.cat\/eoigirona\/el-servei-educatiu\/presentacio\/","title":{"rendered":"Presentaci\u00f3"},"content":{"rendered":"<p>L&#8217;<strong>Escola Oficial d&#8217;Idiomes de Girona<\/strong> es va inaugurar el setembre de 1983 per iniciativa del Departament d&#8217;Ensenyament de la Generalitat de Catalunya. \u00c9s un centre p\u00fablic, no universitari de r\u00e8gim especial, d&#8217;ensenyament d&#8217;idiomes moderns que imparteix els ensenyaments especialitzats regulats per la Llei org\u00e0nica d&#8217;educaci\u00f3 (LOE).<\/p>\n<p>Les Escoles Oficials d\u2019Idiomes s\u00f3n centres p\u00fablics destinats a l\u2019aprenentatge de lleng\u00fces per a persones adultes. La <strong>finalitat<\/strong> dels ensenyaments d\u2019idiomes que s\u2019hi imparteixen \u00e9s el desenvolupament de:<\/p>\n<ul>\n<li>la capacitat de l\u2019alumnat en l\u2019\u00fas efectiu de l\u2019idioma com a vehicle de comunicaci\u00f3 general<\/li>\n<li>el reconeixement i el respecte a la diversitat ling\u00fc\u00edstica i cultural com a eina de di\u00e0leg entre els pobles<\/li>\n<\/ul>\n<p>A l\u2019EOI Girona es poden estudiar <strong>8 idiomes<\/strong>: alemany, angl\u00e8s, \u00e0rab, catal\u00e0, espanyol per a estrangers, franc\u00e8s, itali\u00e0 i rus.<\/p>\n<p>L\u2019EOI Girona tamb\u00e9 gestiona els <strong>centres p\u00fablics delegats<\/strong> de Santa Coloma de Farners i Palafrugell.<\/p>\n<p><a href=\"https:\/\/drive.google.com\/file\/d\/1Hlj3fCAjoVPu8bOlxsoqlc0m-C-dqAts\/view?usp=sharing\" target=\"_blank\" rel=\"noopener\">Una mica m\u00e9s de la nostra hist\u00f2ria<\/a><\/p>\n<p><span style=\"color: #c42300;\"><strong>CERTIFICATS<\/strong><\/span><\/p>\n<p>Les escoles oficials d&#8217;idiomes tamb\u00e9 gestionen les certificacions acad\u00e8miques corresponents a aquests ensenyaments especialitzats. <strong>Aquestes certificacions s\u00f3n reconegudes arreu de l&#8217;Estat espanyol, s\u00f3n les \u00faniques oficials<\/strong>, estan validades pel Consell d&#8217;Europa per mitj\u00e0 del Marc Europeu de Refer\u00e8ncia i es poden obtenir tant en convocat\u00f2ria oficial, com en convocat\u00f2ria lliure.<\/p>\n<p>Quan s&#8217;assoleixen els objectius finals del segon curs s&#8217;obt\u00e9 el certificat del <strong>nivell b\u00e0sic A2<\/strong>.<\/p>\n<p>Els certificats de <strong>nivell intermedi B1, intermedi B2, avan\u00e7at C1 i avan\u00e7at C2<\/strong> de les EOI es poden obtenir tant en convocat\u00f2ria oficial com en convocat\u00f2ria lliure. Tenen validesa nacional i internacional.<\/p>\n<p><span style=\"color: #c42300;\"><strong>ERASMUS I INNOVACI\u00d3<\/strong><\/span><\/p>\n<p>L&#8217;EOI Girona participa en <a href=\"https:\/\/agora-eoi.xtec.cat\/eoigirona\/el-servei-educatiu\/erasmus\/\" target=\"_blank\" rel=\"noopener\">projectes europeus<\/a> i est\u00e0 reconeguda com a Centre Erasmus. Ha rebut el reconeixement del Departament d&#8217;Educaci\u00f3 d\u2019Innovaci\u00f3 Pedag\u00f2gica pels projectes:<\/p>\n<ul>\n<li>El reto de las nuevas tecnolog\u00edas (Erasmus+ KA1. 2014-2016),<\/li>\n<li>Speaking for yourself (Erasmus+ KA2, 2024-2017)<\/li>\n<li>Autonom\u00eda y motivaci\u00f3n del alumnado de nivel avanzado (Erasmus+ KA1, 2017-2019).<\/li>\n<\/ul>\n<p>L&#8217;EOI Girona tamb\u00e9 ha rebut el reconeixement de bones pr\u00e0ctiques de l&#8217;Ag\u00e8ncia Nacional SEPIE pel projecte:<\/p>\n<ul>\n<li>EA COACH &#8211; Empoderamiento del Alumnado COACH (Erasmus+ KA104 Consorcio, 2018-2021).<\/li>\n<\/ul>\n<p>La nostra experi\u00e8ncia en programes europeus ha perm\u00e8s obrir el nostre centre a altres escoles, ampliar els contactes amb institucions europees per dur a terme altres projectes, i crear blogs dedicats als diferents projectes i a l\u2019establiment de contactes amb organitzacions europees per a futures col\u00b7laboracions.<\/p>\n<p><strong><span style=\"color: #c42300;\">COL\u00b7LABORACIONS<\/span><\/strong><\/p>\n<p>L&#8217;EOI Girona col\u00b7labora en diferents programes del Departament d&#8217;Educaci\u00f3:<\/p>\n<ul>\n<li>Programa de Certificaci\u00f3 de Lleng\u00fces Estrangeres (<a href=\"https:\/\/agora-eoi.xtec.cat\/eoigirona\/matricula\/programa-de-certificacio-alumnat-instituts\/\" target=\"_blank\" rel=\"noopener\">info<\/a>)<\/li>\n<li>Formaci\u00f3 de professorat<\/li>\n<li>EOI&amp;FP Together<\/li>\n<li>Convalidacions ESO i Batxillerat \u2013 EOI<\/li>\n<\/ul>\n<p><span style=\"color: #c42300;\"><strong>MARC LEGAL<\/strong><\/span><\/p>\n<p>Els ensenyaments de les EOI a Catalunya s&#8217;inscriuen en el marc legal administratiu establert en els seg\u00fcents documents:<\/p>\n<ul>\n<li>Llei Org\u00e0nica 2\/2006, de 3 de maig, d&#8217;educaci\u00f3 (BOE 106, de 04\/05\/2006)<\/li>\n<li><a href=\"http:\/\/dogc.gencat.cat\/ca\/pdogc_canals_interns\/pdogc_resultats_fitxa\/?documentId=480169&amp;language=ca_ES&amp;action=fitxa\" target=\"_blank\" rel=\"noopener noreferrer\">Llei 12\/2009, de 10 de juliol, d\u2019educaci\u00f3\u00a0<\/a><\/li>\n<li>Llei Org\u00e0nica per a la millora de la qualitat educativa, 8\/2013 de 9 de desembre (LOMCE).<\/li>\n<li><a href=\"http:\/\/xtec.gencat.cat\/ca\/curriculum\/idiomes-a-les-eoi\/curriculum\/\" target=\"_blank\" rel=\"noopener\">Decret 45\/2022<\/a>, de 15 de mar\u00e7,\u00a0pel qual s&#8217;estableix l&#8217;ordenaci\u00f3 dels ensenyaments d&#8217;idiomes de r\u00e8gim especial i el curr\u00edculum del nivell Intermedi de diversos idiomes.<\/li>\n<li><a href=\"https:\/\/portaldogc.gencat.cat\/utilsEADOP\/PDF\/8777\/1932977.pdf\" target=\"_blank\" rel=\"noopener\">Decret 243\/2022<\/a>, de 18 d&#8217;octubre, pel qual s&#8217;estableixen els curr\u00edculums de nivell B\u00e0sic (A2) i del nivell<br \/>\nAvan\u00e7at (C1 i C2) dels ensenyaments de r\u00e8gim especial de diversos idiomes.<\/li>\n<li><a href=\"https:\/\/www.boe.es\/buscar\/doc.php?id=BOE-A-2017-15367\" target=\"_blank\" rel=\"noopener\">Reial Decret 1041\/2017<\/a>, de 22 de desembre, pel qual es fixen les exig\u00e8ncies m\u00ednimes del nivell b\u00e0sic a l\u2019efecte de certificaci\u00f3, s\u2019estableix el curr\u00edculum b\u00e0sic dels nivells intermedi B1, intermedi B2, avan\u00e7at C1 i avan\u00e7at C2, dels ensenyaments d\u2019idiomes de r\u00e8gim especial.<\/li>\n<li><a href=\"https:\/\/www.boe.es\/diario_boe\/txt.php?id=BOE-A-2019-317\" target=\"_blank\" rel=\"noopener\">Reial Decret 1\/2019<\/a>, d\u201911 de gener, pel qual s\u2019estableixen els principis b\u00e0sics comuns d\u2019avaluaci\u00f3 aplicables a les proves de certificaci\u00f3 oficials dels nivells Intermedi B1, Intermedi B2, Avan\u00e7at C1 i Avan\u00e7at C2 dels ensenyaments d\u2019idiomes de r\u00e8gim especial.<\/li>\n<\/ul>\n<p><span style=\"color: #c42300;\"><strong>MARC EUROPEU COM\u00da DE REFER\u00c8NCIA PER A LES LLENG\u00dcES<\/strong><\/span><\/p>\n<p>El pla d&#8217;estudis a les EOI s&#8217;estructura en tres nivells segons el nou curr\u00edculum dels ensenyaments d&#8217;idiomes establert a la LOE (Llei Org\u00e0nica d\u2019Educaci\u00f3 2\/2006, de 3 de maig). Poden comparar-se amb els nivells descrits pel Marc Europeu de Refer\u00e8ncia publicat pel Consell d&#8217;Europa.<\/p>\n<ul>\n<li><a href=\"http:\/\/xtec.gencat.cat\/ca\/curriculum\/idiomes-a-les-eoi\/certificats\/\" target=\"_blank\" rel=\"noopener\">El Marc europeu com\u00fa de refer\u00e8ncia a les EOI de Catalunya<\/a><\/li>\n<li><a href=\"http:\/\/www.coe.int\/en\/web\/portfolio\" target=\"_blank\" rel=\"noopener\">European Language Portfolio<\/a><\/li>\n<li><a href=\"http:\/\/www.ecml.at\/mtp2\/fte\/pdf\/C3_Epostl_E.pdf\" target=\"_blank\" rel=\"noopener\">Portfolio per als professors d&#8217;idiomes<\/a><\/li>\n<li><a href=\"http:\/\/www.coe.int\/t\/dg4\/linguistic\/Manuel1_EN.asp#TopOfPage\" target=\"_blank\" rel=\"noopener\">Manual per a relacionar ex\u00e0mens amb el Marc Com\u00fa de Refer\u00e8ncia<\/a><\/li>\n<\/ul>\n<p><span style=\"color: #c42300;\"><strong>M\u00c9S INFORMACI\u00d3<\/strong><\/span><\/p>\n<ul>\n<li><a href=\"https:\/\/triaeducativa.gencat.cat\/ca\/idiomes\/\" target=\"_blank\" rel=\"noopener\">Tria educativa I Idiomes a les EOI<\/a><\/li>\n<\/ul>\n","protected":false},"excerpt":{"rendered":"<p>L&#8217;Escola Oficial d&#8217;Idiomes de Girona es va inaugurar el setembre de 1983 per iniciativa del Departament d&#8217;Ensenyament de la Generalitat de Catalunya. \u00c9s un centre p\u00fablic, no universitari de r\u00e8gim especial, d&#8217;ensenyament d&#8217;idiomes moderns que imparteix els ensenyaments especialitzats regulats per la Llei org\u00e0nica d&#8217;educaci\u00f3 (LOE). Les Escoles Oficials d\u2019Idiomes s\u00f3n centres p\u00fablics destinats a [&hellip;]<\/p>\n","protected":false},"author":1,"featured_media":0,"parent":806,"menu_order":1,"comment_status":"closed","ping_status":"closed","template":"","meta":{"_bbp_topic_count":0,"_bbp_reply_count":0,"_bbp_total_topic_count":0,"_bbp_total_reply_count":0,"_bbp_voice_count":0,"_bbp_anonymous_reply_count":0,"_bbp_topic_count_hidden":0,"_bbp_reply_count_hidden":0,"_bbp_forum_subforum_count":0,"site-sidebar-layout":"default","site-content-layout":"","ast-site-content-layout":"default","site-content-style":"default","site-sidebar-style":"default","ast-global-header-display":"","ast-banner-title-visibility":"","ast-main-header-display":"","ast-hfb-above-header-display":"","ast-hfb-below-header-display":"","ast-hfb-mobile-header-display":"","site-post-title":"","ast-breadcrumbs-content":"","ast-featured-img":"","footer-sml-layout":"","theme-transparent-header-meta":"default","adv-header-id-meta":"","stick-header-meta":"","header-above-stick-meta":"","header-main-stick-meta":"","header-below-stick-meta":"","astra-migrate-meta-layouts":"set","ast-page-background-enabled":"default","ast-page-background-meta":{"desktop":{"background-color":"var(--ast-global-color-4)","background-image":"","background-repeat":"repeat","background-position":"center center","background-size":"auto","background-attachment":"scroll","background-type":"","background-media":"","overlay-type":"","overlay-color":"","overlay-opacity":"","overlay-gradient":""},"tablet":{"background-color":"","background-image":"","background-repeat":"repeat","background-position":"center center","background-size":"auto","background-attachment":"scroll","background-type":"","background-media":"","overlay-type":"","overlay-color":"","overlay-opacity":"","overlay-gradient":""},"mobile":{"background-color":"","background-image":"","background-repeat":"repeat","background-position":"center center","background-size":"auto","background-attachment":"scroll","background-type":"","background-media":"","overlay-type":"","overlay-color":"","overlay-opacity":"","overlay-gradient":""}},"ast-content-background-meta":{"desktop":{"background-color":"var(--ast-global-color-5)","background-image":"","background-repeat":"repeat","background-position":"center center","background-size":"auto","background-attachment":"scroll","background-type":"","background-media":"","overlay-type":"","overlay-color":"","overlay-opacity":"","overlay-gradient":""},"tablet":{"background-color":"var(--ast-global-color-5)","background-image":"","background-repeat":"repeat","background-position":"center center","background-size":"auto","background-attachment":"scroll","background-type":"","background-media":"","overlay-type":"","overlay-color":"","overlay-opacity":"","overlay-gradient":""},"mobile":{"background-color":"var(--ast-global-color-5)","background-image":"","background-repeat":"repeat","background-position":"center center","background-size":"auto","background-attachment":"scroll","background-type":"","background-media":"","overlay-type":"","overlay-color":"","overlay-opacity":"","overlay-gradient":""}},"footnotes":""},"class_list":["post-797","page","type-page","status-publish","hentry"],"post_mailing_queue_ids":[],"_links":{"self":[{"href":"https:\/\/agora-eoi.xtec.cat\/eoigirona\/wp-json\/wp\/v2\/pages\/797","targetHints":{"allow":["GET"]}}],"collection":[{"href":"https:\/\/agora-eoi.xtec.cat\/eoigirona\/wp-json\/wp\/v2\/pages"}],"about":[{"href":"https:\/\/agora-eoi.xtec.cat\/eoigirona\/wp-json\/wp\/v2\/types\/page"}],"author":[{"embeddable":true,"href":"https:\/\/agora-eoi.xtec.cat\/eoigirona\/wp-json\/wp\/v2\/users\/1"}],"replies":[{"embeddable":true,"href":"https:\/\/agora-eoi.xtec.cat\/eoigirona\/wp-json\/wp\/v2\/comments?post=797"}],"version-history":[{"count":6,"href":"https:\/\/agora-eoi.xtec.cat\/eoigirona\/wp-json\/wp\/v2\/pages\/797\/revisions"}],"predecessor-version":[{"id":18423,"href":"https:\/\/agora-eoi.xtec.cat\/eoigirona\/wp-json\/wp\/v2\/pages\/797\/revisions\/18423"}],"up":[{"embeddable":true,"href":"https:\/\/agora-eoi.xtec.cat\/eoigirona\/wp-json\/wp\/v2\/pages\/806"}],"wp:attachment":[{"href":"https:\/\/agora-eoi.xtec.cat\/eoigirona\/wp-json\/wp\/v2\/media?parent=797"}],"curies":[{"name":"wp","href":"https:\/\/api.w.org\/{rel}","templated":true}]}}