{"id":16968,"date":"2025-05-17T17:48:54","date_gmt":"2025-05-17T15:48:54","guid":{"rendered":"https:\/\/agora-eoi.xtec.cat\/eoigirona\/?page_id=16968"},"modified":"2025-05-20T10:26:39","modified_gmt":"2025-05-20T08:26:39","slug":"reconeixements-a-la-biblioteca","status":"publish","type":"page","link":"https:\/\/agora-eoi.xtec.cat\/eoigirona\/biblioteca-cam\/reconeixements-a-la-biblioteca\/","title":{"rendered":"Reconeixements a la biblioteca"},"content":{"rendered":"<p>La Biblioteca-CAM de l&#8217;EOI Girona ha obtingut 4 segells de bones pr\u00e0ctiques atorgats pel Departament d&#8217;Educaci\u00f3. Les pr\u00e0ctiques presentades corresponen a les l\u00ednies de contingut seg\u00fcents:<\/p>\n<ul>\n<li>L\u00ednia 2: La biblioteca escolar com a agent d\u2019equitat, participaci\u00f3 i cohesi\u00f3 de la comunitat educativa (2022-23)<\/li>\n<li>L\u00ednia 3: La biblioteca escolar com a agent dinamitzador cultural del centre (2020-21 i 2023-24)<\/li>\n<li>L\u00ednia 4: La biblioteca escolar com a laboratori per liderar i promoure un centre lector (2021-22)<\/li>\n<\/ul>\n<p><a href=\"https:\/\/projectes.xtec.cat\/bescat\/general\/bones-practiques-leoi-girona-a-taula\/\" target=\"_blank\" rel=\"noopener\"><img loading=\"lazy\" decoding=\"async\" class=\"alignnone wp-image-15102\" src=\"https:\/\/agora-eoi.xtec.cat\/eoigirona\/wp-content\/uploads\/usu2632\/2024\/05\/BESCAT.edu3_.png\" alt=\"\" width=\"230\" height=\"230\" srcset=\"https:\/\/agora-eoi.xtec.cat\/eoigirona\/wp-content\/uploads\/usu2632\/2024\/05\/BESCAT.edu3_.png 500w, https:\/\/agora-eoi.xtec.cat\/eoigirona\/wp-content\/uploads\/usu2632\/2024\/05\/BESCAT.edu3_-300x300.png 300w, https:\/\/agora-eoi.xtec.cat\/eoigirona\/wp-content\/uploads\/usu2632\/2024\/05\/BESCAT.edu3_-150x150.png 150w\" sizes=\"auto, (max-width: 230px) 100vw, 230px\" \/><\/a> \u00a0\u00a0<a href=\"https:\/\/projectes.xtec.cat\/bescat\/general\/bones-practiques-biblioteca-cam-punt-de-trobada\/\" target=\"_blank\" rel=\"noopener\"><img loading=\"lazy\" decoding=\"async\" class=\"alignnone wp-image-13147\" src=\"https:\/\/agora-eoi.xtec.cat\/eoigirona\/wp-content\/uploads\/usu2632\/2023\/05\/BESCAT.edu2_.png\" alt=\"\" width=\"230\" height=\"230\" srcset=\"https:\/\/agora-eoi.xtec.cat\/eoigirona\/wp-content\/uploads\/usu2632\/2023\/05\/BESCAT.edu2_.png 500w, https:\/\/agora-eoi.xtec.cat\/eoigirona\/wp-content\/uploads\/usu2632\/2023\/05\/BESCAT.edu2_-300x300.png 300w, https:\/\/agora-eoi.xtec.cat\/eoigirona\/wp-content\/uploads\/usu2632\/2023\/05\/BESCAT.edu2_-150x150.png 150w\" sizes=\"auto, (max-width: 230px) 100vw, 230px\" \/><\/a>\u00a0 \u00a0 \u00a0 \u00a0<a href=\"https:\/\/projectes.xtec.cat\/bescat\/general\/encomana-la-lectura\/\" target=\"_blank\" rel=\"noopener\"><img loading=\"lazy\" decoding=\"async\" class=\"alignnone wp-image-10908\" src=\"https:\/\/agora-eoi.xtec.cat\/eoigirona\/wp-content\/uploads\/usu2632\/2022\/05\/L4_BESCAT.edu4_.png\" alt=\"\" width=\"230\" height=\"230\" srcset=\"https:\/\/agora-eoi.xtec.cat\/eoigirona\/wp-content\/uploads\/usu2632\/2022\/05\/L4_BESCAT.edu4_.png 500w, https:\/\/agora-eoi.xtec.cat\/eoigirona\/wp-content\/uploads\/usu2632\/2022\/05\/L4_BESCAT.edu4_-300x300.png 300w, https:\/\/agora-eoi.xtec.cat\/eoigirona\/wp-content\/uploads\/usu2632\/2022\/05\/L4_BESCAT.edu4_-150x150.png 150w\" sizes=\"auto, (max-width: 230px) 100vw, 230px\" \/><\/a>\u00a0 \u00a0 \u00a0 \u00a0<a href=\"https:\/\/projectes.xtec.cat\/bescat\/portada\/eoi-cultura-escola\/\" target=\"_blank\" rel=\"noopener\"><img loading=\"lazy\" decoding=\"async\" class=\"alignnone wp-image-9781\" src=\"https:\/\/agora-eoi.xtec.cat\/eoigirona\/wp-content\/uploads\/usu2632\/2022\/01\/bescat-removebg-preview.png\" alt=\"\" width=\"230\" height=\"230\" srcset=\"https:\/\/agora-eoi.xtec.cat\/eoigirona\/wp-content\/uploads\/usu2632\/2022\/01\/bescat-removebg-preview.png 500w, https:\/\/agora-eoi.xtec.cat\/eoigirona\/wp-content\/uploads\/usu2632\/2022\/01\/bescat-removebg-preview-300x300.png 300w, https:\/\/agora-eoi.xtec.cat\/eoigirona\/wp-content\/uploads\/usu2632\/2022\/01\/bescat-removebg-preview-150x150.png 150w\" sizes=\"auto, (max-width: 230px) 100vw, 230px\" \/><\/a><\/p>\n","protected":false},"excerpt":{"rendered":"<p>La Biblioteca-CAM de l&#8217;EOI Girona ha obtingut 4 segells de bones pr\u00e0ctiques atorgats pel Departament d&#8217;Educaci\u00f3. Les pr\u00e0ctiques presentades corresponen a les l\u00ednies de contingut seg\u00fcents: L\u00ednia 2: La biblioteca escolar com a agent d\u2019equitat, participaci\u00f3 i cohesi\u00f3 de la comunitat educativa (2022-23) L\u00ednia 3: La biblioteca escolar com a agent dinamitzador cultural del centre [&hellip;]<\/p>\n","protected":false},"author":1,"featured_media":0,"parent":9837,"menu_order":2,"comment_status":"closed","ping_status":"closed","template":"page-templates\/side-menu.php","meta":{"_bbp_topic_count":0,"_bbp_reply_count":0,"_bbp_total_topic_count":0,"_bbp_total_reply_count":0,"_bbp_voice_count":0,"_bbp_anonymous_reply_count":0,"_bbp_topic_count_hidden":0,"_bbp_reply_count_hidden":0,"_bbp_forum_subforum_count":0,"site-sidebar-layout":"default","site-content-layout":"","ast-site-content-layout":"","site-content-style":"default","site-sidebar-style":"default","ast-global-header-display":"","ast-banner-title-visibility":"","ast-main-header-display":"","ast-hfb-above-header-display":"","ast-hfb-below-header-display":"","ast-hfb-mobile-header-display":"","site-post-title":"","ast-breadcrumbs-content":"","ast-featured-img":"","footer-sml-layout":"","theme-transparent-header-meta":"","adv-header-id-meta":"","stick-header-meta":"","header-above-stick-meta":"","header-main-stick-meta":"","header-below-stick-meta":"","astra-migrate-meta-layouts":"default","ast-page-background-enabled":"default","ast-page-background-meta":{"desktop":{"background-color":"var(--ast-global-color-4)","background-image":"","background-repeat":"repeat","background-position":"center center","background-size":"auto","background-attachment":"scroll","background-type":"","background-media":"","overlay-type":"","overlay-color":"","overlay-opacity":"","overlay-gradient":""},"tablet":{"background-color":"","background-image":"","background-repeat":"repeat","background-position":"center center","background-size":"auto","background-attachment":"scroll","background-type":"","background-media":"","overlay-type":"","overlay-color":"","overlay-opacity":"","overlay-gradient":""},"mobile":{"background-color":"","background-image":"","background-repeat":"repeat","background-position":"center center","background-size":"auto","background-attachment":"scroll","background-type":"","background-media":"","overlay-type":"","overlay-color":"","overlay-opacity":"","overlay-gradient":""}},"ast-content-background-meta":{"desktop":{"background-color":"var(--ast-global-color-5)","background-image":"","background-repeat":"repeat","background-position":"center center","background-size":"auto","background-attachment":"scroll","background-type":"","background-media":"","overlay-type":"","overlay-color":"","overlay-opacity":"","overlay-gradient":""},"tablet":{"background-color":"var(--ast-global-color-5)","background-image":"","background-repeat":"repeat","background-position":"center center","background-size":"auto","background-attachment":"scroll","background-type":"","background-media":"","overlay-type":"","overlay-color":"","overlay-opacity":"","overlay-gradient":""},"mobile":{"background-color":"var(--ast-global-color-5)","background-image":"","background-repeat":"repeat","background-position":"center center","background-size":"auto","background-attachment":"scroll","background-type":"","background-media":"","overlay-type":"","overlay-color":"","overlay-opacity":"","overlay-gradient":""}},"footnotes":""},"class_list":["post-16968","page","type-page","status-publish","hentry"],"post_mailing_queue_ids":[],"_links":{"self":[{"href":"https:\/\/agora-eoi.xtec.cat\/eoigirona\/wp-json\/wp\/v2\/pages\/16968","targetHints":{"allow":["GET"]}}],"collection":[{"href":"https:\/\/agora-eoi.xtec.cat\/eoigirona\/wp-json\/wp\/v2\/pages"}],"about":[{"href":"https:\/\/agora-eoi.xtec.cat\/eoigirona\/wp-json\/wp\/v2\/types\/page"}],"author":[{"embeddable":true,"href":"https:\/\/agora-eoi.xtec.cat\/eoigirona\/wp-json\/wp\/v2\/users\/1"}],"replies":[{"embeddable":true,"href":"https:\/\/agora-eoi.xtec.cat\/eoigirona\/wp-json\/wp\/v2\/comments?post=16968"}],"version-history":[{"count":4,"href":"https:\/\/agora-eoi.xtec.cat\/eoigirona\/wp-json\/wp\/v2\/pages\/16968\/revisions"}],"predecessor-version":[{"id":16984,"href":"https:\/\/agora-eoi.xtec.cat\/eoigirona\/wp-json\/wp\/v2\/pages\/16968\/revisions\/16984"}],"up":[{"embeddable":true,"href":"https:\/\/agora-eoi.xtec.cat\/eoigirona\/wp-json\/wp\/v2\/pages\/9837"}],"wp:attachment":[{"href":"https:\/\/agora-eoi.xtec.cat\/eoigirona\/wp-json\/wp\/v2\/media?parent=16968"}],"curies":[{"name":"wp","href":"https:\/\/api.w.org\/{rel}","templated":true}]}}