{"id":15974,"date":"2024-10-01T14:29:04","date_gmt":"2024-10-01T12:29:04","guid":{"rendered":"https:\/\/agora-eoi.xtec.cat\/eoigirona\/?page_id=15974"},"modified":"2025-10-28T12:50:37","modified_gmt":"2025-10-28T11:50:37","slug":"clubs-de-lectura","status":"publish","type":"page","link":"https:\/\/agora-eoi.xtec.cat\/eoigirona\/biblioteca-cam\/clubs-de-lectura\/","title":{"rendered":"Clubs de lectura"},"content":{"rendered":"<p><a href=\"https:\/\/agora-eoi.xtec.cat\/eoigirona\/wp-content\/uploads\/usu2632\/2024\/11\/club-lectura-dibuix.webp\"><img loading=\"lazy\" decoding=\"async\" class=\"alignnone  wp-image-16247\" src=\"https:\/\/agora-eoi.xtec.cat\/eoigirona\/wp-content\/uploads\/usu2632\/2024\/11\/club-lectura-dibuix-300x200.webp\" alt=\"\" width=\"245\" height=\"163\" srcset=\"https:\/\/agora-eoi.xtec.cat\/eoigirona\/wp-content\/uploads\/usu2632\/2024\/11\/club-lectura-dibuix-300x200.webp 300w, https:\/\/agora-eoi.xtec.cat\/eoigirona\/wp-content\/uploads\/usu2632\/2024\/11\/club-lectura-dibuix.webp 600w\" sizes=\"auto, (max-width: 245px) 100vw, 245px\" \/><\/a><\/p>\n<p class=\"font_8\">Els clubs de lectura s\u00f3n un servei complementari de la Biblioteca-CAM que pret\u00e9n fomentar el gust per la lectura i oferir l&#8217;oportunitat a tots els participants de practicar l&#8217;idioma o els idiomes d&#8217;aprenentatge. En cada club de lectura es llegeixen dos llibres i hi ha dues trobades grupals a la Biblioteca-CAM al llarg del curs, una per debatre cadascun dels llibres. Les persones que condueixen els clubs de lectura s\u00f3n totes nadives o b\u00e9 tenen un excel\u00b7lent nivell de l&#8217;idioma i tamb\u00e9 tenen experi\u00e8ncia en dinamitzar sessions de debat literari.<\/p>\n<h5><span style=\"color: #9f4948;\"><strong>OFERTA CLUBS DE LECTURA CURS 2025-2026:\u00a0<\/strong><\/span><\/h5>\n<p>S\u2019ofereixen els idiomes, nivells i horaris d&#8217;acord amb la disponibilitat dels dinamitzadors i tenint en compte els horaris lectius del nostre centre per tal que se&#8217;n puguin beneficiar el m\u00e0xim nombre d&#8217;alumnes. En cada club de lectura es llegiran<strong> 2 llibres<\/strong> i es faran<strong> 2 trobades<\/strong>, una trobada per cadascun dels llibres. Cada trobada tindr\u00e0 una durada d<strong>&#8216;1 hora aproximadament<\/strong>. A continuaci\u00f3 detallem les dates de les trobades grupals:<\/p>\n<ul>\n<li><strong>Alemany B2.1 &#8211; B2.2:<\/strong> <strong>Lesekreis auf Deutsch<\/strong>, <span style=\"color: #000000;\">amb Anna Rodr\u00edguez.<\/span>\n<ul style=\"list-style-type: circle;\">\n<li><em><strong>22 Bahnen<\/strong><\/em>, Caroline Wahl<span style=\"font-weight: 400;\">. <\/span><span style=\"background-color: rgba(0, 0, 0, 0); font-size: 1rem; font-weight: inherit;\">Trobada <\/span><span style=\"background-color: rgba(0, 0, 0, 0); font-size: 1rem; font-weight: inherit;\">del club de lectura el divendres 30 de gener a les 16<\/span><span style=\"background-color: rgba(0, 0, 0, 0); font-size: 1rem; font-weight: inherit;\">\u00a0h a la Biblioteca-CAM.<\/span><\/li>\n<li><strong><span style=\"font-weight: 400;\">La Biblioteca-CAM disposa d&#8217;un parell d&#8217;exemplars\u00a0 que podeu agafar en pr\u00e9stec (15 dies). Tamb\u00e9 <\/span><\/strong><strong><span style=\"font-weight: 400;\">podeu adquirir el llibre.<\/span><\/strong><\/li>\n<li><a href=\"https:\/\/forms.gle\/5vMpJkU7yuyV1HuLA\"><span style=\"color: #c85f5f;\"><strong>Inscriu-te aqu\u00ed<\/strong><\/span><\/a><\/li>\n<\/ul>\n<\/li>\n<\/ul>\n<ul>\n<li><strong><span style=\"color: #000000;\">Angl\u00e8s B2 &#8211; C1: <\/span><span style=\"color: #000000;\">English book club<\/span><\/strong><span style=\"color: #000000;\">, amb Iolanda Ribot.<\/span>\n<ul style=\"list-style-type: circle;\">\n<li><em style=\"background-color: rgba(0, 0, 0, 0); font-size: 1rem; font-weight: inherit;\"><strong>Born a crime<\/strong><\/em><span style=\"background-color: rgba(0, 0, 0, 0); font-size: 1rem; font-weight: inherit;\">, Trevor Noah. Trobada <\/span><span style=\"background-color: rgba(0, 0, 0, 0); font-size: 1rem; font-weight: inherit;\">del club de lectura el dimecres 21 de gener a les 18 h a la Biblioteca-CAM.<\/span><\/li>\n<li><em><strong>Small Things Like These<\/strong><\/em>, Claire Keegan. Trobada del club de lectura el dimecres 15 d&#8217;abril a les 18 h <span style=\"background-color: rgba(0, 0, 0, 0); font-size: 1rem; font-weight: inherit;\">a la Biblioteca-CAM.<\/span><\/li>\n<li><strong><span style=\"font-weight: 400;\">La Biblioteca-CAM disposa d&#8217;un parell d&#8217;exemplars de cada llibre que podeu agafar en pr\u00e9stec (15 dies). Tamb\u00e9 <\/span><\/strong><strong><span style=\"font-weight: 400;\">podeu adquirir els llibres.<\/span><\/strong><\/li>\n<li><strong><a href=\"https:\/\/forms.gle\/PdniAbxBnVT9A2cY7\"><span style=\"color: #ff0000;\"><span style=\"color: #000000;\"><span style=\"color: #c85f5f;\">Inscriu-te aqu\u00ed<\/span><\/span><\/span><\/a><\/strong><\/li>\n<\/ul>\n<\/li>\n<\/ul>\n<ul>\n<li><strong>Franc\u00e8s B2.1 &#8211; B2.2:<\/strong>\u00a0 <strong>Club de lecture<\/strong><span style=\"color: #000000;\">, amb Sylvia Gallego.<\/span>\n<ul style=\"list-style-type: circle;\">\n<li><em><strong>Les gratitudes<\/strong><\/em>, Delphine de Vigan<span style=\"font-weight: 400;\">. <\/span><span style=\"background-color: rgba(0, 0, 0, 0); font-size: 1rem; font-weight: inherit;\">Trobada <\/span><span style=\"background-color: rgba(0, 0, 0, 0); font-size: 1rem; font-weight: inherit;\">del club de lectura el dimarts 20 de gener a les 18<\/span><span style=\"background-color: rgba(0, 0, 0, 0); font-size: 1rem; font-weight: inherit;\">\u00a0h a la Biblioteca-CAM.<\/span><\/li>\n<li><em><strong>La d\u00e9licatesse<\/strong><\/em>, David Foenkinos<span style=\"font-weight: 400;\">. <\/span><span style=\"background-color: rgba(0, 0, 0, 0); font-size: 1rem; font-weight: inherit;\">Trobada <\/span><span style=\"background-color: rgba(0, 0, 0, 0); font-size: 1rem; font-weight: inherit;\">del club de lectura el dimarts 14 d&#8217;abril a les 18<\/span><span style=\"background-color: rgba(0, 0, 0, 0); font-size: 1rem; font-weight: inherit;\">\u00a0h a la Biblioteca-CAM.<\/span><\/li>\n<li><strong><span style=\"font-weight: 400;\">La Biblioteca-CAM disposa d&#8217;un parell d&#8217;exemplars de cada llibre que podeu agafar en pr\u00e9stec (15 dies). Tamb\u00e9 <\/span><\/strong><strong><span style=\"font-weight: 400;\">podeu adquirir el llibre.<\/span><\/strong><\/li>\n<li><a href=\"https:\/\/forms.gle\/gQKA9bSDmuy2hSGC7\"><strong><span style=\"color: #ff0000;\"><span style=\"color: #000000;\"><span style=\"color: #c85f5f;\">Inscriu-te aqu\u00ed<\/span><\/span><\/span><\/strong><\/a><\/li>\n<\/ul>\n<\/li>\n<\/ul>\n<ul style=\"list-style-type: disc;\">\n<li><strong>Itali\u00e0 B2.1 &#8211; B2.2 &#8211; C1: Club di lettura in italiano<\/strong><span style=\"color: #000000;\">, amb Virginia Dioguardi.<\/span>\n<ul style=\"list-style-type: circle;\">\n<li><em><strong>Confidenza<\/strong><\/em>, <span style=\"font-weight: 400;\">Domenico Starnone. <\/span><span style=\"background-color: rgba(0, 0, 0, 0); font-size: 1rem; font-weight: inherit;\">Trobada <\/span><span style=\"background-color: rgba(0, 0, 0, 0); font-size: 1rem; font-weight: inherit;\">del club de lectura el dimecres 14 de gener a les 18 h a la Biblioteca-CAM.<\/span><\/li>\n<li><em><strong>L&#8217;et\u00e0 fragile<\/strong><\/em>, Donatella di Pietrantonio. <span style=\"background-color: rgba(0, 0, 0, 0); font-size: 1rem; font-weight: inherit;\">Trobada <\/span><span style=\"background-color: rgba(0, 0, 0, 0); font-size: 1rem; font-weight: inherit;\">del club de lectura el dimecres 22 d&#8217;abril a les 18 h a la Biblioteca-CAM.<\/span><\/li>\n<li><strong><span style=\"font-weight: 400;\">La Biblioteca-CAM disposa d&#8217;un exemplar de cada llibre que podeu agafar en pr\u00e9stec (15 dies). Tamb\u00e9 <\/span><\/strong><strong><span style=\"font-weight: 400;\">podeu adquirir els llibres.<\/span><\/strong><\/li>\n<li><span style=\"color: #c85f5f;\"><a style=\"color: #c85f5f;\" href=\"https:\/\/forms.gle\/kCs3Wpv8T69FpXWR8\"><strong>Inscriu-te aqu\u00ed<\/strong><\/a><\/span><\/li>\n<\/ul>\n<\/li>\n<\/ul>\n<p><span style=\"color: #9f4948;\"><strong style=\"font-family: inherit; font-size: 1em;\">NORMATIVA<\/strong><\/span><\/p>\n<p class=\"font_8\"><strong>Nombre de sessions: <\/strong>En cada club de lectura es llegiran 2 llibres i es faran 2 trobades presencials a la Biblioteca-CAM, una trobada per comentar cada llibre.<\/p>\n<p class=\"font_8\"><strong>Per\u00edode d&#8217;inscripcions: del 3 al 21 de novembre<\/strong><\/p>\n<p><span style=\"font-weight: 400;\">La inscripcio\u0301 es fara\u0300<\/span><b> en li\u0301nia <\/b><span style=\"font-weight: 400;\">mitjan\u00e7ant els formularis enlla\u00e7ats durant el per\u00edode d&#8217;inscripci\u00f3. <\/span>Es respectar\u00e0 sempre l&#8217;ordre d&#8217;inscripci\u00f3. Hi haur\u00e0 d&#8217;haver un m\u00ednim d&#8217;alumnes inscrits per tirar endavant l&#8217;activitat. En cas que es cobreixen totes les places disponibles, les persones interessades es <span style=\"font-family: inherit; font-size: 1em;\">podran inscriure a una llista d\u2019espera i se&#8217;ls avisar\u00e0 per ordre d\u2019inscripci\u00f3 si es produeix alguna vacant.<\/span><\/p>\n<p><span style=\"color: #9f4948;\"><strong>IMPORTANT:<\/strong><\/span><\/p>\n<p><strong>Preu i serveis<\/strong><\/p>\n<ul>\n<li><span style=\"font-family: inherit; font-size: 1em;\">L&#8217;alumnat oficial t\u00e9 dret a assistir a <\/span><strong style=\"font-family: inherit; font-size: 1em;\">1 club de lectura <\/strong><span style=\"font-family: inherit; font-size: 1em;\">del seu nivell. Els alumnes paguen 30\u20ac obligat\u00f2riament quan es matriculen. Aquest preu els dona dret als materials did\u00e0ctics de classe, a la plataforma d&#8217;aprenentatge virtual, a accedir a la Biblioteca-CAM i a participar en un club de lectura del seu nivell.<\/span><\/li>\n<li>L&#8217;alumnat extern ha d&#8217;abonar <strong>86 \u20ac<\/strong> (preu <b><span style=\"font-weight: 400;\">subjecte a bonificacions i exempcions, recollides a l\u2019Article 7 de\u00a0<\/span><span style=\"font-weight: 400;\">l\u2019<\/span><a href=\"https:\/\/portaldogc.gencat.cat\/utilsEADOP\/PDF\/8230\/1813076.pdf\"><span style=\"font-weight: 400;\">ORDRE EDU\/155\/2020)<\/span><\/a><\/b> per accedir a la Biblioteca-CAM. Aquest preu els dona dret al servei de pr\u00e9stec de materials, a tenir assessorament personalitzat, a assistir a 2 activitats del seu nivell (entre grups de conversa i clubs de lectura), que s\u00f3n ampliables a 3 en cas que hi hagi places vacants abans que s&#8217;acabi el termini d&#8217;inscripci\u00f3. Tal com s&#8217;indica a la normativa del CAM, caldr\u00e0 abonar el preu establert al compte bancari de l&#8217;EOI <b>ES44 2100 8174 3022 0002 4139<\/b> i enviar la documentaci\u00f3 per correu electr\u00f2nic a <span style=\"font-weight: 400;\"><a href=\"mailto:cam@eoigirona.cat\">cam@eoigirona.cat<\/a> <\/span><\/li>\n<\/ul>\n<p><strong>Documentaci\u00f3<\/strong><\/p>\n<p><span style=\"font-weight: 400;\">En el cas de l&#8217;alumnat extern que no estigui inscrit a un grup de conversa, <\/span><span style=\"font-weight: 400;\">e\u0301s imprescindible fer arribar la seg\u00fcent documentaci\u00f3 per correu electr\u00f2nic a <\/span><a href=\"mailto:cam@eoigirona.cat\"><span style=\"font-weight: 400;\">cam<span class=\"\">@eoigirona.<\/span>cat<\/span><\/a><span style=\"font-weight: 400;\">:<\/span><a href=\"mailto:cam@eoigirona.cat\"><span style=\"font-weight: 400;\"><br \/>\n<\/span><\/a><\/p>\n<ul>\n<li style=\"list-style-type: none;\">\n<ul>\n<li style=\"list-style-type: none;\">\n<ul>\n<li>justificant de pagament<\/li>\n<li>justificant de bonificaci\u00f3 i exempci\u00f3 (si escau)<\/li>\n<\/ul>\n<\/li>\n<\/ul>\n<\/li>\n<\/ul>\n","protected":false},"excerpt":{"rendered":"<p>Els clubs de lectura s\u00f3n un servei complementari de la Biblioteca-CAM que pret\u00e9n fomentar el gust per la lectura i oferir l&#8217;oportunitat a tots els participants de practicar l&#8217;idioma o els idiomes d&#8217;aprenentatge. En cada club de lectura es llegeixen dos llibres i hi ha dues trobades grupals a la Biblioteca-CAM al llarg del curs, [&hellip;]<\/p>\n","protected":false},"author":1,"featured_media":0,"parent":9837,"menu_order":5,"comment_status":"closed","ping_status":"closed","template":"","meta":{"_bbp_topic_count":0,"_bbp_reply_count":0,"_bbp_total_topic_count":0,"_bbp_total_reply_count":0,"_bbp_voice_count":0,"_bbp_anonymous_reply_count":0,"_bbp_topic_count_hidden":0,"_bbp_reply_count_hidden":0,"_bbp_forum_subforum_count":0,"site-sidebar-layout":"default","site-content-layout":"","ast-site-content-layout":"default","site-content-style":"default","site-sidebar-style":"default","ast-global-header-display":"","ast-banner-title-visibility":"","ast-main-header-display":"","ast-hfb-above-header-display":"","ast-hfb-below-header-display":"","ast-hfb-mobile-header-display":"","site-post-title":"","ast-breadcrumbs-content":"","ast-featured-img":"","footer-sml-layout":"","theme-transparent-header-meta":"","adv-header-id-meta":"","stick-header-meta":"","header-above-stick-meta":"","header-main-stick-meta":"","header-below-stick-meta":"","astra-migrate-meta-layouts":"set","ast-page-background-enabled":"default","ast-page-background-meta":{"desktop":{"background-color":"var(--ast-global-color-4)","background-image":"","background-repeat":"repeat","background-position":"center center","background-size":"auto","background-attachment":"scroll","background-type":"","background-media":"","overlay-type":"","overlay-color":"","overlay-opacity":"","overlay-gradient":""},"tablet":{"background-color":"","background-image":"","background-repeat":"repeat","background-position":"center center","background-size":"auto","background-attachment":"scroll","background-type":"","background-media":"","overlay-type":"","overlay-color":"","overlay-opacity":"","overlay-gradient":""},"mobile":{"background-color":"","background-image":"","background-repeat":"repeat","background-position":"center center","background-size":"auto","background-attachment":"scroll","background-type":"","background-media":"","overlay-type":"","overlay-color":"","overlay-opacity":"","overlay-gradient":""}},"ast-content-background-meta":{"desktop":{"background-color":"var(--ast-global-color-5)","background-image":"","background-repeat":"repeat","background-position":"center center","background-size":"auto","background-attachment":"scroll","background-type":"","background-media":"","overlay-type":"","overlay-color":"","overlay-opacity":"","overlay-gradient":""},"tablet":{"background-color":"var(--ast-global-color-5)","background-image":"","background-repeat":"repeat","background-position":"center center","background-size":"auto","background-attachment":"scroll","background-type":"","background-media":"","overlay-type":"","overlay-color":"","overlay-opacity":"","overlay-gradient":""},"mobile":{"background-color":"var(--ast-global-color-5)","background-image":"","background-repeat":"repeat","background-position":"center center","background-size":"auto","background-attachment":"scroll","background-type":"","background-media":"","overlay-type":"","overlay-color":"","overlay-opacity":"","overlay-gradient":""}},"footnotes":""},"class_list":["post-15974","page","type-page","status-publish","hentry"],"post_mailing_queue_ids":[],"_links":{"self":[{"href":"https:\/\/agora-eoi.xtec.cat\/eoigirona\/wp-json\/wp\/v2\/pages\/15974","targetHints":{"allow":["GET"]}}],"collection":[{"href":"https:\/\/agora-eoi.xtec.cat\/eoigirona\/wp-json\/wp\/v2\/pages"}],"about":[{"href":"https:\/\/agora-eoi.xtec.cat\/eoigirona\/wp-json\/wp\/v2\/types\/page"}],"author":[{"embeddable":true,"href":"https:\/\/agora-eoi.xtec.cat\/eoigirona\/wp-json\/wp\/v2\/users\/1"}],"replies":[{"embeddable":true,"href":"https:\/\/agora-eoi.xtec.cat\/eoigirona\/wp-json\/wp\/v2\/comments?post=15974"}],"version-history":[{"count":5,"href":"https:\/\/agora-eoi.xtec.cat\/eoigirona\/wp-json\/wp\/v2\/pages\/15974\/revisions"}],"predecessor-version":[{"id":18520,"href":"https:\/\/agora-eoi.xtec.cat\/eoigirona\/wp-json\/wp\/v2\/pages\/15974\/revisions\/18520"}],"up":[{"embeddable":true,"href":"https:\/\/agora-eoi.xtec.cat\/eoigirona\/wp-json\/wp\/v2\/pages\/9837"}],"wp:attachment":[{"href":"https:\/\/agora-eoi.xtec.cat\/eoigirona\/wp-json\/wp\/v2\/media?parent=15974"}],"curies":[{"name":"wp","href":"https:\/\/api.w.org\/{rel}","templated":true}]}}