{"id":14241,"date":"2023-10-17T13:45:44","date_gmt":"2023-10-17T11:45:44","guid":{"rendered":"https:\/\/agora-eoi.xtec.cat\/eoigirona\/?page_id=14241"},"modified":"2025-09-17T10:09:03","modified_gmt":"2025-09-17T08:09:03","slug":"objectius-de-desenvolupament-sostenible-a-leoi-girona","status":"publish","type":"page","link":"https:\/\/agora-eoi.xtec.cat\/eoigirona\/objectius-de-desenvolupament-sostenible-a-leoi-girona\/","title":{"rendered":"Objectius de Desenvolupament Sostenible a l&#8217;EOI Girona"},"content":{"rendered":"<p>A l\u2019EOI Girona volem incorporar l&#8217;Agenda 2030 en l&#8217;ensenyament de lleng\u00fces a la nostra escola treballant els Objectius de Desenvolupament Sostenible. El nostre objectiu \u00e9s acostar-nos a un model de vida m\u00e9s saludable i respectu\u00f3s amb el planeta i amb els drets humans.<\/p>\n<p>Dins del marc del nostre projecte, que tindr\u00e0 una durada de tres cursos (de setembre 2023 a juny 2026), hem format un grup de treball per tal de crear activitats basades en els ODS, que siguin din\u00e0miques i engrescadores per a l&#8217;alumnat i que tinguin una repercussi\u00f3 en el nostre estil de vida alhora que desenvolupen les seves compet\u00e8ncies ling\u00fc\u00edstiques i estrat\u00e8gies d&#8217;aprenentatge.<\/p>\n<p>Cada curs ens centrarem en diferents ODS.<\/p>\n<p>Per al curs 2025-2026 hem triat quatre objectius m\u00e9s: Ciutats sostenibles, Consum i producci\u00f3 responsable, Vida submarina i Vida terrestre.<\/p>\n<p><img loading=\"lazy\" decoding=\"async\" class=\"wp-image-17919 alignnone\" src=\"https:\/\/agora-eoi.xtec.cat\/eoigirona\/wp-content\/uploads\/usu2632\/2025\/09\/ods-3-300x75.png\" alt=\"\" width=\"472\" height=\"118\" srcset=\"https:\/\/agora-eoi.xtec.cat\/eoigirona\/wp-content\/uploads\/usu2632\/2025\/09\/ods-3-300x75.png 300w, https:\/\/agora-eoi.xtec.cat\/eoigirona\/wp-content\/uploads\/usu2632\/2025\/09\/ods-3-1024x255.png 1024w, https:\/\/agora-eoi.xtec.cat\/eoigirona\/wp-content\/uploads\/usu2632\/2025\/09\/ods-3-768x191.png 768w, https:\/\/agora-eoi.xtec.cat\/eoigirona\/wp-content\/uploads\/usu2632\/2025\/09\/ods-3.png 1389w\" sizes=\"auto, (max-width: 472px) 100vw, 472px\" \/><\/p>\n<p>Per al curs 2024-2025 vam triar quatre objectius m\u00e9s que trobem que van molt lligats entre si i que s\u00f3n de vital import\u00e0ncia per als drets humans: <em>Fam zero, Salut i benestar, Aigua neta i sanejament, Treball digne i creixement econ\u00f2mic. <\/em><a href=\"https:\/\/sites.google.com\/xtec.cat\/projecteeoigirona2023-2026\/p%C3%A0gina-principal\" target=\"_blank\" rel=\"noopener\" data-saferedirecturl=\"https:\/\/www.google.com\/url?q=https:\/\/sites.google.com\/xtec.cat\/projecteeoigirona2023-2026\/p%25C3%25A0gina-principal&amp;source=gmail&amp;ust=1750931864960000&amp;usg=AOvVaw2irFvWfy4P0e9Q9QLW8QKu\">Podeu\u00a0veure aqu\u00ed un tast de la feina feta fins ara!<\/a><\/p>\n<div><img loading=\"lazy\" decoding=\"async\" class=\"\" src=\"https:\/\/cads.gencat.cat\/web\/.content\/img\/ODS\/ODS-2.jpg\" alt=\"ODS 2. Consell Assessor per al Desenvolupament Sostenible\" width=\"108\" height=\"109\" \/> <img loading=\"lazy\" decoding=\"async\" class=\"\" src=\"https:\/\/cads.gencat.cat\/web\/.content\/img\/ODS\/ODS-3.jpg\" alt=\"ODS 3. Consell Assessor per al Desenvolupament Sostenible\" width=\"109\" height=\"109\" \/> <img loading=\"lazy\" decoding=\"async\" class=\"\" src=\"https:\/\/cads.gencat.cat\/web\/.content\/img\/ODS\/ODS-6.jpg_2085781871.jpg\" alt=\"ODS 6. Aigua neta i sanejament. Consell Assessor per al Desenvolupament  Sostenible\" width=\"109\" height=\"109\" \/> <img loading=\"lazy\" decoding=\"async\" class=\"\" src=\"https:\/\/cads.gencat.cat\/web\/.content\/img\/ODS\/ODS-8.jpg\" alt=\"ODS 8. Treball digne i creixement econ\u00f2mic. Consell Assessor per al  Desenvolupament Sostenible\" width=\"108\" height=\"109\" \/><\/div>\n<div><\/div>\n<div><\/div>\n<p>Per al curs 2023-2024 vam triar quatre objectius que vam pensar que anaven molt lligats entre si: <em>Fi de la pobresa, Educaci\u00f3 de qualitat, Igualtat de g\u00e8nere<\/em> i<em> Reducci\u00f3 de les desigualtats. <\/em><a href=\"https:\/\/sites.google.com\/xtec.cat\/projecteeoigirona2023-2026\/p%C3%A0gina-principal\" target=\"_blank\" rel=\"noopener\">Resum de la feina que hem fet<\/a>.<\/p>\n<p><img loading=\"lazy\" decoding=\"async\" class=\"\" src=\"https:\/\/www.agenda2030-ods.udl.cat\/export\/sites\/DesenvolupamentSostenible\/ca\/.galleries\/Imatges\/ICONES-CATALA-1.jpg_722911700.jpg\" alt=\"01 \/ Fi de la pobresa\" width=\"109\" height=\"109\" \/> <img loading=\"lazy\" decoding=\"async\" class=\"\" src=\"https:\/\/www.idescat.cat\/images\/ods\/ca\/4.png\" alt=\"Idescat. Indicadors dels objectius de desenvolupament sostenible de la UE per a Catalunya. Objectiu 4: Educaci\u00f3 de qualitat\" width=\"109\" height=\"109\" \/> <img loading=\"lazy\" decoding=\"async\" class=\"\" src=\"https:\/\/www.diba.cat\/documents\/329519160\/329986455\/S-WEB-Goal-05+cat.png\/4e8de2e8-3690-412d-8d62-086d306d609e?t=1594922116318\" alt=\"Igualtat de g\u00e8nere - ODS - Diputaci\u00f3 de Barcelona\" width=\"109\" height=\"109\" \/> <img loading=\"lazy\" decoding=\"async\" class=\"\" src=\"https:\/\/www.ugt.cat\/wp-content\/uploads\/2019\/06\/10-5-300x300.jpg\" alt=\"ODS 10: Reducci\u00f3 de les desigualtats - UGT Catalunya\" width=\"109\" height=\"109\" \/><\/p>\n","protected":false},"excerpt":{"rendered":"<p>A l\u2019EOI Girona volem incorporar l&#8217;Agenda 2030 en l&#8217;ensenyament de lleng\u00fces a la nostra escola treballant els Objectius de Desenvolupament Sostenible. El nostre objectiu \u00e9s acostar-nos a un model de vida m\u00e9s saludable i respectu\u00f3s amb el planeta i amb els drets humans. Dins del marc del nostre projecte, que tindr\u00e0 una durada de tres [&hellip;]<\/p>\n","protected":false},"author":1,"featured_media":0,"parent":0,"menu_order":0,"comment_status":"closed","ping_status":"closed","template":"","meta":{"_bbp_topic_count":0,"_bbp_reply_count":0,"_bbp_total_topic_count":0,"_bbp_total_reply_count":0,"_bbp_voice_count":0,"_bbp_anonymous_reply_count":0,"_bbp_topic_count_hidden":0,"_bbp_reply_count_hidden":0,"_bbp_forum_subforum_count":0,"site-sidebar-layout":"default","site-content-layout":"","ast-site-content-layout":"default","site-content-style":"default","site-sidebar-style":"default","ast-global-header-display":"","ast-banner-title-visibility":"","ast-main-header-display":"","ast-hfb-above-header-display":"","ast-hfb-below-header-display":"","ast-hfb-mobile-header-display":"","site-post-title":"","ast-breadcrumbs-content":"","ast-featured-img":"","footer-sml-layout":"","theme-transparent-header-meta":"","adv-header-id-meta":"","stick-header-meta":"","header-above-stick-meta":"","header-main-stick-meta":"","header-below-stick-meta":"","astra-migrate-meta-layouts":"set","ast-page-background-enabled":"default","ast-page-background-meta":{"desktop":{"background-color":"var(--ast-global-color-4)","background-image":"","background-repeat":"repeat","background-position":"center center","background-size":"auto","background-attachment":"scroll","background-type":"","background-media":"","overlay-type":"","overlay-color":"","overlay-opacity":"","overlay-gradient":""},"tablet":{"background-color":"","background-image":"","background-repeat":"repeat","background-position":"center center","background-size":"auto","background-attachment":"scroll","background-type":"","background-media":"","overlay-type":"","overlay-color":"","overlay-opacity":"","overlay-gradient":""},"mobile":{"background-color":"","background-image":"","background-repeat":"repeat","background-position":"center center","background-size":"auto","background-attachment":"scroll","background-type":"","background-media":"","overlay-type":"","overlay-color":"","overlay-opacity":"","overlay-gradient":""}},"ast-content-background-meta":{"desktop":{"background-color":"var(--ast-global-color-5)","background-image":"","background-repeat":"repeat","background-position":"center center","background-size":"auto","background-attachment":"scroll","background-type":"","background-media":"","overlay-type":"","overlay-color":"","overlay-opacity":"","overlay-gradient":""},"tablet":{"background-color":"var(--ast-global-color-5)","background-image":"","background-repeat":"repeat","background-position":"center center","background-size":"auto","background-attachment":"scroll","background-type":"","background-media":"","overlay-type":"","overlay-color":"","overlay-opacity":"","overlay-gradient":""},"mobile":{"background-color":"var(--ast-global-color-5)","background-image":"","background-repeat":"repeat","background-position":"center center","background-size":"auto","background-attachment":"scroll","background-type":"","background-media":"","overlay-type":"","overlay-color":"","overlay-opacity":"","overlay-gradient":""}},"footnotes":""},"class_list":["post-14241","page","type-page","status-publish","hentry"],"post_mailing_queue_ids":[],"_links":{"self":[{"href":"https:\/\/agora-eoi.xtec.cat\/eoigirona\/wp-json\/wp\/v2\/pages\/14241","targetHints":{"allow":["GET"]}}],"collection":[{"href":"https:\/\/agora-eoi.xtec.cat\/eoigirona\/wp-json\/wp\/v2\/pages"}],"about":[{"href":"https:\/\/agora-eoi.xtec.cat\/eoigirona\/wp-json\/wp\/v2\/types\/page"}],"author":[{"embeddable":true,"href":"https:\/\/agora-eoi.xtec.cat\/eoigirona\/wp-json\/wp\/v2\/users\/1"}],"replies":[{"embeddable":true,"href":"https:\/\/agora-eoi.xtec.cat\/eoigirona\/wp-json\/wp\/v2\/comments?post=14241"}],"version-history":[{"count":6,"href":"https:\/\/agora-eoi.xtec.cat\/eoigirona\/wp-json\/wp\/v2\/pages\/14241\/revisions"}],"predecessor-version":[{"id":17929,"href":"https:\/\/agora-eoi.xtec.cat\/eoigirona\/wp-json\/wp\/v2\/pages\/14241\/revisions\/17929"}],"wp:attachment":[{"href":"https:\/\/agora-eoi.xtec.cat\/eoigirona\/wp-json\/wp\/v2\/media?parent=14241"}],"curies":[{"name":"wp","href":"https:\/\/api.w.org\/{rel}","templated":true}]}}