{"id":11469,"date":"2022-07-21T20:02:17","date_gmt":"2022-07-21T18:02:17","guid":{"rendered":"https:\/\/agora-eoi.xtec.cat\/eoigirona\/?page_id=11469"},"modified":"2022-07-21T20:02:21","modified_gmt":"2022-07-21T18:02:21","slug":"calendario-escolar","status":"publish","type":"page","link":"https:\/\/agora-eoi.xtec.cat\/eoigirona\/la-escuela\/calendario-escolar\/","title":{"rendered":"Calendario escolar"},"content":{"rendered":"<p><strong>CURSO 2022-2023<\/strong><a href=\"https:\/\/agora-eoi.xtec.cat\/eoigirona\/wp-content\/uploads\/usu2632\/2015\/11\/Calendar-96.png\" rel=\"attachment wp-att-8795\"><img loading=\"lazy\" decoding=\"async\" class=\" wp-image-8795 alignright\" src=\"https:\/\/agora-eoi.xtec.cat\/eoigirona\/wp-content\/uploads\/usu2632\/2015\/11\/Calendar-96.png\" alt=\"Calendar-96\" width=\"64\" height=\"64\" \/><\/a><a href=\"https:\/\/agora-eoi.xtec.cat\/eoigirona\/wp-content\/uploads\/usu2632\/2016\/06\/Clock-96.png\" rel=\"attachment wp-att-8695\"><br \/>\n<\/a><\/p>\n<p>La escuela estar\u00e1 cerrada los per\u00edodos de vacaciones escolares, los d\u00edas de fiestas laborales oficiales en Catalu\u00f1a, los d\u00edas de fiesta local y los d\u00edas de libre disposici\u00f3n, acordados por el Consell Escolar Municipal de Girona:<\/p>\n<p>Para saber qu\u00e9 d\u00eda empiezan y terminan las clases, conocer qu\u00e9 d\u00edas son festivos, etc. debe clicar en el calendario de los cursos que haga (abajo).<\/p>\n<div id=\"gestions54\">\n<p><a href=\"https:\/\/drive.google.com\/file\/d\/14yLnlWkulEW72MKUpa6ww5j-u5t49T14\/view?usp=sharing\" target=\"_blank\" rel=\"noopener\">Calendario extensivos (dos d\u00edas a la semana)<\/a><\/p>\n<\/div>\n<p><a href=\"https:\/\/drive.google.com\/file\/d\/14zJy73gzN-hH5_2HAsMHnsWWLb0oCItH\/view?usp=sharing\" target=\"_blank\" rel=\"noopener\">Calendario cursos semipresenciales<\/a><\/p>\n<p><a href=\"https:\/\/drive.google.com\/file\/d\/14zn6J0Dt7v8iV98aSa01VAq12irtzC8K\/view?usp=sharing\" target=\"_blank\" rel=\"noopener\">Calendario cursos intensivos espa\u00f1ol<\/a><\/p>\n<p><a href=\"https:\/\/drive.google.com\/file\/d\/150Q15htiAxxG2cAakHu5p8tIdc5sAhZy\/view?usp=sharing\" target=\"_blank\" rel=\"noopener\">Calendario cursos CPD Sta. Coloma de Farners<\/a><\/p>\n<p><a href=\"https:\/\/drive.google.com\/file\/d\/15-ouFuNTmSODeIXo7Cw4ZyCt5FTLBTaD\/view?usp=sharing\" target=\"_blank\" rel=\"noopener\">Calendario cursos CPD Palafrugell<\/a><\/p>\n","protected":false},"excerpt":{"rendered":"<p>CURSO 2022-2023 La escuela estar\u00e1 cerrada los per\u00edodos de vacaciones escolares, los d\u00edas de fiestas laborales oficiales en Catalu\u00f1a, los d\u00edas de fiesta local y los d\u00edas de libre disposici\u00f3n, acordados por el Consell Escolar Municipal de Girona: Para saber qu\u00e9 d\u00eda empiezan y terminan las clases, conocer qu\u00e9 d\u00edas son festivos, etc. debe clicar [&hellip;]<\/p>\n","protected":false},"author":1,"featured_media":0,"parent":11307,"menu_order":2,"comment_status":"closed","ping_status":"closed","template":"page-templates\/side-menu.php","meta":{"_bbp_topic_count":0,"_bbp_reply_count":0,"_bbp_total_topic_count":0,"_bbp_total_reply_count":0,"_bbp_voice_count":0,"_bbp_anonymous_reply_count":0,"_bbp_topic_count_hidden":0,"_bbp_reply_count_hidden":0,"_bbp_forum_subforum_count":0,"site-sidebar-layout":"default","site-content-layout":"","ast-site-content-layout":"","site-content-style":"default","site-sidebar-style":"default","ast-global-header-display":"","ast-banner-title-visibility":"","ast-main-header-display":"","ast-hfb-above-header-display":"","ast-hfb-below-header-display":"","ast-hfb-mobile-header-display":"","site-post-title":"","ast-breadcrumbs-content":"","ast-featured-img":"","footer-sml-layout":"","theme-transparent-header-meta":"","adv-header-id-meta":"","stick-header-meta":"","header-above-stick-meta":"","header-main-stick-meta":"","header-below-stick-meta":"","astra-migrate-meta-layouts":"default","ast-page-background-enabled":"default","ast-page-background-meta":{"desktop":{"background-color":"var(--ast-global-color-4)","background-image":"","background-repeat":"repeat","background-position":"center center","background-size":"auto","background-attachment":"scroll","background-type":"","background-media":"","overlay-type":"","overlay-color":"","overlay-opacity":"","overlay-gradient":""},"tablet":{"background-color":"","background-image":"","background-repeat":"repeat","background-position":"center center","background-size":"auto","background-attachment":"scroll","background-type":"","background-media":"","overlay-type":"","overlay-color":"","overlay-opacity":"","overlay-gradient":""},"mobile":{"background-color":"","background-image":"","background-repeat":"repeat","background-position":"center center","background-size":"auto","background-attachment":"scroll","background-type":"","background-media":"","overlay-type":"","overlay-color":"","overlay-opacity":"","overlay-gradient":""}},"ast-content-background-meta":{"desktop":{"background-color":"var(--ast-global-color-5)","background-image":"","background-repeat":"repeat","background-position":"center center","background-size":"auto","background-attachment":"scroll","background-type":"","background-media":"","overlay-type":"","overlay-color":"","overlay-opacity":"","overlay-gradient":""},"tablet":{"background-color":"var(--ast-global-color-5)","background-image":"","background-repeat":"repeat","background-position":"center center","background-size":"auto","background-attachment":"scroll","background-type":"","background-media":"","overlay-type":"","overlay-color":"","overlay-opacity":"","overlay-gradient":""},"mobile":{"background-color":"var(--ast-global-color-5)","background-image":"","background-repeat":"repeat","background-position":"center center","background-size":"auto","background-attachment":"scroll","background-type":"","background-media":"","overlay-type":"","overlay-color":"","overlay-opacity":"","overlay-gradient":""}},"footnotes":""},"class_list":["post-11469","page","type-page","status-publish","hentry"],"post_mailing_queue_ids":[],"_links":{"self":[{"href":"https:\/\/agora-eoi.xtec.cat\/eoigirona\/wp-json\/wp\/v2\/pages\/11469","targetHints":{"allow":["GET"]}}],"collection":[{"href":"https:\/\/agora-eoi.xtec.cat\/eoigirona\/wp-json\/wp\/v2\/pages"}],"about":[{"href":"https:\/\/agora-eoi.xtec.cat\/eoigirona\/wp-json\/wp\/v2\/types\/page"}],"author":[{"embeddable":true,"href":"https:\/\/agora-eoi.xtec.cat\/eoigirona\/wp-json\/wp\/v2\/users\/1"}],"replies":[{"embeddable":true,"href":"https:\/\/agora-eoi.xtec.cat\/eoigirona\/wp-json\/wp\/v2\/comments?post=11469"}],"version-history":[{"count":1,"href":"https:\/\/agora-eoi.xtec.cat\/eoigirona\/wp-json\/wp\/v2\/pages\/11469\/revisions"}],"predecessor-version":[{"id":11470,"href":"https:\/\/agora-eoi.xtec.cat\/eoigirona\/wp-json\/wp\/v2\/pages\/11469\/revisions\/11470"}],"up":[{"embeddable":true,"href":"https:\/\/agora-eoi.xtec.cat\/eoigirona\/wp-json\/wp\/v2\/pages\/11307"}],"wp:attachment":[{"href":"https:\/\/agora-eoi.xtec.cat\/eoigirona\/wp-json\/wp\/v2\/media?parent=11469"}],"curies":[{"name":"wp","href":"https:\/\/api.w.org\/{rel}","templated":true}]}}