{"id":11409,"date":"2022-07-13T16:00:30","date_gmt":"2022-07-13T14:00:30","guid":{"rendered":"https:\/\/agora-eoi.xtec.cat\/eoigirona\/?page_id=11409"},"modified":"2022-07-13T16:00:35","modified_gmt":"2022-07-13T14:00:35","slug":"catalan","status":"publish","type":"page","link":"https:\/\/agora-eoi.xtec.cat\/eoigirona\/catalan\/","title":{"rendered":"Catal\u00e1n"},"content":{"rendered":"<p>Informaci\u00f3n del curso<\/p>\n<p>El Departamento de Catal\u00e1n ofrece cursos extensivos presenciales hasta el nivel B1 y cursos extensivos semipresenciales para los niveles B2, C1 y C2 del Marco Com\u00fan Europeo de Referencia para las Lenguas.<\/p>\n<p>La matr\u00edcula oficial da derecho a asistir a clase ya los ex\u00e1menes correspondientes. En modalidad de horario extensivo presencial: clases de dos horas y cuarto y dos d\u00edas a la semana, de septiembre a mayo. Y en modalidad de horario extensivo semipresencial: de septiembre a mayo, clases de dos horas y cuarto un d\u00eda por semana, de septiembre a mayo.<\/p>\n<p>JEFA DE DEPARTAMENTO: MARI\u00c0NGELS PAG\u00c8S<br \/>\nE-mail: mangels.pages@eoigirona.cat<\/p>\n<p>Encontrar\u00e1 toda la informaci\u00f3n en el men\u00fa desplegable.<\/p>\n","protected":false},"excerpt":{"rendered":"<p>Informaci\u00f3n del curso El Departamento de Catal\u00e1n ofrece cursos extensivos presenciales hasta el nivel B1 y cursos extensivos semipresenciales para los niveles B2, C1 y C2 del Marco Com\u00fan Europeo de Referencia para las Lenguas. La matr\u00edcula oficial da derecho a asistir a clase ya los ex\u00e1menes correspondientes. En modalidad de horario extensivo presencial: clases [&hellip;]<\/p>\n","protected":false},"author":1,"featured_media":0,"parent":0,"menu_order":0,"comment_status":"closed","ping_status":"closed","template":"page-templates\/side-menu.php","meta":{"_bbp_topic_count":0,"_bbp_reply_count":0,"_bbp_total_topic_count":0,"_bbp_total_reply_count":0,"_bbp_voice_count":0,"_bbp_anonymous_reply_count":0,"_bbp_topic_count_hidden":0,"_bbp_reply_count_hidden":0,"_bbp_forum_subforum_count":0,"site-sidebar-layout":"default","site-content-layout":"","ast-site-content-layout":"","site-content-style":"default","site-sidebar-style":"default","ast-global-header-display":"","ast-banner-title-visibility":"","ast-main-header-display":"","ast-hfb-above-header-display":"","ast-hfb-below-header-display":"","ast-hfb-mobile-header-display":"","site-post-title":"","ast-breadcrumbs-content":"","ast-featured-img":"","footer-sml-layout":"","theme-transparent-header-meta":"","adv-header-id-meta":"","stick-header-meta":"","header-above-stick-meta":"","header-main-stick-meta":"","header-below-stick-meta":"","astra-migrate-meta-layouts":"default","ast-page-background-enabled":"default","ast-page-background-meta":{"desktop":{"background-color":"var(--ast-global-color-4)","background-image":"","background-repeat":"repeat","background-position":"center center","background-size":"auto","background-attachment":"scroll","background-type":"","background-media":"","overlay-type":"","overlay-color":"","overlay-opacity":"","overlay-gradient":""},"tablet":{"background-color":"","background-image":"","background-repeat":"repeat","background-position":"center center","background-size":"auto","background-attachment":"scroll","background-type":"","background-media":"","overlay-type":"","overlay-color":"","overlay-opacity":"","overlay-gradient":""},"mobile":{"background-color":"","background-image":"","background-repeat":"repeat","background-position":"center center","background-size":"auto","background-attachment":"scroll","background-type":"","background-media":"","overlay-type":"","overlay-color":"","overlay-opacity":"","overlay-gradient":""}},"ast-content-background-meta":{"desktop":{"background-color":"var(--ast-global-color-5)","background-image":"","background-repeat":"repeat","background-position":"center center","background-size":"auto","background-attachment":"scroll","background-type":"","background-media":"","overlay-type":"","overlay-color":"","overlay-opacity":"","overlay-gradient":""},"tablet":{"background-color":"var(--ast-global-color-5)","background-image":"","background-repeat":"repeat","background-position":"center center","background-size":"auto","background-attachment":"scroll","background-type":"","background-media":"","overlay-type":"","overlay-color":"","overlay-opacity":"","overlay-gradient":""},"mobile":{"background-color":"var(--ast-global-color-5)","background-image":"","background-repeat":"repeat","background-position":"center center","background-size":"auto","background-attachment":"scroll","background-type":"","background-media":"","overlay-type":"","overlay-color":"","overlay-opacity":"","overlay-gradient":""}},"footnotes":""},"class_list":["post-11409","page","type-page","status-publish","hentry"],"post_mailing_queue_ids":[],"_links":{"self":[{"href":"https:\/\/agora-eoi.xtec.cat\/eoigirona\/wp-json\/wp\/v2\/pages\/11409","targetHints":{"allow":["GET"]}}],"collection":[{"href":"https:\/\/agora-eoi.xtec.cat\/eoigirona\/wp-json\/wp\/v2\/pages"}],"about":[{"href":"https:\/\/agora-eoi.xtec.cat\/eoigirona\/wp-json\/wp\/v2\/types\/page"}],"author":[{"embeddable":true,"href":"https:\/\/agora-eoi.xtec.cat\/eoigirona\/wp-json\/wp\/v2\/users\/1"}],"replies":[{"embeddable":true,"href":"https:\/\/agora-eoi.xtec.cat\/eoigirona\/wp-json\/wp\/v2\/comments?post=11409"}],"version-history":[{"count":1,"href":"https:\/\/agora-eoi.xtec.cat\/eoigirona\/wp-json\/wp\/v2\/pages\/11409\/revisions"}],"predecessor-version":[{"id":11410,"href":"https:\/\/agora-eoi.xtec.cat\/eoigirona\/wp-json\/wp\/v2\/pages\/11409\/revisions\/11410"}],"wp:attachment":[{"href":"https:\/\/agora-eoi.xtec.cat\/eoigirona\/wp-json\/wp\/v2\/media?parent=11409"}],"curies":[{"name":"wp","href":"https:\/\/api.w.org\/{rel}","templated":true}]}}