{"id":11361,"date":"2022-07-12T10:50:09","date_gmt":"2022-07-12T08:50:09","guid":{"rendered":"https:\/\/agora-eoi.xtec.cat\/eoigirona\/?page_id=11361"},"modified":"2022-10-05T15:04:54","modified_gmt":"2022-10-05T13:04:54","slug":"espanol","status":"publish","type":"page","link":"https:\/\/agora-eoi.xtec.cat\/eoigirona\/espanol\/","title":{"rendered":"Espa\u00f1ol"},"content":{"rendered":"<p><strong>Informaci\u00f3n del curso<\/strong><\/p>\n<p>El Departamento de Espa\u00f1ol ofrece cursos:<br \/>\n\u2013 intensivos: A1, A2, B1, B2.1 y B2.2<br \/>\n\u2013 extensivos: B1<\/p>\n<p>El certificado de nivel A2 de la EOI puede ser validado por el Instituto Cervantes como conocimiento de la Lengua (A2) para la obtenci\u00f3n de la Nacionalidad por Residencia.<\/p>\n<p>Cursos intensivos: clases de dos horas diarias de lunes a jueves (primer cuatrimestre, de septiembre a enero, y segundo cuatrimestre, de febrero a mayo).<\/p>\n<p>Cursos extensivos: clases de dos horas (de septiembre a mayo) dos d\u00edas a la semana.<\/p>\n<p>JEFE DE DEPARTAMENTO: PACO MENESES ROMERO<br \/>\nE-mail: fmenese2@xtec.cat<\/p>\n<p>Encontrar\u00e1 toda la informaci\u00f3n en el men\u00fa desplegable.<\/p>\n","protected":false},"excerpt":{"rendered":"<p>Informaci\u00f3n del curso El Departamento de Espa\u00f1ol ofrece cursos: \u2013 intensivos: A1, A2, B1, B2.1 y B2.2 \u2013 extensivos: B1 El certificado de nivel A2 de la EOI puede ser validado por el Instituto Cervantes como conocimiento de la Lengua (A2) para la obtenci\u00f3n de la Nacionalidad por Residencia. Cursos intensivos: clases de dos horas [&hellip;]<\/p>\n","protected":false},"author":1,"featured_media":0,"parent":0,"menu_order":0,"comment_status":"closed","ping_status":"closed","template":"page-templates\/side-menu.php","meta":{"_bbp_topic_count":0,"_bbp_reply_count":0,"_bbp_total_topic_count":0,"_bbp_total_reply_count":0,"_bbp_voice_count":0,"_bbp_anonymous_reply_count":0,"_bbp_topic_count_hidden":0,"_bbp_reply_count_hidden":0,"_bbp_forum_subforum_count":0,"site-sidebar-layout":"default","site-content-layout":"","ast-site-content-layout":"","site-content-style":"default","site-sidebar-style":"default","ast-global-header-display":"","ast-banner-title-visibility":"","ast-main-header-display":"","ast-hfb-above-header-display":"","ast-hfb-below-header-display":"","ast-hfb-mobile-header-display":"","site-post-title":"","ast-breadcrumbs-content":"","ast-featured-img":"","footer-sml-layout":"","theme-transparent-header-meta":"","adv-header-id-meta":"","stick-header-meta":"","header-above-stick-meta":"","header-main-stick-meta":"","header-below-stick-meta":"","astra-migrate-meta-layouts":"default","ast-page-background-enabled":"default","ast-page-background-meta":{"desktop":{"background-color":"var(--ast-global-color-4)","background-image":"","background-repeat":"repeat","background-position":"center center","background-size":"auto","background-attachment":"scroll","background-type":"","background-media":"","overlay-type":"","overlay-color":"","overlay-opacity":"","overlay-gradient":""},"tablet":{"background-color":"","background-image":"","background-repeat":"repeat","background-position":"center center","background-size":"auto","background-attachment":"scroll","background-type":"","background-media":"","overlay-type":"","overlay-color":"","overlay-opacity":"","overlay-gradient":""},"mobile":{"background-color":"","background-image":"","background-repeat":"repeat","background-position":"center center","background-size":"auto","background-attachment":"scroll","background-type":"","background-media":"","overlay-type":"","overlay-color":"","overlay-opacity":"","overlay-gradient":""}},"ast-content-background-meta":{"desktop":{"background-color":"var(--ast-global-color-5)","background-image":"","background-repeat":"repeat","background-position":"center center","background-size":"auto","background-attachment":"scroll","background-type":"","background-media":"","overlay-type":"","overlay-color":"","overlay-opacity":"","overlay-gradient":""},"tablet":{"background-color":"var(--ast-global-color-5)","background-image":"","background-repeat":"repeat","background-position":"center center","background-size":"auto","background-attachment":"scroll","background-type":"","background-media":"","overlay-type":"","overlay-color":"","overlay-opacity":"","overlay-gradient":""},"mobile":{"background-color":"var(--ast-global-color-5)","background-image":"","background-repeat":"repeat","background-position":"center center","background-size":"auto","background-attachment":"scroll","background-type":"","background-media":"","overlay-type":"","overlay-color":"","overlay-opacity":"","overlay-gradient":""}},"footnotes":""},"class_list":["post-11361","page","type-page","status-publish","hentry"],"post_mailing_queue_ids":[],"_links":{"self":[{"href":"https:\/\/agora-eoi.xtec.cat\/eoigirona\/wp-json\/wp\/v2\/pages\/11361","targetHints":{"allow":["GET"]}}],"collection":[{"href":"https:\/\/agora-eoi.xtec.cat\/eoigirona\/wp-json\/wp\/v2\/pages"}],"about":[{"href":"https:\/\/agora-eoi.xtec.cat\/eoigirona\/wp-json\/wp\/v2\/types\/page"}],"author":[{"embeddable":true,"href":"https:\/\/agora-eoi.xtec.cat\/eoigirona\/wp-json\/wp\/v2\/users\/1"}],"replies":[{"embeddable":true,"href":"https:\/\/agora-eoi.xtec.cat\/eoigirona\/wp-json\/wp\/v2\/comments?post=11361"}],"version-history":[{"count":3,"href":"https:\/\/agora-eoi.xtec.cat\/eoigirona\/wp-json\/wp\/v2\/pages\/11361\/revisions"}],"predecessor-version":[{"id":11974,"href":"https:\/\/agora-eoi.xtec.cat\/eoigirona\/wp-json\/wp\/v2\/pages\/11361\/revisions\/11974"}],"wp:attachment":[{"href":"https:\/\/agora-eoi.xtec.cat\/eoigirona\/wp-json\/wp\/v2\/media?parent=11361"}],"curies":[{"name":"wp","href":"https:\/\/api.w.org\/{rel}","templated":true}]}}