{"id":11357,"date":"2022-07-12T10:43:23","date_gmt":"2022-07-12T08:43:23","guid":{"rendered":"https:\/\/agora-eoi.xtec.cat\/eoigirona\/?page_id=11357"},"modified":"2022-07-12T10:43:27","modified_gmt":"2022-07-12T08:43:27","slug":"tasas-y-precios-publicos","status":"publish","type":"page","link":"https:\/\/agora-eoi.xtec.cat\/eoigirona\/matricula-2\/tasas-y-precios-publicos\/","title":{"rendered":"Tasas y precios p\u00fablicos"},"content":{"rendered":"<p>CURSO 2022-2023 TASAS Y PRECIOS P\u00daBLICOS<\/p>\n<p>__________________________________________________________________________________<\/p>\n<p><strong>Tasas<\/strong> ORDEN EDU\/80\/2020, de 11 de junio, por la que se da publicidad a las tasas vigentes que gestiona el Departamento de Educaci\u00f3n. \u00a0<a href=\"http:\/\/cido.diba.cat\/legislacio\/10277912\/ordre-edu802020-d11-de-juny-per-la-qual-es-dona-publicitat-de-les-taxes-vigents-que-gestiona-el-departament-deducacio-departament-deducacio\" target=\"_blank\" rel=\"noopener\">enlace<\/a><\/p>\n<p><strong>Precios p\u00fablicos<\/strong> ORDEN ENS\/155\/2020, de 18 de septiembre, por la que se suprimen, se crean y actualizan los precios p\u00fablicos y los importes de determinadas ense\u00f1anzas y servicios docentes de las escuelas oficiales de idiomas del Departament d&#8217;Educaci\u00f3 . \u00a0<a href=\"http:\/\/cido.diba.cat\/legislacio\/10658692\/ordre-edu1552020-de-18-de-setembre-per-la-qual-se-suprimeixen-es-creen-i-sactualitzen-els-preus-publics-i-els-imports-de-determinats-ensenyaments-i-serveis-docents-de-les-escoles-oficials-didiomes-del-departament-deducacio-departament-deducacio\" target=\"_blank\" rel=\"noopener\">enlace\u00a0<\/a><\/p>\n<p>ORDEN EDU\/114\/2021, de 25 de mayo, por la que se modifica la Orden EDU\/155\/2020, de 18 de septiembre, por la que se suprimen, se crean y actualizan los precios p\u00fablicos y los importes de determinadas ense\u00f1anzas y servicios docentes de las escuelas oficiales de idiomas del Departamento de Educaci\u00f3n. \u00a0<a href=\"https:\/\/dogc.gencat.cat\/ca\/document-del-dogc\/?documentId=902034\" target=\"_blank\" rel=\"noopener\">enlace<\/a><\/p>\n<p>&nbsp;<\/p>\n<p><strong>TASAS NIVELES B1, B2.1 y B2.2<\/strong><\/p>\n<ul>\n<li>Matr\u00edcula oficial: 288,90 \u20ac + 30 \u20ac<\/li>\n<li>Matr\u00edcula oficial (repetidores 1\u00aa vez): 375,60\u20ac + 39\u20ac<\/li>\n<li>Matr\u00edcula oficial (repetidores 2\u00aa vez): 520,05\u20ac + 54\u20ac<\/li>\n<\/ul>\n<p><strong>PRECIOS P\u00daBLICOS NIVELES A1, A2, C1 Y C2<\/strong><\/p>\n<ul>\n<li>Matr\u00edcula oficial: 275,00\u20ac +30\u20ac<\/li>\n<li>Matr\u00edcula oficial (repetidores 1\u00aa vez): 357,50\u20ac +39\u20ac<\/li>\n<li>Matr\u00edcula oficial (repetidores 2\u00aa vez): 495,00\u20ac + 54\u20ac<\/li>\n<\/ul>\n<p><strong>PRECIOS P\u00daBLICOS DE CATAL\u00c1N<\/strong><\/p>\n<ul>\n<li>A1 y A2 de Catal\u00e1n: 68,75\u20ac + 30\u20ac<\/li>\n<li>C1 y C2 de Catal\u00e1n: 137,50\u20ac + 30\u20ac<\/li>\n<\/ul>\n<p>30,00\u20ac corresponden al precio p\u00fablico por los servicios de acceso a la plataforma y materiales did\u00e1cticos de las ense\u00f1anzas de idiomas. (ORDEN EDU\/114\/2021 de 25 de mayo).<\/p>\n<p>Como precio p\u00fablico el pago es OBLIGATORIO, pero tambi\u00e9n est\u00e1 sujeto a bonificaciones. La matr\u00edcula estar\u00e1 completamente formalizada una vez se hayan abonado el importe de la matr\u00edcula y el importe de acceso a las plataformas y material did\u00e1ctico.<\/p>\n<p>Estos precios no incluyen los libros de texto o de lectura que se puedan utilizar durante el curso.<\/p>\n<p>Con esta aportaci\u00f3n el alumno tiene derecho a disfrutar de todos los servicios y actividades complementarias que el centro ofrece, como pueden ser: charlas, exposiciones, acceso al CAM, fotocopias de clase, carpeta, carn\u00e9 escolar con las correspondientes ventajas<\/p>\n<p>&nbsp;<\/p>\n<p><strong>INSCRIPCI\u00d3N EN R\u00c9GIMEN LIBRE<\/strong><\/p>\n<ul>\n<li>Certificado de B1: 75,35 \u20ac<\/li>\n<li>Certificado de B2: 92,85 \u20ac<\/li>\n<li>Certificado de C1: 100,00 \u20ac<\/li>\n<\/ul>\n<p>&nbsp;<\/p>\n<ul>\n<li>Familia numerosa de categor\u00eda general y\/o familia monoparental: 50% de descuento<\/li>\n<li>Familia numerosa de categor\u00eda especial: inscripci\u00f3n gratuita<\/li>\n<\/ul>\n<p>&nbsp;<\/p>\n<p>Est\u00e1n exentos del pago de las tasas acad\u00e9micas o de los precios p\u00fablicos, previa justificaci\u00f3n documental, el alumnado que est\u00e1 en las siguientes situaciones:<\/p>\n<p>*Las personas que acrediten una discapacidad igual o superior al 33%.<\/p>\n<p>*Las personas sujetas a medidas privativas de libertad.<\/p>\n<p>*Las personas v\u00edctimas de actos terroristas o ser c\u00f3nyuges o hijos de v\u00edctimas.<\/p>\n<p>*Las personas miembros de unidades familiares que perciban la renta m\u00ednima de inserci\u00f3n o la renta activa de inserci\u00f3n.<\/p>\n<p>*Las personas v\u00edctimas de violencia de g\u00e9nero.<\/p>\n<p>*Becarios por estudios de idiomas.<\/p>\n<p>*El alumnado que en el curso acad\u00e9mico inmediatamente anterior haya obtenido matr\u00edcula de honor en el bachillerato o premio extraordinario de bachillerato (primera matr\u00edcula).<\/p>\n<p>*Personas menores tuteladas o ex tuteladas menores de 21 a\u00f1os de edad (certificado emitido por la Direcci\u00f3n General de Atenci\u00f3n a la Infancia y la Adolescencia o el \u00f3rgano equivalente a otras comunidades aut\u00f3nomas).<\/p>\n<p>&nbsp;<\/p>\n<p>M\u00e1s bonificaciones y exenciones de tasas* <a href=\"http:\/\/educacio.gencat.cat\/ca\/departament\/normativa\/taxes-preus-publics\/taxes\/\" target=\"_blank\" rel=\"noopener\">AQU\u00cd<\/a><\/p>\n<p>M\u00e1s bonificaciones y exenciones de precios p\u00fablicos* <a href=\"http:\/\/educacio.gencat.cat\/ca\/departament\/normativa\/taxes-preus-publics\/preu-public\/\" target=\"_blank\" rel=\"noopener\">AQU\u00cd<\/a><\/p>\n","protected":false},"excerpt":{"rendered":"<p>CURSO 2022-2023 TASAS Y PRECIOS P\u00daBLICOS __________________________________________________________________________________ Tasas ORDEN EDU\/80\/2020, de 11 de junio, por la que se da publicidad a las tasas vigentes que gestiona el Departamento de Educaci\u00f3n. \u00a0enlace Precios p\u00fablicos ORDEN ENS\/155\/2020, de 18 de septiembre, por la que se suprimen, se crean y actualizan los precios p\u00fablicos y los importes de [&hellip;]<\/p>\n","protected":false},"author":1,"featured_media":0,"parent":11319,"menu_order":5,"comment_status":"closed","ping_status":"closed","template":"page-templates\/side-menu.php","meta":{"_bbp_topic_count":0,"_bbp_reply_count":0,"_bbp_total_topic_count":0,"_bbp_total_reply_count":0,"_bbp_voice_count":0,"_bbp_anonymous_reply_count":0,"_bbp_topic_count_hidden":0,"_bbp_reply_count_hidden":0,"_bbp_forum_subforum_count":0,"site-sidebar-layout":"default","site-content-layout":"","ast-site-content-layout":"","site-content-style":"default","site-sidebar-style":"default","ast-global-header-display":"","ast-banner-title-visibility":"","ast-main-header-display":"","ast-hfb-above-header-display":"","ast-hfb-below-header-display":"","ast-hfb-mobile-header-display":"","site-post-title":"","ast-breadcrumbs-content":"","ast-featured-img":"","footer-sml-layout":"","theme-transparent-header-meta":"","adv-header-id-meta":"","stick-header-meta":"","header-above-stick-meta":"","header-main-stick-meta":"","header-below-stick-meta":"","astra-migrate-meta-layouts":"default","ast-page-background-enabled":"default","ast-page-background-meta":{"desktop":{"background-color":"var(--ast-global-color-4)","background-image":"","background-repeat":"repeat","background-position":"center center","background-size":"auto","background-attachment":"scroll","background-type":"","background-media":"","overlay-type":"","overlay-color":"","overlay-opacity":"","overlay-gradient":""},"tablet":{"background-color":"","background-image":"","background-repeat":"repeat","background-position":"center center","background-size":"auto","background-attachment":"scroll","background-type":"","background-media":"","overlay-type":"","overlay-color":"","overlay-opacity":"","overlay-gradient":""},"mobile":{"background-color":"","background-image":"","background-repeat":"repeat","background-position":"center center","background-size":"auto","background-attachment":"scroll","background-type":"","background-media":"","overlay-type":"","overlay-color":"","overlay-opacity":"","overlay-gradient":""}},"ast-content-background-meta":{"desktop":{"background-color":"var(--ast-global-color-5)","background-image":"","background-repeat":"repeat","background-position":"center center","background-size":"auto","background-attachment":"scroll","background-type":"","background-media":"","overlay-type":"","overlay-color":"","overlay-opacity":"","overlay-gradient":""},"tablet":{"background-color":"var(--ast-global-color-5)","background-image":"","background-repeat":"repeat","background-position":"center center","background-size":"auto","background-attachment":"scroll","background-type":"","background-media":"","overlay-type":"","overlay-color":"","overlay-opacity":"","overlay-gradient":""},"mobile":{"background-color":"var(--ast-global-color-5)","background-image":"","background-repeat":"repeat","background-position":"center center","background-size":"auto","background-attachment":"scroll","background-type":"","background-media":"","overlay-type":"","overlay-color":"","overlay-opacity":"","overlay-gradient":""}},"footnotes":""},"class_list":["post-11357","page","type-page","status-publish","hentry"],"post_mailing_queue_ids":[],"_links":{"self":[{"href":"https:\/\/agora-eoi.xtec.cat\/eoigirona\/wp-json\/wp\/v2\/pages\/11357","targetHints":{"allow":["GET"]}}],"collection":[{"href":"https:\/\/agora-eoi.xtec.cat\/eoigirona\/wp-json\/wp\/v2\/pages"}],"about":[{"href":"https:\/\/agora-eoi.xtec.cat\/eoigirona\/wp-json\/wp\/v2\/types\/page"}],"author":[{"embeddable":true,"href":"https:\/\/agora-eoi.xtec.cat\/eoigirona\/wp-json\/wp\/v2\/users\/1"}],"replies":[{"embeddable":true,"href":"https:\/\/agora-eoi.xtec.cat\/eoigirona\/wp-json\/wp\/v2\/comments?post=11357"}],"version-history":[{"count":1,"href":"https:\/\/agora-eoi.xtec.cat\/eoigirona\/wp-json\/wp\/v2\/pages\/11357\/revisions"}],"predecessor-version":[{"id":11358,"href":"https:\/\/agora-eoi.xtec.cat\/eoigirona\/wp-json\/wp\/v2\/pages\/11357\/revisions\/11358"}],"up":[{"embeddable":true,"href":"https:\/\/agora-eoi.xtec.cat\/eoigirona\/wp-json\/wp\/v2\/pages\/11319"}],"wp:attachment":[{"href":"https:\/\/agora-eoi.xtec.cat\/eoigirona\/wp-json\/wp\/v2\/media?parent=11357"}],"curies":[{"name":"wp","href":"https:\/\/api.w.org\/{rel}","templated":true}]}}