{"id":11350,"date":"2022-07-12T10:22:54","date_gmt":"2022-07-12T08:22:54","guid":{"rendered":"https:\/\/agora-eoi.xtec.cat\/eoigirona\/?page_id=11350"},"modified":"2022-07-12T10:22:57","modified_gmt":"2022-07-12T08:22:57","slug":"alumnado-nuevo","status":"publish","type":"page","link":"https:\/\/agora-eoi.xtec.cat\/eoigirona\/matricula-2\/alumnado-nuevo\/","title":{"rendered":"Alumnado nuevo"},"content":{"rendered":"<p>Cualquier persona no matriculada en un curso oficial de un idioma en esta escuela en el a\u00f1o acad\u00e9mico inmediatamente anterior se considera nuevo alumnado de ese idioma.<\/p>\n<ul>\n<li><a href=\"https:\/\/educacio.gencat.cat\/web\/.content\/home\/departament\/publicacions\/infografies\/10-eoi.pdf\" target=\"_blank\" rel=\"noopener\">Infograf\u00eda con toda la informaci\u00f3n de la preinscripci\u00f3n y matr\u00edcula<\/a><\/li>\n<li>Informaci\u00f3n preinscripci\u00f3n y matr\u00edcula curso 2022-2023 alumnado nuevo en <a href=\"https:\/\/drive.google.com\/file\/d\/1T3ndaGeI-Texd9-S-CinxndnJvpkmL-E\/view?usp=sharing\" target=\"_blank\" rel=\"noopener\">catal\u00e1n<\/a>, <a href=\"https:\/\/drive.google.com\/file\/d\/1eKVdCZnJZoUDBN6kUnWjICidDpuKTeml\/view?usp=sharing\" target=\"_blank\" rel=\"noopener\">espa\u00f1ol<\/a>, <a href=\"https:\/\/drive.google.com\/file\/d\/19391HxiSzp2fWon0aEyo_k1L9LJHs9z-\/view?usp=sharing\" target=\"_blank\" rel=\"noopener\">ingl\u00e9s<\/a><\/li>\n<\/ul>\n<p><strong>Preinscripci\u00f3n curso 2022-2023<\/strong><\/p>\n<p>Preinscripci\u00f3n nuevo alumnado (de A1 a C1 de todos los idiomas y C2 de catal\u00e1n): telem\u00e1ticamente desde el 31 de agosto hasta el 5 de septiembre a las 15h.<\/p>\n<p><a href=\"https:\/\/www.eoidigital.com\/eoicat\/alumnes\/\" target=\"_blank\" rel=\"noopener\"><strong>Enlace de preinscripci\u00f3\u00a0<\/strong><\/a><\/p>\n<p>La preinscripci\u00f3n es un tr\u00e1mite obligatorio para entrar como nuevo alumno en la EOI Girona.<\/p>\n<p>Se considera alumnado nuevo:<\/p>\n<p>\u2013 Aquellos que acceden por primera vez a la EOI de Girona.<\/p>\n<p>\u2013 Los que comienzan otro idioma.<\/p>\n<p>\u2013 Los que han perdido la oficialidad (alumnos no matriculados en el curso anterior).<\/p>\n<p>\u2013 Los que provienen de otra EOI.<\/p>\n<p>\u2013 Alumnos libres que desean ser oficiales.<\/p>\n<p>&nbsp;<\/p>\n<p><strong>ATENCI\u00d3N:<\/strong> La edad m\u00ednima para estudiar en las EOI es la siguiente:<\/p>\n<p>\u2013 para cualquier lengua, haber cumplido los 16 a\u00f1os (o hacerlos en el a\u00f1o natural en que se efect\u00faa la matr\u00edcula)<\/p>\n<p>\u2013 para una lengua distinta a la cursada como primera lengua extranjera en la ESO, haber cumplido los 14 a\u00f1os (o cumplirlos el a\u00f1o en que se efect\u00faa la matr\u00edcula). Es necesario aportar justificaci\u00f3n: certificado del centro donde se especifique cu\u00e1l es la primera lengua extranjera que est\u00e1 estudiando.<\/p>\n<p><strong>La preinscripci\u00f3n puede ser en:<\/strong><\/p>\n<p>\u2013 A1: Si NO se tienen conocimientos del idioma o se desea empezar desde cero.<\/p>\n<p>&#8211; NIVEL SUPERIOR A A1 S\u00d3LO si tiene aprobado el curso anterior en cualquier EOI o si tiene un CERTIFICADO del idioma seg\u00fan la tabla de exenciones. En este caso, los alumnos deben adjuntar la documentaci\u00f3n acreditativa del nivel en el momento de realizar la preinscripci\u00f3n para poder ser validada por el centro antes del 9 de septiembre de 2022.<\/p>\n<p>\u2013 TEST DE NIVEL: Si se tienen conocimientos del idioma y se desea empezar desde un nivel superior a 1\u00ba y NO se dispone de un CERTIFICADO del idioma seg\u00fan la tabla de exenciones.<\/p>\n<p>&nbsp;<\/p>\n<p>-Los alumnos que quieran acceder a ESPA\u00d1OL PARA EXTRANJEROS deben realizar la preinscripci\u00f3n a TEST DE NIVEL obligatoriamente y presentarse al test independientemente del curso al que se quiere acceder.<\/p>\n<p><strong>Pruebas de nivel<\/strong><\/p>\n<ol>\n<li>El test de nivel s\u00f3lo tendr\u00e1 valor para la formalizaci\u00f3n de la matr\u00edcula y validez para un a\u00f1o acad\u00e9mico.<\/li>\n<li>El test de nivel de alem\u00e1n, ingl\u00e9s y franc\u00e9s se realiza online, del 31 de agosto al 11 de septiembre.<\/li>\n<li>El centro publicar\u00e1 el d\u00eda 6 de septiembre de 2022 a las 18:00h el horario y d\u00eda del test de nivel para el resto de los idiomas.<\/li>\n<li>El test de nivel presencial se realizar\u00e1 entre los d\u00edas 7 y 9 de septiembre de 2022 (consultar horario).<\/li>\n<li>La no presentaci\u00f3n al test de nivel supone la anulaci\u00f3n de la preinscripci\u00f3n.<\/li>\n<li>El alumnado que ha hecho test de nivel debe consultar del d\u00eda 12 (a partir de las 12.00h) al 14 (hasta las 12.00h) de septiembre de 2022 el nivel adjudicado y debe elegir el horario y grupo para poder optar al sorteo.<\/li>\n<\/ol>\n<p>M\u00e1s informaci\u00f3n sobre el test de nivel y exenciones <a href=\"https:\/\/preinscripcio.gencat.cat\/ca\/estudis\/idiomes-eoi\/informat\/test-nivell-a2-c1\/\" target=\"_blank\" rel=\"noopener\"><strong>AQU\u00cd<\/strong><\/a><\/p>\n<p>&nbsp;<\/p>\n<p><strong>Matr\u00edcula nuevos alumnos<\/strong><\/p>\n<p>Para decidir el orden de matr\u00edcula del nuevo alumnado se realiza un sorteo. El d\u00eda 14 de septiembre de 2022 a las 20:00h se publicar\u00e1 el resultado del sorteo en el aplicativo de preinscripci\u00f3n.<\/p>\n<p>Hay dos per\u00edodos de matr\u00edcula. En ambos casos la matr\u00edcula es telem\u00e1tica en el aplicativo de preinscripci\u00f3n:<\/p>\n<p>\u2013 Matr\u00edcula de alumnos admitidos:<\/p>\n<p>Del 14 de septiembre (a partir de las 20.00h) al 16 de septiembre de 2022. En este per\u00edodo se podr\u00e1n matricular todos los alumnos que est\u00e9n admitidos en el sorteo, tanto si van a A1, como si han hecho test de nivel o han acreditado un nivel y su certificado ha sido validado.<\/p>\n<p>\u2013 Matr\u00edcula de alumnos en lista de espera:<\/p>\n<p>Los d\u00edas 20 y 21 de septiembre, seg\u00fan disponibilidad de vacantes.<\/p>\n<p>&nbsp;<\/p>\n<p><strong>Pago de matr\u00edcula y material<\/strong><\/p>\n<p>\u2013 Es necesario realizar el pago de los dos c\u00f3digos de barras del resguardo de la matr\u00edcula por ServiCaixa, L\u00ednea Abierta o con tarjeta de cr\u00e9dito en el mismo aplicativo de matr\u00edcula en un plazo de 24 horas.<\/p>\n<p>\u2013 La matr\u00edcula estar\u00e1 del todo formalizada una vez se hayan abonado el importe de la matr\u00edcula y el importe de acceso a las plataformas y material did\u00e1ctico.<\/p>\n<p>&nbsp;<\/p>\n<p><strong>Documentaci\u00f3n<\/strong><\/p>\n<p>Una vez hecha la matr\u00edcula, es obligatorio hacer llegar al centro la siguiente documentaci\u00f3n. Se puede enviar personalmente, por correo postal o por correo electr\u00f3nico a la direcci\u00f3n documentacioeoigirona@gmail.com:<\/p>\n<p>&#8211; DNI, NIE o pasaporte, original y fotocopia.<\/p>\n<p>&#8211; Carnet de familia numerosa, familia monoparental o minusval\u00eda en vigencia, original y fotocopia (en su caso)<\/p>\n<p>&nbsp;<\/p>\n<p><strong>Matr\u00edcula en C2.1 de ingl\u00e9s:<\/strong><\/p>\n<p>Todos los alumnos que tengan un certificado de C1 de las escuelas oficiales de idiomas o certificaci\u00f3n equivalente y quieran realizar C2.1 deben preinscribirse del 31 de agosto al 5 de septiembre de 2022 (hasta 15h). Para acceder a C2.2 de ingl\u00e9s es necesario haber realizado el C2.1 de ingl\u00e9s como alumno oficial en una EOI.<\/p>\n<p><strong>NOTA C2.1<\/strong> De acuerdo con los criterios publicados en el DOGC n\u00fam. 8141 para asignar plazas cuando el n\u00famero de solicitudes de preinscripci\u00f3n es superior a la oferta, se ha realizado un sorteo priorizando, en primer lugar, al alumnado que est\u00e1 en posesi\u00f3n del certificado de nivel C1 de las Escuelas Oficiales de Idiomas, y en segundo lugar, el alumnado que est\u00e1 en posesi\u00f3n de un t\u00edtulo o certificaci\u00f3n equivalente al certificado de nivel C1 de las escuelas oficiales de idiomas reconocido en el \u00e1mbito del Departamento de Educaci\u00f3n.<\/p>\n<p>Para m\u00e1s informaci\u00f3n, en la <b>web del Departament d\u2019Educaci\u00f3 clicando <a href=\"https:\/\/preinscripcio.gencat.cat\/ca\/estudis\/idiomes-eoi\/informat\/calendari\/\" target=\"_blank\" rel=\"noopener\">AQU\u00cd<\/a><\/b><\/p>\n","protected":false},"excerpt":{"rendered":"<p>Cualquier persona no matriculada en un curso oficial de un idioma en esta escuela en el a\u00f1o acad\u00e9mico inmediatamente anterior se considera nuevo alumnado de ese idioma. Infograf\u00eda con toda la informaci\u00f3n de la preinscripci\u00f3n y matr\u00edcula Informaci\u00f3n preinscripci\u00f3n y matr\u00edcula curso 2022-2023 alumnado nuevo en catal\u00e1n, espa\u00f1ol, ingl\u00e9s Preinscripci\u00f3n curso 2022-2023 Preinscripci\u00f3n nuevo alumnado [&hellip;]<\/p>\n","protected":false},"author":1,"featured_media":0,"parent":11319,"menu_order":2,"comment_status":"closed","ping_status":"closed","template":"page-templates\/side-menu.php","meta":{"_bbp_topic_count":0,"_bbp_reply_count":0,"_bbp_total_topic_count":0,"_bbp_total_reply_count":0,"_bbp_voice_count":0,"_bbp_anonymous_reply_count":0,"_bbp_topic_count_hidden":0,"_bbp_reply_count_hidden":0,"_bbp_forum_subforum_count":0,"site-sidebar-layout":"default","site-content-layout":"","ast-site-content-layout":"","site-content-style":"default","site-sidebar-style":"default","ast-global-header-display":"","ast-banner-title-visibility":"","ast-main-header-display":"","ast-hfb-above-header-display":"","ast-hfb-below-header-display":"","ast-hfb-mobile-header-display":"","site-post-title":"","ast-breadcrumbs-content":"","ast-featured-img":"","footer-sml-layout":"","theme-transparent-header-meta":"","adv-header-id-meta":"","stick-header-meta":"","header-above-stick-meta":"","header-main-stick-meta":"","header-below-stick-meta":"","astra-migrate-meta-layouts":"default","ast-page-background-enabled":"default","ast-page-background-meta":{"desktop":{"background-color":"var(--ast-global-color-4)","background-image":"","background-repeat":"repeat","background-position":"center center","background-size":"auto","background-attachment":"scroll","background-type":"","background-media":"","overlay-type":"","overlay-color":"","overlay-opacity":"","overlay-gradient":""},"tablet":{"background-color":"","background-image":"","background-repeat":"repeat","background-position":"center center","background-size":"auto","background-attachment":"scroll","background-type":"","background-media":"","overlay-type":"","overlay-color":"","overlay-opacity":"","overlay-gradient":""},"mobile":{"background-color":"","background-image":"","background-repeat":"repeat","background-position":"center center","background-size":"auto","background-attachment":"scroll","background-type":"","background-media":"","overlay-type":"","overlay-color":"","overlay-opacity":"","overlay-gradient":""}},"ast-content-background-meta":{"desktop":{"background-color":"var(--ast-global-color-5)","background-image":"","background-repeat":"repeat","background-position":"center center","background-size":"auto","background-attachment":"scroll","background-type":"","background-media":"","overlay-type":"","overlay-color":"","overlay-opacity":"","overlay-gradient":""},"tablet":{"background-color":"var(--ast-global-color-5)","background-image":"","background-repeat":"repeat","background-position":"center center","background-size":"auto","background-attachment":"scroll","background-type":"","background-media":"","overlay-type":"","overlay-color":"","overlay-opacity":"","overlay-gradient":""},"mobile":{"background-color":"var(--ast-global-color-5)","background-image":"","background-repeat":"repeat","background-position":"center center","background-size":"auto","background-attachment":"scroll","background-type":"","background-media":"","overlay-type":"","overlay-color":"","overlay-opacity":"","overlay-gradient":""}},"footnotes":""},"class_list":["post-11350","page","type-page","status-publish","hentry"],"post_mailing_queue_ids":[],"_links":{"self":[{"href":"https:\/\/agora-eoi.xtec.cat\/eoigirona\/wp-json\/wp\/v2\/pages\/11350","targetHints":{"allow":["GET"]}}],"collection":[{"href":"https:\/\/agora-eoi.xtec.cat\/eoigirona\/wp-json\/wp\/v2\/pages"}],"about":[{"href":"https:\/\/agora-eoi.xtec.cat\/eoigirona\/wp-json\/wp\/v2\/types\/page"}],"author":[{"embeddable":true,"href":"https:\/\/agora-eoi.xtec.cat\/eoigirona\/wp-json\/wp\/v2\/users\/1"}],"replies":[{"embeddable":true,"href":"https:\/\/agora-eoi.xtec.cat\/eoigirona\/wp-json\/wp\/v2\/comments?post=11350"}],"version-history":[{"count":1,"href":"https:\/\/agora-eoi.xtec.cat\/eoigirona\/wp-json\/wp\/v2\/pages\/11350\/revisions"}],"predecessor-version":[{"id":11351,"href":"https:\/\/agora-eoi.xtec.cat\/eoigirona\/wp-json\/wp\/v2\/pages\/11350\/revisions\/11351"}],"up":[{"embeddable":true,"href":"https:\/\/agora-eoi.xtec.cat\/eoigirona\/wp-json\/wp\/v2\/pages\/11319"}],"wp:attachment":[{"href":"https:\/\/agora-eoi.xtec.cat\/eoigirona\/wp-json\/wp\/v2\/media?parent=11350"}],"curies":[{"name":"wp","href":"https:\/\/api.w.org\/{rel}","templated":true}]}}