{"id":11346,"date":"2022-07-12T09:57:58","date_gmt":"2022-07-12T07:57:58","guid":{"rendered":"https:\/\/agora-eoi.xtec.cat\/eoigirona\/?page_id=11346"},"modified":"2022-07-12T09:58:02","modified_gmt":"2022-07-12T07:58:02","slug":"alumnado-oficial","status":"publish","type":"page","link":"https:\/\/agora-eoi.xtec.cat\/eoigirona\/matricula-2\/alumnado-oficial\/","title":{"rendered":"Alumnado oficial"},"content":{"rendered":"<p><strong>Alumnos oficiales<\/strong><\/p>\n<p>Se considera alumnado oficial a aquellos alumnos que fueron oficiales en la EOI Girona durante el curso inmediatamente anterior en el mismo idioma. De cara a la matr\u00edcula tambi\u00e9n se consideran alumnos oficiales los siguientes:<\/p>\n<p>\u2013 Alumnos que tienen pr\u00f3rroga de oficialidad.<\/p>\n<p>\u2013 Alumnos oficiales que realizaron B1 el curso anterior en una EOI de la zona y en la que no hay 2\u00ba ciclo del idioma que est\u00e1n haciendo.<\/p>\n<p>&nbsp;<\/p>\n<p><strong>Matr\u00edcula alumnos oficiales<\/strong><\/p>\n<p>El proceso de matr\u00edcula de antiguos alumnos de la Escuela Oficial de Idiomas de Girona es telem\u00e1tica durante el mes de julio.<\/p>\n<p>Se deben matricular en este per\u00edodo todos los alumnos del curso 2021-2022 que pasan de curso o repiten, excepto los alumnos de C1 de ingl\u00e9s que pasan de curso y quieren hacer C2.1. Estos deben realizar preinscripci\u00f3n del 31 de agosto al 5 de septiembre.<\/p>\n<p><strong>Matr\u00edcula para el curso 2022-2023 de alumnos oficiales. Del 30 de junio al 5 de julio de 2022<\/strong><\/p>\n<ul>\n<li><strong><a href=\"https:\/\/www.informaticacentros.com\/centrosnet\/ultralogin.php?tcentro=EOI&amp;centro=GI1\" target=\"_blank\" rel=\"noopener\">Enlace matr\u00edcula EOI<\/a><\/strong><\/li>\n<li><strong><a href=\"https:\/\/www.informaticacentros.com\/centrosnet\/ultralogin.php?tcentro=EXT&amp;centro=GI8\" target=\"_blank\" rel=\"noopener\">Enlace matr\u00edcula CPD Santa Coloma de Farners<\/a><\/strong><\/li>\n<li><strong><a href=\"https:\/\/www.informaticacentros.com\/centrosnet\/ultralogin.php?tcentro=EXT&amp;centro=CP1\" target=\"_blank\" rel=\"noopener\">Enlace matr\u00edcula CPD Palafrugell<\/a><\/strong><\/li>\n<\/ul>\n<p>&nbsp;<\/p>\n<p><strong>Plazos de matr\u00edcula:<\/strong><\/p>\n<p>D\u00edas 30 de junio y 1 de julio: Alumnos de A1 a B2.2 (m\u00e1s C1 de catal\u00e1n y C2.1 de ingl\u00e9s) del curso 2021-2022 que han obtenido la calificaci\u00f3n de APTO\/A y que quieren matricularse en un grupo de la misma franja horaria.<\/p>\n<p>D\u00edas 2 y 3 de julio: Alumnos de A1 a B2.2 (m\u00e1s C1 de catal\u00e1n y C2.1 de ingl\u00e9s) del curso 2021-2022 que han obtenido la calificaci\u00f3n de APTO\/A y que se quieren matricular en un grupo de una franja horaria distinta.<\/p>\n<p>D\u00edas 4 y 5 de julio: Alumnos de A1 a C2.2 (m\u00e1s C2 de catal\u00e1n) del curso 2021-2022 que han obtenido la calificaci\u00f3n de NO APTO\/A, o NO PRESENTADO\/DA o que realizaron la RENUNCIA de matr\u00edcula .<\/p>\n<p><strong>Condiciones de Matr\u00edcula<\/strong><\/p>\n<p>\u2013 La matr\u00edcula debe realizarse v\u00eda telem\u00e1tica desde el enlace que se abrir\u00e1. La matr\u00edcula se realiza en diferentes plazos seg\u00fan la calificaci\u00f3n final.<\/p>\n<p>\u2013 Cada plazo se abre a las 9:00 h del d\u00eda que indique el calendario, sin cerrar la franja anterior.<\/p>\n<p>\u2013 El alumno que no se matricule dentro de este per\u00edodo de matr\u00edcula del mes de julio perder\u00e1 su prioridad de d\u00eda y de horario respecto a los que ya lo hayan hecho. Cualquier incidencia relacionada con la matr\u00edcula, el alumno deber\u00e1 resolverla los d\u00edas 7 y 8 de julio, poni\u00e9ndose en contacto con el centro.<\/p>\n<p>\u2013 Los alumnos oficiales que NO se matriculen durante el mes de julio, perder\u00e1n su oficialidad. Para matricularse nuevamente tendr\u00e1n que hacer preinscripci\u00f3n y sorteo durante el mes de septiembre.<\/p>\n<p>&nbsp;<\/p>\n<p><strong>Pago de matr\u00edcula y material<\/strong><\/p>\n<p>\u2013 Es necesario realizar el pago de los dos c\u00f3digos de barras del resguardo de la matr\u00edcula por ServiCaixa, L\u00ednea Abierta o con tarjeta de cr\u00e9dito en el mismo aplicativo de matr\u00edcula en un plazo de 24 horas.<\/p>\n<p>\u2013 La matr\u00edcula estar\u00e1 del todo formalizada una vez se hayan abonado el importe de la matr\u00edcula y el importe de acceso a las plataformas y material did\u00e1ctico.<\/p>\n<p><strong>Otras Informaciones<\/strong><\/p>\n<p>\u2013 Traslados a otras EOI: Los d\u00edas 11 y 12 de julio para los alumnos oficiales una vez formalizada y pagada la matr\u00edcula en el centro de origen. La solicitud se har\u00e1 presencialmente o por correo electr\u00f3nico en la escuela de destino y quedar\u00e1 condicionada a la disponibilidad de plazas. Habr\u00e1 que aportar la hoja de matr\u00edcula y la hoja de pago.<\/p>\n<p>\u2013 Renuncia de matr\u00edcula: Para cursos intensivos de primer cuatrimestre hasta el \u00faltimo d\u00eda h\u00e1bil de octubre. Para cursos extensivos hasta el \u00faltimo d\u00eda h\u00e1bil de noviembre. Para cursos intensivos de segundo cuatrimestre hasta el \u00faltimo d\u00eda h\u00e1bil de febrero.<\/p>\n<p>\u2013 Retorno de tasas: La renuncia a un curso oficial y solicitud de retorno de tasas debe formalizarse no m\u00e1s tarde del 3 de octubre por los cursos extensivos e intensivos de primer trimestre, y hasta el 13 de febrero por los cursos intensivos de segundo cuatrimestre.<\/p>\n<p>\u2013 Permanencia en los estudios: En cada uno de los niveles b\u00e1sico, intermedio B1, intermedio B2, avanzado C1 y avanzado C2, el alumno\/a tiene derecho a permanecer matriculado en r\u00e9gimen de ense\u00f1anza oficial, durante un m\u00e1ximo de cursos acad\u00e9micos equivalentes al doble de los cursos de los que consta el nivel para el idioma correspondiente. El alumno\/a que cursa por tercera vez el primer curso del nivel b\u00e1sico, del nivel intermedio B2 o del nivel avanzado C2 (s\u00f3lo en el caso del ingl\u00e9s), y no lo supera, no puede cursarlo otra vez . Para cursar por tercera vez el primer curso del nivel b\u00e1sico, del nivel intermedio B2 o del nivel avanzado C2 (s\u00f3lo en el caso del ingl\u00e9s), el alumno o alumna debe pedirlo al director o directora de la escuela, que debe valorar las circunstancias alegadas por el alumno o alumna en la solicitud y el proceso de aprendizaje seguido a lo largo de los dos cursos realizados<\/p>\n<p><strong>Matr\u00edcula en C2.1 de ingl\u00e9s:<\/strong><\/p>\n<p>Todos los alumnos que tengan un certificado de C1 de las escuelas oficiales de idiomas o certificaci\u00f3n equivalente y quieran realizar C2.1 deben preinscribirse del 31 de agosto al 5 de septiembre de 2022.<\/p>\n<p>Para cursar C2.2 de ingl\u00e9s es necesario haber realizado el C2.1 como alumno oficial en una EOI.<\/p>\n<p>&nbsp;<\/p>\n<p><strong>NOTA C2.1<\/strong> De acuerdo con los criterios publicados en el DOGC n\u00fam. 8141 para asignar plazas cuando el n\u00famero de solicitudes de preinscripci\u00f3n es superior a la oferta, se ha realizado un sorteo priorizando, en primer lugar, al alumnado que est\u00e1 en posesi\u00f3n del certificado de nivel C1 de las Escuelas Oficiales de Idiomas, y en segundo lugar, el alumnado que est\u00e1 en posesi\u00f3n de un t\u00edtulo o certificaci\u00f3n equivalente al certificado de nivel C1 de las escuelas oficiales de idiomas reconocido en el \u00e1mbito del Departamento de Educaci\u00f3n.<\/p>\n","protected":false},"excerpt":{"rendered":"<p>Alumnos oficiales Se considera alumnado oficial a aquellos alumnos que fueron oficiales en la EOI Girona durante el curso inmediatamente anterior en el mismo idioma. De cara a la matr\u00edcula tambi\u00e9n se consideran alumnos oficiales los siguientes: \u2013 Alumnos que tienen pr\u00f3rroga de oficialidad. \u2013 Alumnos oficiales que realizaron B1 el curso anterior en una [&hellip;]<\/p>\n","protected":false},"author":1,"featured_media":0,"parent":11319,"menu_order":1,"comment_status":"closed","ping_status":"closed","template":"page-templates\/side-menu.php","meta":{"_bbp_topic_count":0,"_bbp_reply_count":0,"_bbp_total_topic_count":0,"_bbp_total_reply_count":0,"_bbp_voice_count":0,"_bbp_anonymous_reply_count":0,"_bbp_topic_count_hidden":0,"_bbp_reply_count_hidden":0,"_bbp_forum_subforum_count":0,"site-sidebar-layout":"default","site-content-layout":"","ast-site-content-layout":"","site-content-style":"default","site-sidebar-style":"default","ast-global-header-display":"","ast-banner-title-visibility":"","ast-main-header-display":"","ast-hfb-above-header-display":"","ast-hfb-below-header-display":"","ast-hfb-mobile-header-display":"","site-post-title":"","ast-breadcrumbs-content":"","ast-featured-img":"","footer-sml-layout":"","theme-transparent-header-meta":"","adv-header-id-meta":"","stick-header-meta":"","header-above-stick-meta":"","header-main-stick-meta":"","header-below-stick-meta":"","astra-migrate-meta-layouts":"default","ast-page-background-enabled":"default","ast-page-background-meta":{"desktop":{"background-color":"var(--ast-global-color-4)","background-image":"","background-repeat":"repeat","background-position":"center center","background-size":"auto","background-attachment":"scroll","background-type":"","background-media":"","overlay-type":"","overlay-color":"","overlay-opacity":"","overlay-gradient":""},"tablet":{"background-color":"","background-image":"","background-repeat":"repeat","background-position":"center center","background-size":"auto","background-attachment":"scroll","background-type":"","background-media":"","overlay-type":"","overlay-color":"","overlay-opacity":"","overlay-gradient":""},"mobile":{"background-color":"","background-image":"","background-repeat":"repeat","background-position":"center center","background-size":"auto","background-attachment":"scroll","background-type":"","background-media":"","overlay-type":"","overlay-color":"","overlay-opacity":"","overlay-gradient":""}},"ast-content-background-meta":{"desktop":{"background-color":"var(--ast-global-color-5)","background-image":"","background-repeat":"repeat","background-position":"center center","background-size":"auto","background-attachment":"scroll","background-type":"","background-media":"","overlay-type":"","overlay-color":"","overlay-opacity":"","overlay-gradient":""},"tablet":{"background-color":"var(--ast-global-color-5)","background-image":"","background-repeat":"repeat","background-position":"center center","background-size":"auto","background-attachment":"scroll","background-type":"","background-media":"","overlay-type":"","overlay-color":"","overlay-opacity":"","overlay-gradient":""},"mobile":{"background-color":"var(--ast-global-color-5)","background-image":"","background-repeat":"repeat","background-position":"center center","background-size":"auto","background-attachment":"scroll","background-type":"","background-media":"","overlay-type":"","overlay-color":"","overlay-opacity":"","overlay-gradient":""}},"footnotes":""},"class_list":["post-11346","page","type-page","status-publish","hentry"],"post_mailing_queue_ids":[],"_links":{"self":[{"href":"https:\/\/agora-eoi.xtec.cat\/eoigirona\/wp-json\/wp\/v2\/pages\/11346","targetHints":{"allow":["GET"]}}],"collection":[{"href":"https:\/\/agora-eoi.xtec.cat\/eoigirona\/wp-json\/wp\/v2\/pages"}],"about":[{"href":"https:\/\/agora-eoi.xtec.cat\/eoigirona\/wp-json\/wp\/v2\/types\/page"}],"author":[{"embeddable":true,"href":"https:\/\/agora-eoi.xtec.cat\/eoigirona\/wp-json\/wp\/v2\/users\/1"}],"replies":[{"embeddable":true,"href":"https:\/\/agora-eoi.xtec.cat\/eoigirona\/wp-json\/wp\/v2\/comments?post=11346"}],"version-history":[{"count":1,"href":"https:\/\/agora-eoi.xtec.cat\/eoigirona\/wp-json\/wp\/v2\/pages\/11346\/revisions"}],"predecessor-version":[{"id":11347,"href":"https:\/\/agora-eoi.xtec.cat\/eoigirona\/wp-json\/wp\/v2\/pages\/11346\/revisions\/11347"}],"up":[{"embeddable":true,"href":"https:\/\/agora-eoi.xtec.cat\/eoigirona\/wp-json\/wp\/v2\/pages\/11319"}],"wp:attachment":[{"href":"https:\/\/agora-eoi.xtec.cat\/eoigirona\/wp-json\/wp\/v2\/media?parent=11346"}],"curies":[{"name":"wp","href":"https:\/\/api.w.org\/{rel}","templated":true}]}}