{"id":11330,"date":"2022-07-11T17:53:26","date_gmt":"2022-07-11T15:53:26","guid":{"rendered":"https:\/\/agora-eoi.xtec.cat\/eoigirona\/?page_id=11330"},"modified":"2022-07-13T15:37:39","modified_gmt":"2022-07-13T13:37:39","slug":"cursos-oficiales","status":"publish","type":"page","link":"https:\/\/agora-eoi.xtec.cat\/eoigirona\/cursos-2\/cursos-oficiales\/","title":{"rendered":"Cursos oficiales"},"content":{"rendered":"<p>En la EOI Girona se ofrecen cursos de alem\u00e1n, ingl\u00e9s, \u00e1rabe, catal\u00e1n, espa\u00f1ol para extranjeros, franc\u00e9s, italiano y ruso.<\/p>\n<p>El objetivo principal de las EOI es capacitar al alumnado en el uso efectivo del idioma como veh\u00edculo de comunicaci\u00f3n general.<\/p>\n<p>En las EOI se trabaja para que el alumnado:<\/p>\n<p>\u2022 Adquiera las habilidades b\u00e1sicas receptivas y productivas, tanto del lenguaje oral como del escrito.<br \/>\n\u2022 Desarrolle estrategias comunicativas en diferentes \u00e1reas de comunicaci\u00f3n.<br \/>\n\u2022 Desarrolle estrategias para el aprendizaje aut\u00f3nomo y continuo de lenguas, que faciliten el uso del idioma en el ejercicio de actividades profesionales y en otros \u00e1mbitos de la cultura o inter\u00e9s personal.<br \/>\n\u2022 Desarrolle actitudes positivas hacia la diversidad ling\u00fc\u00edstica y el pluralismo cultural del mundo actual.<\/p>\n<p>1.\u00a0<a href=\"http:\/\/www.gencat.cat\/ensenyament\/eac\/pdf\/IDI_CA.pdf\" target=\"_blank\" rel=\"noopener\">Gu\u00eda Informativa<\/a><br \/>\n2.\u00a0<a href=\"http:\/\/xtec.gencat.cat\/ca\/curriculum\/idiomes-a-les-eoi\/curriculum\/\" target=\"_blank\" rel=\"noopener\">Curr\u00edculum de las EOI<\/a><br \/>\n3.\u00a0<a href=\"http:\/\/ensenyament.gencat.cat\/ca\/serveis-tramits\/proves\/proves-lliures-obtencio-titols\/convocat-ordinaria-idiomes\/\" target=\"_blank\" rel=\"noopener\">Informaci\u00f3n sobre certificados<\/a><\/p>\n<p>La matr\u00edcula oficial da derecho a asistir como m\u00ednimo a 130 horas de clase por curso (cursos extensivos e intensivos) i a los ex\u00e1menes correspondientes.<\/p>\n<p>Ofrecemos tres modalidades: cursos extensivos, cursos intensivos y cursos semipresenciales.<\/p>\n<p>GRUPOS Extensivos. Lunes y mi\u00e9rcoles, o martes y jueves. Dos sesiones por semana de 2 h 15 m.<\/p>\n<p>GRUPOS Intensivos. De lunes a jueves. Cuatro sesiones a la semana de 2 h cada una (espa\u00f1ol para extranjeros).<\/p>\n<p>GRUPOS Semipresenciales. Una sesi\u00f3n a la semana de 2 h 15 m y trabajo en l\u00ednea (ingl\u00e9s, franc\u00e9s y catal\u00e1n). El resto de horas, hasta llegar a una cantidad equivalente a la de los cursos presenciales, se realizar\u00e1 online mediante la plataforma Moodle o Google Classroom. Es necesario estar familiarizado con las tecnolog\u00edas y tener un alto grado de autonom\u00eda.<\/p>\n<p>\u00bfNo sabes si te ir\u00e1 bien la modalidad de semipresenciales? Responde a estas preguntas: \u00bfTe resulta complicado venir a la escuela dos veces por semana? \u00bfTienes capacidad de organizaci\u00f3n? \u00bfTienes autodisciplina? \u00bfTu motivaci\u00f3n para el aprendizaje del idioma es alta? \u00bfTienes acceso a un ordenador con conexi\u00f3n a Internet? \u00bfTienes conocimientos t\u00e9cnicos m\u00ednimos? Si tu respuesta es S\u00cd, no lo dudes, \u00a1esta es tu modalidad!<\/p>\n","protected":false},"excerpt":{"rendered":"<p>En la EOI Girona se ofrecen cursos de alem\u00e1n, ingl\u00e9s, \u00e1rabe, catal\u00e1n, espa\u00f1ol para extranjeros, franc\u00e9s, italiano y ruso. El objetivo principal de las EOI es capacitar al alumnado en el uso efectivo del idioma como veh\u00edculo de comunicaci\u00f3n general. En las EOI se trabaja para que el alumnado: \u2022 Adquiera las habilidades b\u00e1sicas receptivas [&hellip;]<\/p>\n","protected":false},"author":1,"featured_media":0,"parent":11311,"menu_order":1,"comment_status":"closed","ping_status":"closed","template":"page-templates\/side-menu.php","meta":{"_bbp_topic_count":0,"_bbp_reply_count":0,"_bbp_total_topic_count":0,"_bbp_total_reply_count":0,"_bbp_voice_count":0,"_bbp_anonymous_reply_count":0,"_bbp_topic_count_hidden":0,"_bbp_reply_count_hidden":0,"_bbp_forum_subforum_count":0,"site-sidebar-layout":"default","site-content-layout":"","ast-site-content-layout":"","site-content-style":"default","site-sidebar-style":"default","ast-global-header-display":"","ast-banner-title-visibility":"","ast-main-header-display":"","ast-hfb-above-header-display":"","ast-hfb-below-header-display":"","ast-hfb-mobile-header-display":"","site-post-title":"","ast-breadcrumbs-content":"","ast-featured-img":"","footer-sml-layout":"","theme-transparent-header-meta":"","adv-header-id-meta":"","stick-header-meta":"","header-above-stick-meta":"","header-main-stick-meta":"","header-below-stick-meta":"","astra-migrate-meta-layouts":"default","ast-page-background-enabled":"default","ast-page-background-meta":{"desktop":{"background-color":"var(--ast-global-color-4)","background-image":"","background-repeat":"repeat","background-position":"center center","background-size":"auto","background-attachment":"scroll","background-type":"","background-media":"","overlay-type":"","overlay-color":"","overlay-opacity":"","overlay-gradient":""},"tablet":{"background-color":"","background-image":"","background-repeat":"repeat","background-position":"center center","background-size":"auto","background-attachment":"scroll","background-type":"","background-media":"","overlay-type":"","overlay-color":"","overlay-opacity":"","overlay-gradient":""},"mobile":{"background-color":"","background-image":"","background-repeat":"repeat","background-position":"center center","background-size":"auto","background-attachment":"scroll","background-type":"","background-media":"","overlay-type":"","overlay-color":"","overlay-opacity":"","overlay-gradient":""}},"ast-content-background-meta":{"desktop":{"background-color":"var(--ast-global-color-5)","background-image":"","background-repeat":"repeat","background-position":"center center","background-size":"auto","background-attachment":"scroll","background-type":"","background-media":"","overlay-type":"","overlay-color":"","overlay-opacity":"","overlay-gradient":""},"tablet":{"background-color":"var(--ast-global-color-5)","background-image":"","background-repeat":"repeat","background-position":"center center","background-size":"auto","background-attachment":"scroll","background-type":"","background-media":"","overlay-type":"","overlay-color":"","overlay-opacity":"","overlay-gradient":""},"mobile":{"background-color":"var(--ast-global-color-5)","background-image":"","background-repeat":"repeat","background-position":"center center","background-size":"auto","background-attachment":"scroll","background-type":"","background-media":"","overlay-type":"","overlay-color":"","overlay-opacity":"","overlay-gradient":""}},"footnotes":""},"class_list":["post-11330","page","type-page","status-publish","hentry"],"post_mailing_queue_ids":[],"_links":{"self":[{"href":"https:\/\/agora-eoi.xtec.cat\/eoigirona\/wp-json\/wp\/v2\/pages\/11330","targetHints":{"allow":["GET"]}}],"collection":[{"href":"https:\/\/agora-eoi.xtec.cat\/eoigirona\/wp-json\/wp\/v2\/pages"}],"about":[{"href":"https:\/\/agora-eoi.xtec.cat\/eoigirona\/wp-json\/wp\/v2\/types\/page"}],"author":[{"embeddable":true,"href":"https:\/\/agora-eoi.xtec.cat\/eoigirona\/wp-json\/wp\/v2\/users\/1"}],"replies":[{"embeddable":true,"href":"https:\/\/agora-eoi.xtec.cat\/eoigirona\/wp-json\/wp\/v2\/comments?post=11330"}],"version-history":[{"count":2,"href":"https:\/\/agora-eoi.xtec.cat\/eoigirona\/wp-json\/wp\/v2\/pages\/11330\/revisions"}],"predecessor-version":[{"id":11390,"href":"https:\/\/agora-eoi.xtec.cat\/eoigirona\/wp-json\/wp\/v2\/pages\/11330\/revisions\/11390"}],"up":[{"embeddable":true,"href":"https:\/\/agora-eoi.xtec.cat\/eoigirona\/wp-json\/wp\/v2\/pages\/11311"}],"wp:attachment":[{"href":"https:\/\/agora-eoi.xtec.cat\/eoigirona\/wp-json\/wp\/v2\/media?parent=11330"}],"curies":[{"name":"wp","href":"https:\/\/api.w.org\/{rel}","templated":true}]}}